{"id":4829,"date":"2025-04-09T14:26:25","date_gmt":"2025-04-09T16:26:25","guid":{"rendered":"https:\/\/www.ludoturris.lt\/?post_type=product&#038;p=4829"},"modified":"2026-02-06T11:37:54","modified_gmt":"2026-02-06T13:37:54","slug":"didelis-blizgus-kamuolys","status":"publish","type":"product","link":"https:\/\/www.ludoturris.lt\/en\/product\/didelis-blizgus-kamuolys\/","title":{"rendered":"Didelis blizgus kamuolys"},"content":{"rendered":"<p>Rekomenduojamas am\u017eius: nuo 3 met\u0173. Did\u017eiuliu 60cm skersmeniu blizgantis metaliniu pavir\u0161iumi rutulys patraukia vis\u0173 d\u0117mes\u012f ir suteikia puiki\u0105 pramog\u0105! Tvirtas PVC \u0161erdies ir blizgaus poliesterio derinys u\u017etikrina ilg\u0105 patvarum\u0105 ir malon\u0173 \u017eaidimo poj\u016bt\u012f. Gali b\u016bti naudojamas \u017eaidimams parke, papl\u016bdim\u012f, namuose ar dar\u017eelyje. Kamuolys skatina \u017eaisti kartu, lavina miklum\u0105, aki\u0173 koordinacij\u0105. Kilm\u0117s \u0161alis: Vokietija<\/p>","protected":false},"excerpt":{"rendered":"<p>Rekomenduojamas am\u017eius: nuo 3 met\u0173. Did\u017eiuliu 60cm skersmeniu blizgantis metaliniu pavir\u0161iumi rutulys patraukia vis\u0173 d\u0117mes\u012f ir suteikia puiki\u0105 pramog\u0105! Tvirtas PVC \u0161erdies ir blizgaus poliesterio derinys u\u017etikrina ilg\u0105 patvarum\u0105 ir malon\u0173 \u017eaidimo poj\u016bt\u012f. Gali b\u016bti naudojamas \u017eaidimams parke, papl\u016bdim\u012f, namuose ar dar\u017eelyje. Kamuolys skatina \u017eaisti kartu, lavina miklum\u0105, aki\u0173 koordinacij\u0105. Kilm\u0117s \u0161alis: Vokietija<\/p>","protected":false},"featured_media":4830,"template":"","meta":{"_uag_custom_page_level_css":"","_themeisle_gutenberg_block_has_review":false},"product_cat":[69,93],"product_tag":[],"yoast_head":"<!-- This site is optimized with the Yoast SEO plugin v21.1 - https:\/\/yoast.com\/wordpress\/plugins\/seo\/ -->\n<title>Didelis blizgus kamuolys - Ludo Turris<\/title>\n<meta name=\"description\" content=\"60 cm skersmens blizgus kamuolys d\u0117mes\u012f traukiantis \u017eaislas ar dekoracija \u012fvairioms progoms puikiai tinka vaik\u0173 \u017eaidimams, \u0161vent\u0117ms ar fotosesijoms.\" \/>\n<meta name=\"robots\" content=\"index, follow, max-snippet:-1, max-image-preview:large, max-video-preview:-1\" \/>\n<link rel=\"canonical\" href=\"https:\/\/www.ludoturris.lt\/en\/product\/didelis-blizgus-kamuolys\/\" \/>\n<meta property=\"og:locale\" content=\"en_GB\" \/>\n<meta property=\"og:type\" content=\"article\" \/>\n<meta property=\"og:title\" content=\"Didelis blizgus kamuolys - Ludo Turris\" \/>\n<meta property=\"og:description\" content=\"60 cm skersmens blizgus kamuolys d\u0117mes\u012f traukiantis \u017eaislas ar dekoracija \u012fvairioms progoms puikiai tinka vaik\u0173 \u017eaidimams, \u0161vent\u0117ms ar fotosesijoms.\" \/>\n<meta property=\"og:url\" content=\"https:\/\/www.ludoturris.lt\/en\/product\/didelis-blizgus-kamuolys\/\" \/>\n<meta property=\"og:site_name\" content=\"Ludo Turris\" \/>\n<meta property=\"article:publisher\" content=\"https:\/\/www.facebook.com\/Ludo-Turris-621921974895920\/\" \/>\n<meta property=\"article:modified_time\" content=\"2026-02-06T13:37:54+00:00\" \/>\n<meta property=\"og:image\" content=\"https:\/\/www.ludoturris.lt\/wp-content\/uploads\/2025\/04\/A60299.png\" \/>\n\t<meta property=\"og:image:width\" content=\"537\" \/>\n\t<meta property=\"og:image:height\" content=\"537\" \/>\n\t<meta property=\"og:image:type\" content=\"image\/png\" \/>\n<meta name=\"twitter:card\" content=\"summary_large_image\" \/>\n<meta name=\"twitter:label1\" content=\"Estimated reading time\" \/>\n\t<meta name=\"twitter:data1\" content=\"1 minute\" \/>\n<script type=\"application\/ld+json\" class=\"yoast-schema-graph\">{\"@context\":\"https:\/\/schema.org\",\"@graph\":[{\"@type\":\"WebPage\",\"@id\":\"https:\/\/www.ludoturris.lt\/produktas\/didelis-blizgus-kamuolys\/\",\"url\":\"https:\/\/www.ludoturris.lt\/produktas\/didelis-blizgus-kamuolys\/\",\"name\":\"Didelis blizgus kamuolys - Ludo Turris\",\"isPartOf\":{\"@id\":\"https:\/\/www.ludoturris.lt\/#website\"},\"datePublished\":\"2025-04-09T16:26:25+00:00\",\"dateModified\":\"2026-02-06T13:37:54+00:00\",\"description\":\"60 cm skersmens blizgus kamuolys d\u0117mes\u012f traukiantis \u017eaislas ar dekoracija \u012fvairioms progoms puikiai tinka vaik\u0173 \u017eaidimams, \u0161vent\u0117ms ar fotosesijoms.\",\"breadcrumb\":{\"@id\":\"https:\/\/www.ludoturris.lt\/produktas\/didelis-blizgus-kamuolys\/#breadcrumb\"},\"inLanguage\":\"en-GB\",\"potentialAction\":[{\"@type\":\"ReadAction\",\"target\":[\"https:\/\/www.ludoturris.lt\/produktas\/didelis-blizgus-kamuolys\/\"]}]},{\"@type\":\"BreadcrumbList\",\"@id\":\"https:\/\/www.ludoturris.lt\/produktas\/didelis-blizgus-kamuolys\/#breadcrumb\",\"itemListElement\":[{\"@type\":\"ListItem\",\"position\":1,\"name\":\"Home\",\"item\":\"https:\/\/www.ludoturris.lt\/\"},{\"@type\":\"ListItem\",\"position\":2,\"name\":\"Parduotuv\u0117\",\"item\":\"https:\/\/www.ludoturris.lt\/parduotuve\/\"},{\"@type\":\"ListItem\",\"position\":3,\"name\":\"Didelis blizgus kamuolys\"}]},{\"@type\":\"WebSite\",\"@id\":\"https:\/\/www.ludoturris.lt\/#website\",\"url\":\"https:\/\/www.ludoturris.lt\/\",\"name\":\"Ludo Turris\",\"description\":\"K\u016brybi\u0161kum\u0105 ir fantazij\u0105 lavinan\u010dios kalad\u0117l\u0117s\",\"publisher\":{\"@id\":\"https:\/\/www.ludoturris.lt\/#organization\"},\"potentialAction\":[{\"@type\":\"SearchAction\",\"target\":{\"@type\":\"EntryPoint\",\"urlTemplate\":\"https:\/\/www.ludoturris.lt\/?s={search_term_string}\"},\"query-input\":\"required name=search_term_string\"}],\"inLanguage\":\"en-GB\"},{\"@type\":\"Organization\",\"@id\":\"https:\/\/www.ludoturris.lt\/#organization\",\"name\":\"Ludo Turris \u2013 Vakar\u0173 gama, UAB\",\"url\":\"https:\/\/www.ludoturris.lt\/\",\"logo\":{\"@type\":\"ImageObject\",\"inLanguage\":\"en-GB\",\"@id\":\"https:\/\/www.ludoturris.lt\/#\/schema\/logo\/image\/\",\"url\":\"https:\/\/www.ludoturris.lt\/wp-content\/uploads\/2020\/10\/logo@2x.png\",\"contentUrl\":\"https:\/\/www.ludoturris.lt\/wp-content\/uploads\/2020\/10\/logo@2x.png\",\"width\":300,\"height\":147,\"caption\":\"Ludo Turris \u2013 Vakar\u0173 gama, UAB\"},\"image\":{\"@id\":\"https:\/\/www.ludoturris.lt\/#\/schema\/logo\/image\/\"},\"sameAs\":[\"https:\/\/www.facebook.com\/Ludo-Turris-621921974895920\/\",\"https:\/\/www.youtube.com\/channel\/UCuBACq67N1NGC9LVudo4ngw\"]}]}<\/script>\n<!-- \/ Yoast SEO plugin. -->","yoast_head_json":{"title":"Didelis blizgus kamuolys - Ludo Turris","description":"60 cm skersmens blizgus kamuolys d\u0117mes\u012f traukiantis \u017eaislas ar dekoracija \u012fvairioms progoms puikiai tinka vaik\u0173 \u017eaidimams, \u0161vent\u0117ms ar fotosesijoms.","robots":{"index":"index","follow":"follow","max-snippet":"max-snippet:-1","max-image-preview":"max-image-preview:large","max-video-preview":"max-video-preview:-1"},"canonical":"https:\/\/www.ludoturris.lt\/en\/product\/didelis-blizgus-kamuolys\/","og_locale":"en_GB","og_type":"article","og_title":"Didelis blizgus kamuolys - Ludo Turris","og_description":"60 cm skersmens blizgus kamuolys d\u0117mes\u012f traukiantis \u017eaislas ar dekoracija \u012fvairioms progoms puikiai tinka vaik\u0173 \u017eaidimams, \u0161vent\u0117ms ar fotosesijoms.","og_url":"https:\/\/www.ludoturris.lt\/en\/product\/didelis-blizgus-kamuolys\/","og_site_name":"Ludo Turris","article_publisher":"https:\/\/www.facebook.com\/Ludo-Turris-621921974895920\/","article_modified_time":"2026-02-06T13:37:54+00:00","og_image":[{"width":537,"height":537,"url":"https:\/\/www.ludoturris.lt\/wp-content\/uploads\/2025\/04\/A60299.png","type":"image\/png"}],"twitter_card":"summary_large_image","twitter_misc":{"Estimated reading time":"1 minute"},"schema":{"@context":"https:\/\/schema.org","@graph":[{"@type":"WebPage","@id":"https:\/\/www.ludoturris.lt\/produktas\/didelis-blizgus-kamuolys\/","url":"https:\/\/www.ludoturris.lt\/produktas\/didelis-blizgus-kamuolys\/","name":"Didelis blizgus kamuolys - Ludo Turris","isPartOf":{"@id":"https:\/\/www.ludoturris.lt\/#website"},"datePublished":"2025-04-09T16:26:25+00:00","dateModified":"2026-02-06T13:37:54+00:00","description":"60 cm skersmens blizgus kamuolys d\u0117mes\u012f traukiantis \u017eaislas ar dekoracija \u012fvairioms progoms puikiai tinka vaik\u0173 \u017eaidimams, \u0161vent\u0117ms ar fotosesijoms.","breadcrumb":{"@id":"https:\/\/www.ludoturris.lt\/produktas\/didelis-blizgus-kamuolys\/#breadcrumb"},"inLanguage":"en-GB","potentialAction":[{"@type":"ReadAction","target":["https:\/\/www.ludoturris.lt\/produktas\/didelis-blizgus-kamuolys\/"]}]},{"@type":"BreadcrumbList","@id":"https:\/\/www.ludoturris.lt\/produktas\/didelis-blizgus-kamuolys\/#breadcrumb","itemListElement":[{"@type":"ListItem","position":1,"name":"Home","item":"https:\/\/www.ludoturris.lt\/"},{"@type":"ListItem","position":2,"name":"Parduotuv\u0117","item":"https:\/\/www.ludoturris.lt\/parduotuve\/"},{"@type":"ListItem","position":3,"name":"Didelis blizgus kamuolys"}]},{"@type":"WebSite","@id":"https:\/\/www.ludoturris.lt\/#website","url":"https:\/\/www.ludoturris.lt\/","name":"Ludo Turris","description":"K\u016brybi\u0161kum\u0105 ir fantazij\u0105 lavinan\u010dios kalad\u0117l\u0117s","publisher":{"@id":"https:\/\/www.ludoturris.lt\/#organization"},"potentialAction":[{"@type":"SearchAction","target":{"@type":"EntryPoint","urlTemplate":"https:\/\/www.ludoturris.lt\/?s={search_term_string}"},"query-input":"required name=search_term_string"}],"inLanguage":"en-GB"},{"@type":"Organization","@id":"https:\/\/www.ludoturris.lt\/#organization","name":"Ludo Turris \u2013 Vakar\u0173 gama, UAB","url":"https:\/\/www.ludoturris.lt\/","logo":{"@type":"ImageObject","inLanguage":"en-GB","@id":"https:\/\/www.ludoturris.lt\/#\/schema\/logo\/image\/","url":"https:\/\/www.ludoturris.lt\/wp-content\/uploads\/2020\/10\/logo@2x.png","contentUrl":"https:\/\/www.ludoturris.lt\/wp-content\/uploads\/2020\/10\/logo@2x.png","width":300,"height":147,"caption":"Ludo Turris \u2013 Vakar\u0173 gama, UAB"},"image":{"@id":"https:\/\/www.ludoturris.lt\/#\/schema\/logo\/image\/"},"sameAs":["https:\/\/www.facebook.com\/Ludo-Turris-621921974895920\/","https:\/\/www.youtube.com\/channel\/UCuBACq67N1NGC9LVudo4ngw"]}]}},"uagb_featured_image_src":{"full":["https:\/\/www.ludoturris.lt\/wp-content\/uploads\/2025\/04\/A60299.png",537,537,false],"thumbnail":["https:\/\/www.ludoturris.lt\/wp-content\/uploads\/2025\/04\/A60299-150x150.png",150,150,true],"medium":["https:\/\/www.ludoturris.lt\/wp-content\/uploads\/2025\/04\/A60299-300x300.png",300,300,true],"medium_large":["https:\/\/www.ludoturris.lt\/wp-content\/uploads\/2025\/04\/A60299.png",537,537,false],"large":["https:\/\/www.ludoturris.lt\/wp-content\/uploads\/2025\/04\/A60299.png",537,537,false],"1536x1536":["https:\/\/www.ludoturris.lt\/wp-content\/uploads\/2025\/04\/A60299.png",537,537,false],"2048x2048":["https:\/\/www.ludoturris.lt\/wp-content\/uploads\/2025\/04\/A60299.png",537,537,false],"trp-custom-language-flag":["https:\/\/www.ludoturris.lt\/wp-content\/uploads\/2025\/04\/A60299-12x12.png",12,12,true],"woocommerce_thumbnail":["https:\/\/www.ludoturris.lt\/wp-content\/uploads\/2025\/04\/A60299-300x300.png",300,300,true],"woocommerce_single":["https:\/\/www.ludoturris.lt\/wp-content\/uploads\/2025\/04\/A60299.png",537,537,false],"woocommerce_gallery_thumbnail":["https:\/\/www.ludoturris.lt\/wp-content\/uploads\/2025\/04\/A60299-100x100.png",100,100,true],"variation_swatches_image_size":["https:\/\/www.ludoturris.lt\/wp-content\/uploads\/2025\/04\/A60299-50x50.png",50,50,true],"variation_swatches_tooltip_size":["https:\/\/www.ludoturris.lt\/wp-content\/uploads\/2025\/04\/A60299-100x100.png",100,100,true],"dgwt-wcas-product-suggestion":["https:\/\/www.ludoturris.lt\/wp-content\/uploads\/2025\/04\/A60299.png",64,64,false]},"uagb_author_info":{"display_name":"LudoTurris","author_link":"https:\/\/www.ludoturris.lt\/en\/author\/"},"uagb_comment_info":0,"uagb_excerpt":"Rekomenduojamas am\u017eius: nuo 3 met\u0173. Did\u017eiuliu 60cm skersmeniu blizgantis metaliniu pavir\u0161iumi rutulys patraukia vis\u0173 d\u0117mes\u012f ir suteikia puiki\u0105 pramog\u0105! Tvirtas PVC \u0161erdies ir blizgaus poliesterio derinys u\u017etikrina ilg\u0105 patvarum\u0105 ir malon\u0173 \u017eaidimo poj\u016bt\u012f. Gali b\u016bti naudojamas \u017eaidimams parke, papl\u016bdim\u012f, namuose ar dar\u017eelyje. Kamuolys skatina \u017eaisti kartu, lavina miklum\u0105, aki\u0173 koordinacij\u0105. Kilm\u0117s \u0161alis: Vokietija","_links":{"self":[{"href":"https:\/\/www.ludoturris.lt\/en\/wp-json\/wp\/v2\/product\/4829"}],"collection":[{"href":"https:\/\/www.ludoturris.lt\/en\/wp-json\/wp\/v2\/product"}],"about":[{"href":"https:\/\/www.ludoturris.lt\/en\/wp-json\/wp\/v2\/types\/product"}],"wp:featuredmedia":[{"embeddable":true,"href":"https:\/\/www.ludoturris.lt\/en\/wp-json\/wp\/v2\/media\/4830"}],"wp:attachment":[{"href":"https:\/\/www.ludoturris.lt\/en\/wp-json\/wp\/v2\/media?parent=4829"}],"wp:term":[{"taxonomy":"product_cat","embeddable":true,"href":"https:\/\/www.ludoturris.lt\/en\/wp-json\/wp\/v2\/product_cat?post=4829"},{"taxonomy":"product_tag","embeddable":true,"href":"https:\/\/www.ludoturris.lt\/en\/wp-json\/wp\/v2\/product_tag?post=4829"}],"curies":[{"name":"wp","href":"https:\/\/api.w.org\/{rel}","templated":true}]}}