{"id":4701,"date":"2025-03-16T07:59:29","date_gmt":"2025-03-16T09:59:29","guid":{"rendered":"https:\/\/www.ludoturris.lt\/?post_type=product&#038;p=4701"},"modified":"2026-02-10T10:39:17","modified_gmt":"2026-02-10T12:39:17","slug":"medines-kaladeles-raides","status":"publish","type":"product","link":"https:\/\/www.ludoturris.lt\/en\/product\/medines-kaladeles-raides\/","title":{"rendered":"Medin\u0117s kalad\u0117l\u0117s raid\u0117s"},"content":{"rendered":"<p>Rekomenduojamas am\u017eius: nuo 3 met\u0173.  \u0160\u012f kalad\u0117li\u0173 rinkin\u012f sudaro 120 lietuvi\u0161k\u0173 raid\u017ei\u0173. \u0160ios lavinamosios kalad\u0117l\u0117s tinka mokantis pa\u017einti raideles ir skaityti, tod\u0117l skirtos ne tik ma\u017eiausiems kalad\u0117li\u0173 bok\u0161t\u0173 statytojams, bet ir mokyklinio am\u017eiaus vaikams. \u0160is medinis \u017eaislas gali b\u016bti net smagus visos \u0161eimos stalo \u017eaidimas: pabandykite i\u0161 kalad\u0117li\u0173 sud\u0117lioti 5 \u017eod\u017eius, pamatysite, galv\u0105 tikrai reik\u0117s pasukti! Kilm\u0117s \u0161alis: Lietuva<\/p>","protected":false},"excerpt":{"rendered":"<p>Rekomenduojamas am\u017eius: nuo 3 met\u0173. \u0160\u012f kalad\u0117li\u0173 rinkin\u012f sudaro 120 lietuvi\u0161k\u0173 raid\u017ei\u0173. \u0160ios lavinamosios kalad\u0117l\u0117s tinka mokantis pa\u017einti raideles ir skaityti, tod\u0117l skirtos ne tik ma\u017eiausiems kalad\u0117li\u0173 bok\u0161t\u0173 statytojams, bet ir mokyklinio am\u017eiaus vaikams. \u0160is medinis \u017eaislas gali b\u016bti net smagus visos \u0161eimos stalo \u017eaidimas: pabandykite i\u0161 kalad\u0117li\u0173 sud\u0117lioti 5 \u017eod\u017eius, pamatysite, galv\u0105 tikrai reik\u0117s &hellip;<\/p>\n<p class=\"read-more\"> <a class=\"\" href=\"https:\/\/www.ludoturris.lt\/en\/product\/medines-kaladeles-raides\/\"> <span class=\"screen-reader-text\">Medin\u0117s kalad\u0117l\u0117s raid\u0117s<\/span> Read More &raquo;<\/a><\/p>","protected":false},"featured_media":4702,"template":"","meta":{"_uag_custom_page_level_css":"","_themeisle_gutenberg_block_has_review":false},"product_cat":[69,96],"product_tag":[],"yoast_head":"<!-- This site is optimized with the Yoast SEO plugin v21.1 - https:\/\/yoast.com\/wordpress\/plugins\/seo\/ -->\n<title>Medin\u0117s kalad\u0117l\u0117s raid\u0117s - Ludo Turris<\/title>\n<meta name=\"description\" content=\"Medin\u0117s kalad\u0117l\u0117s su raid\u0117mis smagus ir lavinantis \u017eaislas vaikams! Padeda mokytis ab\u0117c\u0117l\u0117s ir kurti \u017eod\u017eius per \u017eaidim\u0105. Pagamintos i\u0161 saugios, ekologi\u0161kos\" \/>\n<meta name=\"robots\" content=\"index, follow, max-snippet:-1, max-image-preview:large, max-video-preview:-1\" \/>\n<link rel=\"canonical\" href=\"https:\/\/www.ludoturris.lt\/en\/product\/medines-kaladeles-raides\/\" \/>\n<meta property=\"og:locale\" content=\"en_GB\" \/>\n<meta property=\"og:type\" content=\"article\" \/>\n<meta property=\"og:title\" content=\"Medin\u0117s kalad\u0117l\u0117s raid\u0117s - Ludo Turris\" \/>\n<meta property=\"og:description\" content=\"Medin\u0117s kalad\u0117l\u0117s su raid\u0117mis smagus ir lavinantis \u017eaislas vaikams! Padeda mokytis ab\u0117c\u0117l\u0117s ir kurti \u017eod\u017eius per \u017eaidim\u0105. Pagamintos i\u0161 saugios, ekologi\u0161kos\" \/>\n<meta property=\"og:url\" content=\"https:\/\/www.ludoturris.lt\/en\/product\/medines-kaladeles-raides\/\" \/>\n<meta property=\"og:site_name\" content=\"Ludo Turris\" \/>\n<meta property=\"article:publisher\" content=\"https:\/\/www.facebook.com\/Ludo-Turris-621921974895920\/\" \/>\n<meta property=\"article:modified_time\" content=\"2026-02-10T12:39:17+00:00\" \/>\n<meta property=\"og:image\" content=\"https:\/\/www.ludoturris.lt\/wp-content\/uploads\/2025\/03\/SV01.png\" \/>\n\t<meta property=\"og:image:width\" content=\"537\" \/>\n\t<meta property=\"og:image:height\" content=\"537\" \/>\n\t<meta property=\"og:image:type\" content=\"image\/png\" \/>\n<meta name=\"twitter:card\" content=\"summary_large_image\" \/>\n<meta name=\"twitter:label1\" content=\"Estimated reading time\" \/>\n\t<meta name=\"twitter:data1\" content=\"1 minute\" \/>\n<script type=\"application\/ld+json\" class=\"yoast-schema-graph\">{\"@context\":\"https:\/\/schema.org\",\"@graph\":[{\"@type\":\"WebPage\",\"@id\":\"https:\/\/www.ludoturris.lt\/produktas\/medines-kaladeles-raides\/\",\"url\":\"https:\/\/www.ludoturris.lt\/produktas\/medines-kaladeles-raides\/\",\"name\":\"Medin\u0117s kalad\u0117l\u0117s raid\u0117s - Ludo Turris\",\"isPartOf\":{\"@id\":\"https:\/\/www.ludoturris.lt\/#website\"},\"datePublished\":\"2025-03-16T09:59:29+00:00\",\"dateModified\":\"2026-02-10T12:39:17+00:00\",\"description\":\"Medin\u0117s kalad\u0117l\u0117s su raid\u0117mis smagus ir lavinantis \u017eaislas vaikams! Padeda mokytis ab\u0117c\u0117l\u0117s ir kurti \u017eod\u017eius per \u017eaidim\u0105. Pagamintos i\u0161 saugios, ekologi\u0161kos\",\"breadcrumb\":{\"@id\":\"https:\/\/www.ludoturris.lt\/produktas\/medines-kaladeles-raides\/#breadcrumb\"},\"inLanguage\":\"en-GB\",\"potentialAction\":[{\"@type\":\"ReadAction\",\"target\":[\"https:\/\/www.ludoturris.lt\/produktas\/medines-kaladeles-raides\/\"]}]},{\"@type\":\"BreadcrumbList\",\"@id\":\"https:\/\/www.ludoturris.lt\/produktas\/medines-kaladeles-raides\/#breadcrumb\",\"itemListElement\":[{\"@type\":\"ListItem\",\"position\":1,\"name\":\"Home\",\"item\":\"https:\/\/www.ludoturris.lt\/\"},{\"@type\":\"ListItem\",\"position\":2,\"name\":\"Parduotuv\u0117\",\"item\":\"https:\/\/www.ludoturris.lt\/parduotuve\/\"},{\"@type\":\"ListItem\",\"position\":3,\"name\":\"Medin\u0117s kalad\u0117l\u0117s raid\u0117s\"}]},{\"@type\":\"WebSite\",\"@id\":\"https:\/\/www.ludoturris.lt\/#website\",\"url\":\"https:\/\/www.ludoturris.lt\/\",\"name\":\"Ludo Turris\",\"description\":\"K\u016brybi\u0161kum\u0105 ir fantazij\u0105 lavinan\u010dios kalad\u0117l\u0117s\",\"publisher\":{\"@id\":\"https:\/\/www.ludoturris.lt\/#organization\"},\"potentialAction\":[{\"@type\":\"SearchAction\",\"target\":{\"@type\":\"EntryPoint\",\"urlTemplate\":\"https:\/\/www.ludoturris.lt\/?s={search_term_string}\"},\"query-input\":\"required name=search_term_string\"}],\"inLanguage\":\"en-GB\"},{\"@type\":\"Organization\",\"@id\":\"https:\/\/www.ludoturris.lt\/#organization\",\"name\":\"Ludo Turris \u2013 Vakar\u0173 gama, UAB\",\"url\":\"https:\/\/www.ludoturris.lt\/\",\"logo\":{\"@type\":\"ImageObject\",\"inLanguage\":\"en-GB\",\"@id\":\"https:\/\/www.ludoturris.lt\/#\/schema\/logo\/image\/\",\"url\":\"https:\/\/www.ludoturris.lt\/wp-content\/uploads\/2020\/10\/logo@2x.png\",\"contentUrl\":\"https:\/\/www.ludoturris.lt\/wp-content\/uploads\/2020\/10\/logo@2x.png\",\"width\":300,\"height\":147,\"caption\":\"Ludo Turris \u2013 Vakar\u0173 gama, UAB\"},\"image\":{\"@id\":\"https:\/\/www.ludoturris.lt\/#\/schema\/logo\/image\/\"},\"sameAs\":[\"https:\/\/www.facebook.com\/Ludo-Turris-621921974895920\/\",\"https:\/\/www.youtube.com\/channel\/UCuBACq67N1NGC9LVudo4ngw\"]}]}<\/script>\n<!-- \/ Yoast SEO plugin. -->","yoast_head_json":{"title":"Medin\u0117s kalad\u0117l\u0117s raid\u0117s - Ludo Turris","description":"Medin\u0117s kalad\u0117l\u0117s su raid\u0117mis smagus ir lavinantis \u017eaislas vaikams! Padeda mokytis ab\u0117c\u0117l\u0117s ir kurti \u017eod\u017eius per \u017eaidim\u0105. Pagamintos i\u0161 saugios, ekologi\u0161kos","robots":{"index":"index","follow":"follow","max-snippet":"max-snippet:-1","max-image-preview":"max-image-preview:large","max-video-preview":"max-video-preview:-1"},"canonical":"https:\/\/www.ludoturris.lt\/en\/product\/medines-kaladeles-raides\/","og_locale":"en_GB","og_type":"article","og_title":"Medin\u0117s kalad\u0117l\u0117s raid\u0117s - Ludo Turris","og_description":"Medin\u0117s kalad\u0117l\u0117s su raid\u0117mis smagus ir lavinantis \u017eaislas vaikams! Padeda mokytis ab\u0117c\u0117l\u0117s ir kurti \u017eod\u017eius per \u017eaidim\u0105. Pagamintos i\u0161 saugios, ekologi\u0161kos","og_url":"https:\/\/www.ludoturris.lt\/en\/product\/medines-kaladeles-raides\/","og_site_name":"Ludo Turris","article_publisher":"https:\/\/www.facebook.com\/Ludo-Turris-621921974895920\/","article_modified_time":"2026-02-10T12:39:17+00:00","og_image":[{"width":537,"height":537,"url":"https:\/\/www.ludoturris.lt\/wp-content\/uploads\/2025\/03\/SV01.png","type":"image\/png"}],"twitter_card":"summary_large_image","twitter_misc":{"Estimated reading time":"1 minute"},"schema":{"@context":"https:\/\/schema.org","@graph":[{"@type":"WebPage","@id":"https:\/\/www.ludoturris.lt\/produktas\/medines-kaladeles-raides\/","url":"https:\/\/www.ludoturris.lt\/produktas\/medines-kaladeles-raides\/","name":"Medin\u0117s kalad\u0117l\u0117s raid\u0117s - Ludo Turris","isPartOf":{"@id":"https:\/\/www.ludoturris.lt\/#website"},"datePublished":"2025-03-16T09:59:29+00:00","dateModified":"2026-02-10T12:39:17+00:00","description":"Medin\u0117s kalad\u0117l\u0117s su raid\u0117mis smagus ir lavinantis \u017eaislas vaikams! Padeda mokytis ab\u0117c\u0117l\u0117s ir kurti \u017eod\u017eius per \u017eaidim\u0105. Pagamintos i\u0161 saugios, ekologi\u0161kos","breadcrumb":{"@id":"https:\/\/www.ludoturris.lt\/produktas\/medines-kaladeles-raides\/#breadcrumb"},"inLanguage":"en-GB","potentialAction":[{"@type":"ReadAction","target":["https:\/\/www.ludoturris.lt\/produktas\/medines-kaladeles-raides\/"]}]},{"@type":"BreadcrumbList","@id":"https:\/\/www.ludoturris.lt\/produktas\/medines-kaladeles-raides\/#breadcrumb","itemListElement":[{"@type":"ListItem","position":1,"name":"Home","item":"https:\/\/www.ludoturris.lt\/"},{"@type":"ListItem","position":2,"name":"Parduotuv\u0117","item":"https:\/\/www.ludoturris.lt\/parduotuve\/"},{"@type":"ListItem","position":3,"name":"Medin\u0117s kalad\u0117l\u0117s raid\u0117s"}]},{"@type":"WebSite","@id":"https:\/\/www.ludoturris.lt\/#website","url":"https:\/\/www.ludoturris.lt\/","name":"Ludo Turris","description":"K\u016brybi\u0161kum\u0105 ir fantazij\u0105 lavinan\u010dios kalad\u0117l\u0117s","publisher":{"@id":"https:\/\/www.ludoturris.lt\/#organization"},"potentialAction":[{"@type":"SearchAction","target":{"@type":"EntryPoint","urlTemplate":"https:\/\/www.ludoturris.lt\/?s={search_term_string}"},"query-input":"required name=search_term_string"}],"inLanguage":"en-GB"},{"@type":"Organization","@id":"https:\/\/www.ludoturris.lt\/#organization","name":"Ludo Turris \u2013 Vakar\u0173 gama, UAB","url":"https:\/\/www.ludoturris.lt\/","logo":{"@type":"ImageObject","inLanguage":"en-GB","@id":"https:\/\/www.ludoturris.lt\/#\/schema\/logo\/image\/","url":"https:\/\/www.ludoturris.lt\/wp-content\/uploads\/2020\/10\/logo@2x.png","contentUrl":"https:\/\/www.ludoturris.lt\/wp-content\/uploads\/2020\/10\/logo@2x.png","width":300,"height":147,"caption":"Ludo Turris \u2013 Vakar\u0173 gama, UAB"},"image":{"@id":"https:\/\/www.ludoturris.lt\/#\/schema\/logo\/image\/"},"sameAs":["https:\/\/www.facebook.com\/Ludo-Turris-621921974895920\/","https:\/\/www.youtube.com\/channel\/UCuBACq67N1NGC9LVudo4ngw"]}]}},"uagb_featured_image_src":{"full":["https:\/\/www.ludoturris.lt\/wp-content\/uploads\/2025\/03\/SV01.png",537,537,false],"thumbnail":["https:\/\/www.ludoturris.lt\/wp-content\/uploads\/2025\/03\/SV01-150x150.png",150,150,true],"medium":["https:\/\/www.ludoturris.lt\/wp-content\/uploads\/2025\/03\/SV01-300x300.png",300,300,true],"medium_large":["https:\/\/www.ludoturris.lt\/wp-content\/uploads\/2025\/03\/SV01.png",537,537,false],"large":["https:\/\/www.ludoturris.lt\/wp-content\/uploads\/2025\/03\/SV01.png",537,537,false],"1536x1536":["https:\/\/www.ludoturris.lt\/wp-content\/uploads\/2025\/03\/SV01.png",537,537,false],"2048x2048":["https:\/\/www.ludoturris.lt\/wp-content\/uploads\/2025\/03\/SV01.png",537,537,false],"trp-custom-language-flag":["https:\/\/www.ludoturris.lt\/wp-content\/uploads\/2025\/03\/SV01-12x12.png",12,12,true],"woocommerce_thumbnail":["https:\/\/www.ludoturris.lt\/wp-content\/uploads\/2025\/03\/SV01-300x300.png",300,300,true],"woocommerce_single":["https:\/\/www.ludoturris.lt\/wp-content\/uploads\/2025\/03\/SV01.png",537,537,false],"woocommerce_gallery_thumbnail":["https:\/\/www.ludoturris.lt\/wp-content\/uploads\/2025\/03\/SV01-100x100.png",100,100,true],"variation_swatches_image_size":["https:\/\/www.ludoturris.lt\/wp-content\/uploads\/2025\/03\/SV01-50x50.png",50,50,true],"variation_swatches_tooltip_size":["https:\/\/www.ludoturris.lt\/wp-content\/uploads\/2025\/03\/SV01-100x100.png",100,100,true],"dgwt-wcas-product-suggestion":["https:\/\/www.ludoturris.lt\/wp-content\/uploads\/2025\/03\/SV01.png",64,64,false]},"uagb_author_info":{"display_name":"LudoTurris","author_link":"https:\/\/www.ludoturris.lt\/en\/author\/"},"uagb_comment_info":0,"uagb_excerpt":"Rekomenduojamas am\u017eius: nuo 3 met\u0173. \u0160\u012f kalad\u0117li\u0173 rinkin\u012f sudaro 120 lietuvi\u0161k\u0173 raid\u017ei\u0173. \u0160ios lavinamosios kalad\u0117l\u0117s tinka mokantis pa\u017einti raideles ir skaityti, tod\u0117l skirtos ne tik ma\u017eiausiems kalad\u0117li\u0173 bok\u0161t\u0173 statytojams, bet ir mokyklinio am\u017eiaus vaikams. \u0160is medinis \u017eaislas gali b\u016bti net smagus visos \u0161eimos stalo \u017eaidimas: pabandykite i\u0161 kalad\u0117li\u0173 sud\u0117lioti 5 \u017eod\u017eius, pamatysite, galv\u0105 tikrai reik\u0117s&hellip;","_links":{"self":[{"href":"https:\/\/www.ludoturris.lt\/en\/wp-json\/wp\/v2\/product\/4701"}],"collection":[{"href":"https:\/\/www.ludoturris.lt\/en\/wp-json\/wp\/v2\/product"}],"about":[{"href":"https:\/\/www.ludoturris.lt\/en\/wp-json\/wp\/v2\/types\/product"}],"wp:featuredmedia":[{"embeddable":true,"href":"https:\/\/www.ludoturris.lt\/en\/wp-json\/wp\/v2\/media\/4702"}],"wp:attachment":[{"href":"https:\/\/www.ludoturris.lt\/en\/wp-json\/wp\/v2\/media?parent=4701"}],"wp:term":[{"taxonomy":"product_cat","embeddable":true,"href":"https:\/\/www.ludoturris.lt\/en\/wp-json\/wp\/v2\/product_cat?post=4701"},{"taxonomy":"product_tag","embeddable":true,"href":"https:\/\/www.ludoturris.lt\/en\/wp-json\/wp\/v2\/product_tag?post=4701"}],"curies":[{"name":"wp","href":"https:\/\/api.w.org\/{rel}","templated":true}]}}