{"id":4693,"date":"2025-03-16T07:22:01","date_gmt":"2025-03-16T09:22:01","guid":{"rendered":"https:\/\/www.ludoturris.lt\/?post_type=product&#038;p=4693"},"modified":"2026-02-10T11:00:15","modified_gmt":"2026-02-10T13:00:15","slug":"medine-plansete","status":"publish","type":"product","link":"https:\/\/www.ludoturris.lt\/en\/product\/medine-plansete\/","title":{"rendered":"Medin\u0117 edukacin\u0117 plan\u0161et\u0117"},"content":{"rendered":"<p>Rekomenduojamas am\u017eius: nuo 3 met\u0173. Medin\u0117 edukacin\u0117 plan\u0161et\u0117 tai \u017eaislas lavina vaiko k\u016brybi\u0161kum\u0105 ir rankinius \u012fg\u016bd\u017eius. Rinkinyje yra 55 magnetiniai spalvingi skai\u010diai ir matematiniai simboliai bei 30 spalving\u0173 paveiksl\u0117li\u0173, tad \u012fmanoma atlikti nesud\u0117tingus matematinius veiksmus. Plan\u0161et\u0117s pagalba lavinami matematiniai ir pa\u017einimo \u012fg\u016bd\u017eiai, vaizduot\u0117, aki\u0173 ir rank\u0173 koordinacija, atmintis ir koncentracija. <\/p>","protected":false},"excerpt":{"rendered":"<p>Rekomenduojamas am\u017eius: nuo 3 met\u0173. Medin\u0117 edukacin\u0117 plan\u0161et\u0117 tai \u017eaislas lavina vaiko k\u016brybi\u0161kum\u0105 ir rankinius \u012fg\u016bd\u017eius. Rinkinyje yra 55 magnetiniai spalvingi skai\u010diai ir matematiniai simboliai bei 30 spalving\u0173 paveiksl\u0117li\u0173, tad \u012fmanoma atlikti nesud\u0117tingus matematinius veiksmus. Plan\u0161et\u0117s pagalba lavinami matematiniai ir pa\u017einimo \u012fg\u016bd\u017eiai, vaizduot\u0117, aki\u0173 ir rank\u0173 koordinacija, atmintis ir koncentracija.<\/p>","protected":false},"featured_media":4694,"template":"","meta":{"_uag_custom_page_level_css":"","_themeisle_gutenberg_block_has_review":false},"product_cat":[69,96],"product_tag":[],"yoast_head":"<!-- This site is optimized with the Yoast SEO plugin v21.1 - https:\/\/yoast.com\/wordpress\/plugins\/seo\/ -->\n<title>Medin\u0117 edukacin\u0117 plan\u0161et\u0117 - Ludo Turris<\/title>\n<meta name=\"description\" content=\"Medin\u0117 plan\u0161et\u0117 lavinamasis \u017eaislas vaikams su magnetiniais simboliais. Skatina k\u016brybi\u0161kum\u0105, mokym\u0105si ir smulkiosios motorikos \u012fg\u016bd\u017eius.\" \/>\n<meta name=\"robots\" content=\"index, follow, max-snippet:-1, max-image-preview:large, max-video-preview:-1\" \/>\n<link rel=\"canonical\" href=\"https:\/\/www.ludoturris.lt\/en\/product\/medine-plansete\/\" \/>\n<meta property=\"og:locale\" content=\"en_GB\" \/>\n<meta property=\"og:type\" content=\"article\" \/>\n<meta property=\"og:title\" content=\"Medin\u0117 edukacin\u0117 plan\u0161et\u0117 - Ludo Turris\" \/>\n<meta property=\"og:description\" content=\"Medin\u0117 plan\u0161et\u0117 lavinamasis \u017eaislas vaikams su magnetiniais simboliais. Skatina k\u016brybi\u0161kum\u0105, mokym\u0105si ir smulkiosios motorikos \u012fg\u016bd\u017eius.\" \/>\n<meta property=\"og:url\" content=\"https:\/\/www.ludoturris.lt\/en\/product\/medine-plansete\/\" \/>\n<meta property=\"og:site_name\" content=\"Ludo Turris\" \/>\n<meta property=\"article:publisher\" content=\"https:\/\/www.facebook.com\/Ludo-Turris-621921974895920\/\" \/>\n<meta property=\"article:modified_time\" content=\"2026-02-10T13:00:15+00:00\" \/>\n<meta property=\"og:image\" content=\"https:\/\/www.ludoturris.lt\/wp-content\/uploads\/2025\/03\/G090.png\" \/>\n\t<meta property=\"og:image:width\" content=\"537\" \/>\n\t<meta property=\"og:image:height\" content=\"537\" \/>\n\t<meta property=\"og:image:type\" content=\"image\/png\" \/>\n<meta name=\"twitter:card\" content=\"summary_large_image\" \/>\n<meta name=\"twitter:label1\" content=\"Estimated reading time\" \/>\n\t<meta name=\"twitter:data1\" content=\"1 minute\" \/>\n<script type=\"application\/ld+json\" class=\"yoast-schema-graph\">{\"@context\":\"https:\/\/schema.org\",\"@graph\":[{\"@type\":\"WebPage\",\"@id\":\"https:\/\/www.ludoturris.lt\/produktas\/medine-plansete\/\",\"url\":\"https:\/\/www.ludoturris.lt\/produktas\/medine-plansete\/\",\"name\":\"Medin\u0117 edukacin\u0117 plan\u0161et\u0117 - Ludo Turris\",\"isPartOf\":{\"@id\":\"https:\/\/www.ludoturris.lt\/#website\"},\"datePublished\":\"2025-03-16T09:22:01+00:00\",\"dateModified\":\"2026-02-10T13:00:15+00:00\",\"description\":\"Medin\u0117 plan\u0161et\u0117 lavinamasis \u017eaislas vaikams su magnetiniais simboliais. Skatina k\u016brybi\u0161kum\u0105, mokym\u0105si ir smulkiosios motorikos \u012fg\u016bd\u017eius.\",\"breadcrumb\":{\"@id\":\"https:\/\/www.ludoturris.lt\/produktas\/medine-plansete\/#breadcrumb\"},\"inLanguage\":\"en-GB\",\"potentialAction\":[{\"@type\":\"ReadAction\",\"target\":[\"https:\/\/www.ludoturris.lt\/produktas\/medine-plansete\/\"]}]},{\"@type\":\"BreadcrumbList\",\"@id\":\"https:\/\/www.ludoturris.lt\/produktas\/medine-plansete\/#breadcrumb\",\"itemListElement\":[{\"@type\":\"ListItem\",\"position\":1,\"name\":\"Home\",\"item\":\"https:\/\/www.ludoturris.lt\/\"},{\"@type\":\"ListItem\",\"position\":2,\"name\":\"Parduotuv\u0117\",\"item\":\"https:\/\/www.ludoturris.lt\/parduotuve\/\"},{\"@type\":\"ListItem\",\"position\":3,\"name\":\"Medin\u0117 edukacin\u0117 plan\u0161et\u0117\"}]},{\"@type\":\"WebSite\",\"@id\":\"https:\/\/www.ludoturris.lt\/#website\",\"url\":\"https:\/\/www.ludoturris.lt\/\",\"name\":\"Ludo Turris\",\"description\":\"K\u016brybi\u0161kum\u0105 ir fantazij\u0105 lavinan\u010dios kalad\u0117l\u0117s\",\"publisher\":{\"@id\":\"https:\/\/www.ludoturris.lt\/#organization\"},\"potentialAction\":[{\"@type\":\"SearchAction\",\"target\":{\"@type\":\"EntryPoint\",\"urlTemplate\":\"https:\/\/www.ludoturris.lt\/?s={search_term_string}\"},\"query-input\":\"required name=search_term_string\"}],\"inLanguage\":\"en-GB\"},{\"@type\":\"Organization\",\"@id\":\"https:\/\/www.ludoturris.lt\/#organization\",\"name\":\"Ludo Turris \u2013 Vakar\u0173 gama, UAB\",\"url\":\"https:\/\/www.ludoturris.lt\/\",\"logo\":{\"@type\":\"ImageObject\",\"inLanguage\":\"en-GB\",\"@id\":\"https:\/\/www.ludoturris.lt\/#\/schema\/logo\/image\/\",\"url\":\"https:\/\/www.ludoturris.lt\/wp-content\/uploads\/2020\/10\/logo@2x.png\",\"contentUrl\":\"https:\/\/www.ludoturris.lt\/wp-content\/uploads\/2020\/10\/logo@2x.png\",\"width\":300,\"height\":147,\"caption\":\"Ludo Turris \u2013 Vakar\u0173 gama, UAB\"},\"image\":{\"@id\":\"https:\/\/www.ludoturris.lt\/#\/schema\/logo\/image\/\"},\"sameAs\":[\"https:\/\/www.facebook.com\/Ludo-Turris-621921974895920\/\",\"https:\/\/www.youtube.com\/channel\/UCuBACq67N1NGC9LVudo4ngw\"]}]}<\/script>\n<!-- \/ Yoast SEO plugin. -->","yoast_head_json":{"title":"Medin\u0117 edukacin\u0117 plan\u0161et\u0117 - Ludo Turris","description":"Medin\u0117 plan\u0161et\u0117 lavinamasis \u017eaislas vaikams su magnetiniais simboliais. Skatina k\u016brybi\u0161kum\u0105, mokym\u0105si ir smulkiosios motorikos \u012fg\u016bd\u017eius.","robots":{"index":"index","follow":"follow","max-snippet":"max-snippet:-1","max-image-preview":"max-image-preview:large","max-video-preview":"max-video-preview:-1"},"canonical":"https:\/\/www.ludoturris.lt\/en\/product\/medine-plansete\/","og_locale":"en_GB","og_type":"article","og_title":"Medin\u0117 edukacin\u0117 plan\u0161et\u0117 - Ludo Turris","og_description":"Medin\u0117 plan\u0161et\u0117 lavinamasis \u017eaislas vaikams su magnetiniais simboliais. Skatina k\u016brybi\u0161kum\u0105, mokym\u0105si ir smulkiosios motorikos \u012fg\u016bd\u017eius.","og_url":"https:\/\/www.ludoturris.lt\/en\/product\/medine-plansete\/","og_site_name":"Ludo Turris","article_publisher":"https:\/\/www.facebook.com\/Ludo-Turris-621921974895920\/","article_modified_time":"2026-02-10T13:00:15+00:00","og_image":[{"width":537,"height":537,"url":"https:\/\/www.ludoturris.lt\/wp-content\/uploads\/2025\/03\/G090.png","type":"image\/png"}],"twitter_card":"summary_large_image","twitter_misc":{"Estimated reading time":"1 minute"},"schema":{"@context":"https:\/\/schema.org","@graph":[{"@type":"WebPage","@id":"https:\/\/www.ludoturris.lt\/produktas\/medine-plansete\/","url":"https:\/\/www.ludoturris.lt\/produktas\/medine-plansete\/","name":"Medin\u0117 edukacin\u0117 plan\u0161et\u0117 - Ludo Turris","isPartOf":{"@id":"https:\/\/www.ludoturris.lt\/#website"},"datePublished":"2025-03-16T09:22:01+00:00","dateModified":"2026-02-10T13:00:15+00:00","description":"Medin\u0117 plan\u0161et\u0117 lavinamasis \u017eaislas vaikams su magnetiniais simboliais. Skatina k\u016brybi\u0161kum\u0105, mokym\u0105si ir smulkiosios motorikos \u012fg\u016bd\u017eius.","breadcrumb":{"@id":"https:\/\/www.ludoturris.lt\/produktas\/medine-plansete\/#breadcrumb"},"inLanguage":"en-GB","potentialAction":[{"@type":"ReadAction","target":["https:\/\/www.ludoturris.lt\/produktas\/medine-plansete\/"]}]},{"@type":"BreadcrumbList","@id":"https:\/\/www.ludoturris.lt\/produktas\/medine-plansete\/#breadcrumb","itemListElement":[{"@type":"ListItem","position":1,"name":"Home","item":"https:\/\/www.ludoturris.lt\/"},{"@type":"ListItem","position":2,"name":"Parduotuv\u0117","item":"https:\/\/www.ludoturris.lt\/parduotuve\/"},{"@type":"ListItem","position":3,"name":"Medin\u0117 edukacin\u0117 plan\u0161et\u0117"}]},{"@type":"WebSite","@id":"https:\/\/www.ludoturris.lt\/#website","url":"https:\/\/www.ludoturris.lt\/","name":"Ludo Turris","description":"K\u016brybi\u0161kum\u0105 ir fantazij\u0105 lavinan\u010dios kalad\u0117l\u0117s","publisher":{"@id":"https:\/\/www.ludoturris.lt\/#organization"},"potentialAction":[{"@type":"SearchAction","target":{"@type":"EntryPoint","urlTemplate":"https:\/\/www.ludoturris.lt\/?s={search_term_string}"},"query-input":"required name=search_term_string"}],"inLanguage":"en-GB"},{"@type":"Organization","@id":"https:\/\/www.ludoturris.lt\/#organization","name":"Ludo Turris \u2013 Vakar\u0173 gama, UAB","url":"https:\/\/www.ludoturris.lt\/","logo":{"@type":"ImageObject","inLanguage":"en-GB","@id":"https:\/\/www.ludoturris.lt\/#\/schema\/logo\/image\/","url":"https:\/\/www.ludoturris.lt\/wp-content\/uploads\/2020\/10\/logo@2x.png","contentUrl":"https:\/\/www.ludoturris.lt\/wp-content\/uploads\/2020\/10\/logo@2x.png","width":300,"height":147,"caption":"Ludo Turris \u2013 Vakar\u0173 gama, UAB"},"image":{"@id":"https:\/\/www.ludoturris.lt\/#\/schema\/logo\/image\/"},"sameAs":["https:\/\/www.facebook.com\/Ludo-Turris-621921974895920\/","https:\/\/www.youtube.com\/channel\/UCuBACq67N1NGC9LVudo4ngw"]}]}},"uagb_featured_image_src":{"full":["https:\/\/www.ludoturris.lt\/wp-content\/uploads\/2025\/03\/G090.png",537,537,false],"thumbnail":["https:\/\/www.ludoturris.lt\/wp-content\/uploads\/2025\/03\/G090-150x150.png",150,150,true],"medium":["https:\/\/www.ludoturris.lt\/wp-content\/uploads\/2025\/03\/G090-300x300.png",300,300,true],"medium_large":["https:\/\/www.ludoturris.lt\/wp-content\/uploads\/2025\/03\/G090.png",537,537,false],"large":["https:\/\/www.ludoturris.lt\/wp-content\/uploads\/2025\/03\/G090.png",537,537,false],"1536x1536":["https:\/\/www.ludoturris.lt\/wp-content\/uploads\/2025\/03\/G090.png",537,537,false],"2048x2048":["https:\/\/www.ludoturris.lt\/wp-content\/uploads\/2025\/03\/G090.png",537,537,false],"trp-custom-language-flag":["https:\/\/www.ludoturris.lt\/wp-content\/uploads\/2025\/03\/G090-12x12.png",12,12,true],"woocommerce_thumbnail":["https:\/\/www.ludoturris.lt\/wp-content\/uploads\/2025\/03\/G090-300x300.png",300,300,true],"woocommerce_single":["https:\/\/www.ludoturris.lt\/wp-content\/uploads\/2025\/03\/G090.png",537,537,false],"woocommerce_gallery_thumbnail":["https:\/\/www.ludoturris.lt\/wp-content\/uploads\/2025\/03\/G090-100x100.png",100,100,true],"variation_swatches_image_size":["https:\/\/www.ludoturris.lt\/wp-content\/uploads\/2025\/03\/G090-50x50.png",50,50,true],"variation_swatches_tooltip_size":["https:\/\/www.ludoturris.lt\/wp-content\/uploads\/2025\/03\/G090-100x100.png",100,100,true],"dgwt-wcas-product-suggestion":["https:\/\/www.ludoturris.lt\/wp-content\/uploads\/2025\/03\/G090.png",64,64,false]},"uagb_author_info":{"display_name":"LudoTurris","author_link":"https:\/\/www.ludoturris.lt\/en\/author\/"},"uagb_comment_info":0,"uagb_excerpt":"Rekomenduojamas am\u017eius: nuo 3 met\u0173. Medin\u0117 edukacin\u0117 plan\u0161et\u0117 tai \u017eaislas lavina vaiko k\u016brybi\u0161kum\u0105 ir rankinius \u012fg\u016bd\u017eius. Rinkinyje yra 55 magnetiniai spalvingi skai\u010diai ir matematiniai simboliai bei 30 spalving\u0173 paveiksl\u0117li\u0173, tad \u012fmanoma atlikti nesud\u0117tingus matematinius veiksmus. Plan\u0161et\u0117s pagalba lavinami matematiniai ir pa\u017einimo \u012fg\u016bd\u017eiai, vaizduot\u0117, aki\u0173 ir rank\u0173 koordinacija, atmintis ir koncentracija.","_links":{"self":[{"href":"https:\/\/www.ludoturris.lt\/en\/wp-json\/wp\/v2\/product\/4693"}],"collection":[{"href":"https:\/\/www.ludoturris.lt\/en\/wp-json\/wp\/v2\/product"}],"about":[{"href":"https:\/\/www.ludoturris.lt\/en\/wp-json\/wp\/v2\/types\/product"}],"wp:featuredmedia":[{"embeddable":true,"href":"https:\/\/www.ludoturris.lt\/en\/wp-json\/wp\/v2\/media\/4694"}],"wp:attachment":[{"href":"https:\/\/www.ludoturris.lt\/en\/wp-json\/wp\/v2\/media?parent=4693"}],"wp:term":[{"taxonomy":"product_cat","embeddable":true,"href":"https:\/\/www.ludoturris.lt\/en\/wp-json\/wp\/v2\/product_cat?post=4693"},{"taxonomy":"product_tag","embeddable":true,"href":"https:\/\/www.ludoturris.lt\/en\/wp-json\/wp\/v2\/product_tag?post=4693"}],"curies":[{"name":"wp","href":"https:\/\/api.w.org\/{rel}","templated":true}]}}