{"id":4648,"date":"2025-03-13T16:12:36","date_gmt":"2025-03-13T18:12:36","guid":{"rendered":"https:\/\/www.ludoturris.lt\/?post_type=product&#038;p=4648"},"modified":"2026-02-06T11:23:36","modified_gmt":"2026-02-06T13:23:36","slug":"medinis-garazas-su-liftu","status":"publish","type":"product","link":"https:\/\/www.ludoturris.lt\/en\/product\/medinis-garazas-su-liftu\/","title":{"rendered":"Medinis gara\u017eas su liftu"},"content":{"rendered":"<p>Rekomenduojamas am\u017eius: nuo 3 met\u0173. Mediniame trij\u0173 auk\u0161t\u0173 gara\u017ee 43X30cm \u012frengtas kilnojamas liftas. Komplekte rasite 4 automobilius, kuriuos vaikas, naudodamas raudon\u0105 ranken\u0117l\u0119, gali nugabenti \u012f pat\u012f aik\u0161tel\u0117s vir\u0161\u0173. Gara\u017ee taip pat rasite degalin\u0119, kilnojam\u0105 u\u017etvar\u0105, mal\u016bnsparnio nusileidimo aik\u0161tel\u0119. \u017daid\u017eiant lavinama vaizduot\u0117, loginis m\u0105stymas, smulkioji motorika ir vaidmen\u0173 \u017eaidimo \u012fg\u016bd\u017eiai. Tvirtas medinis dizainas puikiai tinka ilgalaikiam \u017eaidimui namuose ar ugdymo erdv\u0117se.<\/p>","protected":false},"excerpt":{"rendered":"<p>Rekomenduojamas am\u017eius: nuo 3 met\u0173. Mediniame trij\u0173 auk\u0161t\u0173 gara\u017ee 43X30cm \u012frengtas kilnojamas liftas. Komplekte rasite 4 automobilius, kuriuos vaikas, naudodamas raudon\u0105 ranken\u0117l\u0119, gali nugabenti \u012f pat\u012f aik\u0161tel\u0117s vir\u0161\u0173. Gara\u017ee taip pat rasite degalin\u0119, kilnojam\u0105 u\u017etvar\u0105, mal\u016bnsparnio nusileidimo aik\u0161tel\u0119. \u017daid\u017eiant lavinama vaizduot\u0117, loginis m\u0105stymas, smulkioji motorika ir vaidmen\u0173 \u017eaidimo \u012fg\u016bd\u017eiai. Tvirtas medinis dizainas puikiai tinka ilgalaikiam &hellip;<\/p>\n<p class=\"read-more\"> <a class=\"\" href=\"https:\/\/www.ludoturris.lt\/en\/product\/medinis-garazas-su-liftu\/\"> <span class=\"screen-reader-text\">Medinis gara\u017eas su liftu<\/span> Read More &raquo;<\/a><\/p>","protected":false},"featured_media":4649,"template":"","meta":{"_uag_custom_page_level_css":"","_themeisle_gutenberg_block_has_review":false},"product_cat":[69,96],"product_tag":[],"yoast_head":"<!-- This site is optimized with the Yoast SEO plugin v21.1 - https:\/\/yoast.com\/wordpress\/plugins\/seo\/ -->\n<title>Medinis gara\u017eas su liftu - Ludo Turris<\/title>\n<meta name=\"description\" content=\"Medinis gara\u017eas su liftu \u2013 interaktyvus ir smagus \u017eaislas vaikams. Skatina vaizduot\u0119, lavina motorik\u0105 ir suteikia d\u017eiaugsmo \u017eaid\u017eiant su automobiliais.\" \/>\n<meta name=\"robots\" content=\"index, follow, max-snippet:-1, max-image-preview:large, max-video-preview:-1\" \/>\n<link rel=\"canonical\" href=\"https:\/\/www.ludoturris.lt\/en\/product\/medinis-garazas-su-liftu\/\" \/>\n<meta property=\"og:locale\" content=\"en_GB\" \/>\n<meta property=\"og:type\" content=\"article\" \/>\n<meta property=\"og:title\" content=\"Medinis gara\u017eas su liftu - Ludo Turris\" \/>\n<meta property=\"og:description\" content=\"Medinis gara\u017eas su liftu \u2013 interaktyvus ir smagus \u017eaislas vaikams. Skatina vaizduot\u0119, lavina motorik\u0105 ir suteikia d\u017eiaugsmo \u017eaid\u017eiant su automobiliais.\" \/>\n<meta property=\"og:url\" content=\"https:\/\/www.ludoturris.lt\/en\/product\/medinis-garazas-su-liftu\/\" \/>\n<meta property=\"og:site_name\" content=\"Ludo Turris\" \/>\n<meta property=\"article:publisher\" content=\"https:\/\/www.facebook.com\/Ludo-Turris-621921974895920\/\" \/>\n<meta property=\"article:modified_time\" content=\"2026-02-06T13:23:36+00:00\" \/>\n<meta property=\"og:image\" content=\"https:\/\/www.ludoturris.lt\/wp-content\/uploads\/2025\/03\/W04B047B.png\" \/>\n\t<meta property=\"og:image:width\" content=\"537\" \/>\n\t<meta property=\"og:image:height\" content=\"537\" \/>\n\t<meta property=\"og:image:type\" content=\"image\/png\" \/>\n<meta name=\"twitter:card\" content=\"summary_large_image\" \/>\n<meta name=\"twitter:label1\" content=\"Estimated reading time\" \/>\n\t<meta name=\"twitter:data1\" content=\"1 minute\" \/>\n<script type=\"application\/ld+json\" class=\"yoast-schema-graph\">{\"@context\":\"https:\/\/schema.org\",\"@graph\":[{\"@type\":\"WebPage\",\"@id\":\"https:\/\/www.ludoturris.lt\/produktas\/medinis-garazas-su-liftu\/\",\"url\":\"https:\/\/www.ludoturris.lt\/produktas\/medinis-garazas-su-liftu\/\",\"name\":\"Medinis gara\u017eas su liftu - Ludo Turris\",\"isPartOf\":{\"@id\":\"https:\/\/www.ludoturris.lt\/#website\"},\"datePublished\":\"2025-03-13T18:12:36+00:00\",\"dateModified\":\"2026-02-06T13:23:36+00:00\",\"description\":\"Medinis gara\u017eas su liftu \u2013 interaktyvus ir smagus \u017eaislas vaikams. Skatina vaizduot\u0119, lavina motorik\u0105 ir suteikia d\u017eiaugsmo \u017eaid\u017eiant su automobiliais.\",\"breadcrumb\":{\"@id\":\"https:\/\/www.ludoturris.lt\/produktas\/medinis-garazas-su-liftu\/#breadcrumb\"},\"inLanguage\":\"en-GB\",\"potentialAction\":[{\"@type\":\"ReadAction\",\"target\":[\"https:\/\/www.ludoturris.lt\/produktas\/medinis-garazas-su-liftu\/\"]}]},{\"@type\":\"BreadcrumbList\",\"@id\":\"https:\/\/www.ludoturris.lt\/produktas\/medinis-garazas-su-liftu\/#breadcrumb\",\"itemListElement\":[{\"@type\":\"ListItem\",\"position\":1,\"name\":\"Home\",\"item\":\"https:\/\/www.ludoturris.lt\/\"},{\"@type\":\"ListItem\",\"position\":2,\"name\":\"Parduotuv\u0117\",\"item\":\"https:\/\/www.ludoturris.lt\/parduotuve\/\"},{\"@type\":\"ListItem\",\"position\":3,\"name\":\"Medinis gara\u017eas su liftu\"}]},{\"@type\":\"WebSite\",\"@id\":\"https:\/\/www.ludoturris.lt\/#website\",\"url\":\"https:\/\/www.ludoturris.lt\/\",\"name\":\"Ludo Turris\",\"description\":\"K\u016brybi\u0161kum\u0105 ir fantazij\u0105 lavinan\u010dios kalad\u0117l\u0117s\",\"publisher\":{\"@id\":\"https:\/\/www.ludoturris.lt\/#organization\"},\"potentialAction\":[{\"@type\":\"SearchAction\",\"target\":{\"@type\":\"EntryPoint\",\"urlTemplate\":\"https:\/\/www.ludoturris.lt\/?s={search_term_string}\"},\"query-input\":\"required name=search_term_string\"}],\"inLanguage\":\"en-GB\"},{\"@type\":\"Organization\",\"@id\":\"https:\/\/www.ludoturris.lt\/#organization\",\"name\":\"Ludo Turris \u2013 Vakar\u0173 gama, UAB\",\"url\":\"https:\/\/www.ludoturris.lt\/\",\"logo\":{\"@type\":\"ImageObject\",\"inLanguage\":\"en-GB\",\"@id\":\"https:\/\/www.ludoturris.lt\/#\/schema\/logo\/image\/\",\"url\":\"https:\/\/www.ludoturris.lt\/wp-content\/uploads\/2020\/10\/logo@2x.png\",\"contentUrl\":\"https:\/\/www.ludoturris.lt\/wp-content\/uploads\/2020\/10\/logo@2x.png\",\"width\":300,\"height\":147,\"caption\":\"Ludo Turris \u2013 Vakar\u0173 gama, UAB\"},\"image\":{\"@id\":\"https:\/\/www.ludoturris.lt\/#\/schema\/logo\/image\/\"},\"sameAs\":[\"https:\/\/www.facebook.com\/Ludo-Turris-621921974895920\/\",\"https:\/\/www.youtube.com\/channel\/UCuBACq67N1NGC9LVudo4ngw\"]}]}<\/script>\n<!-- \/ Yoast SEO plugin. -->","yoast_head_json":{"title":"Medinis gara\u017eas su liftu - Ludo Turris","description":"Medinis gara\u017eas su liftu \u2013 interaktyvus ir smagus \u017eaislas vaikams. Skatina vaizduot\u0119, lavina motorik\u0105 ir suteikia d\u017eiaugsmo \u017eaid\u017eiant su automobiliais.","robots":{"index":"index","follow":"follow","max-snippet":"max-snippet:-1","max-image-preview":"max-image-preview:large","max-video-preview":"max-video-preview:-1"},"canonical":"https:\/\/www.ludoturris.lt\/en\/product\/medinis-garazas-su-liftu\/","og_locale":"en_GB","og_type":"article","og_title":"Medinis gara\u017eas su liftu - Ludo Turris","og_description":"Medinis gara\u017eas su liftu \u2013 interaktyvus ir smagus \u017eaislas vaikams. Skatina vaizduot\u0119, lavina motorik\u0105 ir suteikia d\u017eiaugsmo \u017eaid\u017eiant su automobiliais.","og_url":"https:\/\/www.ludoturris.lt\/en\/product\/medinis-garazas-su-liftu\/","og_site_name":"Ludo Turris","article_publisher":"https:\/\/www.facebook.com\/Ludo-Turris-621921974895920\/","article_modified_time":"2026-02-06T13:23:36+00:00","og_image":[{"width":537,"height":537,"url":"https:\/\/www.ludoturris.lt\/wp-content\/uploads\/2025\/03\/W04B047B.png","type":"image\/png"}],"twitter_card":"summary_large_image","twitter_misc":{"Estimated reading time":"1 minute"},"schema":{"@context":"https:\/\/schema.org","@graph":[{"@type":"WebPage","@id":"https:\/\/www.ludoturris.lt\/produktas\/medinis-garazas-su-liftu\/","url":"https:\/\/www.ludoturris.lt\/produktas\/medinis-garazas-su-liftu\/","name":"Medinis gara\u017eas su liftu - Ludo Turris","isPartOf":{"@id":"https:\/\/www.ludoturris.lt\/#website"},"datePublished":"2025-03-13T18:12:36+00:00","dateModified":"2026-02-06T13:23:36+00:00","description":"Medinis gara\u017eas su liftu \u2013 interaktyvus ir smagus \u017eaislas vaikams. Skatina vaizduot\u0119, lavina motorik\u0105 ir suteikia d\u017eiaugsmo \u017eaid\u017eiant su automobiliais.","breadcrumb":{"@id":"https:\/\/www.ludoturris.lt\/produktas\/medinis-garazas-su-liftu\/#breadcrumb"},"inLanguage":"en-GB","potentialAction":[{"@type":"ReadAction","target":["https:\/\/www.ludoturris.lt\/produktas\/medinis-garazas-su-liftu\/"]}]},{"@type":"BreadcrumbList","@id":"https:\/\/www.ludoturris.lt\/produktas\/medinis-garazas-su-liftu\/#breadcrumb","itemListElement":[{"@type":"ListItem","position":1,"name":"Home","item":"https:\/\/www.ludoturris.lt\/"},{"@type":"ListItem","position":2,"name":"Parduotuv\u0117","item":"https:\/\/www.ludoturris.lt\/parduotuve\/"},{"@type":"ListItem","position":3,"name":"Medinis gara\u017eas su liftu"}]},{"@type":"WebSite","@id":"https:\/\/www.ludoturris.lt\/#website","url":"https:\/\/www.ludoturris.lt\/","name":"Ludo Turris","description":"K\u016brybi\u0161kum\u0105 ir fantazij\u0105 lavinan\u010dios kalad\u0117l\u0117s","publisher":{"@id":"https:\/\/www.ludoturris.lt\/#organization"},"potentialAction":[{"@type":"SearchAction","target":{"@type":"EntryPoint","urlTemplate":"https:\/\/www.ludoturris.lt\/?s={search_term_string}"},"query-input":"required name=search_term_string"}],"inLanguage":"en-GB"},{"@type":"Organization","@id":"https:\/\/www.ludoturris.lt\/#organization","name":"Ludo Turris \u2013 Vakar\u0173 gama, UAB","url":"https:\/\/www.ludoturris.lt\/","logo":{"@type":"ImageObject","inLanguage":"en-GB","@id":"https:\/\/www.ludoturris.lt\/#\/schema\/logo\/image\/","url":"https:\/\/www.ludoturris.lt\/wp-content\/uploads\/2020\/10\/logo@2x.png","contentUrl":"https:\/\/www.ludoturris.lt\/wp-content\/uploads\/2020\/10\/logo@2x.png","width":300,"height":147,"caption":"Ludo Turris \u2013 Vakar\u0173 gama, UAB"},"image":{"@id":"https:\/\/www.ludoturris.lt\/#\/schema\/logo\/image\/"},"sameAs":["https:\/\/www.facebook.com\/Ludo-Turris-621921974895920\/","https:\/\/www.youtube.com\/channel\/UCuBACq67N1NGC9LVudo4ngw"]}]}},"uagb_featured_image_src":{"full":["https:\/\/www.ludoturris.lt\/wp-content\/uploads\/2025\/03\/W04B047B.png",537,537,false],"thumbnail":["https:\/\/www.ludoturris.lt\/wp-content\/uploads\/2025\/03\/W04B047B-150x150.png",150,150,true],"medium":["https:\/\/www.ludoturris.lt\/wp-content\/uploads\/2025\/03\/W04B047B-300x300.png",300,300,true],"medium_large":["https:\/\/www.ludoturris.lt\/wp-content\/uploads\/2025\/03\/W04B047B.png",537,537,false],"large":["https:\/\/www.ludoturris.lt\/wp-content\/uploads\/2025\/03\/W04B047B.png",537,537,false],"1536x1536":["https:\/\/www.ludoturris.lt\/wp-content\/uploads\/2025\/03\/W04B047B.png",537,537,false],"2048x2048":["https:\/\/www.ludoturris.lt\/wp-content\/uploads\/2025\/03\/W04B047B.png",537,537,false],"trp-custom-language-flag":["https:\/\/www.ludoturris.lt\/wp-content\/uploads\/2025\/03\/W04B047B-12x12.png",12,12,true],"woocommerce_thumbnail":["https:\/\/www.ludoturris.lt\/wp-content\/uploads\/2025\/03\/W04B047B-300x300.png",300,300,true],"woocommerce_single":["https:\/\/www.ludoturris.lt\/wp-content\/uploads\/2025\/03\/W04B047B.png",537,537,false],"woocommerce_gallery_thumbnail":["https:\/\/www.ludoturris.lt\/wp-content\/uploads\/2025\/03\/W04B047B-100x100.png",100,100,true],"variation_swatches_image_size":["https:\/\/www.ludoturris.lt\/wp-content\/uploads\/2025\/03\/W04B047B-50x50.png",50,50,true],"variation_swatches_tooltip_size":["https:\/\/www.ludoturris.lt\/wp-content\/uploads\/2025\/03\/W04B047B-100x100.png",100,100,true],"dgwt-wcas-product-suggestion":["https:\/\/www.ludoturris.lt\/wp-content\/uploads\/2025\/03\/W04B047B.png",64,64,false]},"uagb_author_info":{"display_name":"LudoTurris","author_link":"https:\/\/www.ludoturris.lt\/en\/author\/"},"uagb_comment_info":0,"uagb_excerpt":"Rekomenduojamas am\u017eius: nuo 3 met\u0173. Mediniame trij\u0173 auk\u0161t\u0173 gara\u017ee 43X30cm \u012frengtas kilnojamas liftas. Komplekte rasite 4 automobilius, kuriuos vaikas, naudodamas raudon\u0105 ranken\u0117l\u0119, gali nugabenti \u012f pat\u012f aik\u0161tel\u0117s vir\u0161\u0173. Gara\u017ee taip pat rasite degalin\u0119, kilnojam\u0105 u\u017etvar\u0105, mal\u016bnsparnio nusileidimo aik\u0161tel\u0119. \u017daid\u017eiant lavinama vaizduot\u0117, loginis m\u0105stymas, smulkioji motorika ir vaidmen\u0173 \u017eaidimo \u012fg\u016bd\u017eiai. Tvirtas medinis dizainas puikiai tinka ilgalaikiam&hellip;","_links":{"self":[{"href":"https:\/\/www.ludoturris.lt\/en\/wp-json\/wp\/v2\/product\/4648"}],"collection":[{"href":"https:\/\/www.ludoturris.lt\/en\/wp-json\/wp\/v2\/product"}],"about":[{"href":"https:\/\/www.ludoturris.lt\/en\/wp-json\/wp\/v2\/types\/product"}],"wp:featuredmedia":[{"embeddable":true,"href":"https:\/\/www.ludoturris.lt\/en\/wp-json\/wp\/v2\/media\/4649"}],"wp:attachment":[{"href":"https:\/\/www.ludoturris.lt\/en\/wp-json\/wp\/v2\/media?parent=4648"}],"wp:term":[{"taxonomy":"product_cat","embeddable":true,"href":"https:\/\/www.ludoturris.lt\/en\/wp-json\/wp\/v2\/product_cat?post=4648"},{"taxonomy":"product_tag","embeddable":true,"href":"https:\/\/www.ludoturris.lt\/en\/wp-json\/wp\/v2\/product_tag?post=4648"}],"curies":[{"name":"wp","href":"https:\/\/api.w.org\/{rel}","templated":true}]}}