{"id":4636,"date":"2025-03-12T11:57:58","date_gmt":"2025-03-12T13:57:58","guid":{"rendered":"https:\/\/www.ludoturris.lt\/?post_type=product&#038;p=4636"},"modified":"2026-02-10T09:49:54","modified_gmt":"2026-02-10T11:49:54","slug":"mediniu-instrumentu-rinkinys","status":"publish","type":"product","link":"https:\/\/www.ludoturris.lt\/en\/product\/mediniu-instrumentu-rinkinys\/","title":{"rendered":"Medini\u0173 instrument\u0173 rinkinys"},"content":{"rendered":"<p>Rekomenduojamas am\u017eius: nuo 4 met\u0173. Rinkin\u012f sudaro 10 instrument\u0173, dauguma j\u0173 pagaminti i\u0161 med\u017eio. Prietaisai yra: cimbolai, tamburinas su b\u016bgnu, lazdos, kastanjet\u0117s, marakasai, jani\u010d\u0173 varpeliai, trikampis, bar\u0161ku\u010diai, skalbimo lenta. Viskas supakuota \u012f estetin\u0119 kuprin\u0119 su u\u017etrauktuku. \u017daidimas lavina klaus\u0105, ritmo poj\u016bt\u012f, koordinacij\u0105 ir k\u016brybi\u0161kum\u0105. Puikiai tinka muzikiniams \u017eaidimams namuose, dar\u017eelyje ar ugdymo erdv\u0117se.<\/p>","protected":false},"excerpt":{"rendered":"<p>Rekomenduojamas am\u017eius: nuo 4 met\u0173. Rinkin\u012f sudaro 10 instrument\u0173, dauguma j\u0173 pagaminti i\u0161 med\u017eio. Prietaisai yra: cimbolai, tamburinas su b\u016bgnu, lazdos, kastanjet\u0117s, marakasai, jani\u010d\u0173 varpeliai, trikampis, bar\u0161ku\u010diai, skalbimo lenta. Viskas supakuota \u012f estetin\u0119 kuprin\u0119 su u\u017etrauktuku. \u017daidimas lavina klaus\u0105, ritmo poj\u016bt\u012f, koordinacij\u0105 ir k\u016brybi\u0161kum\u0105. Puikiai tinka muzikiniams \u017eaidimams namuose, dar\u017eelyje ar ugdymo erdv\u0117se.<\/p>","protected":false},"featured_media":4637,"template":"","meta":{"_uag_custom_page_level_css":"","_themeisle_gutenberg_block_has_review":false},"product_cat":[69,96],"product_tag":[],"yoast_head":"<!-- This site is optimized with the Yoast SEO plugin v21.1 - https:\/\/yoast.com\/wordpress\/plugins\/seo\/ -->\n<title>Medini\u0173 instrument\u0173 rinkinys - Ludo Turris<\/title>\n<meta name=\"description\" content=\"Medini\u0173 instrument\u0173 rinkinys \u2013 smagus ir lavinantis muzikinis \u017eaislas vaikams. Skatina ritmin\u012f poj\u016bt\u012f, k\u016brybi\u0161kum\u0105 ir muzikin\u012f suvokim\u0105 \u017eaid\u017eiant.\" \/>\n<meta name=\"robots\" content=\"index, follow, max-snippet:-1, max-image-preview:large, max-video-preview:-1\" \/>\n<link rel=\"canonical\" href=\"https:\/\/www.ludoturris.lt\/en\/product\/mediniu-instrumentu-rinkinys\/\" \/>\n<meta property=\"og:locale\" content=\"en_GB\" \/>\n<meta property=\"og:type\" content=\"article\" \/>\n<meta property=\"og:title\" content=\"Medini\u0173 instrument\u0173 rinkinys - Ludo Turris\" \/>\n<meta property=\"og:description\" content=\"Medini\u0173 instrument\u0173 rinkinys \u2013 smagus ir lavinantis muzikinis \u017eaislas vaikams. Skatina ritmin\u012f poj\u016bt\u012f, k\u016brybi\u0161kum\u0105 ir muzikin\u012f suvokim\u0105 \u017eaid\u017eiant.\" \/>\n<meta property=\"og:url\" content=\"https:\/\/www.ludoturris.lt\/en\/product\/mediniu-instrumentu-rinkinys\/\" \/>\n<meta property=\"og:site_name\" content=\"Ludo Turris\" \/>\n<meta property=\"article:publisher\" content=\"https:\/\/www.facebook.com\/Ludo-Turris-621921974895920\/\" \/>\n<meta property=\"article:modified_time\" content=\"2026-02-10T11:49:54+00:00\" \/>\n<meta property=\"og:image\" content=\"https:\/\/www.ludoturris.lt\/wp-content\/uploads\/2025\/03\/ESC-W-0243C.png\" \/>\n\t<meta property=\"og:image:width\" content=\"537\" \/>\n\t<meta property=\"og:image:height\" content=\"537\" \/>\n\t<meta property=\"og:image:type\" content=\"image\/png\" \/>\n<meta name=\"twitter:card\" content=\"summary_large_image\" \/>\n<meta name=\"twitter:label1\" content=\"Estimated reading time\" \/>\n\t<meta name=\"twitter:data1\" content=\"1 minute\" \/>\n<script type=\"application\/ld+json\" class=\"yoast-schema-graph\">{\"@context\":\"https:\/\/schema.org\",\"@graph\":[{\"@type\":\"WebPage\",\"@id\":\"https:\/\/www.ludoturris.lt\/produktas\/mediniu-instrumentu-rinkinys\/\",\"url\":\"https:\/\/www.ludoturris.lt\/produktas\/mediniu-instrumentu-rinkinys\/\",\"name\":\"Medini\u0173 instrument\u0173 rinkinys - Ludo Turris\",\"isPartOf\":{\"@id\":\"https:\/\/www.ludoturris.lt\/#website\"},\"datePublished\":\"2025-03-12T13:57:58+00:00\",\"dateModified\":\"2026-02-10T11:49:54+00:00\",\"description\":\"Medini\u0173 instrument\u0173 rinkinys \u2013 smagus ir lavinantis muzikinis \u017eaislas vaikams. Skatina ritmin\u012f poj\u016bt\u012f, k\u016brybi\u0161kum\u0105 ir muzikin\u012f suvokim\u0105 \u017eaid\u017eiant.\",\"breadcrumb\":{\"@id\":\"https:\/\/www.ludoturris.lt\/produktas\/mediniu-instrumentu-rinkinys\/#breadcrumb\"},\"inLanguage\":\"en-GB\",\"potentialAction\":[{\"@type\":\"ReadAction\",\"target\":[\"https:\/\/www.ludoturris.lt\/produktas\/mediniu-instrumentu-rinkinys\/\"]}]},{\"@type\":\"BreadcrumbList\",\"@id\":\"https:\/\/www.ludoturris.lt\/produktas\/mediniu-instrumentu-rinkinys\/#breadcrumb\",\"itemListElement\":[{\"@type\":\"ListItem\",\"position\":1,\"name\":\"Home\",\"item\":\"https:\/\/www.ludoturris.lt\/\"},{\"@type\":\"ListItem\",\"position\":2,\"name\":\"Parduotuv\u0117\",\"item\":\"https:\/\/www.ludoturris.lt\/parduotuve\/\"},{\"@type\":\"ListItem\",\"position\":3,\"name\":\"Medini\u0173 instrument\u0173 rinkinys\"}]},{\"@type\":\"WebSite\",\"@id\":\"https:\/\/www.ludoturris.lt\/#website\",\"url\":\"https:\/\/www.ludoturris.lt\/\",\"name\":\"Ludo Turris\",\"description\":\"K\u016brybi\u0161kum\u0105 ir fantazij\u0105 lavinan\u010dios kalad\u0117l\u0117s\",\"publisher\":{\"@id\":\"https:\/\/www.ludoturris.lt\/#organization\"},\"potentialAction\":[{\"@type\":\"SearchAction\",\"target\":{\"@type\":\"EntryPoint\",\"urlTemplate\":\"https:\/\/www.ludoturris.lt\/?s={search_term_string}\"},\"query-input\":\"required name=search_term_string\"}],\"inLanguage\":\"en-GB\"},{\"@type\":\"Organization\",\"@id\":\"https:\/\/www.ludoturris.lt\/#organization\",\"name\":\"Ludo Turris \u2013 Vakar\u0173 gama, UAB\",\"url\":\"https:\/\/www.ludoturris.lt\/\",\"logo\":{\"@type\":\"ImageObject\",\"inLanguage\":\"en-GB\",\"@id\":\"https:\/\/www.ludoturris.lt\/#\/schema\/logo\/image\/\",\"url\":\"https:\/\/www.ludoturris.lt\/wp-content\/uploads\/2020\/10\/logo@2x.png\",\"contentUrl\":\"https:\/\/www.ludoturris.lt\/wp-content\/uploads\/2020\/10\/logo@2x.png\",\"width\":300,\"height\":147,\"caption\":\"Ludo Turris \u2013 Vakar\u0173 gama, UAB\"},\"image\":{\"@id\":\"https:\/\/www.ludoturris.lt\/#\/schema\/logo\/image\/\"},\"sameAs\":[\"https:\/\/www.facebook.com\/Ludo-Turris-621921974895920\/\",\"https:\/\/www.youtube.com\/channel\/UCuBACq67N1NGC9LVudo4ngw\"]}]}<\/script>\n<!-- \/ Yoast SEO plugin. -->","yoast_head_json":{"title":"Medini\u0173 instrument\u0173 rinkinys - Ludo Turris","description":"Medini\u0173 instrument\u0173 rinkinys \u2013 smagus ir lavinantis muzikinis \u017eaislas vaikams. Skatina ritmin\u012f poj\u016bt\u012f, k\u016brybi\u0161kum\u0105 ir muzikin\u012f suvokim\u0105 \u017eaid\u017eiant.","robots":{"index":"index","follow":"follow","max-snippet":"max-snippet:-1","max-image-preview":"max-image-preview:large","max-video-preview":"max-video-preview:-1"},"canonical":"https:\/\/www.ludoturris.lt\/en\/product\/mediniu-instrumentu-rinkinys\/","og_locale":"en_GB","og_type":"article","og_title":"Medini\u0173 instrument\u0173 rinkinys - Ludo Turris","og_description":"Medini\u0173 instrument\u0173 rinkinys \u2013 smagus ir lavinantis muzikinis \u017eaislas vaikams. Skatina ritmin\u012f poj\u016bt\u012f, k\u016brybi\u0161kum\u0105 ir muzikin\u012f suvokim\u0105 \u017eaid\u017eiant.","og_url":"https:\/\/www.ludoturris.lt\/en\/product\/mediniu-instrumentu-rinkinys\/","og_site_name":"Ludo Turris","article_publisher":"https:\/\/www.facebook.com\/Ludo-Turris-621921974895920\/","article_modified_time":"2026-02-10T11:49:54+00:00","og_image":[{"width":537,"height":537,"url":"https:\/\/www.ludoturris.lt\/wp-content\/uploads\/2025\/03\/ESC-W-0243C.png","type":"image\/png"}],"twitter_card":"summary_large_image","twitter_misc":{"Estimated reading time":"1 minute"},"schema":{"@context":"https:\/\/schema.org","@graph":[{"@type":"WebPage","@id":"https:\/\/www.ludoturris.lt\/produktas\/mediniu-instrumentu-rinkinys\/","url":"https:\/\/www.ludoturris.lt\/produktas\/mediniu-instrumentu-rinkinys\/","name":"Medini\u0173 instrument\u0173 rinkinys - Ludo Turris","isPartOf":{"@id":"https:\/\/www.ludoturris.lt\/#website"},"datePublished":"2025-03-12T13:57:58+00:00","dateModified":"2026-02-10T11:49:54+00:00","description":"Medini\u0173 instrument\u0173 rinkinys \u2013 smagus ir lavinantis muzikinis \u017eaislas vaikams. Skatina ritmin\u012f poj\u016bt\u012f, k\u016brybi\u0161kum\u0105 ir muzikin\u012f suvokim\u0105 \u017eaid\u017eiant.","breadcrumb":{"@id":"https:\/\/www.ludoturris.lt\/produktas\/mediniu-instrumentu-rinkinys\/#breadcrumb"},"inLanguage":"en-GB","potentialAction":[{"@type":"ReadAction","target":["https:\/\/www.ludoturris.lt\/produktas\/mediniu-instrumentu-rinkinys\/"]}]},{"@type":"BreadcrumbList","@id":"https:\/\/www.ludoturris.lt\/produktas\/mediniu-instrumentu-rinkinys\/#breadcrumb","itemListElement":[{"@type":"ListItem","position":1,"name":"Home","item":"https:\/\/www.ludoturris.lt\/"},{"@type":"ListItem","position":2,"name":"Parduotuv\u0117","item":"https:\/\/www.ludoturris.lt\/parduotuve\/"},{"@type":"ListItem","position":3,"name":"Medini\u0173 instrument\u0173 rinkinys"}]},{"@type":"WebSite","@id":"https:\/\/www.ludoturris.lt\/#website","url":"https:\/\/www.ludoturris.lt\/","name":"Ludo Turris","description":"K\u016brybi\u0161kum\u0105 ir fantazij\u0105 lavinan\u010dios kalad\u0117l\u0117s","publisher":{"@id":"https:\/\/www.ludoturris.lt\/#organization"},"potentialAction":[{"@type":"SearchAction","target":{"@type":"EntryPoint","urlTemplate":"https:\/\/www.ludoturris.lt\/?s={search_term_string}"},"query-input":"required name=search_term_string"}],"inLanguage":"en-GB"},{"@type":"Organization","@id":"https:\/\/www.ludoturris.lt\/#organization","name":"Ludo Turris \u2013 Vakar\u0173 gama, UAB","url":"https:\/\/www.ludoturris.lt\/","logo":{"@type":"ImageObject","inLanguage":"en-GB","@id":"https:\/\/www.ludoturris.lt\/#\/schema\/logo\/image\/","url":"https:\/\/www.ludoturris.lt\/wp-content\/uploads\/2020\/10\/logo@2x.png","contentUrl":"https:\/\/www.ludoturris.lt\/wp-content\/uploads\/2020\/10\/logo@2x.png","width":300,"height":147,"caption":"Ludo Turris \u2013 Vakar\u0173 gama, UAB"},"image":{"@id":"https:\/\/www.ludoturris.lt\/#\/schema\/logo\/image\/"},"sameAs":["https:\/\/www.facebook.com\/Ludo-Turris-621921974895920\/","https:\/\/www.youtube.com\/channel\/UCuBACq67N1NGC9LVudo4ngw"]}]}},"uagb_featured_image_src":{"full":["https:\/\/www.ludoturris.lt\/wp-content\/uploads\/2025\/03\/ESC-W-0243C.png",537,537,false],"thumbnail":["https:\/\/www.ludoturris.lt\/wp-content\/uploads\/2025\/03\/ESC-W-0243C-150x150.png",150,150,true],"medium":["https:\/\/www.ludoturris.lt\/wp-content\/uploads\/2025\/03\/ESC-W-0243C-300x300.png",300,300,true],"medium_large":["https:\/\/www.ludoturris.lt\/wp-content\/uploads\/2025\/03\/ESC-W-0243C.png",537,537,false],"large":["https:\/\/www.ludoturris.lt\/wp-content\/uploads\/2025\/03\/ESC-W-0243C.png",537,537,false],"1536x1536":["https:\/\/www.ludoturris.lt\/wp-content\/uploads\/2025\/03\/ESC-W-0243C.png",537,537,false],"2048x2048":["https:\/\/www.ludoturris.lt\/wp-content\/uploads\/2025\/03\/ESC-W-0243C.png",537,537,false],"trp-custom-language-flag":["https:\/\/www.ludoturris.lt\/wp-content\/uploads\/2025\/03\/ESC-W-0243C-12x12.png",12,12,true],"woocommerce_thumbnail":["https:\/\/www.ludoturris.lt\/wp-content\/uploads\/2025\/03\/ESC-W-0243C-300x300.png",300,300,true],"woocommerce_single":["https:\/\/www.ludoturris.lt\/wp-content\/uploads\/2025\/03\/ESC-W-0243C.png",537,537,false],"woocommerce_gallery_thumbnail":["https:\/\/www.ludoturris.lt\/wp-content\/uploads\/2025\/03\/ESC-W-0243C-100x100.png",100,100,true],"variation_swatches_image_size":["https:\/\/www.ludoturris.lt\/wp-content\/uploads\/2025\/03\/ESC-W-0243C-50x50.png",50,50,true],"variation_swatches_tooltip_size":["https:\/\/www.ludoturris.lt\/wp-content\/uploads\/2025\/03\/ESC-W-0243C-100x100.png",100,100,true],"dgwt-wcas-product-suggestion":["https:\/\/www.ludoturris.lt\/wp-content\/uploads\/2025\/03\/ESC-W-0243C.png",64,64,false]},"uagb_author_info":{"display_name":"LudoTurris","author_link":"https:\/\/www.ludoturris.lt\/en\/author\/"},"uagb_comment_info":0,"uagb_excerpt":"Rekomenduojamas am\u017eius: nuo 4 met\u0173. Rinkin\u012f sudaro 10 instrument\u0173, dauguma j\u0173 pagaminti i\u0161 med\u017eio. Prietaisai yra: cimbolai, tamburinas su b\u016bgnu, lazdos, kastanjet\u0117s, marakasai, jani\u010d\u0173 varpeliai, trikampis, bar\u0161ku\u010diai, skalbimo lenta. Viskas supakuota \u012f estetin\u0119 kuprin\u0119 su u\u017etrauktuku. \u017daidimas lavina klaus\u0105, ritmo poj\u016bt\u012f, koordinacij\u0105 ir k\u016brybi\u0161kum\u0105. Puikiai tinka muzikiniams \u017eaidimams namuose, dar\u017eelyje ar ugdymo erdv\u0117se.","_links":{"self":[{"href":"https:\/\/www.ludoturris.lt\/en\/wp-json\/wp\/v2\/product\/4636"}],"collection":[{"href":"https:\/\/www.ludoturris.lt\/en\/wp-json\/wp\/v2\/product"}],"about":[{"href":"https:\/\/www.ludoturris.lt\/en\/wp-json\/wp\/v2\/types\/product"}],"wp:featuredmedia":[{"embeddable":true,"href":"https:\/\/www.ludoturris.lt\/en\/wp-json\/wp\/v2\/media\/4637"}],"wp:attachment":[{"href":"https:\/\/www.ludoturris.lt\/en\/wp-json\/wp\/v2\/media?parent=4636"}],"wp:term":[{"taxonomy":"product_cat","embeddable":true,"href":"https:\/\/www.ludoturris.lt\/en\/wp-json\/wp\/v2\/product_cat?post=4636"},{"taxonomy":"product_tag","embeddable":true,"href":"https:\/\/www.ludoturris.lt\/en\/wp-json\/wp\/v2\/product_tag?post=4636"}],"curies":[{"name":"wp","href":"https:\/\/api.w.org\/{rel}","templated":true}]}}