{"id":4612,"date":"2025-03-12T04:16:26","date_gmt":"2025-03-12T06:16:26","guid":{"rendered":"https:\/\/www.ludoturris.lt\/?post_type=product&#038;p=4612"},"modified":"2026-02-07T06:46:47","modified_gmt":"2026-02-07T08:46:47","slug":"medinis-stalo-futbolas","status":"publish","type":"product","link":"https:\/\/www.ludoturris.lt\/en\/product\/medinis-stalo-futbolas\/","title":{"rendered":"Medinis mini stalo futbolas"},"content":{"rendered":"<p>Rekomenduojamas am\u017eius: nuo 3 met\u0173.  Medinis mini stalo futbolas \u2013 puiki pramoga dviems \u017eaid\u0117jams. Medin\u0117 aik\u0161tel\u0117 ir neslid\u017eios rankenos u\u017etikrina stabilum\u0105 \u017eaidimo metu. \u017daidimo aik\u0161tel\u0117je yra vartai su ta\u0161k\u0173 skaitikliais, kurie leid\u017eia sekti rezultatus ir var\u017eytis, taip pat yra du kamuoliukai. Matmenys 50,5&#215;30,5&#215;9,5cm. \u017daidimas lavina reakcij\u0105, rank\u0173\u2013aki\u0173 koordinacij\u0105 ir strategin\u012f m\u0105stym\u0105. D\u0117l nedidelio dyd\u017eio puikiai tinka namams, kelion\u0117ms ar dovanai.<\/p>","protected":false},"excerpt":{"rendered":"<p>Rekomenduojamas am\u017eius: nuo 3 met\u0173. Medinis mini stalo futbolas \u2013 puiki pramoga dviems \u017eaid\u0117jams. Medin\u0117 aik\u0161tel\u0117 ir neslid\u017eios rankenos u\u017etikrina stabilum\u0105 \u017eaidimo metu. \u017daidimo aik\u0161tel\u0117je yra vartai su ta\u0161k\u0173 skaitikliais, kurie leid\u017eia sekti rezultatus ir var\u017eytis, taip pat yra du kamuoliukai. Matmenys 50,5&#215;30,5&#215;9,5cm. \u017daidimas lavina reakcij\u0105, rank\u0173\u2013aki\u0173 koordinacij\u0105 ir strategin\u012f m\u0105stym\u0105. D\u0117l nedidelio dyd\u017eio puikiai &hellip;<\/p>\n<p class=\"read-more\"> <a class=\"\" href=\"https:\/\/www.ludoturris.lt\/en\/product\/medinis-stalo-futbolas\/\"> <span class=\"screen-reader-text\">Medinis mini stalo futbolas<\/span> Read More &raquo;<\/a><\/p>","protected":false},"featured_media":4613,"template":"","meta":{"_uag_custom_page_level_css":"","_themeisle_gutenberg_block_has_review":false},"product_cat":[69,96],"product_tag":[],"yoast_head":"<!-- This site is optimized with the Yoast SEO plugin v21.1 - https:\/\/yoast.com\/wordpress\/plugins\/seo\/ -->\n<title>Medinis mini stalo futbolas - Ludo Turris<\/title>\n<meta name=\"description\" content=\"Medinis stalo futbolas klasikinis ir smagus \u017eaidimas visai \u0161eimai. Lavina reakcij\u0105, strategin\u012f m\u0105stym\u0105 ir suteikia azarti\u0161k\u0173 akimirk\u0173 var\u017eantis su draugais.\" \/>\n<meta name=\"robots\" content=\"index, follow, max-snippet:-1, max-image-preview:large, max-video-preview:-1\" \/>\n<link rel=\"canonical\" href=\"https:\/\/www.ludoturris.lt\/en\/product\/medinis-stalo-futbolas\/\" \/>\n<meta property=\"og:locale\" content=\"en_GB\" \/>\n<meta property=\"og:type\" content=\"article\" \/>\n<meta property=\"og:title\" content=\"Medinis mini stalo futbolas - Ludo Turris\" \/>\n<meta property=\"og:description\" content=\"Medinis stalo futbolas klasikinis ir smagus \u017eaidimas visai \u0161eimai. Lavina reakcij\u0105, strategin\u012f m\u0105stym\u0105 ir suteikia azarti\u0161k\u0173 akimirk\u0173 var\u017eantis su draugais.\" \/>\n<meta property=\"og:url\" content=\"https:\/\/www.ludoturris.lt\/en\/product\/medinis-stalo-futbolas\/\" \/>\n<meta property=\"og:site_name\" content=\"Ludo Turris\" \/>\n<meta property=\"article:publisher\" content=\"https:\/\/www.facebook.com\/Ludo-Turris-621921974895920\/\" \/>\n<meta property=\"article:modified_time\" content=\"2026-02-07T08:46:47+00:00\" \/>\n<meta property=\"og:image\" content=\"https:\/\/www.ludoturris.lt\/wp-content\/uploads\/2025\/03\/HC121402.png\" \/>\n\t<meta property=\"og:image:width\" content=\"537\" \/>\n\t<meta property=\"og:image:height\" content=\"537\" \/>\n\t<meta property=\"og:image:type\" content=\"image\/png\" \/>\n<meta name=\"twitter:card\" content=\"summary_large_image\" \/>\n<meta name=\"twitter:label1\" content=\"Estimated reading time\" \/>\n\t<meta name=\"twitter:data1\" content=\"1 minute\" \/>\n<script type=\"application\/ld+json\" class=\"yoast-schema-graph\">{\"@context\":\"https:\/\/schema.org\",\"@graph\":[{\"@type\":\"WebPage\",\"@id\":\"https:\/\/www.ludoturris.lt\/produktas\/medinis-stalo-futbolas\/\",\"url\":\"https:\/\/www.ludoturris.lt\/produktas\/medinis-stalo-futbolas\/\",\"name\":\"Medinis mini stalo futbolas - Ludo Turris\",\"isPartOf\":{\"@id\":\"https:\/\/www.ludoturris.lt\/#website\"},\"datePublished\":\"2025-03-12T06:16:26+00:00\",\"dateModified\":\"2026-02-07T08:46:47+00:00\",\"description\":\"Medinis stalo futbolas klasikinis ir smagus \u017eaidimas visai \u0161eimai. Lavina reakcij\u0105, strategin\u012f m\u0105stym\u0105 ir suteikia azarti\u0161k\u0173 akimirk\u0173 var\u017eantis su draugais.\",\"breadcrumb\":{\"@id\":\"https:\/\/www.ludoturris.lt\/produktas\/medinis-stalo-futbolas\/#breadcrumb\"},\"inLanguage\":\"en-GB\",\"potentialAction\":[{\"@type\":\"ReadAction\",\"target\":[\"https:\/\/www.ludoturris.lt\/produktas\/medinis-stalo-futbolas\/\"]}]},{\"@type\":\"BreadcrumbList\",\"@id\":\"https:\/\/www.ludoturris.lt\/produktas\/medinis-stalo-futbolas\/#breadcrumb\",\"itemListElement\":[{\"@type\":\"ListItem\",\"position\":1,\"name\":\"Home\",\"item\":\"https:\/\/www.ludoturris.lt\/\"},{\"@type\":\"ListItem\",\"position\":2,\"name\":\"Parduotuv\u0117\",\"item\":\"https:\/\/www.ludoturris.lt\/parduotuve\/\"},{\"@type\":\"ListItem\",\"position\":3,\"name\":\"Medinis mini stalo futbolas\"}]},{\"@type\":\"WebSite\",\"@id\":\"https:\/\/www.ludoturris.lt\/#website\",\"url\":\"https:\/\/www.ludoturris.lt\/\",\"name\":\"Ludo Turris\",\"description\":\"K\u016brybi\u0161kum\u0105 ir fantazij\u0105 lavinan\u010dios kalad\u0117l\u0117s\",\"publisher\":{\"@id\":\"https:\/\/www.ludoturris.lt\/#organization\"},\"potentialAction\":[{\"@type\":\"SearchAction\",\"target\":{\"@type\":\"EntryPoint\",\"urlTemplate\":\"https:\/\/www.ludoturris.lt\/?s={search_term_string}\"},\"query-input\":\"required name=search_term_string\"}],\"inLanguage\":\"en-GB\"},{\"@type\":\"Organization\",\"@id\":\"https:\/\/www.ludoturris.lt\/#organization\",\"name\":\"Ludo Turris \u2013 Vakar\u0173 gama, UAB\",\"url\":\"https:\/\/www.ludoturris.lt\/\",\"logo\":{\"@type\":\"ImageObject\",\"inLanguage\":\"en-GB\",\"@id\":\"https:\/\/www.ludoturris.lt\/#\/schema\/logo\/image\/\",\"url\":\"https:\/\/www.ludoturris.lt\/wp-content\/uploads\/2020\/10\/logo@2x.png\",\"contentUrl\":\"https:\/\/www.ludoturris.lt\/wp-content\/uploads\/2020\/10\/logo@2x.png\",\"width\":300,\"height\":147,\"caption\":\"Ludo Turris \u2013 Vakar\u0173 gama, UAB\"},\"image\":{\"@id\":\"https:\/\/www.ludoturris.lt\/#\/schema\/logo\/image\/\"},\"sameAs\":[\"https:\/\/www.facebook.com\/Ludo-Turris-621921974895920\/\",\"https:\/\/www.youtube.com\/channel\/UCuBACq67N1NGC9LVudo4ngw\"]}]}<\/script>\n<!-- \/ Yoast SEO plugin. -->","yoast_head_json":{"title":"Medinis mini stalo futbolas - Ludo Turris","description":"Medinis stalo futbolas klasikinis ir smagus \u017eaidimas visai \u0161eimai. Lavina reakcij\u0105, strategin\u012f m\u0105stym\u0105 ir suteikia azarti\u0161k\u0173 akimirk\u0173 var\u017eantis su draugais.","robots":{"index":"index","follow":"follow","max-snippet":"max-snippet:-1","max-image-preview":"max-image-preview:large","max-video-preview":"max-video-preview:-1"},"canonical":"https:\/\/www.ludoturris.lt\/en\/product\/medinis-stalo-futbolas\/","og_locale":"en_GB","og_type":"article","og_title":"Medinis mini stalo futbolas - Ludo Turris","og_description":"Medinis stalo futbolas klasikinis ir smagus \u017eaidimas visai \u0161eimai. Lavina reakcij\u0105, strategin\u012f m\u0105stym\u0105 ir suteikia azarti\u0161k\u0173 akimirk\u0173 var\u017eantis su draugais.","og_url":"https:\/\/www.ludoturris.lt\/en\/product\/medinis-stalo-futbolas\/","og_site_name":"Ludo Turris","article_publisher":"https:\/\/www.facebook.com\/Ludo-Turris-621921974895920\/","article_modified_time":"2026-02-07T08:46:47+00:00","og_image":[{"width":537,"height":537,"url":"https:\/\/www.ludoturris.lt\/wp-content\/uploads\/2025\/03\/HC121402.png","type":"image\/png"}],"twitter_card":"summary_large_image","twitter_misc":{"Estimated reading time":"1 minute"},"schema":{"@context":"https:\/\/schema.org","@graph":[{"@type":"WebPage","@id":"https:\/\/www.ludoturris.lt\/produktas\/medinis-stalo-futbolas\/","url":"https:\/\/www.ludoturris.lt\/produktas\/medinis-stalo-futbolas\/","name":"Medinis mini stalo futbolas - Ludo Turris","isPartOf":{"@id":"https:\/\/www.ludoturris.lt\/#website"},"datePublished":"2025-03-12T06:16:26+00:00","dateModified":"2026-02-07T08:46:47+00:00","description":"Medinis stalo futbolas klasikinis ir smagus \u017eaidimas visai \u0161eimai. Lavina reakcij\u0105, strategin\u012f m\u0105stym\u0105 ir suteikia azarti\u0161k\u0173 akimirk\u0173 var\u017eantis su draugais.","breadcrumb":{"@id":"https:\/\/www.ludoturris.lt\/produktas\/medinis-stalo-futbolas\/#breadcrumb"},"inLanguage":"en-GB","potentialAction":[{"@type":"ReadAction","target":["https:\/\/www.ludoturris.lt\/produktas\/medinis-stalo-futbolas\/"]}]},{"@type":"BreadcrumbList","@id":"https:\/\/www.ludoturris.lt\/produktas\/medinis-stalo-futbolas\/#breadcrumb","itemListElement":[{"@type":"ListItem","position":1,"name":"Home","item":"https:\/\/www.ludoturris.lt\/"},{"@type":"ListItem","position":2,"name":"Parduotuv\u0117","item":"https:\/\/www.ludoturris.lt\/parduotuve\/"},{"@type":"ListItem","position":3,"name":"Medinis mini stalo futbolas"}]},{"@type":"WebSite","@id":"https:\/\/www.ludoturris.lt\/#website","url":"https:\/\/www.ludoturris.lt\/","name":"Ludo Turris","description":"K\u016brybi\u0161kum\u0105 ir fantazij\u0105 lavinan\u010dios kalad\u0117l\u0117s","publisher":{"@id":"https:\/\/www.ludoturris.lt\/#organization"},"potentialAction":[{"@type":"SearchAction","target":{"@type":"EntryPoint","urlTemplate":"https:\/\/www.ludoturris.lt\/?s={search_term_string}"},"query-input":"required name=search_term_string"}],"inLanguage":"en-GB"},{"@type":"Organization","@id":"https:\/\/www.ludoturris.lt\/#organization","name":"Ludo Turris \u2013 Vakar\u0173 gama, UAB","url":"https:\/\/www.ludoturris.lt\/","logo":{"@type":"ImageObject","inLanguage":"en-GB","@id":"https:\/\/www.ludoturris.lt\/#\/schema\/logo\/image\/","url":"https:\/\/www.ludoturris.lt\/wp-content\/uploads\/2020\/10\/logo@2x.png","contentUrl":"https:\/\/www.ludoturris.lt\/wp-content\/uploads\/2020\/10\/logo@2x.png","width":300,"height":147,"caption":"Ludo Turris \u2013 Vakar\u0173 gama, UAB"},"image":{"@id":"https:\/\/www.ludoturris.lt\/#\/schema\/logo\/image\/"},"sameAs":["https:\/\/www.facebook.com\/Ludo-Turris-621921974895920\/","https:\/\/www.youtube.com\/channel\/UCuBACq67N1NGC9LVudo4ngw"]}]}},"uagb_featured_image_src":{"full":["https:\/\/www.ludoturris.lt\/wp-content\/uploads\/2025\/03\/HC121402.png",537,537,false],"thumbnail":["https:\/\/www.ludoturris.lt\/wp-content\/uploads\/2025\/03\/HC121402-150x150.png",150,150,true],"medium":["https:\/\/www.ludoturris.lt\/wp-content\/uploads\/2025\/03\/HC121402-300x300.png",300,300,true],"medium_large":["https:\/\/www.ludoturris.lt\/wp-content\/uploads\/2025\/03\/HC121402.png",537,537,false],"large":["https:\/\/www.ludoturris.lt\/wp-content\/uploads\/2025\/03\/HC121402.png",537,537,false],"1536x1536":["https:\/\/www.ludoturris.lt\/wp-content\/uploads\/2025\/03\/HC121402.png",537,537,false],"2048x2048":["https:\/\/www.ludoturris.lt\/wp-content\/uploads\/2025\/03\/HC121402.png",537,537,false],"trp-custom-language-flag":["https:\/\/www.ludoturris.lt\/wp-content\/uploads\/2025\/03\/HC121402-12x12.png",12,12,true],"woocommerce_thumbnail":["https:\/\/www.ludoturris.lt\/wp-content\/uploads\/2025\/03\/HC121402-300x300.png",300,300,true],"woocommerce_single":["https:\/\/www.ludoturris.lt\/wp-content\/uploads\/2025\/03\/HC121402.png",537,537,false],"woocommerce_gallery_thumbnail":["https:\/\/www.ludoturris.lt\/wp-content\/uploads\/2025\/03\/HC121402-100x100.png",100,100,true],"variation_swatches_image_size":["https:\/\/www.ludoturris.lt\/wp-content\/uploads\/2025\/03\/HC121402-50x50.png",50,50,true],"variation_swatches_tooltip_size":["https:\/\/www.ludoturris.lt\/wp-content\/uploads\/2025\/03\/HC121402-100x100.png",100,100,true],"dgwt-wcas-product-suggestion":["https:\/\/www.ludoturris.lt\/wp-content\/uploads\/2025\/03\/HC121402.png",64,64,false]},"uagb_author_info":{"display_name":"LudoTurris","author_link":"https:\/\/www.ludoturris.lt\/en\/author\/"},"uagb_comment_info":0,"uagb_excerpt":"Rekomenduojamas am\u017eius: nuo 3 met\u0173. Medinis mini stalo futbolas \u2013 puiki pramoga dviems \u017eaid\u0117jams. Medin\u0117 aik\u0161tel\u0117 ir neslid\u017eios rankenos u\u017etikrina stabilum\u0105 \u017eaidimo metu. \u017daidimo aik\u0161tel\u0117je yra vartai su ta\u0161k\u0173 skaitikliais, kurie leid\u017eia sekti rezultatus ir var\u017eytis, taip pat yra du kamuoliukai. Matmenys 50,5&#215;30,5&#215;9,5cm. \u017daidimas lavina reakcij\u0105, rank\u0173\u2013aki\u0173 koordinacij\u0105 ir strategin\u012f m\u0105stym\u0105. D\u0117l nedidelio dyd\u017eio puikiai&hellip;","_links":{"self":[{"href":"https:\/\/www.ludoturris.lt\/en\/wp-json\/wp\/v2\/product\/4612"}],"collection":[{"href":"https:\/\/www.ludoturris.lt\/en\/wp-json\/wp\/v2\/product"}],"about":[{"href":"https:\/\/www.ludoturris.lt\/en\/wp-json\/wp\/v2\/types\/product"}],"wp:featuredmedia":[{"embeddable":true,"href":"https:\/\/www.ludoturris.lt\/en\/wp-json\/wp\/v2\/media\/4613"}],"wp:attachment":[{"href":"https:\/\/www.ludoturris.lt\/en\/wp-json\/wp\/v2\/media?parent=4612"}],"wp:term":[{"taxonomy":"product_cat","embeddable":true,"href":"https:\/\/www.ludoturris.lt\/en\/wp-json\/wp\/v2\/product_cat?post=4612"},{"taxonomy":"product_tag","embeddable":true,"href":"https:\/\/www.ludoturris.lt\/en\/wp-json\/wp\/v2\/product_tag?post=4612"}],"curies":[{"name":"wp","href":"https:\/\/api.w.org\/{rel}","templated":true}]}}