{"id":4601,"date":"2025-03-11T14:36:09","date_gmt":"2025-03-11T16:36:09","guid":{"rendered":"https:\/\/www.ludoturris.lt\/?post_type=product&#038;p=4601"},"modified":"2026-02-07T07:28:08","modified_gmt":"2026-02-07T09:28:08","slug":"palapine-vigvamas","status":"publish","type":"product","link":"https:\/\/www.ludoturris.lt\/en\/product\/palapine-vigvamas\/","title":{"rendered":"Palapin\u0117 &#8220;Vigvamas&#8221;"},"content":{"rendered":"<p>Rekomenduojamas am\u017eius: nuo 3 met\u0173. Antgalis pagamintas i\u0161 poliesterio med\u017eiagos. Palapin\u0119 galima pasistatyti ir name, ir sode. Palapin\u0117s karkasas pagamintas i\u0161 med\u017eio. Manoma, kad tipi ra\u0161tai primena amerikos ind\u0117ni\u0161k\u0105 stili\u0173. \u012e\u0117jimas turi dvi u\u017euolaidas ir palapin\u0117s \u0161onin\u0117je sienel\u0117je yra ma\u017eas langelis . Produktas skirtas savaranki\u0161kam surinkimui. Puikiai tiks kaip nusiraminimo priemon\u0117 ma\u017eiesiems.<\/p>","protected":false},"excerpt":{"rendered":"<p>Rekomenduojamas am\u017eius: nuo 3 met\u0173. Antgalis pagamintas i\u0161 poliesterio med\u017eiagos. Palapin\u0119 galima pasistatyti ir name, ir sode. Palapin\u0117s karkasas pagamintas i\u0161 med\u017eio. Manoma, kad tipi ra\u0161tai primena amerikos ind\u0117ni\u0161k\u0105 stili\u0173. \u012e\u0117jimas turi dvi u\u017euolaidas ir palapin\u0117s \u0161onin\u0117je sienel\u0117je yra ma\u017eas langelis . Produktas skirtas savaranki\u0161kam surinkimui. Puikiai tiks kaip nusiraminimo priemon\u0117 ma\u017eiesiems.<\/p>","protected":false},"featured_media":4602,"template":"","meta":{"_uag_custom_page_level_css":"","_themeisle_gutenberg_block_has_review":false},"product_cat":[69,93],"product_tag":[],"yoast_head":"<!-- This site is optimized with the Yoast SEO plugin v21.1 - https:\/\/yoast.com\/wordpress\/plugins\/seo\/ -->\n<title>Palapin\u0117 &quot;Vigvamas&quot; - Ludo Turris<\/title>\n<meta name=\"description\" content=\"Vaiki\u0161kas vigvamas \u2013 jauki ir \u017eaisminga sl\u0117ptuv\u0117 ma\u017eiesiems. Skatina vaizduot\u0119, suteikia komforti\u0161k\u0105 erdv\u0119 \u017eaidimams, poilsiui ar skaitymui.\" \/>\n<meta name=\"robots\" content=\"index, follow, max-snippet:-1, max-image-preview:large, max-video-preview:-1\" \/>\n<link rel=\"canonical\" href=\"https:\/\/www.ludoturris.lt\/en\/product\/palapine-vigvamas\/\" \/>\n<meta property=\"og:locale\" content=\"en_GB\" \/>\n<meta property=\"og:type\" content=\"article\" \/>\n<meta property=\"og:title\" content=\"Palapin\u0117 &quot;Vigvamas&quot; - Ludo Turris\" \/>\n<meta property=\"og:description\" content=\"Vaiki\u0161kas vigvamas \u2013 jauki ir \u017eaisminga sl\u0117ptuv\u0117 ma\u017eiesiems. Skatina vaizduot\u0119, suteikia komforti\u0161k\u0105 erdv\u0119 \u017eaidimams, poilsiui ar skaitymui.\" \/>\n<meta property=\"og:url\" content=\"https:\/\/www.ludoturris.lt\/en\/product\/palapine-vigvamas\/\" \/>\n<meta property=\"og:site_name\" content=\"Ludo Turris\" \/>\n<meta property=\"article:publisher\" content=\"https:\/\/www.facebook.com\/Ludo-Turris-621921974895920\/\" \/>\n<meta property=\"article:modified_time\" content=\"2026-02-07T09:28:08+00:00\" \/>\n<meta property=\"og:image\" content=\"https:\/\/www.ludoturris.lt\/wp-content\/uploads\/2025\/03\/8177.png\" \/>\n\t<meta property=\"og:image:width\" content=\"537\" \/>\n\t<meta property=\"og:image:height\" content=\"537\" \/>\n\t<meta property=\"og:image:type\" content=\"image\/png\" \/>\n<meta name=\"twitter:card\" content=\"summary_large_image\" \/>\n<meta name=\"twitter:label1\" content=\"Estimated reading time\" \/>\n\t<meta name=\"twitter:data1\" content=\"1 minute\" \/>\n<script type=\"application\/ld+json\" class=\"yoast-schema-graph\">{\"@context\":\"https:\/\/schema.org\",\"@graph\":[{\"@type\":\"WebPage\",\"@id\":\"https:\/\/www.ludoturris.lt\/produktas\/palapine-vigvamas\/\",\"url\":\"https:\/\/www.ludoturris.lt\/produktas\/palapine-vigvamas\/\",\"name\":\"Palapin\u0117 \\\"Vigvamas\\\" - Ludo Turris\",\"isPartOf\":{\"@id\":\"https:\/\/www.ludoturris.lt\/#website\"},\"datePublished\":\"2025-03-11T16:36:09+00:00\",\"dateModified\":\"2026-02-07T09:28:08+00:00\",\"description\":\"Vaiki\u0161kas vigvamas \u2013 jauki ir \u017eaisminga sl\u0117ptuv\u0117 ma\u017eiesiems. Skatina vaizduot\u0119, suteikia komforti\u0161k\u0105 erdv\u0119 \u017eaidimams, poilsiui ar skaitymui.\",\"breadcrumb\":{\"@id\":\"https:\/\/www.ludoturris.lt\/produktas\/palapine-vigvamas\/#breadcrumb\"},\"inLanguage\":\"en-GB\",\"potentialAction\":[{\"@type\":\"ReadAction\",\"target\":[\"https:\/\/www.ludoturris.lt\/produktas\/palapine-vigvamas\/\"]}]},{\"@type\":\"BreadcrumbList\",\"@id\":\"https:\/\/www.ludoturris.lt\/produktas\/palapine-vigvamas\/#breadcrumb\",\"itemListElement\":[{\"@type\":\"ListItem\",\"position\":1,\"name\":\"Home\",\"item\":\"https:\/\/www.ludoturris.lt\/\"},{\"@type\":\"ListItem\",\"position\":2,\"name\":\"Parduotuv\u0117\",\"item\":\"https:\/\/www.ludoturris.lt\/parduotuve\/\"},{\"@type\":\"ListItem\",\"position\":3,\"name\":\"Palapin\u0117 &#8220;Vigvamas&#8221;\"}]},{\"@type\":\"WebSite\",\"@id\":\"https:\/\/www.ludoturris.lt\/#website\",\"url\":\"https:\/\/www.ludoturris.lt\/\",\"name\":\"Ludo Turris\",\"description\":\"K\u016brybi\u0161kum\u0105 ir fantazij\u0105 lavinan\u010dios kalad\u0117l\u0117s\",\"publisher\":{\"@id\":\"https:\/\/www.ludoturris.lt\/#organization\"},\"potentialAction\":[{\"@type\":\"SearchAction\",\"target\":{\"@type\":\"EntryPoint\",\"urlTemplate\":\"https:\/\/www.ludoturris.lt\/?s={search_term_string}\"},\"query-input\":\"required name=search_term_string\"}],\"inLanguage\":\"en-GB\"},{\"@type\":\"Organization\",\"@id\":\"https:\/\/www.ludoturris.lt\/#organization\",\"name\":\"Ludo Turris \u2013 Vakar\u0173 gama, UAB\",\"url\":\"https:\/\/www.ludoturris.lt\/\",\"logo\":{\"@type\":\"ImageObject\",\"inLanguage\":\"en-GB\",\"@id\":\"https:\/\/www.ludoturris.lt\/#\/schema\/logo\/image\/\",\"url\":\"https:\/\/www.ludoturris.lt\/wp-content\/uploads\/2020\/10\/logo@2x.png\",\"contentUrl\":\"https:\/\/www.ludoturris.lt\/wp-content\/uploads\/2020\/10\/logo@2x.png\",\"width\":300,\"height\":147,\"caption\":\"Ludo Turris \u2013 Vakar\u0173 gama, UAB\"},\"image\":{\"@id\":\"https:\/\/www.ludoturris.lt\/#\/schema\/logo\/image\/\"},\"sameAs\":[\"https:\/\/www.facebook.com\/Ludo-Turris-621921974895920\/\",\"https:\/\/www.youtube.com\/channel\/UCuBACq67N1NGC9LVudo4ngw\"]}]}<\/script>\n<!-- \/ Yoast SEO plugin. -->","yoast_head_json":{"title":"Palapin\u0117 \"Vigvamas\" - Ludo Turris","description":"Vaiki\u0161kas vigvamas \u2013 jauki ir \u017eaisminga sl\u0117ptuv\u0117 ma\u017eiesiems. Skatina vaizduot\u0119, suteikia komforti\u0161k\u0105 erdv\u0119 \u017eaidimams, poilsiui ar skaitymui.","robots":{"index":"index","follow":"follow","max-snippet":"max-snippet:-1","max-image-preview":"max-image-preview:large","max-video-preview":"max-video-preview:-1"},"canonical":"https:\/\/www.ludoturris.lt\/en\/product\/palapine-vigvamas\/","og_locale":"en_GB","og_type":"article","og_title":"Palapin\u0117 \"Vigvamas\" - Ludo Turris","og_description":"Vaiki\u0161kas vigvamas \u2013 jauki ir \u017eaisminga sl\u0117ptuv\u0117 ma\u017eiesiems. Skatina vaizduot\u0119, suteikia komforti\u0161k\u0105 erdv\u0119 \u017eaidimams, poilsiui ar skaitymui.","og_url":"https:\/\/www.ludoturris.lt\/en\/product\/palapine-vigvamas\/","og_site_name":"Ludo Turris","article_publisher":"https:\/\/www.facebook.com\/Ludo-Turris-621921974895920\/","article_modified_time":"2026-02-07T09:28:08+00:00","og_image":[{"width":537,"height":537,"url":"https:\/\/www.ludoturris.lt\/wp-content\/uploads\/2025\/03\/8177.png","type":"image\/png"}],"twitter_card":"summary_large_image","twitter_misc":{"Estimated reading time":"1 minute"},"schema":{"@context":"https:\/\/schema.org","@graph":[{"@type":"WebPage","@id":"https:\/\/www.ludoturris.lt\/produktas\/palapine-vigvamas\/","url":"https:\/\/www.ludoturris.lt\/produktas\/palapine-vigvamas\/","name":"Palapin\u0117 \"Vigvamas\" - Ludo Turris","isPartOf":{"@id":"https:\/\/www.ludoturris.lt\/#website"},"datePublished":"2025-03-11T16:36:09+00:00","dateModified":"2026-02-07T09:28:08+00:00","description":"Vaiki\u0161kas vigvamas \u2013 jauki ir \u017eaisminga sl\u0117ptuv\u0117 ma\u017eiesiems. Skatina vaizduot\u0119, suteikia komforti\u0161k\u0105 erdv\u0119 \u017eaidimams, poilsiui ar skaitymui.","breadcrumb":{"@id":"https:\/\/www.ludoturris.lt\/produktas\/palapine-vigvamas\/#breadcrumb"},"inLanguage":"en-GB","potentialAction":[{"@type":"ReadAction","target":["https:\/\/www.ludoturris.lt\/produktas\/palapine-vigvamas\/"]}]},{"@type":"BreadcrumbList","@id":"https:\/\/www.ludoturris.lt\/produktas\/palapine-vigvamas\/#breadcrumb","itemListElement":[{"@type":"ListItem","position":1,"name":"Home","item":"https:\/\/www.ludoturris.lt\/"},{"@type":"ListItem","position":2,"name":"Parduotuv\u0117","item":"https:\/\/www.ludoturris.lt\/parduotuve\/"},{"@type":"ListItem","position":3,"name":"Palapin\u0117 &#8220;Vigvamas&#8221;"}]},{"@type":"WebSite","@id":"https:\/\/www.ludoturris.lt\/#website","url":"https:\/\/www.ludoturris.lt\/","name":"Ludo Turris","description":"K\u016brybi\u0161kum\u0105 ir fantazij\u0105 lavinan\u010dios kalad\u0117l\u0117s","publisher":{"@id":"https:\/\/www.ludoturris.lt\/#organization"},"potentialAction":[{"@type":"SearchAction","target":{"@type":"EntryPoint","urlTemplate":"https:\/\/www.ludoturris.lt\/?s={search_term_string}"},"query-input":"required name=search_term_string"}],"inLanguage":"en-GB"},{"@type":"Organization","@id":"https:\/\/www.ludoturris.lt\/#organization","name":"Ludo Turris \u2013 Vakar\u0173 gama, UAB","url":"https:\/\/www.ludoturris.lt\/","logo":{"@type":"ImageObject","inLanguage":"en-GB","@id":"https:\/\/www.ludoturris.lt\/#\/schema\/logo\/image\/","url":"https:\/\/www.ludoturris.lt\/wp-content\/uploads\/2020\/10\/logo@2x.png","contentUrl":"https:\/\/www.ludoturris.lt\/wp-content\/uploads\/2020\/10\/logo@2x.png","width":300,"height":147,"caption":"Ludo Turris \u2013 Vakar\u0173 gama, UAB"},"image":{"@id":"https:\/\/www.ludoturris.lt\/#\/schema\/logo\/image\/"},"sameAs":["https:\/\/www.facebook.com\/Ludo-Turris-621921974895920\/","https:\/\/www.youtube.com\/channel\/UCuBACq67N1NGC9LVudo4ngw"]}]}},"uagb_featured_image_src":{"full":["https:\/\/www.ludoturris.lt\/wp-content\/uploads\/2025\/03\/8177.png",537,537,false],"thumbnail":["https:\/\/www.ludoturris.lt\/wp-content\/uploads\/2025\/03\/8177-150x150.png",150,150,true],"medium":["https:\/\/www.ludoturris.lt\/wp-content\/uploads\/2025\/03\/8177-300x300.png",300,300,true],"medium_large":["https:\/\/www.ludoturris.lt\/wp-content\/uploads\/2025\/03\/8177.png",537,537,false],"large":["https:\/\/www.ludoturris.lt\/wp-content\/uploads\/2025\/03\/8177.png",537,537,false],"1536x1536":["https:\/\/www.ludoturris.lt\/wp-content\/uploads\/2025\/03\/8177.png",537,537,false],"2048x2048":["https:\/\/www.ludoturris.lt\/wp-content\/uploads\/2025\/03\/8177.png",537,537,false],"trp-custom-language-flag":["https:\/\/www.ludoturris.lt\/wp-content\/uploads\/2025\/03\/8177-12x12.png",12,12,true],"woocommerce_thumbnail":["https:\/\/www.ludoturris.lt\/wp-content\/uploads\/2025\/03\/8177-300x300.png",300,300,true],"woocommerce_single":["https:\/\/www.ludoturris.lt\/wp-content\/uploads\/2025\/03\/8177.png",537,537,false],"woocommerce_gallery_thumbnail":["https:\/\/www.ludoturris.lt\/wp-content\/uploads\/2025\/03\/8177-100x100.png",100,100,true],"variation_swatches_image_size":["https:\/\/www.ludoturris.lt\/wp-content\/uploads\/2025\/03\/8177-50x50.png",50,50,true],"variation_swatches_tooltip_size":["https:\/\/www.ludoturris.lt\/wp-content\/uploads\/2025\/03\/8177-100x100.png",100,100,true],"dgwt-wcas-product-suggestion":["https:\/\/www.ludoturris.lt\/wp-content\/uploads\/2025\/03\/8177.png",64,64,false]},"uagb_author_info":{"display_name":"LudoTurris","author_link":"https:\/\/www.ludoturris.lt\/en\/author\/"},"uagb_comment_info":0,"uagb_excerpt":"Rekomenduojamas am\u017eius: nuo 3 met\u0173. Antgalis pagamintas i\u0161 poliesterio med\u017eiagos. Palapin\u0119 galima pasistatyti ir name, ir sode. Palapin\u0117s karkasas pagamintas i\u0161 med\u017eio. Manoma, kad tipi ra\u0161tai primena amerikos ind\u0117ni\u0161k\u0105 stili\u0173. \u012e\u0117jimas turi dvi u\u017euolaidas ir palapin\u0117s \u0161onin\u0117je sienel\u0117je yra ma\u017eas langelis . Produktas skirtas savaranki\u0161kam surinkimui. Puikiai tiks kaip nusiraminimo priemon\u0117 ma\u017eiesiems.","_links":{"self":[{"href":"https:\/\/www.ludoturris.lt\/en\/wp-json\/wp\/v2\/product\/4601"}],"collection":[{"href":"https:\/\/www.ludoturris.lt\/en\/wp-json\/wp\/v2\/product"}],"about":[{"href":"https:\/\/www.ludoturris.lt\/en\/wp-json\/wp\/v2\/types\/product"}],"wp:featuredmedia":[{"embeddable":true,"href":"https:\/\/www.ludoturris.lt\/en\/wp-json\/wp\/v2\/media\/4602"}],"wp:attachment":[{"href":"https:\/\/www.ludoturris.lt\/en\/wp-json\/wp\/v2\/media?parent=4601"}],"wp:term":[{"taxonomy":"product_cat","embeddable":true,"href":"https:\/\/www.ludoturris.lt\/en\/wp-json\/wp\/v2\/product_cat?post=4601"},{"taxonomy":"product_tag","embeddable":true,"href":"https:\/\/www.ludoturris.lt\/en\/wp-json\/wp\/v2\/product_tag?post=4601"}],"curies":[{"name":"wp","href":"https:\/\/api.w.org\/{rel}","templated":true}]}}