{"id":4598,"date":"2025-03-10T06:11:04","date_gmt":"2025-03-10T08:11:04","guid":{"rendered":"https:\/\/www.ludoturris.lt\/?post_type=product&#038;p=4598"},"modified":"2026-02-10T07:07:08","modified_gmt":"2026-02-10T09:07:08","slug":"stumdoma-tvarkykle","status":"publish","type":"product","link":"https:\/\/www.ludoturris.lt\/en\/product\/stumdoma-tvarkykle\/","title":{"rendered":"Stumdoma tvarkykl\u0117"},"content":{"rendered":"<p>Matmenys:36&#215;35,5x74cm. \u0160i lengva plastikin\u0117, stabili spintel\u0117 puikiai tiks \u012fvairiems daiktams laikyti. Vonios kambaryje ar vaik\u0173 kambar\u012f gali b\u016bti naudojamas baldas \u017eaislams ar kitiems lobiams  laikyti. Stal\u010diai turi specialiai i\u0161lenkt\u0105 ranken\u0105 priekyje, tod\u0117l juos lengva \u012fstumti ir i\u0161stumti. Spintel\u0117 turi ratukus kad lengva b\u016bt\u0173 j\u0105 perstumti, ir stabdukus ratukams. <\/p>","protected":false},"excerpt":{"rendered":"<p>Matmenys:36&#215;35,5x74cm. \u0160i lengva plastikin\u0117, stabili spintel\u0117 puikiai tiks \u012fvairiems daiktams laikyti. Vonios kambaryje ar vaik\u0173 kambar\u012f gali b\u016bti naudojamas baldas \u017eaislams ar kitiems lobiams laikyti. Stal\u010diai turi specialiai i\u0161lenkt\u0105 ranken\u0105 priekyje, tod\u0117l juos lengva \u012fstumti ir i\u0161stumti. Spintel\u0117 turi ratukus kad lengva b\u016bt\u0173 j\u0105 perstumti, ir stabdukus ratukams.<\/p>","protected":false},"featured_media":5558,"template":"","meta":{"_uag_custom_page_level_css":"","_themeisle_gutenberg_block_has_review":false},"product_cat":[92,69],"product_tag":[],"yoast_head":"<!-- This site is optimized with the Yoast SEO plugin v21.1 - https:\/\/yoast.com\/wordpress\/plugins\/seo\/ -->\n<title>Stumdoma tvarkykl\u0117 - Ludo Turris<\/title>\n<meta name=\"description\" content=\"Stumdoma tvarkykl\u0117 su stal\u010diais prakti\u0161kas ir kompakti\u0161kas sprendimas daikt\u0173 saugojimui. Lengvai perstumiamas dizainas u\u017etikrina patogum\u0105 ir tvark\u0105 namuose.\" \/>\n<meta name=\"robots\" content=\"index, follow, max-snippet:-1, max-image-preview:large, max-video-preview:-1\" \/>\n<link rel=\"canonical\" href=\"https:\/\/www.ludoturris.lt\/en\/product\/stumdoma-tvarkykle\/\" \/>\n<meta property=\"og:locale\" content=\"en_GB\" \/>\n<meta property=\"og:type\" content=\"article\" \/>\n<meta property=\"og:title\" content=\"Stumdoma tvarkykl\u0117 - Ludo Turris\" \/>\n<meta property=\"og:description\" content=\"Stumdoma tvarkykl\u0117 su stal\u010diais prakti\u0161kas ir kompakti\u0161kas sprendimas daikt\u0173 saugojimui. Lengvai perstumiamas dizainas u\u017etikrina patogum\u0105 ir tvark\u0105 namuose.\" \/>\n<meta property=\"og:url\" content=\"https:\/\/www.ludoturris.lt\/en\/product\/stumdoma-tvarkykle\/\" \/>\n<meta property=\"og:site_name\" content=\"Ludo Turris\" \/>\n<meta property=\"article:publisher\" content=\"https:\/\/www.facebook.com\/Ludo-Turris-621921974895920\/\" \/>\n<meta property=\"article:modified_time\" content=\"2026-02-10T09:07:08+00:00\" \/>\n<meta property=\"og:image\" content=\"https:\/\/www.ludoturris.lt\/wp-content\/uploads\/2025\/03\/pjj.png\" \/>\n\t<meta property=\"og:image:width\" content=\"1000\" \/>\n\t<meta property=\"og:image:height\" content=\"1000\" \/>\n\t<meta property=\"og:image:type\" content=\"image\/png\" \/>\n<meta name=\"twitter:card\" content=\"summary_large_image\" \/>\n<meta name=\"twitter:label1\" content=\"Estimated reading time\" \/>\n\t<meta name=\"twitter:data1\" content=\"1 minute\" \/>\n<script type=\"application\/ld+json\" class=\"yoast-schema-graph\">{\"@context\":\"https:\/\/schema.org\",\"@graph\":[{\"@type\":\"WebPage\",\"@id\":\"https:\/\/www.ludoturris.lt\/produktas\/stumdoma-tvarkykle\/\",\"url\":\"https:\/\/www.ludoturris.lt\/produktas\/stumdoma-tvarkykle\/\",\"name\":\"Stumdoma tvarkykl\u0117 - Ludo Turris\",\"isPartOf\":{\"@id\":\"https:\/\/www.ludoturris.lt\/#website\"},\"datePublished\":\"2025-03-10T08:11:04+00:00\",\"dateModified\":\"2026-02-10T09:07:08+00:00\",\"description\":\"Stumdoma tvarkykl\u0117 su stal\u010diais prakti\u0161kas ir kompakti\u0161kas sprendimas daikt\u0173 saugojimui. Lengvai perstumiamas dizainas u\u017etikrina patogum\u0105 ir tvark\u0105 namuose.\",\"breadcrumb\":{\"@id\":\"https:\/\/www.ludoturris.lt\/produktas\/stumdoma-tvarkykle\/#breadcrumb\"},\"inLanguage\":\"en-GB\",\"potentialAction\":[{\"@type\":\"ReadAction\",\"target\":[\"https:\/\/www.ludoturris.lt\/produktas\/stumdoma-tvarkykle\/\"]}]},{\"@type\":\"BreadcrumbList\",\"@id\":\"https:\/\/www.ludoturris.lt\/produktas\/stumdoma-tvarkykle\/#breadcrumb\",\"itemListElement\":[{\"@type\":\"ListItem\",\"position\":1,\"name\":\"Home\",\"item\":\"https:\/\/www.ludoturris.lt\/\"},{\"@type\":\"ListItem\",\"position\":2,\"name\":\"Parduotuv\u0117\",\"item\":\"https:\/\/www.ludoturris.lt\/parduotuve\/\"},{\"@type\":\"ListItem\",\"position\":3,\"name\":\"Stumdoma tvarkykl\u0117\"}]},{\"@type\":\"WebSite\",\"@id\":\"https:\/\/www.ludoturris.lt\/#website\",\"url\":\"https:\/\/www.ludoturris.lt\/\",\"name\":\"Ludo Turris\",\"description\":\"K\u016brybi\u0161kum\u0105 ir fantazij\u0105 lavinan\u010dios kalad\u0117l\u0117s\",\"publisher\":{\"@id\":\"https:\/\/www.ludoturris.lt\/#organization\"},\"potentialAction\":[{\"@type\":\"SearchAction\",\"target\":{\"@type\":\"EntryPoint\",\"urlTemplate\":\"https:\/\/www.ludoturris.lt\/?s={search_term_string}\"},\"query-input\":\"required name=search_term_string\"}],\"inLanguage\":\"en-GB\"},{\"@type\":\"Organization\",\"@id\":\"https:\/\/www.ludoturris.lt\/#organization\",\"name\":\"Ludo Turris \u2013 Vakar\u0173 gama, UAB\",\"url\":\"https:\/\/www.ludoturris.lt\/\",\"logo\":{\"@type\":\"ImageObject\",\"inLanguage\":\"en-GB\",\"@id\":\"https:\/\/www.ludoturris.lt\/#\/schema\/logo\/image\/\",\"url\":\"https:\/\/www.ludoturris.lt\/wp-content\/uploads\/2020\/10\/logo@2x.png\",\"contentUrl\":\"https:\/\/www.ludoturris.lt\/wp-content\/uploads\/2020\/10\/logo@2x.png\",\"width\":300,\"height\":147,\"caption\":\"Ludo Turris \u2013 Vakar\u0173 gama, UAB\"},\"image\":{\"@id\":\"https:\/\/www.ludoturris.lt\/#\/schema\/logo\/image\/\"},\"sameAs\":[\"https:\/\/www.facebook.com\/Ludo-Turris-621921974895920\/\",\"https:\/\/www.youtube.com\/channel\/UCuBACq67N1NGC9LVudo4ngw\"]}]}<\/script>\n<!-- \/ Yoast SEO plugin. -->","yoast_head_json":{"title":"Stumdoma tvarkykl\u0117 - Ludo Turris","description":"Stumdoma tvarkykl\u0117 su stal\u010diais prakti\u0161kas ir kompakti\u0161kas sprendimas daikt\u0173 saugojimui. Lengvai perstumiamas dizainas u\u017etikrina patogum\u0105 ir tvark\u0105 namuose.","robots":{"index":"index","follow":"follow","max-snippet":"max-snippet:-1","max-image-preview":"max-image-preview:large","max-video-preview":"max-video-preview:-1"},"canonical":"https:\/\/www.ludoturris.lt\/en\/product\/stumdoma-tvarkykle\/","og_locale":"en_GB","og_type":"article","og_title":"Stumdoma tvarkykl\u0117 - Ludo Turris","og_description":"Stumdoma tvarkykl\u0117 su stal\u010diais prakti\u0161kas ir kompakti\u0161kas sprendimas daikt\u0173 saugojimui. Lengvai perstumiamas dizainas u\u017etikrina patogum\u0105 ir tvark\u0105 namuose.","og_url":"https:\/\/www.ludoturris.lt\/en\/product\/stumdoma-tvarkykle\/","og_site_name":"Ludo Turris","article_publisher":"https:\/\/www.facebook.com\/Ludo-Turris-621921974895920\/","article_modified_time":"2026-02-10T09:07:08+00:00","og_image":[{"width":1000,"height":1000,"url":"https:\/\/www.ludoturris.lt\/wp-content\/uploads\/2025\/03\/pjj.png","type":"image\/png"}],"twitter_card":"summary_large_image","twitter_misc":{"Estimated reading time":"1 minute"},"schema":{"@context":"https:\/\/schema.org","@graph":[{"@type":"WebPage","@id":"https:\/\/www.ludoturris.lt\/produktas\/stumdoma-tvarkykle\/","url":"https:\/\/www.ludoturris.lt\/produktas\/stumdoma-tvarkykle\/","name":"Stumdoma tvarkykl\u0117 - Ludo Turris","isPartOf":{"@id":"https:\/\/www.ludoturris.lt\/#website"},"datePublished":"2025-03-10T08:11:04+00:00","dateModified":"2026-02-10T09:07:08+00:00","description":"Stumdoma tvarkykl\u0117 su stal\u010diais prakti\u0161kas ir kompakti\u0161kas sprendimas daikt\u0173 saugojimui. Lengvai perstumiamas dizainas u\u017etikrina patogum\u0105 ir tvark\u0105 namuose.","breadcrumb":{"@id":"https:\/\/www.ludoturris.lt\/produktas\/stumdoma-tvarkykle\/#breadcrumb"},"inLanguage":"en-GB","potentialAction":[{"@type":"ReadAction","target":["https:\/\/www.ludoturris.lt\/produktas\/stumdoma-tvarkykle\/"]}]},{"@type":"BreadcrumbList","@id":"https:\/\/www.ludoturris.lt\/produktas\/stumdoma-tvarkykle\/#breadcrumb","itemListElement":[{"@type":"ListItem","position":1,"name":"Home","item":"https:\/\/www.ludoturris.lt\/"},{"@type":"ListItem","position":2,"name":"Parduotuv\u0117","item":"https:\/\/www.ludoturris.lt\/parduotuve\/"},{"@type":"ListItem","position":3,"name":"Stumdoma tvarkykl\u0117"}]},{"@type":"WebSite","@id":"https:\/\/www.ludoturris.lt\/#website","url":"https:\/\/www.ludoturris.lt\/","name":"Ludo Turris","description":"K\u016brybi\u0161kum\u0105 ir fantazij\u0105 lavinan\u010dios kalad\u0117l\u0117s","publisher":{"@id":"https:\/\/www.ludoturris.lt\/#organization"},"potentialAction":[{"@type":"SearchAction","target":{"@type":"EntryPoint","urlTemplate":"https:\/\/www.ludoturris.lt\/?s={search_term_string}"},"query-input":"required name=search_term_string"}],"inLanguage":"en-GB"},{"@type":"Organization","@id":"https:\/\/www.ludoturris.lt\/#organization","name":"Ludo Turris \u2013 Vakar\u0173 gama, UAB","url":"https:\/\/www.ludoturris.lt\/","logo":{"@type":"ImageObject","inLanguage":"en-GB","@id":"https:\/\/www.ludoturris.lt\/#\/schema\/logo\/image\/","url":"https:\/\/www.ludoturris.lt\/wp-content\/uploads\/2020\/10\/logo@2x.png","contentUrl":"https:\/\/www.ludoturris.lt\/wp-content\/uploads\/2020\/10\/logo@2x.png","width":300,"height":147,"caption":"Ludo Turris \u2013 Vakar\u0173 gama, UAB"},"image":{"@id":"https:\/\/www.ludoturris.lt\/#\/schema\/logo\/image\/"},"sameAs":["https:\/\/www.facebook.com\/Ludo-Turris-621921974895920\/","https:\/\/www.youtube.com\/channel\/UCuBACq67N1NGC9LVudo4ngw"]}]}},"uagb_featured_image_src":{"full":["https:\/\/www.ludoturris.lt\/wp-content\/uploads\/2025\/03\/pjj.png",1000,1000,false],"thumbnail":["https:\/\/www.ludoturris.lt\/wp-content\/uploads\/2025\/03\/pjj-150x150.png",150,150,true],"medium":["https:\/\/www.ludoturris.lt\/wp-content\/uploads\/2025\/03\/pjj-300x300.png",300,300,true],"medium_large":["https:\/\/www.ludoturris.lt\/wp-content\/uploads\/2025\/03\/pjj-768x768.png",768,768,true],"large":["https:\/\/www.ludoturris.lt\/wp-content\/uploads\/2025\/03\/pjj.png",1000,1000,false],"1536x1536":["https:\/\/www.ludoturris.lt\/wp-content\/uploads\/2025\/03\/pjj.png",1000,1000,false],"2048x2048":["https:\/\/www.ludoturris.lt\/wp-content\/uploads\/2025\/03\/pjj.png",1000,1000,false],"trp-custom-language-flag":["https:\/\/www.ludoturris.lt\/wp-content\/uploads\/2025\/03\/pjj-12x12.png",12,12,true],"woocommerce_thumbnail":["https:\/\/www.ludoturris.lt\/wp-content\/uploads\/2025\/03\/pjj-300x300.png",300,300,true],"woocommerce_single":["https:\/\/www.ludoturris.lt\/wp-content\/uploads\/2025\/03\/pjj-600x600.png",600,600,true],"woocommerce_gallery_thumbnail":["https:\/\/www.ludoturris.lt\/wp-content\/uploads\/2025\/03\/pjj-100x100.png",100,100,true],"variation_swatches_image_size":["https:\/\/www.ludoturris.lt\/wp-content\/uploads\/2025\/03\/pjj-50x50.png",50,50,true],"variation_swatches_tooltip_size":["https:\/\/www.ludoturris.lt\/wp-content\/uploads\/2025\/03\/pjj-100x100.png",100,100,true],"dgwt-wcas-product-suggestion":["https:\/\/www.ludoturris.lt\/wp-content\/uploads\/2025\/03\/pjj-64x64.png",64,64,true]},"uagb_author_info":{"display_name":"LudoTurris","author_link":"https:\/\/www.ludoturris.lt\/en\/author\/"},"uagb_comment_info":0,"uagb_excerpt":"Matmenys:36&#215;35,5x74cm. \u0160i lengva plastikin\u0117, stabili spintel\u0117 puikiai tiks \u012fvairiems daiktams laikyti. Vonios kambaryje ar vaik\u0173 kambar\u012f gali b\u016bti naudojamas baldas \u017eaislams ar kitiems lobiams laikyti. Stal\u010diai turi specialiai i\u0161lenkt\u0105 ranken\u0105 priekyje, tod\u0117l juos lengva \u012fstumti ir i\u0161stumti. Spintel\u0117 turi ratukus kad lengva b\u016bt\u0173 j\u0105 perstumti, ir stabdukus ratukams.","_links":{"self":[{"href":"https:\/\/www.ludoturris.lt\/en\/wp-json\/wp\/v2\/product\/4598"}],"collection":[{"href":"https:\/\/www.ludoturris.lt\/en\/wp-json\/wp\/v2\/product"}],"about":[{"href":"https:\/\/www.ludoturris.lt\/en\/wp-json\/wp\/v2\/types\/product"}],"wp:featuredmedia":[{"embeddable":true,"href":"https:\/\/www.ludoturris.lt\/en\/wp-json\/wp\/v2\/media\/5558"}],"wp:attachment":[{"href":"https:\/\/www.ludoturris.lt\/en\/wp-json\/wp\/v2\/media?parent=4598"}],"wp:term":[{"taxonomy":"product_cat","embeddable":true,"href":"https:\/\/www.ludoturris.lt\/en\/wp-json\/wp\/v2\/product_cat?post=4598"},{"taxonomy":"product_tag","embeddable":true,"href":"https:\/\/www.ludoturris.lt\/en\/wp-json\/wp\/v2\/product_tag?post=4598"}],"curies":[{"name":"wp","href":"https:\/\/api.w.org\/{rel}","templated":true}]}}