{"id":4594,"date":"2025-03-10T05:52:28","date_gmt":"2025-03-10T07:52:28","guid":{"rendered":"https:\/\/www.ludoturris.lt\/?post_type=product&#038;p=4594"},"modified":"2026-02-10T06:17:17","modified_gmt":"2026-02-10T08:17:17","slug":"vaikiskas-stalas-su-kedemis","status":"publish","type":"product","link":"https:\/\/www.ludoturris.lt\/en\/product\/vaikiskas-stalas-su-kedemis\/","title":{"rendered":"Vaiki\u0161kas stalas su k\u0117d\u0117mis"},"content":{"rendered":"<p>Komplekt\u0105 sudaro 2 k\u0117d\u0117s ir stalas. Matmenys 51cm auk\u0161tis ir 63cm plotis. Medinis komplektas patvarus ir stabilios konstrukcijos. Dvipusis nuimamas vir\u0161us leid\u017eia naudoti kaip kreidos lent\u0105, o po stalvir\u0161iu yra funkciniai skyreliai kalad\u0117l\u0117ms, \u017eaislams ir kitiems smulkiems daiktams susid\u0117ti. Po k\u0117d\u017ei\u0173 s\u0117dyn\u0117mis yra erdv\u016bs, tekstiliniai stal\u010diai, puikiai tinkantys \u017eaislams susid\u0117ti. Rinkinys skatina savaranki\u0161kum\u0105, k\u016brybi\u0161kum\u0105 ir tvarkingus kasdienius u\u017esi\u0117mimus. Komplektas tiks vaik\u0173 \u017eaidim\u0173 kambariams, laukiamiesiems ir lop\u0161elio grup\u0117ms.<\/p>","protected":false},"excerpt":{"rendered":"<p>Komplekt\u0105 sudaro 2 k\u0117d\u0117s ir stalas. Matmenys 51cm auk\u0161tis ir 63cm plotis. Medinis komplektas patvarus ir stabilios konstrukcijos. Dvipusis nuimamas vir\u0161us leid\u017eia naudoti kaip kreidos lent\u0105, o po stalvir\u0161iu yra funkciniai skyreliai kalad\u0117l\u0117ms, \u017eaislams ir kitiems smulkiems daiktams susid\u0117ti. Po k\u0117d\u017ei\u0173 s\u0117dyn\u0117mis yra erdv\u016bs, tekstiliniai stal\u010diai, puikiai tinkantys \u017eaislams susid\u0117ti. Rinkinys skatina savaranki\u0161kum\u0105, k\u016brybi\u0161kum\u0105 ir &hellip;<\/p>\n<p class=\"read-more\"> <a class=\"\" href=\"https:\/\/www.ludoturris.lt\/en\/product\/vaikiskas-stalas-su-kedemis\/\"> <span class=\"screen-reader-text\">Vaiki\u0161kas stalas su k\u0117d\u0117mis<\/span> Read More &raquo;<\/a><\/p>","protected":false},"featured_media":5070,"template":"","meta":{"_uag_custom_page_level_css":"","_themeisle_gutenberg_block_has_review":false},"product_cat":[92,69,96],"product_tag":[],"yoast_head":"<!-- This site is optimized with the Yoast SEO plugin v21.1 - https:\/\/yoast.com\/wordpress\/plugins\/seo\/ -->\n<title>Vaiki\u0161kas stalas su k\u0117d\u0117mis - Ludo Turris<\/title>\n<meta name=\"description\" content=\"Vaiki\u0161kas stalo ir k\u0117d\u017ei\u0173 rinkinys patogus ir tvirtas bald\u0173 komplektas vaikams. Puikiai tinka pie\u0161imui, mokymuisi ir \u017eaidimams, skatinant vaik\u0173 k\u016brybi\u0161kum\u0105.\" \/>\n<meta name=\"robots\" content=\"index, follow, max-snippet:-1, max-image-preview:large, max-video-preview:-1\" \/>\n<link rel=\"canonical\" href=\"https:\/\/www.ludoturris.lt\/en\/product\/vaikiskas-stalas-su-kedemis\/\" \/>\n<meta property=\"og:locale\" content=\"en_GB\" \/>\n<meta property=\"og:type\" content=\"article\" \/>\n<meta property=\"og:title\" content=\"Vaiki\u0161kas stalas su k\u0117d\u0117mis - Ludo Turris\" \/>\n<meta property=\"og:description\" content=\"Vaiki\u0161kas stalo ir k\u0117d\u017ei\u0173 rinkinys patogus ir tvirtas bald\u0173 komplektas vaikams. Puikiai tinka pie\u0161imui, mokymuisi ir \u017eaidimams, skatinant vaik\u0173 k\u016brybi\u0161kum\u0105.\" \/>\n<meta property=\"og:url\" content=\"https:\/\/www.ludoturris.lt\/en\/product\/vaikiskas-stalas-su-kedemis\/\" \/>\n<meta property=\"og:site_name\" content=\"Ludo Turris\" \/>\n<meta property=\"article:publisher\" content=\"https:\/\/www.facebook.com\/Ludo-Turris-621921974895920\/\" \/>\n<meta property=\"article:modified_time\" content=\"2026-02-10T08:17:17+00:00\" \/>\n<meta property=\"og:image\" content=\"https:\/\/www.ludoturris.lt\/wp-content\/uploads\/2025\/03\/ZKC.png\" \/>\n\t<meta property=\"og:image:width\" content=\"1000\" \/>\n\t<meta property=\"og:image:height\" content=\"1000\" \/>\n\t<meta property=\"og:image:type\" content=\"image\/png\" \/>\n<meta name=\"twitter:card\" content=\"summary_large_image\" \/>\n<meta name=\"twitter:label1\" content=\"Estimated reading time\" \/>\n\t<meta name=\"twitter:data1\" content=\"1 minute\" \/>\n<script type=\"application\/ld+json\" class=\"yoast-schema-graph\">{\"@context\":\"https:\/\/schema.org\",\"@graph\":[{\"@type\":\"WebPage\",\"@id\":\"https:\/\/www.ludoturris.lt\/produktas\/vaikiskas-stalas-su-kedemis\/\",\"url\":\"https:\/\/www.ludoturris.lt\/produktas\/vaikiskas-stalas-su-kedemis\/\",\"name\":\"Vaiki\u0161kas stalas su k\u0117d\u0117mis - Ludo Turris\",\"isPartOf\":{\"@id\":\"https:\/\/www.ludoturris.lt\/#website\"},\"datePublished\":\"2025-03-10T07:52:28+00:00\",\"dateModified\":\"2026-02-10T08:17:17+00:00\",\"description\":\"Vaiki\u0161kas stalo ir k\u0117d\u017ei\u0173 rinkinys patogus ir tvirtas bald\u0173 komplektas vaikams. Puikiai tinka pie\u0161imui, mokymuisi ir \u017eaidimams, skatinant vaik\u0173 k\u016brybi\u0161kum\u0105.\",\"breadcrumb\":{\"@id\":\"https:\/\/www.ludoturris.lt\/produktas\/vaikiskas-stalas-su-kedemis\/#breadcrumb\"},\"inLanguage\":\"en-GB\",\"potentialAction\":[{\"@type\":\"ReadAction\",\"target\":[\"https:\/\/www.ludoturris.lt\/produktas\/vaikiskas-stalas-su-kedemis\/\"]}]},{\"@type\":\"BreadcrumbList\",\"@id\":\"https:\/\/www.ludoturris.lt\/produktas\/vaikiskas-stalas-su-kedemis\/#breadcrumb\",\"itemListElement\":[{\"@type\":\"ListItem\",\"position\":1,\"name\":\"Home\",\"item\":\"https:\/\/www.ludoturris.lt\/\"},{\"@type\":\"ListItem\",\"position\":2,\"name\":\"Parduotuv\u0117\",\"item\":\"https:\/\/www.ludoturris.lt\/parduotuve\/\"},{\"@type\":\"ListItem\",\"position\":3,\"name\":\"Vaiki\u0161kas stalas su k\u0117d\u0117mis\"}]},{\"@type\":\"WebSite\",\"@id\":\"https:\/\/www.ludoturris.lt\/#website\",\"url\":\"https:\/\/www.ludoturris.lt\/\",\"name\":\"Ludo Turris\",\"description\":\"K\u016brybi\u0161kum\u0105 ir fantazij\u0105 lavinan\u010dios kalad\u0117l\u0117s\",\"publisher\":{\"@id\":\"https:\/\/www.ludoturris.lt\/#organization\"},\"potentialAction\":[{\"@type\":\"SearchAction\",\"target\":{\"@type\":\"EntryPoint\",\"urlTemplate\":\"https:\/\/www.ludoturris.lt\/?s={search_term_string}\"},\"query-input\":\"required name=search_term_string\"}],\"inLanguage\":\"en-GB\"},{\"@type\":\"Organization\",\"@id\":\"https:\/\/www.ludoturris.lt\/#organization\",\"name\":\"Ludo Turris \u2013 Vakar\u0173 gama, UAB\",\"url\":\"https:\/\/www.ludoturris.lt\/\",\"logo\":{\"@type\":\"ImageObject\",\"inLanguage\":\"en-GB\",\"@id\":\"https:\/\/www.ludoturris.lt\/#\/schema\/logo\/image\/\",\"url\":\"https:\/\/www.ludoturris.lt\/wp-content\/uploads\/2020\/10\/logo@2x.png\",\"contentUrl\":\"https:\/\/www.ludoturris.lt\/wp-content\/uploads\/2020\/10\/logo@2x.png\",\"width\":300,\"height\":147,\"caption\":\"Ludo Turris \u2013 Vakar\u0173 gama, UAB\"},\"image\":{\"@id\":\"https:\/\/www.ludoturris.lt\/#\/schema\/logo\/image\/\"},\"sameAs\":[\"https:\/\/www.facebook.com\/Ludo-Turris-621921974895920\/\",\"https:\/\/www.youtube.com\/channel\/UCuBACq67N1NGC9LVudo4ngw\"]}]}<\/script>\n<!-- \/ Yoast SEO plugin. -->","yoast_head_json":{"title":"Vaiki\u0161kas stalas su k\u0117d\u0117mis - Ludo Turris","description":"Vaiki\u0161kas stalo ir k\u0117d\u017ei\u0173 rinkinys patogus ir tvirtas bald\u0173 komplektas vaikams. Puikiai tinka pie\u0161imui, mokymuisi ir \u017eaidimams, skatinant vaik\u0173 k\u016brybi\u0161kum\u0105.","robots":{"index":"index","follow":"follow","max-snippet":"max-snippet:-1","max-image-preview":"max-image-preview:large","max-video-preview":"max-video-preview:-1"},"canonical":"https:\/\/www.ludoturris.lt\/en\/product\/vaikiskas-stalas-su-kedemis\/","og_locale":"en_GB","og_type":"article","og_title":"Vaiki\u0161kas stalas su k\u0117d\u0117mis - Ludo Turris","og_description":"Vaiki\u0161kas stalo ir k\u0117d\u017ei\u0173 rinkinys patogus ir tvirtas bald\u0173 komplektas vaikams. Puikiai tinka pie\u0161imui, mokymuisi ir \u017eaidimams, skatinant vaik\u0173 k\u016brybi\u0161kum\u0105.","og_url":"https:\/\/www.ludoturris.lt\/en\/product\/vaikiskas-stalas-su-kedemis\/","og_site_name":"Ludo Turris","article_publisher":"https:\/\/www.facebook.com\/Ludo-Turris-621921974895920\/","article_modified_time":"2026-02-10T08:17:17+00:00","og_image":[{"width":1000,"height":1000,"url":"https:\/\/www.ludoturris.lt\/wp-content\/uploads\/2025\/03\/ZKC.png","type":"image\/png"}],"twitter_card":"summary_large_image","twitter_misc":{"Estimated reading time":"1 minute"},"schema":{"@context":"https:\/\/schema.org","@graph":[{"@type":"WebPage","@id":"https:\/\/www.ludoturris.lt\/produktas\/vaikiskas-stalas-su-kedemis\/","url":"https:\/\/www.ludoturris.lt\/produktas\/vaikiskas-stalas-su-kedemis\/","name":"Vaiki\u0161kas stalas su k\u0117d\u0117mis - Ludo Turris","isPartOf":{"@id":"https:\/\/www.ludoturris.lt\/#website"},"datePublished":"2025-03-10T07:52:28+00:00","dateModified":"2026-02-10T08:17:17+00:00","description":"Vaiki\u0161kas stalo ir k\u0117d\u017ei\u0173 rinkinys patogus ir tvirtas bald\u0173 komplektas vaikams. Puikiai tinka pie\u0161imui, mokymuisi ir \u017eaidimams, skatinant vaik\u0173 k\u016brybi\u0161kum\u0105.","breadcrumb":{"@id":"https:\/\/www.ludoturris.lt\/produktas\/vaikiskas-stalas-su-kedemis\/#breadcrumb"},"inLanguage":"en-GB","potentialAction":[{"@type":"ReadAction","target":["https:\/\/www.ludoturris.lt\/produktas\/vaikiskas-stalas-su-kedemis\/"]}]},{"@type":"BreadcrumbList","@id":"https:\/\/www.ludoturris.lt\/produktas\/vaikiskas-stalas-su-kedemis\/#breadcrumb","itemListElement":[{"@type":"ListItem","position":1,"name":"Home","item":"https:\/\/www.ludoturris.lt\/"},{"@type":"ListItem","position":2,"name":"Parduotuv\u0117","item":"https:\/\/www.ludoturris.lt\/parduotuve\/"},{"@type":"ListItem","position":3,"name":"Vaiki\u0161kas stalas su k\u0117d\u0117mis"}]},{"@type":"WebSite","@id":"https:\/\/www.ludoturris.lt\/#website","url":"https:\/\/www.ludoturris.lt\/","name":"Ludo Turris","description":"K\u016brybi\u0161kum\u0105 ir fantazij\u0105 lavinan\u010dios kalad\u0117l\u0117s","publisher":{"@id":"https:\/\/www.ludoturris.lt\/#organization"},"potentialAction":[{"@type":"SearchAction","target":{"@type":"EntryPoint","urlTemplate":"https:\/\/www.ludoturris.lt\/?s={search_term_string}"},"query-input":"required name=search_term_string"}],"inLanguage":"en-GB"},{"@type":"Organization","@id":"https:\/\/www.ludoturris.lt\/#organization","name":"Ludo Turris \u2013 Vakar\u0173 gama, UAB","url":"https:\/\/www.ludoturris.lt\/","logo":{"@type":"ImageObject","inLanguage":"en-GB","@id":"https:\/\/www.ludoturris.lt\/#\/schema\/logo\/image\/","url":"https:\/\/www.ludoturris.lt\/wp-content\/uploads\/2020\/10\/logo@2x.png","contentUrl":"https:\/\/www.ludoturris.lt\/wp-content\/uploads\/2020\/10\/logo@2x.png","width":300,"height":147,"caption":"Ludo Turris \u2013 Vakar\u0173 gama, UAB"},"image":{"@id":"https:\/\/www.ludoturris.lt\/#\/schema\/logo\/image\/"},"sameAs":["https:\/\/www.facebook.com\/Ludo-Turris-621921974895920\/","https:\/\/www.youtube.com\/channel\/UCuBACq67N1NGC9LVudo4ngw"]}]}},"uagb_featured_image_src":{"full":["https:\/\/www.ludoturris.lt\/wp-content\/uploads\/2025\/03\/ZKC.png",1000,1000,false],"thumbnail":["https:\/\/www.ludoturris.lt\/wp-content\/uploads\/2025\/03\/ZKC-150x150.png",150,150,true],"medium":["https:\/\/www.ludoturris.lt\/wp-content\/uploads\/2025\/03\/ZKC-300x300.png",300,300,true],"medium_large":["https:\/\/www.ludoturris.lt\/wp-content\/uploads\/2025\/03\/ZKC-768x768.png",768,768,true],"large":["https:\/\/www.ludoturris.lt\/wp-content\/uploads\/2025\/03\/ZKC.png",1000,1000,false],"1536x1536":["https:\/\/www.ludoturris.lt\/wp-content\/uploads\/2025\/03\/ZKC.png",1000,1000,false],"2048x2048":["https:\/\/www.ludoturris.lt\/wp-content\/uploads\/2025\/03\/ZKC.png",1000,1000,false],"trp-custom-language-flag":["https:\/\/www.ludoturris.lt\/wp-content\/uploads\/2025\/03\/ZKC-12x12.png",12,12,true],"woocommerce_thumbnail":["https:\/\/www.ludoturris.lt\/wp-content\/uploads\/2025\/03\/ZKC-300x300.png",300,300,true],"woocommerce_single":["https:\/\/www.ludoturris.lt\/wp-content\/uploads\/2025\/03\/ZKC-600x600.png",600,600,true],"woocommerce_gallery_thumbnail":["https:\/\/www.ludoturris.lt\/wp-content\/uploads\/2025\/03\/ZKC-100x100.png",100,100,true],"variation_swatches_image_size":["https:\/\/www.ludoturris.lt\/wp-content\/uploads\/2025\/03\/ZKC-50x50.png",50,50,true],"variation_swatches_tooltip_size":["https:\/\/www.ludoturris.lt\/wp-content\/uploads\/2025\/03\/ZKC-100x100.png",100,100,true],"dgwt-wcas-product-suggestion":["https:\/\/www.ludoturris.lt\/wp-content\/uploads\/2025\/03\/ZKC.png",64,64,false]},"uagb_author_info":{"display_name":"LudoTurris","author_link":"https:\/\/www.ludoturris.lt\/en\/author\/"},"uagb_comment_info":0,"uagb_excerpt":"Komplekt\u0105 sudaro 2 k\u0117d\u0117s ir stalas. Matmenys 51cm auk\u0161tis ir 63cm plotis. Medinis komplektas patvarus ir stabilios konstrukcijos. Dvipusis nuimamas vir\u0161us leid\u017eia naudoti kaip kreidos lent\u0105, o po stalvir\u0161iu yra funkciniai skyreliai kalad\u0117l\u0117ms, \u017eaislams ir kitiems smulkiems daiktams susid\u0117ti. Po k\u0117d\u017ei\u0173 s\u0117dyn\u0117mis yra erdv\u016bs, tekstiliniai stal\u010diai, puikiai tinkantys \u017eaislams susid\u0117ti. Rinkinys skatina savaranki\u0161kum\u0105, k\u016brybi\u0161kum\u0105 ir&hellip;","_links":{"self":[{"href":"https:\/\/www.ludoturris.lt\/en\/wp-json\/wp\/v2\/product\/4594"}],"collection":[{"href":"https:\/\/www.ludoturris.lt\/en\/wp-json\/wp\/v2\/product"}],"about":[{"href":"https:\/\/www.ludoturris.lt\/en\/wp-json\/wp\/v2\/types\/product"}],"wp:featuredmedia":[{"embeddable":true,"href":"https:\/\/www.ludoturris.lt\/en\/wp-json\/wp\/v2\/media\/5070"}],"wp:attachment":[{"href":"https:\/\/www.ludoturris.lt\/en\/wp-json\/wp\/v2\/media?parent=4594"}],"wp:term":[{"taxonomy":"product_cat","embeddable":true,"href":"https:\/\/www.ludoturris.lt\/en\/wp-json\/wp\/v2\/product_cat?post=4594"},{"taxonomy":"product_tag","embeddable":true,"href":"https:\/\/www.ludoturris.lt\/en\/wp-json\/wp\/v2\/product_tag?post=4594"}],"curies":[{"name":"wp","href":"https:\/\/api.w.org\/{rel}","templated":true}]}}