{"id":4586,"date":"2025-03-10T04:50:25","date_gmt":"2025-03-10T06:50:25","guid":{"rendered":"https:\/\/www.ludoturris.lt\/?post_type=product&#038;p=4586"},"modified":"2026-02-10T06:19:55","modified_gmt":"2026-02-10T08:19:55","slug":"vaikiskas-stalo-ir-kedziu-rinkinys","status":"publish","type":"product","link":"https:\/\/www.ludoturris.lt\/en\/product\/vaikiskas-stalo-ir-kedziu-rinkinys\/","title":{"rendered":"Vaiki\u0161kas stalo ir k\u0117d\u017ei\u0173 rinkinys"},"content":{"rendered":"<p>Medini\u0173 vaiki\u0161k\u0173 bald\u0173 komplektas, kur\u012f sudaro stalas ir dvi k\u0117d\u0117s, o po stalvir\u0161iu yra keturi papildomi skyreliai knygoms ir \u017eaislams. Stalo matmenys 50cm auk\u0161tis ir 60,5cm plotis. Stalvir\u0161\u012f sudaro du nuimami elementai, vienas i\u0161 j\u0173 skirtas lego kalad\u0117l\u0117m krauti, o kitas suteikia plok\u0161\u010di\u0105 pavir\u0161i\u0173, idealiai tinkant\u012f pie\u0161ti, tapyti ir kitiems k\u016brybiniams \u017eaidimams. Stabilus stalas ir ergonomi\u0161kos k\u0117dut\u0117s pritaikytos vaikams, u\u017etikrina patog\u0173 s\u0117d\u0117jim\u0105 ir saug\u0173 naudojim\u0105. Komplektas tiks vaik\u0173 \u017eaidim\u0173 kambariams, laukiamiesiems ir lop\u0161elio grup\u0117ms.<\/p>","protected":false},"excerpt":{"rendered":"<p>Medini\u0173 vaiki\u0161k\u0173 bald\u0173 komplektas, kur\u012f sudaro stalas ir dvi k\u0117d\u0117s, o po stalvir\u0161iu yra keturi papildomi skyreliai knygoms ir \u017eaislams. Stalo matmenys 50cm auk\u0161tis ir 60,5cm plotis. Stalvir\u0161\u012f sudaro du nuimami elementai, vienas i\u0161 j\u0173 skirtas lego kalad\u0117l\u0117m krauti, o kitas suteikia plok\u0161\u010di\u0105 pavir\u0161i\u0173, idealiai tinkant\u012f pie\u0161ti, tapyti ir kitiems k\u016brybiniams \u017eaidimams. Stabilus stalas ir &hellip;<\/p>\n<p class=\"read-more\"> <a class=\"\" href=\"https:\/\/www.ludoturris.lt\/en\/product\/vaikiskas-stalo-ir-kedziu-rinkinys\/\"> <span class=\"screen-reader-text\">Vaiki\u0161kas stalo ir k\u0117d\u017ei\u0173 rinkinys<\/span> Read More &raquo;<\/a><\/p>","protected":false},"featured_media":4587,"template":"","meta":{"_uag_custom_page_level_css":"","_themeisle_gutenberg_block_has_review":false},"product_cat":[92,69,96],"product_tag":[],"yoast_head":"<!-- This site is optimized with the Yoast SEO plugin v21.1 - https:\/\/yoast.com\/wordpress\/plugins\/seo\/ -->\n<title>Vaiki\u0161kas stalo ir k\u0117d\u017ei\u0173 rinkinys - Ludo Turris<\/title>\n<meta name=\"description\" content=\"Vaiki\u0161kas stalo ir k\u0117d\u017ei\u0173 rinkinys patogus ir tvirtas bald\u0173 komplektas vaikams. Puikiai tinka pie\u0161imui, mokymuisi ir \u017eaidimams, skatinant j\u0173 k\u016brybi\u0161kum\u0105.\" \/>\n<meta name=\"robots\" content=\"index, follow, max-snippet:-1, max-image-preview:large, max-video-preview:-1\" \/>\n<link rel=\"canonical\" href=\"https:\/\/www.ludoturris.lt\/en\/product\/vaikiskas-stalo-ir-kedziu-rinkinys\/\" \/>\n<meta property=\"og:locale\" content=\"en_GB\" \/>\n<meta property=\"og:type\" content=\"article\" \/>\n<meta property=\"og:title\" content=\"Vaiki\u0161kas stalo ir k\u0117d\u017ei\u0173 rinkinys - Ludo Turris\" \/>\n<meta property=\"og:description\" content=\"Vaiki\u0161kas stalo ir k\u0117d\u017ei\u0173 rinkinys patogus ir tvirtas bald\u0173 komplektas vaikams. Puikiai tinka pie\u0161imui, mokymuisi ir \u017eaidimams, skatinant j\u0173 k\u016brybi\u0161kum\u0105.\" \/>\n<meta property=\"og:url\" content=\"https:\/\/www.ludoturris.lt\/en\/product\/vaikiskas-stalo-ir-kedziu-rinkinys\/\" \/>\n<meta property=\"og:site_name\" content=\"Ludo Turris\" \/>\n<meta property=\"article:publisher\" content=\"https:\/\/www.facebook.com\/Ludo-Turris-621921974895920\/\" \/>\n<meta property=\"article:modified_time\" content=\"2026-02-10T08:19:55+00:00\" \/>\n<meta property=\"og:image\" content=\"https:\/\/www.ludoturris.lt\/wp-content\/uploads\/2025\/03\/XKF002.png\" \/>\n\t<meta property=\"og:image:width\" content=\"537\" \/>\n\t<meta property=\"og:image:height\" content=\"537\" \/>\n\t<meta property=\"og:image:type\" content=\"image\/png\" \/>\n<meta name=\"twitter:card\" content=\"summary_large_image\" \/>\n<meta name=\"twitter:label1\" content=\"Estimated reading time\" \/>\n\t<meta name=\"twitter:data1\" content=\"1 minute\" \/>\n<script type=\"application\/ld+json\" class=\"yoast-schema-graph\">{\"@context\":\"https:\/\/schema.org\",\"@graph\":[{\"@type\":\"WebPage\",\"@id\":\"https:\/\/www.ludoturris.lt\/produktas\/vaikiskas-stalo-ir-kedziu-rinkinys\/\",\"url\":\"https:\/\/www.ludoturris.lt\/produktas\/vaikiskas-stalo-ir-kedziu-rinkinys\/\",\"name\":\"Vaiki\u0161kas stalo ir k\u0117d\u017ei\u0173 rinkinys - Ludo Turris\",\"isPartOf\":{\"@id\":\"https:\/\/www.ludoturris.lt\/#website\"},\"datePublished\":\"2025-03-10T06:50:25+00:00\",\"dateModified\":\"2026-02-10T08:19:55+00:00\",\"description\":\"Vaiki\u0161kas stalo ir k\u0117d\u017ei\u0173 rinkinys patogus ir tvirtas bald\u0173 komplektas vaikams. Puikiai tinka pie\u0161imui, mokymuisi ir \u017eaidimams, skatinant j\u0173 k\u016brybi\u0161kum\u0105.\",\"breadcrumb\":{\"@id\":\"https:\/\/www.ludoturris.lt\/produktas\/vaikiskas-stalo-ir-kedziu-rinkinys\/#breadcrumb\"},\"inLanguage\":\"en-GB\",\"potentialAction\":[{\"@type\":\"ReadAction\",\"target\":[\"https:\/\/www.ludoturris.lt\/produktas\/vaikiskas-stalo-ir-kedziu-rinkinys\/\"]}]},{\"@type\":\"BreadcrumbList\",\"@id\":\"https:\/\/www.ludoturris.lt\/produktas\/vaikiskas-stalo-ir-kedziu-rinkinys\/#breadcrumb\",\"itemListElement\":[{\"@type\":\"ListItem\",\"position\":1,\"name\":\"Home\",\"item\":\"https:\/\/www.ludoturris.lt\/\"},{\"@type\":\"ListItem\",\"position\":2,\"name\":\"Parduotuv\u0117\",\"item\":\"https:\/\/www.ludoturris.lt\/parduotuve\/\"},{\"@type\":\"ListItem\",\"position\":3,\"name\":\"Vaiki\u0161kas stalo ir k\u0117d\u017ei\u0173 rinkinys\"}]},{\"@type\":\"WebSite\",\"@id\":\"https:\/\/www.ludoturris.lt\/#website\",\"url\":\"https:\/\/www.ludoturris.lt\/\",\"name\":\"Ludo Turris\",\"description\":\"K\u016brybi\u0161kum\u0105 ir fantazij\u0105 lavinan\u010dios kalad\u0117l\u0117s\",\"publisher\":{\"@id\":\"https:\/\/www.ludoturris.lt\/#organization\"},\"potentialAction\":[{\"@type\":\"SearchAction\",\"target\":{\"@type\":\"EntryPoint\",\"urlTemplate\":\"https:\/\/www.ludoturris.lt\/?s={search_term_string}\"},\"query-input\":\"required name=search_term_string\"}],\"inLanguage\":\"en-GB\"},{\"@type\":\"Organization\",\"@id\":\"https:\/\/www.ludoturris.lt\/#organization\",\"name\":\"Ludo Turris \u2013 Vakar\u0173 gama, UAB\",\"url\":\"https:\/\/www.ludoturris.lt\/\",\"logo\":{\"@type\":\"ImageObject\",\"inLanguage\":\"en-GB\",\"@id\":\"https:\/\/www.ludoturris.lt\/#\/schema\/logo\/image\/\",\"url\":\"https:\/\/www.ludoturris.lt\/wp-content\/uploads\/2020\/10\/logo@2x.png\",\"contentUrl\":\"https:\/\/www.ludoturris.lt\/wp-content\/uploads\/2020\/10\/logo@2x.png\",\"width\":300,\"height\":147,\"caption\":\"Ludo Turris \u2013 Vakar\u0173 gama, UAB\"},\"image\":{\"@id\":\"https:\/\/www.ludoturris.lt\/#\/schema\/logo\/image\/\"},\"sameAs\":[\"https:\/\/www.facebook.com\/Ludo-Turris-621921974895920\/\",\"https:\/\/www.youtube.com\/channel\/UCuBACq67N1NGC9LVudo4ngw\"]}]}<\/script>\n<!-- \/ Yoast SEO plugin. -->","yoast_head_json":{"title":"Vaiki\u0161kas stalo ir k\u0117d\u017ei\u0173 rinkinys - Ludo Turris","description":"Vaiki\u0161kas stalo ir k\u0117d\u017ei\u0173 rinkinys patogus ir tvirtas bald\u0173 komplektas vaikams. Puikiai tinka pie\u0161imui, mokymuisi ir \u017eaidimams, skatinant j\u0173 k\u016brybi\u0161kum\u0105.","robots":{"index":"index","follow":"follow","max-snippet":"max-snippet:-1","max-image-preview":"max-image-preview:large","max-video-preview":"max-video-preview:-1"},"canonical":"https:\/\/www.ludoturris.lt\/en\/product\/vaikiskas-stalo-ir-kedziu-rinkinys\/","og_locale":"en_GB","og_type":"article","og_title":"Vaiki\u0161kas stalo ir k\u0117d\u017ei\u0173 rinkinys - Ludo Turris","og_description":"Vaiki\u0161kas stalo ir k\u0117d\u017ei\u0173 rinkinys patogus ir tvirtas bald\u0173 komplektas vaikams. Puikiai tinka pie\u0161imui, mokymuisi ir \u017eaidimams, skatinant j\u0173 k\u016brybi\u0161kum\u0105.","og_url":"https:\/\/www.ludoturris.lt\/en\/product\/vaikiskas-stalo-ir-kedziu-rinkinys\/","og_site_name":"Ludo Turris","article_publisher":"https:\/\/www.facebook.com\/Ludo-Turris-621921974895920\/","article_modified_time":"2026-02-10T08:19:55+00:00","og_image":[{"width":537,"height":537,"url":"https:\/\/www.ludoturris.lt\/wp-content\/uploads\/2025\/03\/XKF002.png","type":"image\/png"}],"twitter_card":"summary_large_image","twitter_misc":{"Estimated reading time":"1 minute"},"schema":{"@context":"https:\/\/schema.org","@graph":[{"@type":"WebPage","@id":"https:\/\/www.ludoturris.lt\/produktas\/vaikiskas-stalo-ir-kedziu-rinkinys\/","url":"https:\/\/www.ludoturris.lt\/produktas\/vaikiskas-stalo-ir-kedziu-rinkinys\/","name":"Vaiki\u0161kas stalo ir k\u0117d\u017ei\u0173 rinkinys - Ludo Turris","isPartOf":{"@id":"https:\/\/www.ludoturris.lt\/#website"},"datePublished":"2025-03-10T06:50:25+00:00","dateModified":"2026-02-10T08:19:55+00:00","description":"Vaiki\u0161kas stalo ir k\u0117d\u017ei\u0173 rinkinys patogus ir tvirtas bald\u0173 komplektas vaikams. Puikiai tinka pie\u0161imui, mokymuisi ir \u017eaidimams, skatinant j\u0173 k\u016brybi\u0161kum\u0105.","breadcrumb":{"@id":"https:\/\/www.ludoturris.lt\/produktas\/vaikiskas-stalo-ir-kedziu-rinkinys\/#breadcrumb"},"inLanguage":"en-GB","potentialAction":[{"@type":"ReadAction","target":["https:\/\/www.ludoturris.lt\/produktas\/vaikiskas-stalo-ir-kedziu-rinkinys\/"]}]},{"@type":"BreadcrumbList","@id":"https:\/\/www.ludoturris.lt\/produktas\/vaikiskas-stalo-ir-kedziu-rinkinys\/#breadcrumb","itemListElement":[{"@type":"ListItem","position":1,"name":"Home","item":"https:\/\/www.ludoturris.lt\/"},{"@type":"ListItem","position":2,"name":"Parduotuv\u0117","item":"https:\/\/www.ludoturris.lt\/parduotuve\/"},{"@type":"ListItem","position":3,"name":"Vaiki\u0161kas stalo ir k\u0117d\u017ei\u0173 rinkinys"}]},{"@type":"WebSite","@id":"https:\/\/www.ludoturris.lt\/#website","url":"https:\/\/www.ludoturris.lt\/","name":"Ludo Turris","description":"K\u016brybi\u0161kum\u0105 ir fantazij\u0105 lavinan\u010dios kalad\u0117l\u0117s","publisher":{"@id":"https:\/\/www.ludoturris.lt\/#organization"},"potentialAction":[{"@type":"SearchAction","target":{"@type":"EntryPoint","urlTemplate":"https:\/\/www.ludoturris.lt\/?s={search_term_string}"},"query-input":"required name=search_term_string"}],"inLanguage":"en-GB"},{"@type":"Organization","@id":"https:\/\/www.ludoturris.lt\/#organization","name":"Ludo Turris \u2013 Vakar\u0173 gama, UAB","url":"https:\/\/www.ludoturris.lt\/","logo":{"@type":"ImageObject","inLanguage":"en-GB","@id":"https:\/\/www.ludoturris.lt\/#\/schema\/logo\/image\/","url":"https:\/\/www.ludoturris.lt\/wp-content\/uploads\/2020\/10\/logo@2x.png","contentUrl":"https:\/\/www.ludoturris.lt\/wp-content\/uploads\/2020\/10\/logo@2x.png","width":300,"height":147,"caption":"Ludo Turris \u2013 Vakar\u0173 gama, UAB"},"image":{"@id":"https:\/\/www.ludoturris.lt\/#\/schema\/logo\/image\/"},"sameAs":["https:\/\/www.facebook.com\/Ludo-Turris-621921974895920\/","https:\/\/www.youtube.com\/channel\/UCuBACq67N1NGC9LVudo4ngw"]}]}},"uagb_featured_image_src":{"full":["https:\/\/www.ludoturris.lt\/wp-content\/uploads\/2025\/03\/XKF002.png",537,537,false],"thumbnail":["https:\/\/www.ludoturris.lt\/wp-content\/uploads\/2025\/03\/XKF002-150x150.png",150,150,true],"medium":["https:\/\/www.ludoturris.lt\/wp-content\/uploads\/2025\/03\/XKF002-300x300.png",300,300,true],"medium_large":["https:\/\/www.ludoturris.lt\/wp-content\/uploads\/2025\/03\/XKF002.png",537,537,false],"large":["https:\/\/www.ludoturris.lt\/wp-content\/uploads\/2025\/03\/XKF002.png",537,537,false],"1536x1536":["https:\/\/www.ludoturris.lt\/wp-content\/uploads\/2025\/03\/XKF002.png",537,537,false],"2048x2048":["https:\/\/www.ludoturris.lt\/wp-content\/uploads\/2025\/03\/XKF002.png",537,537,false],"trp-custom-language-flag":["https:\/\/www.ludoturris.lt\/wp-content\/uploads\/2025\/03\/XKF002-12x12.png",12,12,true],"woocommerce_thumbnail":["https:\/\/www.ludoturris.lt\/wp-content\/uploads\/2025\/03\/XKF002-300x300.png",300,300,true],"woocommerce_single":["https:\/\/www.ludoturris.lt\/wp-content\/uploads\/2025\/03\/XKF002.png",537,537,false],"woocommerce_gallery_thumbnail":["https:\/\/www.ludoturris.lt\/wp-content\/uploads\/2025\/03\/XKF002-100x100.png",100,100,true],"variation_swatches_image_size":["https:\/\/www.ludoturris.lt\/wp-content\/uploads\/2025\/03\/XKF002-50x50.png",50,50,true],"variation_swatches_tooltip_size":["https:\/\/www.ludoturris.lt\/wp-content\/uploads\/2025\/03\/XKF002-100x100.png",100,100,true],"dgwt-wcas-product-suggestion":["https:\/\/www.ludoturris.lt\/wp-content\/uploads\/2025\/03\/XKF002.png",64,64,false]},"uagb_author_info":{"display_name":"LudoTurris","author_link":"https:\/\/www.ludoturris.lt\/en\/author\/"},"uagb_comment_info":0,"uagb_excerpt":"Medini\u0173 vaiki\u0161k\u0173 bald\u0173 komplektas, kur\u012f sudaro stalas ir dvi k\u0117d\u0117s, o po stalvir\u0161iu yra keturi papildomi skyreliai knygoms ir \u017eaislams. Stalo matmenys 50cm auk\u0161tis ir 60,5cm plotis. Stalvir\u0161\u012f sudaro du nuimami elementai, vienas i\u0161 j\u0173 skirtas lego kalad\u0117l\u0117m krauti, o kitas suteikia plok\u0161\u010di\u0105 pavir\u0161i\u0173, idealiai tinkant\u012f pie\u0161ti, tapyti ir kitiems k\u016brybiniams \u017eaidimams. Stabilus stalas ir&hellip;","_links":{"self":[{"href":"https:\/\/www.ludoturris.lt\/en\/wp-json\/wp\/v2\/product\/4586"}],"collection":[{"href":"https:\/\/www.ludoturris.lt\/en\/wp-json\/wp\/v2\/product"}],"about":[{"href":"https:\/\/www.ludoturris.lt\/en\/wp-json\/wp\/v2\/types\/product"}],"wp:featuredmedia":[{"embeddable":true,"href":"https:\/\/www.ludoturris.lt\/en\/wp-json\/wp\/v2\/media\/4587"}],"wp:attachment":[{"href":"https:\/\/www.ludoturris.lt\/en\/wp-json\/wp\/v2\/media?parent=4586"}],"wp:term":[{"taxonomy":"product_cat","embeddable":true,"href":"https:\/\/www.ludoturris.lt\/en\/wp-json\/wp\/v2\/product_cat?post=4586"},{"taxonomy":"product_tag","embeddable":true,"href":"https:\/\/www.ludoturris.lt\/en\/wp-json\/wp\/v2\/product_tag?post=4586"}],"curies":[{"name":"wp","href":"https:\/\/api.w.org\/{rel}","templated":true}]}}