{"id":4584,"date":"2025-03-10T04:40:35","date_gmt":"2025-03-10T06:40:35","guid":{"rendered":"https:\/\/www.ludoturris.lt\/?post_type=product&#038;p=4584"},"modified":"2026-02-10T06:24:36","modified_gmt":"2026-02-10T08:24:36","slug":"vaikiskas-tualetinis-staliukas-su-taburete","status":"publish","type":"product","link":"https:\/\/www.ludoturris.lt\/en\/product\/vaikiskas-tualetinis-staliukas-su-taburete\/","title":{"rendered":"Vaiki\u0161kas tualetinis staliukas su taburete"},"content":{"rendered":"<p>Rekomenduojamas am\u017eius: nuo 3 met\u0173. \u0160is \u017eaislas yra puikus ma\u017eiesiems makia\u017eo ir gro\u017eio myl\u0117tojams. Gali b\u016bti baltos ar rausvos spalvos pasirinkimas. Stilingas dizainas, tvirta konstrukcija u\u017etikrina saugum\u0105 ir ilgaam\u017ei\u0161kum\u0105. Rinkin\u012f sudaro daug aksesuar\u0173, tokie kaip plauk\u0173 d\u017eiovintuvas, \u0161epet\u0117lis, aki\u0173 \u0161e\u0161\u0117li\u0173 palet\u0117, pudra su p\u016btimo aplikatoriumi, nag\u0173 lakas, l\u016bp\u0173 da\u017eai ir buteliukas kvepal\u0173. Tualetinis staliukas apr\u016bpintas prakti\u0161kais stal\u010diais ir lentynomis, kuriose gal\u0117site susid\u0117ti priedus, o taburet\u0117 u\u017etikrina patog\u0173 \u017eaidim\u0105 pris\u0117dus. <\/p>","protected":false},"excerpt":{"rendered":"<p>Rekomenduojamas am\u017eius: nuo 3 met\u0173. \u0160is \u017eaislas yra puikus ma\u017eiesiems makia\u017eo ir gro\u017eio myl\u0117tojams. Gali b\u016bti baltos ar rausvos spalvos pasirinkimas. Stilingas dizainas, tvirta konstrukcija u\u017etikrina saugum\u0105 ir ilgaam\u017ei\u0161kum\u0105. Rinkin\u012f sudaro daug aksesuar\u0173, tokie kaip plauk\u0173 d\u017eiovintuvas, \u0161epet\u0117lis, aki\u0173 \u0161e\u0161\u0117li\u0173 palet\u0117, pudra su p\u016btimo aplikatoriumi, nag\u0173 lakas, l\u016bp\u0173 da\u017eai ir buteliukas kvepal\u0173. Tualetinis staliukas apr\u016bpintas &hellip;<\/p>\n<p class=\"read-more\"> <a class=\"\" href=\"https:\/\/www.ludoturris.lt\/en\/product\/vaikiskas-tualetinis-staliukas-su-taburete\/\"> <span class=\"screen-reader-text\">Vaiki\u0161kas tualetinis staliukas su taburete<\/span> Read More &raquo;<\/a><\/p>","protected":false},"featured_media":4585,"template":"","meta":{"_uag_custom_page_level_css":"","_themeisle_gutenberg_block_has_review":false},"product_cat":[92,69,96],"product_tag":[],"yoast_head":"<!-- This site is optimized with the Yoast SEO plugin v21.1 - https:\/\/yoast.com\/wordpress\/plugins\/seo\/ -->\n<title>Vaiki\u0161kas tualetinis staliukas su taburete - Ludo Turris<\/title>\n<meta name=\"description\" content=\"Vaiki\u0161kas tualetinis staliukas su taburete funkcionalus bald\u0173 rinkinys ma\u017eiesiems. Puikiai tinka gro\u017eio ritualams, lavina savaranki\u0161kum\u0105 ir k\u016brybi\u0161kum\u0105.\" \/>\n<meta name=\"robots\" content=\"index, follow, max-snippet:-1, max-image-preview:large, max-video-preview:-1\" \/>\n<link rel=\"canonical\" href=\"https:\/\/www.ludoturris.lt\/en\/product\/vaikiskas-tualetinis-staliukas-su-taburete\/\" \/>\n<meta property=\"og:locale\" content=\"en_GB\" \/>\n<meta property=\"og:type\" content=\"article\" \/>\n<meta property=\"og:title\" content=\"Vaiki\u0161kas tualetinis staliukas su taburete - Ludo Turris\" \/>\n<meta property=\"og:description\" content=\"Vaiki\u0161kas tualetinis staliukas su taburete funkcionalus bald\u0173 rinkinys ma\u017eiesiems. Puikiai tinka gro\u017eio ritualams, lavina savaranki\u0161kum\u0105 ir k\u016brybi\u0161kum\u0105.\" \/>\n<meta property=\"og:url\" content=\"https:\/\/www.ludoturris.lt\/en\/product\/vaikiskas-tualetinis-staliukas-su-taburete\/\" \/>\n<meta property=\"og:site_name\" content=\"Ludo Turris\" \/>\n<meta property=\"article:publisher\" content=\"https:\/\/www.facebook.com\/Ludo-Turris-621921974895920\/\" \/>\n<meta property=\"article:modified_time\" content=\"2026-02-10T08:24:36+00:00\" \/>\n<meta property=\"og:image\" content=\"https:\/\/www.ludoturris.lt\/wp-content\/uploads\/2025\/03\/2950M.png\" \/>\n\t<meta property=\"og:image:width\" content=\"537\" \/>\n\t<meta property=\"og:image:height\" content=\"537\" \/>\n\t<meta property=\"og:image:type\" content=\"image\/png\" \/>\n<meta name=\"twitter:card\" content=\"summary_large_image\" \/>\n<meta name=\"twitter:label1\" content=\"Estimated reading time\" \/>\n\t<meta name=\"twitter:data1\" content=\"1 minute\" \/>\n<script type=\"application\/ld+json\" class=\"yoast-schema-graph\">{\"@context\":\"https:\/\/schema.org\",\"@graph\":[{\"@type\":\"WebPage\",\"@id\":\"https:\/\/www.ludoturris.lt\/produktas\/vaikiskas-tualetinis-staliukas-su-taburete\/\",\"url\":\"https:\/\/www.ludoturris.lt\/produktas\/vaikiskas-tualetinis-staliukas-su-taburete\/\",\"name\":\"Vaiki\u0161kas tualetinis staliukas su taburete - Ludo Turris\",\"isPartOf\":{\"@id\":\"https:\/\/www.ludoturris.lt\/#website\"},\"datePublished\":\"2025-03-10T06:40:35+00:00\",\"dateModified\":\"2026-02-10T08:24:36+00:00\",\"description\":\"Vaiki\u0161kas tualetinis staliukas su taburete funkcionalus bald\u0173 rinkinys ma\u017eiesiems. Puikiai tinka gro\u017eio ritualams, lavina savaranki\u0161kum\u0105 ir k\u016brybi\u0161kum\u0105.\",\"breadcrumb\":{\"@id\":\"https:\/\/www.ludoturris.lt\/produktas\/vaikiskas-tualetinis-staliukas-su-taburete\/#breadcrumb\"},\"inLanguage\":\"en-GB\",\"potentialAction\":[{\"@type\":\"ReadAction\",\"target\":[\"https:\/\/www.ludoturris.lt\/produktas\/vaikiskas-tualetinis-staliukas-su-taburete\/\"]}]},{\"@type\":\"BreadcrumbList\",\"@id\":\"https:\/\/www.ludoturris.lt\/produktas\/vaikiskas-tualetinis-staliukas-su-taburete\/#breadcrumb\",\"itemListElement\":[{\"@type\":\"ListItem\",\"position\":1,\"name\":\"Home\",\"item\":\"https:\/\/www.ludoturris.lt\/\"},{\"@type\":\"ListItem\",\"position\":2,\"name\":\"Parduotuv\u0117\",\"item\":\"https:\/\/www.ludoturris.lt\/parduotuve\/\"},{\"@type\":\"ListItem\",\"position\":3,\"name\":\"Vaiki\u0161kas tualetinis staliukas su taburete\"}]},{\"@type\":\"WebSite\",\"@id\":\"https:\/\/www.ludoturris.lt\/#website\",\"url\":\"https:\/\/www.ludoturris.lt\/\",\"name\":\"Ludo Turris\",\"description\":\"K\u016brybi\u0161kum\u0105 ir fantazij\u0105 lavinan\u010dios kalad\u0117l\u0117s\",\"publisher\":{\"@id\":\"https:\/\/www.ludoturris.lt\/#organization\"},\"potentialAction\":[{\"@type\":\"SearchAction\",\"target\":{\"@type\":\"EntryPoint\",\"urlTemplate\":\"https:\/\/www.ludoturris.lt\/?s={search_term_string}\"},\"query-input\":\"required name=search_term_string\"}],\"inLanguage\":\"en-GB\"},{\"@type\":\"Organization\",\"@id\":\"https:\/\/www.ludoturris.lt\/#organization\",\"name\":\"Ludo Turris \u2013 Vakar\u0173 gama, UAB\",\"url\":\"https:\/\/www.ludoturris.lt\/\",\"logo\":{\"@type\":\"ImageObject\",\"inLanguage\":\"en-GB\",\"@id\":\"https:\/\/www.ludoturris.lt\/#\/schema\/logo\/image\/\",\"url\":\"https:\/\/www.ludoturris.lt\/wp-content\/uploads\/2020\/10\/logo@2x.png\",\"contentUrl\":\"https:\/\/www.ludoturris.lt\/wp-content\/uploads\/2020\/10\/logo@2x.png\",\"width\":300,\"height\":147,\"caption\":\"Ludo Turris \u2013 Vakar\u0173 gama, UAB\"},\"image\":{\"@id\":\"https:\/\/www.ludoturris.lt\/#\/schema\/logo\/image\/\"},\"sameAs\":[\"https:\/\/www.facebook.com\/Ludo-Turris-621921974895920\/\",\"https:\/\/www.youtube.com\/channel\/UCuBACq67N1NGC9LVudo4ngw\"]}]}<\/script>\n<!-- \/ Yoast SEO plugin. -->","yoast_head_json":{"title":"Vaiki\u0161kas tualetinis staliukas su taburete - Ludo Turris","description":"Vaiki\u0161kas tualetinis staliukas su taburete funkcionalus bald\u0173 rinkinys ma\u017eiesiems. Puikiai tinka gro\u017eio ritualams, lavina savaranki\u0161kum\u0105 ir k\u016brybi\u0161kum\u0105.","robots":{"index":"index","follow":"follow","max-snippet":"max-snippet:-1","max-image-preview":"max-image-preview:large","max-video-preview":"max-video-preview:-1"},"canonical":"https:\/\/www.ludoturris.lt\/en\/product\/vaikiskas-tualetinis-staliukas-su-taburete\/","og_locale":"en_GB","og_type":"article","og_title":"Vaiki\u0161kas tualetinis staliukas su taburete - Ludo Turris","og_description":"Vaiki\u0161kas tualetinis staliukas su taburete funkcionalus bald\u0173 rinkinys ma\u017eiesiems. Puikiai tinka gro\u017eio ritualams, lavina savaranki\u0161kum\u0105 ir k\u016brybi\u0161kum\u0105.","og_url":"https:\/\/www.ludoturris.lt\/en\/product\/vaikiskas-tualetinis-staliukas-su-taburete\/","og_site_name":"Ludo Turris","article_publisher":"https:\/\/www.facebook.com\/Ludo-Turris-621921974895920\/","article_modified_time":"2026-02-10T08:24:36+00:00","og_image":[{"width":537,"height":537,"url":"https:\/\/www.ludoturris.lt\/wp-content\/uploads\/2025\/03\/2950M.png","type":"image\/png"}],"twitter_card":"summary_large_image","twitter_misc":{"Estimated reading time":"1 minute"},"schema":{"@context":"https:\/\/schema.org","@graph":[{"@type":"WebPage","@id":"https:\/\/www.ludoturris.lt\/produktas\/vaikiskas-tualetinis-staliukas-su-taburete\/","url":"https:\/\/www.ludoturris.lt\/produktas\/vaikiskas-tualetinis-staliukas-su-taburete\/","name":"Vaiki\u0161kas tualetinis staliukas su taburete - Ludo Turris","isPartOf":{"@id":"https:\/\/www.ludoturris.lt\/#website"},"datePublished":"2025-03-10T06:40:35+00:00","dateModified":"2026-02-10T08:24:36+00:00","description":"Vaiki\u0161kas tualetinis staliukas su taburete funkcionalus bald\u0173 rinkinys ma\u017eiesiems. Puikiai tinka gro\u017eio ritualams, lavina savaranki\u0161kum\u0105 ir k\u016brybi\u0161kum\u0105.","breadcrumb":{"@id":"https:\/\/www.ludoturris.lt\/produktas\/vaikiskas-tualetinis-staliukas-su-taburete\/#breadcrumb"},"inLanguage":"en-GB","potentialAction":[{"@type":"ReadAction","target":["https:\/\/www.ludoturris.lt\/produktas\/vaikiskas-tualetinis-staliukas-su-taburete\/"]}]},{"@type":"BreadcrumbList","@id":"https:\/\/www.ludoturris.lt\/produktas\/vaikiskas-tualetinis-staliukas-su-taburete\/#breadcrumb","itemListElement":[{"@type":"ListItem","position":1,"name":"Home","item":"https:\/\/www.ludoturris.lt\/"},{"@type":"ListItem","position":2,"name":"Parduotuv\u0117","item":"https:\/\/www.ludoturris.lt\/parduotuve\/"},{"@type":"ListItem","position":3,"name":"Vaiki\u0161kas tualetinis staliukas su taburete"}]},{"@type":"WebSite","@id":"https:\/\/www.ludoturris.lt\/#website","url":"https:\/\/www.ludoturris.lt\/","name":"Ludo Turris","description":"K\u016brybi\u0161kum\u0105 ir fantazij\u0105 lavinan\u010dios kalad\u0117l\u0117s","publisher":{"@id":"https:\/\/www.ludoturris.lt\/#organization"},"potentialAction":[{"@type":"SearchAction","target":{"@type":"EntryPoint","urlTemplate":"https:\/\/www.ludoturris.lt\/?s={search_term_string}"},"query-input":"required name=search_term_string"}],"inLanguage":"en-GB"},{"@type":"Organization","@id":"https:\/\/www.ludoturris.lt\/#organization","name":"Ludo Turris \u2013 Vakar\u0173 gama, UAB","url":"https:\/\/www.ludoturris.lt\/","logo":{"@type":"ImageObject","inLanguage":"en-GB","@id":"https:\/\/www.ludoturris.lt\/#\/schema\/logo\/image\/","url":"https:\/\/www.ludoturris.lt\/wp-content\/uploads\/2020\/10\/logo@2x.png","contentUrl":"https:\/\/www.ludoturris.lt\/wp-content\/uploads\/2020\/10\/logo@2x.png","width":300,"height":147,"caption":"Ludo Turris \u2013 Vakar\u0173 gama, UAB"},"image":{"@id":"https:\/\/www.ludoturris.lt\/#\/schema\/logo\/image\/"},"sameAs":["https:\/\/www.facebook.com\/Ludo-Turris-621921974895920\/","https:\/\/www.youtube.com\/channel\/UCuBACq67N1NGC9LVudo4ngw"]}]}},"uagb_featured_image_src":{"full":["https:\/\/www.ludoturris.lt\/wp-content\/uploads\/2025\/03\/2950M.png",537,537,false],"thumbnail":["https:\/\/www.ludoturris.lt\/wp-content\/uploads\/2025\/03\/2950M-150x150.png",150,150,true],"medium":["https:\/\/www.ludoturris.lt\/wp-content\/uploads\/2025\/03\/2950M-300x300.png",300,300,true],"medium_large":["https:\/\/www.ludoturris.lt\/wp-content\/uploads\/2025\/03\/2950M.png",537,537,false],"large":["https:\/\/www.ludoturris.lt\/wp-content\/uploads\/2025\/03\/2950M.png",537,537,false],"1536x1536":["https:\/\/www.ludoturris.lt\/wp-content\/uploads\/2025\/03\/2950M.png",537,537,false],"2048x2048":["https:\/\/www.ludoturris.lt\/wp-content\/uploads\/2025\/03\/2950M.png",537,537,false],"trp-custom-language-flag":["https:\/\/www.ludoturris.lt\/wp-content\/uploads\/2025\/03\/2950M-12x12.png",12,12,true],"woocommerce_thumbnail":["https:\/\/www.ludoturris.lt\/wp-content\/uploads\/2025\/03\/2950M-300x300.png",300,300,true],"woocommerce_single":["https:\/\/www.ludoturris.lt\/wp-content\/uploads\/2025\/03\/2950M.png",537,537,false],"woocommerce_gallery_thumbnail":["https:\/\/www.ludoturris.lt\/wp-content\/uploads\/2025\/03\/2950M-100x100.png",100,100,true],"variation_swatches_image_size":["https:\/\/www.ludoturris.lt\/wp-content\/uploads\/2025\/03\/2950M-50x50.png",50,50,true],"variation_swatches_tooltip_size":["https:\/\/www.ludoturris.lt\/wp-content\/uploads\/2025\/03\/2950M-100x100.png",100,100,true],"dgwt-wcas-product-suggestion":["https:\/\/www.ludoturris.lt\/wp-content\/uploads\/2025\/03\/2950M.png",64,64,false]},"uagb_author_info":{"display_name":"LudoTurris","author_link":"https:\/\/www.ludoturris.lt\/en\/author\/"},"uagb_comment_info":0,"uagb_excerpt":"Rekomenduojamas am\u017eius: nuo 3 met\u0173. \u0160is \u017eaislas yra puikus ma\u017eiesiems makia\u017eo ir gro\u017eio myl\u0117tojams. Gali b\u016bti baltos ar rausvos spalvos pasirinkimas. Stilingas dizainas, tvirta konstrukcija u\u017etikrina saugum\u0105 ir ilgaam\u017ei\u0161kum\u0105. Rinkin\u012f sudaro daug aksesuar\u0173, tokie kaip plauk\u0173 d\u017eiovintuvas, \u0161epet\u0117lis, aki\u0173 \u0161e\u0161\u0117li\u0173 palet\u0117, pudra su p\u016btimo aplikatoriumi, nag\u0173 lakas, l\u016bp\u0173 da\u017eai ir buteliukas kvepal\u0173. Tualetinis staliukas apr\u016bpintas&hellip;","_links":{"self":[{"href":"https:\/\/www.ludoturris.lt\/en\/wp-json\/wp\/v2\/product\/4584"}],"collection":[{"href":"https:\/\/www.ludoturris.lt\/en\/wp-json\/wp\/v2\/product"}],"about":[{"href":"https:\/\/www.ludoturris.lt\/en\/wp-json\/wp\/v2\/types\/product"}],"wp:featuredmedia":[{"embeddable":true,"href":"https:\/\/www.ludoturris.lt\/en\/wp-json\/wp\/v2\/media\/4585"}],"wp:attachment":[{"href":"https:\/\/www.ludoturris.lt\/en\/wp-json\/wp\/v2\/media?parent=4584"}],"wp:term":[{"taxonomy":"product_cat","embeddable":true,"href":"https:\/\/www.ludoturris.lt\/en\/wp-json\/wp\/v2\/product_cat?post=4584"},{"taxonomy":"product_tag","embeddable":true,"href":"https:\/\/www.ludoturris.lt\/en\/wp-json\/wp\/v2\/product_tag?post=4584"}],"curies":[{"name":"wp","href":"https:\/\/api.w.org\/{rel}","templated":true}]}}