{"id":4569,"date":"2025-03-09T17:10:02","date_gmt":"2025-03-09T19:10:02","guid":{"rendered":"https:\/\/www.ludoturris.lt\/?post_type=product&#038;p=4569"},"modified":"2026-02-06T11:16:34","modified_gmt":"2026-02-06T13:16:34","slug":"medine-stumdoma-gaisrine","status":"publish","type":"product","link":"https:\/\/www.ludoturris.lt\/en\/product\/medine-stumdoma-gaisrine\/","title":{"rendered":"Medin\u0117 stumdoma &#8220;gaisrin\u0117&#8221;"},"content":{"rendered":"<p>Rekomenduojamas am\u017eius: nuo 3 met\u0173. I\u0161 med\u017eio pagaminta vaik\u0161tyn\u0117 46x28x41,5cm lavina ne tik mokym\u0105si vaik\u0161\u010dioti, bet ir ma\u017e\u0173 vaik\u0173 motorik\u0105. Jame yra tinkamame auk\u0161tyje \u012ftaisyta rankena, kuri leid\u017eia vaikui lengviau stumti ve\u017eim\u0117l\u012f. Jame yra vietos \u017eaislams transportuoti. \u012e komplekt\u0105 \u012feina 6 medin\u0117s kalad\u0117l\u0117s, kuriomis galima \u017eaist su r\u016b\u0161iuotoju. Ma\u0161inos \u0161onuose yra spalvingi, besisukantys krumpliara\u010diai, lavinantys vaiko rank\u0173 \u012fg\u016bd\u017eius.<\/p>","protected":false},"excerpt":{"rendered":"<p>Rekomenduojamas am\u017eius: nuo 3 met\u0173. I\u0161 med\u017eio pagaminta vaik\u0161tyn\u0117 46x28x41,5cm lavina ne tik mokym\u0105si vaik\u0161\u010dioti, bet ir ma\u017e\u0173 vaik\u0173 motorik\u0105. Jame yra tinkamame auk\u0161tyje \u012ftaisyta rankena, kuri leid\u017eia vaikui lengviau stumti ve\u017eim\u0117l\u012f. Jame yra vietos \u017eaislams transportuoti. \u012e komplekt\u0105 \u012feina 6 medin\u0117s kalad\u0117l\u0117s, kuriomis galima \u017eaist su r\u016b\u0161iuotoju. Ma\u0161inos \u0161onuose yra spalvingi, besisukantys krumpliara\u010diai, lavinantys &hellip;<\/p>\n<p class=\"read-more\"> <a class=\"\" href=\"https:\/\/www.ludoturris.lt\/en\/product\/medine-stumdoma-gaisrine\/\"> <span class=\"screen-reader-text\">Medin\u0117 stumdoma &#8220;gaisrin\u0117&#8221;<\/span> Read More &raquo;<\/a><\/p>","protected":false},"featured_media":4570,"template":"","meta":{"_uag_custom_page_level_css":"","_themeisle_gutenberg_block_has_review":false},"product_cat":[69,96],"product_tag":[],"yoast_head":"<!-- This site is optimized with the Yoast SEO plugin v21.1 - https:\/\/yoast.com\/wordpress\/plugins\/seo\/ -->\n<title>Medin\u0117 stumdoma &quot;gaisrin\u0117&quot; - Ludo Turris<\/title>\n<meta name=\"description\" content=\"Medin\u0117 stumdoma gaisrin\u0117 ma\u0161ina \u2013 tvirtas ir smagus \u017eaislas vaikams. Skatina vaizduot\u0119, lavina motorik\u0105 ir suteikia d\u017eiaugsmo gelb\u0117jimo misijose.\" \/>\n<meta name=\"robots\" content=\"index, follow, max-snippet:-1, max-image-preview:large, max-video-preview:-1\" \/>\n<link rel=\"canonical\" href=\"https:\/\/www.ludoturris.lt\/en\/product\/medine-stumdoma-gaisrine\/\" \/>\n<meta property=\"og:locale\" content=\"en_GB\" \/>\n<meta property=\"og:type\" content=\"article\" \/>\n<meta property=\"og:title\" content=\"Medin\u0117 stumdoma &quot;gaisrin\u0117&quot; - Ludo Turris\" \/>\n<meta property=\"og:description\" content=\"Medin\u0117 stumdoma gaisrin\u0117 ma\u0161ina \u2013 tvirtas ir smagus \u017eaislas vaikams. Skatina vaizduot\u0119, lavina motorik\u0105 ir suteikia d\u017eiaugsmo gelb\u0117jimo misijose.\" \/>\n<meta property=\"og:url\" content=\"https:\/\/www.ludoturris.lt\/en\/product\/medine-stumdoma-gaisrine\/\" \/>\n<meta property=\"og:site_name\" content=\"Ludo Turris\" \/>\n<meta property=\"article:publisher\" content=\"https:\/\/www.facebook.com\/Ludo-Turris-621921974895920\/\" \/>\n<meta property=\"article:modified_time\" content=\"2026-02-06T13:16:34+00:00\" \/>\n<meta property=\"og:image\" content=\"https:\/\/www.ludoturris.lt\/wp-content\/uploads\/2025\/03\/TL09025.png\" \/>\n\t<meta property=\"og:image:width\" content=\"537\" \/>\n\t<meta property=\"og:image:height\" content=\"537\" \/>\n\t<meta property=\"og:image:type\" content=\"image\/png\" \/>\n<meta name=\"twitter:card\" content=\"summary_large_image\" \/>\n<meta name=\"twitter:label1\" content=\"Estimated reading time\" \/>\n\t<meta name=\"twitter:data1\" content=\"1 minute\" \/>\n<script type=\"application\/ld+json\" class=\"yoast-schema-graph\">{\"@context\":\"https:\/\/schema.org\",\"@graph\":[{\"@type\":\"WebPage\",\"@id\":\"https:\/\/www.ludoturris.lt\/produktas\/medine-stumdoma-gaisrine\/\",\"url\":\"https:\/\/www.ludoturris.lt\/produktas\/medine-stumdoma-gaisrine\/\",\"name\":\"Medin\u0117 stumdoma \\\"gaisrin\u0117\\\" - Ludo Turris\",\"isPartOf\":{\"@id\":\"https:\/\/www.ludoturris.lt\/#website\"},\"datePublished\":\"2025-03-09T19:10:02+00:00\",\"dateModified\":\"2026-02-06T13:16:34+00:00\",\"description\":\"Medin\u0117 stumdoma gaisrin\u0117 ma\u0161ina \u2013 tvirtas ir smagus \u017eaislas vaikams. Skatina vaizduot\u0119, lavina motorik\u0105 ir suteikia d\u017eiaugsmo gelb\u0117jimo misijose.\",\"breadcrumb\":{\"@id\":\"https:\/\/www.ludoturris.lt\/produktas\/medine-stumdoma-gaisrine\/#breadcrumb\"},\"inLanguage\":\"en-GB\",\"potentialAction\":[{\"@type\":\"ReadAction\",\"target\":[\"https:\/\/www.ludoturris.lt\/produktas\/medine-stumdoma-gaisrine\/\"]}]},{\"@type\":\"BreadcrumbList\",\"@id\":\"https:\/\/www.ludoturris.lt\/produktas\/medine-stumdoma-gaisrine\/#breadcrumb\",\"itemListElement\":[{\"@type\":\"ListItem\",\"position\":1,\"name\":\"Home\",\"item\":\"https:\/\/www.ludoturris.lt\/\"},{\"@type\":\"ListItem\",\"position\":2,\"name\":\"Parduotuv\u0117\",\"item\":\"https:\/\/www.ludoturris.lt\/parduotuve\/\"},{\"@type\":\"ListItem\",\"position\":3,\"name\":\"Medin\u0117 stumdoma &#8220;gaisrin\u0117&#8221;\"}]},{\"@type\":\"WebSite\",\"@id\":\"https:\/\/www.ludoturris.lt\/#website\",\"url\":\"https:\/\/www.ludoturris.lt\/\",\"name\":\"Ludo Turris\",\"description\":\"K\u016brybi\u0161kum\u0105 ir fantazij\u0105 lavinan\u010dios kalad\u0117l\u0117s\",\"publisher\":{\"@id\":\"https:\/\/www.ludoturris.lt\/#organization\"},\"potentialAction\":[{\"@type\":\"SearchAction\",\"target\":{\"@type\":\"EntryPoint\",\"urlTemplate\":\"https:\/\/www.ludoturris.lt\/?s={search_term_string}\"},\"query-input\":\"required name=search_term_string\"}],\"inLanguage\":\"en-GB\"},{\"@type\":\"Organization\",\"@id\":\"https:\/\/www.ludoturris.lt\/#organization\",\"name\":\"Ludo Turris \u2013 Vakar\u0173 gama, UAB\",\"url\":\"https:\/\/www.ludoturris.lt\/\",\"logo\":{\"@type\":\"ImageObject\",\"inLanguage\":\"en-GB\",\"@id\":\"https:\/\/www.ludoturris.lt\/#\/schema\/logo\/image\/\",\"url\":\"https:\/\/www.ludoturris.lt\/wp-content\/uploads\/2020\/10\/logo@2x.png\",\"contentUrl\":\"https:\/\/www.ludoturris.lt\/wp-content\/uploads\/2020\/10\/logo@2x.png\",\"width\":300,\"height\":147,\"caption\":\"Ludo Turris \u2013 Vakar\u0173 gama, UAB\"},\"image\":{\"@id\":\"https:\/\/www.ludoturris.lt\/#\/schema\/logo\/image\/\"},\"sameAs\":[\"https:\/\/www.facebook.com\/Ludo-Turris-621921974895920\/\",\"https:\/\/www.youtube.com\/channel\/UCuBACq67N1NGC9LVudo4ngw\"]}]}<\/script>\n<!-- \/ Yoast SEO plugin. -->","yoast_head_json":{"title":"Medin\u0117 stumdoma \"gaisrin\u0117\" - Ludo Turris","description":"Medin\u0117 stumdoma gaisrin\u0117 ma\u0161ina \u2013 tvirtas ir smagus \u017eaislas vaikams. Skatina vaizduot\u0119, lavina motorik\u0105 ir suteikia d\u017eiaugsmo gelb\u0117jimo misijose.","robots":{"index":"index","follow":"follow","max-snippet":"max-snippet:-1","max-image-preview":"max-image-preview:large","max-video-preview":"max-video-preview:-1"},"canonical":"https:\/\/www.ludoturris.lt\/en\/product\/medine-stumdoma-gaisrine\/","og_locale":"en_GB","og_type":"article","og_title":"Medin\u0117 stumdoma \"gaisrin\u0117\" - Ludo Turris","og_description":"Medin\u0117 stumdoma gaisrin\u0117 ma\u0161ina \u2013 tvirtas ir smagus \u017eaislas vaikams. Skatina vaizduot\u0119, lavina motorik\u0105 ir suteikia d\u017eiaugsmo gelb\u0117jimo misijose.","og_url":"https:\/\/www.ludoturris.lt\/en\/product\/medine-stumdoma-gaisrine\/","og_site_name":"Ludo Turris","article_publisher":"https:\/\/www.facebook.com\/Ludo-Turris-621921974895920\/","article_modified_time":"2026-02-06T13:16:34+00:00","og_image":[{"width":537,"height":537,"url":"https:\/\/www.ludoturris.lt\/wp-content\/uploads\/2025\/03\/TL09025.png","type":"image\/png"}],"twitter_card":"summary_large_image","twitter_misc":{"Estimated reading time":"1 minute"},"schema":{"@context":"https:\/\/schema.org","@graph":[{"@type":"WebPage","@id":"https:\/\/www.ludoturris.lt\/produktas\/medine-stumdoma-gaisrine\/","url":"https:\/\/www.ludoturris.lt\/produktas\/medine-stumdoma-gaisrine\/","name":"Medin\u0117 stumdoma \"gaisrin\u0117\" - Ludo Turris","isPartOf":{"@id":"https:\/\/www.ludoturris.lt\/#website"},"datePublished":"2025-03-09T19:10:02+00:00","dateModified":"2026-02-06T13:16:34+00:00","description":"Medin\u0117 stumdoma gaisrin\u0117 ma\u0161ina \u2013 tvirtas ir smagus \u017eaislas vaikams. Skatina vaizduot\u0119, lavina motorik\u0105 ir suteikia d\u017eiaugsmo gelb\u0117jimo misijose.","breadcrumb":{"@id":"https:\/\/www.ludoturris.lt\/produktas\/medine-stumdoma-gaisrine\/#breadcrumb"},"inLanguage":"en-GB","potentialAction":[{"@type":"ReadAction","target":["https:\/\/www.ludoturris.lt\/produktas\/medine-stumdoma-gaisrine\/"]}]},{"@type":"BreadcrumbList","@id":"https:\/\/www.ludoturris.lt\/produktas\/medine-stumdoma-gaisrine\/#breadcrumb","itemListElement":[{"@type":"ListItem","position":1,"name":"Home","item":"https:\/\/www.ludoturris.lt\/"},{"@type":"ListItem","position":2,"name":"Parduotuv\u0117","item":"https:\/\/www.ludoturris.lt\/parduotuve\/"},{"@type":"ListItem","position":3,"name":"Medin\u0117 stumdoma &#8220;gaisrin\u0117&#8221;"}]},{"@type":"WebSite","@id":"https:\/\/www.ludoturris.lt\/#website","url":"https:\/\/www.ludoturris.lt\/","name":"Ludo Turris","description":"K\u016brybi\u0161kum\u0105 ir fantazij\u0105 lavinan\u010dios kalad\u0117l\u0117s","publisher":{"@id":"https:\/\/www.ludoturris.lt\/#organization"},"potentialAction":[{"@type":"SearchAction","target":{"@type":"EntryPoint","urlTemplate":"https:\/\/www.ludoturris.lt\/?s={search_term_string}"},"query-input":"required name=search_term_string"}],"inLanguage":"en-GB"},{"@type":"Organization","@id":"https:\/\/www.ludoturris.lt\/#organization","name":"Ludo Turris \u2013 Vakar\u0173 gama, UAB","url":"https:\/\/www.ludoturris.lt\/","logo":{"@type":"ImageObject","inLanguage":"en-GB","@id":"https:\/\/www.ludoturris.lt\/#\/schema\/logo\/image\/","url":"https:\/\/www.ludoturris.lt\/wp-content\/uploads\/2020\/10\/logo@2x.png","contentUrl":"https:\/\/www.ludoturris.lt\/wp-content\/uploads\/2020\/10\/logo@2x.png","width":300,"height":147,"caption":"Ludo Turris \u2013 Vakar\u0173 gama, UAB"},"image":{"@id":"https:\/\/www.ludoturris.lt\/#\/schema\/logo\/image\/"},"sameAs":["https:\/\/www.facebook.com\/Ludo-Turris-621921974895920\/","https:\/\/www.youtube.com\/channel\/UCuBACq67N1NGC9LVudo4ngw"]}]}},"uagb_featured_image_src":{"full":["https:\/\/www.ludoturris.lt\/wp-content\/uploads\/2025\/03\/TL09025.png",537,537,false],"thumbnail":["https:\/\/www.ludoturris.lt\/wp-content\/uploads\/2025\/03\/TL09025-150x150.png",150,150,true],"medium":["https:\/\/www.ludoturris.lt\/wp-content\/uploads\/2025\/03\/TL09025-300x300.png",300,300,true],"medium_large":["https:\/\/www.ludoturris.lt\/wp-content\/uploads\/2025\/03\/TL09025.png",537,537,false],"large":["https:\/\/www.ludoturris.lt\/wp-content\/uploads\/2025\/03\/TL09025.png",537,537,false],"1536x1536":["https:\/\/www.ludoturris.lt\/wp-content\/uploads\/2025\/03\/TL09025.png",537,537,false],"2048x2048":["https:\/\/www.ludoturris.lt\/wp-content\/uploads\/2025\/03\/TL09025.png",537,537,false],"trp-custom-language-flag":["https:\/\/www.ludoturris.lt\/wp-content\/uploads\/2025\/03\/TL09025-12x12.png",12,12,true],"woocommerce_thumbnail":["https:\/\/www.ludoturris.lt\/wp-content\/uploads\/2025\/03\/TL09025-300x300.png",300,300,true],"woocommerce_single":["https:\/\/www.ludoturris.lt\/wp-content\/uploads\/2025\/03\/TL09025.png",537,537,false],"woocommerce_gallery_thumbnail":["https:\/\/www.ludoturris.lt\/wp-content\/uploads\/2025\/03\/TL09025-100x100.png",100,100,true],"variation_swatches_image_size":["https:\/\/www.ludoturris.lt\/wp-content\/uploads\/2025\/03\/TL09025-50x50.png",50,50,true],"variation_swatches_tooltip_size":["https:\/\/www.ludoturris.lt\/wp-content\/uploads\/2025\/03\/TL09025-100x100.png",100,100,true],"dgwt-wcas-product-suggestion":["https:\/\/www.ludoturris.lt\/wp-content\/uploads\/2025\/03\/TL09025.png",64,64,false]},"uagb_author_info":{"display_name":"LudoTurris","author_link":"https:\/\/www.ludoturris.lt\/en\/author\/"},"uagb_comment_info":0,"uagb_excerpt":"Rekomenduojamas am\u017eius: nuo 3 met\u0173. I\u0161 med\u017eio pagaminta vaik\u0161tyn\u0117 46x28x41,5cm lavina ne tik mokym\u0105si vaik\u0161\u010dioti, bet ir ma\u017e\u0173 vaik\u0173 motorik\u0105. Jame yra tinkamame auk\u0161tyje \u012ftaisyta rankena, kuri leid\u017eia vaikui lengviau stumti ve\u017eim\u0117l\u012f. Jame yra vietos \u017eaislams transportuoti. \u012e komplekt\u0105 \u012feina 6 medin\u0117s kalad\u0117l\u0117s, kuriomis galima \u017eaist su r\u016b\u0161iuotoju. Ma\u0161inos \u0161onuose yra spalvingi, besisukantys krumpliara\u010diai, lavinantys&hellip;","_links":{"self":[{"href":"https:\/\/www.ludoturris.lt\/en\/wp-json\/wp\/v2\/product\/4569"}],"collection":[{"href":"https:\/\/www.ludoturris.lt\/en\/wp-json\/wp\/v2\/product"}],"about":[{"href":"https:\/\/www.ludoturris.lt\/en\/wp-json\/wp\/v2\/types\/product"}],"wp:featuredmedia":[{"embeddable":true,"href":"https:\/\/www.ludoturris.lt\/en\/wp-json\/wp\/v2\/media\/4570"}],"wp:attachment":[{"href":"https:\/\/www.ludoturris.lt\/en\/wp-json\/wp\/v2\/media?parent=4569"}],"wp:term":[{"taxonomy":"product_cat","embeddable":true,"href":"https:\/\/www.ludoturris.lt\/en\/wp-json\/wp\/v2\/product_cat?post=4569"},{"taxonomy":"product_tag","embeddable":true,"href":"https:\/\/www.ludoturris.lt\/en\/wp-json\/wp\/v2\/product_tag?post=4569"}],"curies":[{"name":"wp","href":"https:\/\/api.w.org\/{rel}","templated":true}]}}