{"id":4561,"date":"2025-03-09T16:48:41","date_gmt":"2025-03-09T18:48:41","guid":{"rendered":"https:\/\/www.ludoturris.lt\/?post_type=product&#038;p=4561"},"modified":"2026-02-06T11:17:02","modified_gmt":"2026-02-06T13:17:02","slug":"medinis-leliu-vezimelis-su-stogeliu","status":"publish","type":"product","link":"https:\/\/www.ludoturris.lt\/en\/product\/medinis-leliu-vezimelis-su-stogeliu\/","title":{"rendered":"Medinis l\u0117li\u0173 ve\u017eim\u0117lis su stogeliu"},"content":{"rendered":"<p>Rekomenduojamas am\u017eius: nuo 3 met\u0173. Medinis l\u0117li\u0173 ve\u017eim\u0117lis 38x22x47cm yra tvirtas \u017eaislas, padedantis vaikams i\u0161mokti vaik\u0161\u010dioti. Ve\u017eim\u0117lis turi stog\u0105 ir neslid\u017eius ratus, kurie u\u017etikrina saugum\u0105 tiek namuose, tiek lauke. Gra\u017eios spalvos, \u0161irdel\u0117s ir subtil\u016bs ra\u0161tai paver\u010dia ve\u017eim\u0117l\u012f m\u0117gstamiausiu kiekvienos mergait\u0117s. Ve\u017eim\u0117lis tai mielas ir prakti\u0161kas \u017eaislas vaikams, skatinantis k\u016brybi\u0161k\u0105 \u017eaidim\u0105 ir r\u016bpestingum\u0105.<\/p>","protected":false},"excerpt":{"rendered":"<p>Rekomenduojamas am\u017eius: nuo 3 met\u0173. Medinis l\u0117li\u0173 ve\u017eim\u0117lis 38x22x47cm yra tvirtas \u017eaislas, padedantis vaikams i\u0161mokti vaik\u0161\u010dioti. Ve\u017eim\u0117lis turi stog\u0105 ir neslid\u017eius ratus, kurie u\u017etikrina saugum\u0105 tiek namuose, tiek lauke. Gra\u017eios spalvos, \u0161irdel\u0117s ir subtil\u016bs ra\u0161tai paver\u010dia ve\u017eim\u0117l\u012f m\u0117gstamiausiu kiekvienos mergait\u0117s. Ve\u017eim\u0117lis tai mielas ir prakti\u0161kas \u017eaislas vaikams, skatinantis k\u016brybi\u0161k\u0105 \u017eaidim\u0105 ir r\u016bpestingum\u0105.<\/p>","protected":false},"featured_media":5181,"template":"","meta":{"_uag_custom_page_level_css":"","_themeisle_gutenberg_block_has_review":false},"product_cat":[69,93,96],"product_tag":[],"yoast_head":"<!-- This site is optimized with the Yoast SEO plugin v21.1 - https:\/\/yoast.com\/wordpress\/plugins\/seo\/ -->\n<title>Medinis l\u0117li\u0173 ve\u017eim\u0117lis su stogeliu - Ludo Turris<\/title>\n<meta name=\"description\" content=\"Medinis l\u0117li\u0173 ve\u017eim\u0117lis stilingas ir tvirtas \u017eaislas vaikams. Skatina vaizduot\u0119, lavina motorik\u0105 ir suteikia d\u017eiaugsmo ve\u017eant m\u0117gstamas l\u0117les pasivaik\u0161\u010dioti\" \/>\n<meta name=\"robots\" content=\"index, follow, max-snippet:-1, max-image-preview:large, max-video-preview:-1\" \/>\n<link rel=\"canonical\" href=\"https:\/\/www.ludoturris.lt\/en\/product\/medinis-leliu-vezimelis-su-stogeliu\/\" \/>\n<meta property=\"og:locale\" content=\"en_GB\" \/>\n<meta property=\"og:type\" content=\"article\" \/>\n<meta property=\"og:title\" content=\"Medinis l\u0117li\u0173 ve\u017eim\u0117lis su stogeliu - Ludo Turris\" \/>\n<meta property=\"og:description\" content=\"Medinis l\u0117li\u0173 ve\u017eim\u0117lis stilingas ir tvirtas \u017eaislas vaikams. Skatina vaizduot\u0119, lavina motorik\u0105 ir suteikia d\u017eiaugsmo ve\u017eant m\u0117gstamas l\u0117les pasivaik\u0161\u010dioti\" \/>\n<meta property=\"og:url\" content=\"https:\/\/www.ludoturris.lt\/en\/product\/medinis-leliu-vezimelis-su-stogeliu\/\" \/>\n<meta property=\"og:site_name\" content=\"Ludo Turris\" \/>\n<meta property=\"article:publisher\" content=\"https:\/\/www.facebook.com\/Ludo-Turris-621921974895920\/\" \/>\n<meta property=\"article:modified_time\" content=\"2026-02-06T13:17:02+00:00\" \/>\n<meta property=\"og:image\" content=\"https:\/\/www.ludoturris.lt\/wp-content\/uploads\/2025\/03\/TL00016.png\" \/>\n\t<meta property=\"og:image:width\" content=\"2000\" \/>\n\t<meta property=\"og:image:height\" content=\"2000\" \/>\n\t<meta property=\"og:image:type\" content=\"image\/png\" \/>\n<meta name=\"twitter:card\" content=\"summary_large_image\" \/>\n<meta name=\"twitter:label1\" content=\"Estimated reading time\" \/>\n\t<meta name=\"twitter:data1\" content=\"1 minute\" \/>\n<script type=\"application\/ld+json\" class=\"yoast-schema-graph\">{\"@context\":\"https:\/\/schema.org\",\"@graph\":[{\"@type\":\"WebPage\",\"@id\":\"https:\/\/www.ludoturris.lt\/produktas\/medinis-leliu-vezimelis-su-stogeliu\/\",\"url\":\"https:\/\/www.ludoturris.lt\/produktas\/medinis-leliu-vezimelis-su-stogeliu\/\",\"name\":\"Medinis l\u0117li\u0173 ve\u017eim\u0117lis su stogeliu - Ludo Turris\",\"isPartOf\":{\"@id\":\"https:\/\/www.ludoturris.lt\/#website\"},\"datePublished\":\"2025-03-09T18:48:41+00:00\",\"dateModified\":\"2026-02-06T13:17:02+00:00\",\"description\":\"Medinis l\u0117li\u0173 ve\u017eim\u0117lis stilingas ir tvirtas \u017eaislas vaikams. Skatina vaizduot\u0119, lavina motorik\u0105 ir suteikia d\u017eiaugsmo ve\u017eant m\u0117gstamas l\u0117les pasivaik\u0161\u010dioti\",\"breadcrumb\":{\"@id\":\"https:\/\/www.ludoturris.lt\/produktas\/medinis-leliu-vezimelis-su-stogeliu\/#breadcrumb\"},\"inLanguage\":\"en-GB\",\"potentialAction\":[{\"@type\":\"ReadAction\",\"target\":[\"https:\/\/www.ludoturris.lt\/produktas\/medinis-leliu-vezimelis-su-stogeliu\/\"]}]},{\"@type\":\"BreadcrumbList\",\"@id\":\"https:\/\/www.ludoturris.lt\/produktas\/medinis-leliu-vezimelis-su-stogeliu\/#breadcrumb\",\"itemListElement\":[{\"@type\":\"ListItem\",\"position\":1,\"name\":\"Home\",\"item\":\"https:\/\/www.ludoturris.lt\/\"},{\"@type\":\"ListItem\",\"position\":2,\"name\":\"Parduotuv\u0117\",\"item\":\"https:\/\/www.ludoturris.lt\/parduotuve\/\"},{\"@type\":\"ListItem\",\"position\":3,\"name\":\"Medinis l\u0117li\u0173 ve\u017eim\u0117lis su stogeliu\"}]},{\"@type\":\"WebSite\",\"@id\":\"https:\/\/www.ludoturris.lt\/#website\",\"url\":\"https:\/\/www.ludoturris.lt\/\",\"name\":\"Ludo Turris\",\"description\":\"K\u016brybi\u0161kum\u0105 ir fantazij\u0105 lavinan\u010dios kalad\u0117l\u0117s\",\"publisher\":{\"@id\":\"https:\/\/www.ludoturris.lt\/#organization\"},\"potentialAction\":[{\"@type\":\"SearchAction\",\"target\":{\"@type\":\"EntryPoint\",\"urlTemplate\":\"https:\/\/www.ludoturris.lt\/?s={search_term_string}\"},\"query-input\":\"required name=search_term_string\"}],\"inLanguage\":\"en-GB\"},{\"@type\":\"Organization\",\"@id\":\"https:\/\/www.ludoturris.lt\/#organization\",\"name\":\"Ludo Turris \u2013 Vakar\u0173 gama, UAB\",\"url\":\"https:\/\/www.ludoturris.lt\/\",\"logo\":{\"@type\":\"ImageObject\",\"inLanguage\":\"en-GB\",\"@id\":\"https:\/\/www.ludoturris.lt\/#\/schema\/logo\/image\/\",\"url\":\"https:\/\/www.ludoturris.lt\/wp-content\/uploads\/2020\/10\/logo@2x.png\",\"contentUrl\":\"https:\/\/www.ludoturris.lt\/wp-content\/uploads\/2020\/10\/logo@2x.png\",\"width\":300,\"height\":147,\"caption\":\"Ludo Turris \u2013 Vakar\u0173 gama, UAB\"},\"image\":{\"@id\":\"https:\/\/www.ludoturris.lt\/#\/schema\/logo\/image\/\"},\"sameAs\":[\"https:\/\/www.facebook.com\/Ludo-Turris-621921974895920\/\",\"https:\/\/www.youtube.com\/channel\/UCuBACq67N1NGC9LVudo4ngw\"]}]}<\/script>\n<!-- \/ Yoast SEO plugin. -->","yoast_head_json":{"title":"Medinis l\u0117li\u0173 ve\u017eim\u0117lis su stogeliu - Ludo Turris","description":"Medinis l\u0117li\u0173 ve\u017eim\u0117lis stilingas ir tvirtas \u017eaislas vaikams. Skatina vaizduot\u0119, lavina motorik\u0105 ir suteikia d\u017eiaugsmo ve\u017eant m\u0117gstamas l\u0117les pasivaik\u0161\u010dioti","robots":{"index":"index","follow":"follow","max-snippet":"max-snippet:-1","max-image-preview":"max-image-preview:large","max-video-preview":"max-video-preview:-1"},"canonical":"https:\/\/www.ludoturris.lt\/en\/product\/medinis-leliu-vezimelis-su-stogeliu\/","og_locale":"en_GB","og_type":"article","og_title":"Medinis l\u0117li\u0173 ve\u017eim\u0117lis su stogeliu - Ludo Turris","og_description":"Medinis l\u0117li\u0173 ve\u017eim\u0117lis stilingas ir tvirtas \u017eaislas vaikams. Skatina vaizduot\u0119, lavina motorik\u0105 ir suteikia d\u017eiaugsmo ve\u017eant m\u0117gstamas l\u0117les pasivaik\u0161\u010dioti","og_url":"https:\/\/www.ludoturris.lt\/en\/product\/medinis-leliu-vezimelis-su-stogeliu\/","og_site_name":"Ludo Turris","article_publisher":"https:\/\/www.facebook.com\/Ludo-Turris-621921974895920\/","article_modified_time":"2026-02-06T13:17:02+00:00","og_image":[{"width":2000,"height":2000,"url":"https:\/\/www.ludoturris.lt\/wp-content\/uploads\/2025\/03\/TL00016.png","type":"image\/png"}],"twitter_card":"summary_large_image","twitter_misc":{"Estimated reading time":"1 minute"},"schema":{"@context":"https:\/\/schema.org","@graph":[{"@type":"WebPage","@id":"https:\/\/www.ludoturris.lt\/produktas\/medinis-leliu-vezimelis-su-stogeliu\/","url":"https:\/\/www.ludoturris.lt\/produktas\/medinis-leliu-vezimelis-su-stogeliu\/","name":"Medinis l\u0117li\u0173 ve\u017eim\u0117lis su stogeliu - Ludo Turris","isPartOf":{"@id":"https:\/\/www.ludoturris.lt\/#website"},"datePublished":"2025-03-09T18:48:41+00:00","dateModified":"2026-02-06T13:17:02+00:00","description":"Medinis l\u0117li\u0173 ve\u017eim\u0117lis stilingas ir tvirtas \u017eaislas vaikams. Skatina vaizduot\u0119, lavina motorik\u0105 ir suteikia d\u017eiaugsmo ve\u017eant m\u0117gstamas l\u0117les pasivaik\u0161\u010dioti","breadcrumb":{"@id":"https:\/\/www.ludoturris.lt\/produktas\/medinis-leliu-vezimelis-su-stogeliu\/#breadcrumb"},"inLanguage":"en-GB","potentialAction":[{"@type":"ReadAction","target":["https:\/\/www.ludoturris.lt\/produktas\/medinis-leliu-vezimelis-su-stogeliu\/"]}]},{"@type":"BreadcrumbList","@id":"https:\/\/www.ludoturris.lt\/produktas\/medinis-leliu-vezimelis-su-stogeliu\/#breadcrumb","itemListElement":[{"@type":"ListItem","position":1,"name":"Home","item":"https:\/\/www.ludoturris.lt\/"},{"@type":"ListItem","position":2,"name":"Parduotuv\u0117","item":"https:\/\/www.ludoturris.lt\/parduotuve\/"},{"@type":"ListItem","position":3,"name":"Medinis l\u0117li\u0173 ve\u017eim\u0117lis su stogeliu"}]},{"@type":"WebSite","@id":"https:\/\/www.ludoturris.lt\/#website","url":"https:\/\/www.ludoturris.lt\/","name":"Ludo Turris","description":"K\u016brybi\u0161kum\u0105 ir fantazij\u0105 lavinan\u010dios kalad\u0117l\u0117s","publisher":{"@id":"https:\/\/www.ludoturris.lt\/#organization"},"potentialAction":[{"@type":"SearchAction","target":{"@type":"EntryPoint","urlTemplate":"https:\/\/www.ludoturris.lt\/?s={search_term_string}"},"query-input":"required name=search_term_string"}],"inLanguage":"en-GB"},{"@type":"Organization","@id":"https:\/\/www.ludoturris.lt\/#organization","name":"Ludo Turris \u2013 Vakar\u0173 gama, UAB","url":"https:\/\/www.ludoturris.lt\/","logo":{"@type":"ImageObject","inLanguage":"en-GB","@id":"https:\/\/www.ludoturris.lt\/#\/schema\/logo\/image\/","url":"https:\/\/www.ludoturris.lt\/wp-content\/uploads\/2020\/10\/logo@2x.png","contentUrl":"https:\/\/www.ludoturris.lt\/wp-content\/uploads\/2020\/10\/logo@2x.png","width":300,"height":147,"caption":"Ludo Turris \u2013 Vakar\u0173 gama, UAB"},"image":{"@id":"https:\/\/www.ludoturris.lt\/#\/schema\/logo\/image\/"},"sameAs":["https:\/\/www.facebook.com\/Ludo-Turris-621921974895920\/","https:\/\/www.youtube.com\/channel\/UCuBACq67N1NGC9LVudo4ngw"]}]}},"uagb_featured_image_src":{"full":["https:\/\/www.ludoturris.lt\/wp-content\/uploads\/2025\/03\/TL00016.png",2000,2000,false],"thumbnail":["https:\/\/www.ludoturris.lt\/wp-content\/uploads\/2025\/03\/TL00016-150x150.png",150,150,true],"medium":["https:\/\/www.ludoturris.lt\/wp-content\/uploads\/2025\/03\/TL00016-300x300.png",300,300,true],"medium_large":["https:\/\/www.ludoturris.lt\/wp-content\/uploads\/2025\/03\/TL00016-768x768.png",768,768,true],"large":["https:\/\/www.ludoturris.lt\/wp-content\/uploads\/2025\/03\/TL00016-1024x1024.png",1024,1024,true],"1536x1536":["https:\/\/www.ludoturris.lt\/wp-content\/uploads\/2025\/03\/TL00016-1536x1536.png",1536,1536,true],"2048x2048":["https:\/\/www.ludoturris.lt\/wp-content\/uploads\/2025\/03\/TL00016.png",2000,2000,false],"trp-custom-language-flag":["https:\/\/www.ludoturris.lt\/wp-content\/uploads\/2025\/03\/TL00016-12x12.png",12,12,true],"woocommerce_thumbnail":["https:\/\/www.ludoturris.lt\/wp-content\/uploads\/2025\/03\/TL00016-300x300.png",300,300,true],"woocommerce_single":["https:\/\/www.ludoturris.lt\/wp-content\/uploads\/2025\/03\/TL00016-600x600.png",600,600,true],"woocommerce_gallery_thumbnail":["https:\/\/www.ludoturris.lt\/wp-content\/uploads\/2025\/03\/TL00016-100x100.png",100,100,true],"variation_swatches_image_size":["https:\/\/www.ludoturris.lt\/wp-content\/uploads\/2025\/03\/TL00016-50x50.png",50,50,true],"variation_swatches_tooltip_size":["https:\/\/www.ludoturris.lt\/wp-content\/uploads\/2025\/03\/TL00016-100x100.png",100,100,true],"dgwt-wcas-product-suggestion":["https:\/\/www.ludoturris.lt\/wp-content\/uploads\/2025\/03\/TL00016.png",64,64,false]},"uagb_author_info":{"display_name":"LudoTurris","author_link":"https:\/\/www.ludoturris.lt\/en\/author\/"},"uagb_comment_info":0,"uagb_excerpt":"Rekomenduojamas am\u017eius: nuo 3 met\u0173. Medinis l\u0117li\u0173 ve\u017eim\u0117lis 38x22x47cm yra tvirtas \u017eaislas, padedantis vaikams i\u0161mokti vaik\u0161\u010dioti. Ve\u017eim\u0117lis turi stog\u0105 ir neslid\u017eius ratus, kurie u\u017etikrina saugum\u0105 tiek namuose, tiek lauke. Gra\u017eios spalvos, \u0161irdel\u0117s ir subtil\u016bs ra\u0161tai paver\u010dia ve\u017eim\u0117l\u012f m\u0117gstamiausiu kiekvienos mergait\u0117s. Ve\u017eim\u0117lis tai mielas ir prakti\u0161kas \u017eaislas vaikams, skatinantis k\u016brybi\u0161k\u0105 \u017eaidim\u0105 ir r\u016bpestingum\u0105.","_links":{"self":[{"href":"https:\/\/www.ludoturris.lt\/en\/wp-json\/wp\/v2\/product\/4561"}],"collection":[{"href":"https:\/\/www.ludoturris.lt\/en\/wp-json\/wp\/v2\/product"}],"about":[{"href":"https:\/\/www.ludoturris.lt\/en\/wp-json\/wp\/v2\/types\/product"}],"wp:featuredmedia":[{"embeddable":true,"href":"https:\/\/www.ludoturris.lt\/en\/wp-json\/wp\/v2\/media\/5181"}],"wp:attachment":[{"href":"https:\/\/www.ludoturris.lt\/en\/wp-json\/wp\/v2\/media?parent=4561"}],"wp:term":[{"taxonomy":"product_cat","embeddable":true,"href":"https:\/\/www.ludoturris.lt\/en\/wp-json\/wp\/v2\/product_cat?post=4561"},{"taxonomy":"product_tag","embeddable":true,"href":"https:\/\/www.ludoturris.lt\/en\/wp-json\/wp\/v2\/product_tag?post=4561"}],"curies":[{"name":"wp","href":"https:\/\/api.w.org\/{rel}","templated":true}]}}