{"id":4543,"date":"2025-03-09T09:30:36","date_gmt":"2025-03-09T11:30:36","guid":{"rendered":"https:\/\/www.ludoturris.lt\/?post_type=product&#038;p=4543"},"modified":"2026-02-08T07:42:03","modified_gmt":"2026-02-08T09:42:03","slug":"lavinamoji-medine-virtuve","status":"publish","type":"product","link":"https:\/\/www.ludoturris.lt\/en\/product\/lavinamoji-medine-virtuve\/","title":{"rendered":"Lavinamoji medin\u0117 virtuv\u0117"},"content":{"rendered":"<p>Rekomenduojamas am\u017eius: nuo 3 met\u0173. Medin\u0117 virtuv\u0117 vaikams yra unikalus \u017eaislas, kuris d\u017eiugins ma\u017euosius \u0161efus. \u012erengta su tikrovi\u0161komis funkcijomis, tokiomis kaip LED foninis ap\u0161vietimas ir garso efektai, leid\u017eia k\u016brybi\u0161kai gaminti maist\u0105. Virtuv\u0117je yra orkait\u0117, degikliai, skalbimo ma\u0161ina, kriaukl\u0117, mikrobang\u0173 krosnel\u0117, gartraukis ir 5 virtuv\u0117s reikmen\u0173 rinkinys. Pagaminta i\u0161 auk\u0161tos kokyb\u0117s medienos, yra patvari ir saugi vaikams. Matmenys 70x30x93cm. Tinka tiek individualiam, tiek bendram \u017eaidimui, lavina smulki\u0105j\u0105 motorik\u0105 ir socialinius \u012fg\u016bd\u017eius.<\/p>","protected":false},"excerpt":{"rendered":"<p>Rekomenduojamas am\u017eius: nuo 3 met\u0173. Medin\u0117 virtuv\u0117 vaikams yra unikalus \u017eaislas, kuris d\u017eiugins ma\u017euosius \u0161efus. \u012erengta su tikrovi\u0161komis funkcijomis, tokiomis kaip LED foninis ap\u0161vietimas ir garso efektai, leid\u017eia k\u016brybi\u0161kai gaminti maist\u0105. Virtuv\u0117je yra orkait\u0117, degikliai, skalbimo ma\u0161ina, kriaukl\u0117, mikrobang\u0173 krosnel\u0117, gartraukis ir 5 virtuv\u0117s reikmen\u0173 rinkinys. Pagaminta i\u0161 auk\u0161tos kokyb\u0117s medienos, yra patvari ir saugi &hellip;<\/p>\n<p class=\"read-more\"> <a class=\"\" href=\"https:\/\/www.ludoturris.lt\/en\/product\/lavinamoji-medine-virtuve\/\"> <span class=\"screen-reader-text\">Lavinamoji medin\u0117 virtuv\u0117<\/span> Read More &raquo;<\/a><\/p>","protected":false},"featured_media":4544,"template":"","meta":{"_uag_custom_page_level_css":"","_themeisle_gutenberg_block_has_review":false},"product_cat":[92,69,96],"product_tag":[],"yoast_head":"<!-- This site is optimized with the Yoast SEO plugin v21.1 - https:\/\/yoast.com\/wordpress\/plugins\/seo\/ -->\n<title>Lavinamoji medin\u0117 virtuv\u0117 - Ludo Turris<\/title>\n<meta name=\"description\" content=\"Medin\u0117 vaiki\u0161ka virtuv\u0117l\u0117 lavinantis ir smagus \u017eaislas vaikams. Skatina k\u016brybi\u0161kum\u0105, motorik\u0105 ir suteikia d\u017eiaugsmo ruo\u0161iant \u012fsivaizduojamus patiekalus.\" \/>\n<meta name=\"robots\" content=\"index, follow, max-snippet:-1, max-image-preview:large, max-video-preview:-1\" \/>\n<link rel=\"canonical\" href=\"https:\/\/www.ludoturris.lt\/en\/product\/lavinamoji-medine-virtuve\/\" \/>\n<meta property=\"og:locale\" content=\"en_GB\" \/>\n<meta property=\"og:type\" content=\"article\" \/>\n<meta property=\"og:title\" content=\"Lavinamoji medin\u0117 virtuv\u0117 - Ludo Turris\" \/>\n<meta property=\"og:description\" content=\"Medin\u0117 vaiki\u0161ka virtuv\u0117l\u0117 lavinantis ir smagus \u017eaislas vaikams. Skatina k\u016brybi\u0161kum\u0105, motorik\u0105 ir suteikia d\u017eiaugsmo ruo\u0161iant \u012fsivaizduojamus patiekalus.\" \/>\n<meta property=\"og:url\" content=\"https:\/\/www.ludoturris.lt\/en\/product\/lavinamoji-medine-virtuve\/\" \/>\n<meta property=\"og:site_name\" content=\"Ludo Turris\" \/>\n<meta property=\"article:publisher\" content=\"https:\/\/www.facebook.com\/Ludo-Turris-621921974895920\/\" \/>\n<meta property=\"article:modified_time\" content=\"2026-02-08T09:42:03+00:00\" \/>\n<meta property=\"og:image\" content=\"https:\/\/www.ludoturris.lt\/wp-content\/uploads\/2025\/03\/TL403005.png\" \/>\n\t<meta property=\"og:image:width\" content=\"537\" \/>\n\t<meta property=\"og:image:height\" content=\"537\" \/>\n\t<meta property=\"og:image:type\" content=\"image\/png\" \/>\n<meta name=\"twitter:card\" content=\"summary_large_image\" \/>\n<meta name=\"twitter:label1\" content=\"Estimated reading time\" \/>\n\t<meta name=\"twitter:data1\" content=\"1 minute\" \/>\n<script type=\"application\/ld+json\" class=\"yoast-schema-graph\">{\"@context\":\"https:\/\/schema.org\",\"@graph\":[{\"@type\":\"WebPage\",\"@id\":\"https:\/\/www.ludoturris.lt\/produktas\/lavinamoji-medine-virtuve\/\",\"url\":\"https:\/\/www.ludoturris.lt\/produktas\/lavinamoji-medine-virtuve\/\",\"name\":\"Lavinamoji medin\u0117 virtuv\u0117 - Ludo Turris\",\"isPartOf\":{\"@id\":\"https:\/\/www.ludoturris.lt\/#website\"},\"datePublished\":\"2025-03-09T11:30:36+00:00\",\"dateModified\":\"2026-02-08T09:42:03+00:00\",\"description\":\"Medin\u0117 vaiki\u0161ka virtuv\u0117l\u0117 lavinantis ir smagus \u017eaislas vaikams. Skatina k\u016brybi\u0161kum\u0105, motorik\u0105 ir suteikia d\u017eiaugsmo ruo\u0161iant \u012fsivaizduojamus patiekalus.\",\"breadcrumb\":{\"@id\":\"https:\/\/www.ludoturris.lt\/produktas\/lavinamoji-medine-virtuve\/#breadcrumb\"},\"inLanguage\":\"en-GB\",\"potentialAction\":[{\"@type\":\"ReadAction\",\"target\":[\"https:\/\/www.ludoturris.lt\/produktas\/lavinamoji-medine-virtuve\/\"]}]},{\"@type\":\"BreadcrumbList\",\"@id\":\"https:\/\/www.ludoturris.lt\/produktas\/lavinamoji-medine-virtuve\/#breadcrumb\",\"itemListElement\":[{\"@type\":\"ListItem\",\"position\":1,\"name\":\"Home\",\"item\":\"https:\/\/www.ludoturris.lt\/\"},{\"@type\":\"ListItem\",\"position\":2,\"name\":\"Parduotuv\u0117\",\"item\":\"https:\/\/www.ludoturris.lt\/parduotuve\/\"},{\"@type\":\"ListItem\",\"position\":3,\"name\":\"Lavinamoji medin\u0117 virtuv\u0117\"}]},{\"@type\":\"WebSite\",\"@id\":\"https:\/\/www.ludoturris.lt\/#website\",\"url\":\"https:\/\/www.ludoturris.lt\/\",\"name\":\"Ludo Turris\",\"description\":\"K\u016brybi\u0161kum\u0105 ir fantazij\u0105 lavinan\u010dios kalad\u0117l\u0117s\",\"publisher\":{\"@id\":\"https:\/\/www.ludoturris.lt\/#organization\"},\"potentialAction\":[{\"@type\":\"SearchAction\",\"target\":{\"@type\":\"EntryPoint\",\"urlTemplate\":\"https:\/\/www.ludoturris.lt\/?s={search_term_string}\"},\"query-input\":\"required name=search_term_string\"}],\"inLanguage\":\"en-GB\"},{\"@type\":\"Organization\",\"@id\":\"https:\/\/www.ludoturris.lt\/#organization\",\"name\":\"Ludo Turris \u2013 Vakar\u0173 gama, UAB\",\"url\":\"https:\/\/www.ludoturris.lt\/\",\"logo\":{\"@type\":\"ImageObject\",\"inLanguage\":\"en-GB\",\"@id\":\"https:\/\/www.ludoturris.lt\/#\/schema\/logo\/image\/\",\"url\":\"https:\/\/www.ludoturris.lt\/wp-content\/uploads\/2020\/10\/logo@2x.png\",\"contentUrl\":\"https:\/\/www.ludoturris.lt\/wp-content\/uploads\/2020\/10\/logo@2x.png\",\"width\":300,\"height\":147,\"caption\":\"Ludo Turris \u2013 Vakar\u0173 gama, UAB\"},\"image\":{\"@id\":\"https:\/\/www.ludoturris.lt\/#\/schema\/logo\/image\/\"},\"sameAs\":[\"https:\/\/www.facebook.com\/Ludo-Turris-621921974895920\/\",\"https:\/\/www.youtube.com\/channel\/UCuBACq67N1NGC9LVudo4ngw\"]}]}<\/script>\n<!-- \/ Yoast SEO plugin. -->","yoast_head_json":{"title":"Lavinamoji medin\u0117 virtuv\u0117 - Ludo Turris","description":"Medin\u0117 vaiki\u0161ka virtuv\u0117l\u0117 lavinantis ir smagus \u017eaislas vaikams. Skatina k\u016brybi\u0161kum\u0105, motorik\u0105 ir suteikia d\u017eiaugsmo ruo\u0161iant \u012fsivaizduojamus patiekalus.","robots":{"index":"index","follow":"follow","max-snippet":"max-snippet:-1","max-image-preview":"max-image-preview:large","max-video-preview":"max-video-preview:-1"},"canonical":"https:\/\/www.ludoturris.lt\/en\/product\/lavinamoji-medine-virtuve\/","og_locale":"en_GB","og_type":"article","og_title":"Lavinamoji medin\u0117 virtuv\u0117 - Ludo Turris","og_description":"Medin\u0117 vaiki\u0161ka virtuv\u0117l\u0117 lavinantis ir smagus \u017eaislas vaikams. Skatina k\u016brybi\u0161kum\u0105, motorik\u0105 ir suteikia d\u017eiaugsmo ruo\u0161iant \u012fsivaizduojamus patiekalus.","og_url":"https:\/\/www.ludoturris.lt\/en\/product\/lavinamoji-medine-virtuve\/","og_site_name":"Ludo Turris","article_publisher":"https:\/\/www.facebook.com\/Ludo-Turris-621921974895920\/","article_modified_time":"2026-02-08T09:42:03+00:00","og_image":[{"width":537,"height":537,"url":"https:\/\/www.ludoturris.lt\/wp-content\/uploads\/2025\/03\/TL403005.png","type":"image\/png"}],"twitter_card":"summary_large_image","twitter_misc":{"Estimated reading time":"1 minute"},"schema":{"@context":"https:\/\/schema.org","@graph":[{"@type":"WebPage","@id":"https:\/\/www.ludoturris.lt\/produktas\/lavinamoji-medine-virtuve\/","url":"https:\/\/www.ludoturris.lt\/produktas\/lavinamoji-medine-virtuve\/","name":"Lavinamoji medin\u0117 virtuv\u0117 - Ludo Turris","isPartOf":{"@id":"https:\/\/www.ludoturris.lt\/#website"},"datePublished":"2025-03-09T11:30:36+00:00","dateModified":"2026-02-08T09:42:03+00:00","description":"Medin\u0117 vaiki\u0161ka virtuv\u0117l\u0117 lavinantis ir smagus \u017eaislas vaikams. Skatina k\u016brybi\u0161kum\u0105, motorik\u0105 ir suteikia d\u017eiaugsmo ruo\u0161iant \u012fsivaizduojamus patiekalus.","breadcrumb":{"@id":"https:\/\/www.ludoturris.lt\/produktas\/lavinamoji-medine-virtuve\/#breadcrumb"},"inLanguage":"en-GB","potentialAction":[{"@type":"ReadAction","target":["https:\/\/www.ludoturris.lt\/produktas\/lavinamoji-medine-virtuve\/"]}]},{"@type":"BreadcrumbList","@id":"https:\/\/www.ludoturris.lt\/produktas\/lavinamoji-medine-virtuve\/#breadcrumb","itemListElement":[{"@type":"ListItem","position":1,"name":"Home","item":"https:\/\/www.ludoturris.lt\/"},{"@type":"ListItem","position":2,"name":"Parduotuv\u0117","item":"https:\/\/www.ludoturris.lt\/parduotuve\/"},{"@type":"ListItem","position":3,"name":"Lavinamoji medin\u0117 virtuv\u0117"}]},{"@type":"WebSite","@id":"https:\/\/www.ludoturris.lt\/#website","url":"https:\/\/www.ludoturris.lt\/","name":"Ludo Turris","description":"K\u016brybi\u0161kum\u0105 ir fantazij\u0105 lavinan\u010dios kalad\u0117l\u0117s","publisher":{"@id":"https:\/\/www.ludoturris.lt\/#organization"},"potentialAction":[{"@type":"SearchAction","target":{"@type":"EntryPoint","urlTemplate":"https:\/\/www.ludoturris.lt\/?s={search_term_string}"},"query-input":"required name=search_term_string"}],"inLanguage":"en-GB"},{"@type":"Organization","@id":"https:\/\/www.ludoturris.lt\/#organization","name":"Ludo Turris \u2013 Vakar\u0173 gama, UAB","url":"https:\/\/www.ludoturris.lt\/","logo":{"@type":"ImageObject","inLanguage":"en-GB","@id":"https:\/\/www.ludoturris.lt\/#\/schema\/logo\/image\/","url":"https:\/\/www.ludoturris.lt\/wp-content\/uploads\/2020\/10\/logo@2x.png","contentUrl":"https:\/\/www.ludoturris.lt\/wp-content\/uploads\/2020\/10\/logo@2x.png","width":300,"height":147,"caption":"Ludo Turris \u2013 Vakar\u0173 gama, UAB"},"image":{"@id":"https:\/\/www.ludoturris.lt\/#\/schema\/logo\/image\/"},"sameAs":["https:\/\/www.facebook.com\/Ludo-Turris-621921974895920\/","https:\/\/www.youtube.com\/channel\/UCuBACq67N1NGC9LVudo4ngw"]}]}},"uagb_featured_image_src":{"full":["https:\/\/www.ludoturris.lt\/wp-content\/uploads\/2025\/03\/TL403005.png",537,537,false],"thumbnail":["https:\/\/www.ludoturris.lt\/wp-content\/uploads\/2025\/03\/TL403005-150x150.png",150,150,true],"medium":["https:\/\/www.ludoturris.lt\/wp-content\/uploads\/2025\/03\/TL403005-300x300.png",300,300,true],"medium_large":["https:\/\/www.ludoturris.lt\/wp-content\/uploads\/2025\/03\/TL403005.png",537,537,false],"large":["https:\/\/www.ludoturris.lt\/wp-content\/uploads\/2025\/03\/TL403005.png",537,537,false],"1536x1536":["https:\/\/www.ludoturris.lt\/wp-content\/uploads\/2025\/03\/TL403005.png",537,537,false],"2048x2048":["https:\/\/www.ludoturris.lt\/wp-content\/uploads\/2025\/03\/TL403005.png",537,537,false],"trp-custom-language-flag":["https:\/\/www.ludoturris.lt\/wp-content\/uploads\/2025\/03\/TL403005-12x12.png",12,12,true],"woocommerce_thumbnail":["https:\/\/www.ludoturris.lt\/wp-content\/uploads\/2025\/03\/TL403005-300x300.png",300,300,true],"woocommerce_single":["https:\/\/www.ludoturris.lt\/wp-content\/uploads\/2025\/03\/TL403005.png",537,537,false],"woocommerce_gallery_thumbnail":["https:\/\/www.ludoturris.lt\/wp-content\/uploads\/2025\/03\/TL403005-100x100.png",100,100,true],"variation_swatches_image_size":["https:\/\/www.ludoturris.lt\/wp-content\/uploads\/2025\/03\/TL403005-50x50.png",50,50,true],"variation_swatches_tooltip_size":["https:\/\/www.ludoturris.lt\/wp-content\/uploads\/2025\/03\/TL403005-100x100.png",100,100,true],"dgwt-wcas-product-suggestion":["https:\/\/www.ludoturris.lt\/wp-content\/uploads\/2025\/03\/TL403005.png",64,64,false]},"uagb_author_info":{"display_name":"LudoTurris","author_link":"https:\/\/www.ludoturris.lt\/en\/author\/"},"uagb_comment_info":0,"uagb_excerpt":"Rekomenduojamas am\u017eius: nuo 3 met\u0173. Medin\u0117 virtuv\u0117 vaikams yra unikalus \u017eaislas, kuris d\u017eiugins ma\u017euosius \u0161efus. \u012erengta su tikrovi\u0161komis funkcijomis, tokiomis kaip LED foninis ap\u0161vietimas ir garso efektai, leid\u017eia k\u016brybi\u0161kai gaminti maist\u0105. Virtuv\u0117je yra orkait\u0117, degikliai, skalbimo ma\u0161ina, kriaukl\u0117, mikrobang\u0173 krosnel\u0117, gartraukis ir 5 virtuv\u0117s reikmen\u0173 rinkinys. Pagaminta i\u0161 auk\u0161tos kokyb\u0117s medienos, yra patvari ir saugi&hellip;","_links":{"self":[{"href":"https:\/\/www.ludoturris.lt\/en\/wp-json\/wp\/v2\/product\/4543"}],"collection":[{"href":"https:\/\/www.ludoturris.lt\/en\/wp-json\/wp\/v2\/product"}],"about":[{"href":"https:\/\/www.ludoturris.lt\/en\/wp-json\/wp\/v2\/types\/product"}],"wp:featuredmedia":[{"embeddable":true,"href":"https:\/\/www.ludoturris.lt\/en\/wp-json\/wp\/v2\/media\/4544"}],"wp:attachment":[{"href":"https:\/\/www.ludoturris.lt\/en\/wp-json\/wp\/v2\/media?parent=4543"}],"wp:term":[{"taxonomy":"product_cat","embeddable":true,"href":"https:\/\/www.ludoturris.lt\/en\/wp-json\/wp\/v2\/product_cat?post=4543"},{"taxonomy":"product_tag","embeddable":true,"href":"https:\/\/www.ludoturris.lt\/en\/wp-json\/wp\/v2\/product_tag?post=4543"}],"curies":[{"name":"wp","href":"https:\/\/api.w.org\/{rel}","templated":true}]}}