{"id":4433,"date":"2025-01-05T10:36:06","date_gmt":"2025-01-05T12:36:06","guid":{"rendered":"https:\/\/www.ludoturris.lt\/?post_type=product&#038;p=4433"},"modified":"2026-02-10T06:01:42","modified_gmt":"2026-02-10T08:01:42","slug":"xxl-kamuoliuku-trasa","status":"publish","type":"product","link":"https:\/\/www.ludoturris.lt\/en\/product\/xxl-kamuoliuku-trasa\/","title":{"rendered":"Badmintono ir mink\u0161to teniso rinkinys"},"content":{"rendered":"<p>Rekomenduojamas am\u017eius: nuo 3 met\u0173. 2 viename XL dyd\u017eio badmintono ir mink\u0161to teniso rinkinys duos dvigub\u0105 d\u017eiaugsm\u0105 \u017eaid\u017eiant! \u0160\u012f universal\u0173 rinkin\u012f sudaro dvi ypa\u010d didel\u0117s raket\u0117s 62 x 26 cm, plunksna 13,5 cm ir mink\u0161tas kamuolys \u00d8 6,5 cm. Tai leid\u017eia derinti du populiarius \u017eaidimo variantus ir pa\u012fvairinti j\u016bs\u0173 \u017eaidim\u0105. Su \u0161iuo badmintono rinkiniu galite paversti bet kuri\u0105 viet\u0105 \u017eaidim\u0173 arena \u2013 nuo kiemo iki stovyklaviet\u0117s ar baseino. Paprastas \u017eaidimas ne tik smagus, bet ir lavina reakcijos laik\u0105, aki\u0173 ir rank\u0173 koordinacij\u0105 bei erdvin\u012f m\u0105stym\u0105.<\/p>","protected":false},"excerpt":{"rendered":"<p>Rekomenduojamas am\u017eius: nuo 3 met\u0173. 2 viename XL dyd\u017eio badmintono ir mink\u0161to teniso rinkinys duos dvigub\u0105 d\u017eiaugsm\u0105 \u017eaid\u017eiant! \u0160\u012f universal\u0173 rinkin\u012f sudaro dvi ypa\u010d didel\u0117s raket\u0117s 62 x 26 cm, plunksna 13,5 cm ir mink\u0161tas kamuolys \u00d8 6,5 cm. Tai leid\u017eia derinti du populiarius \u017eaidimo variantus ir pa\u012fvairinti j\u016bs\u0173 \u017eaidim\u0105. Su \u0161iuo badmintono rinkiniu galite &hellip;<\/p>\n<p class=\"read-more\"> <a class=\"\" href=\"https:\/\/www.ludoturris.lt\/en\/product\/xxl-kamuoliuku-trasa\/\"> <span class=\"screen-reader-text\">Badmintono ir mink\u0161to teniso rinkinys<\/span> Read More &raquo;<\/a><\/p>","protected":false},"featured_media":5547,"template":"","meta":{"_uag_custom_page_level_css":"","_themeisle_gutenberg_block_has_review":false},"product_cat":[95,69,93],"product_tag":[],"yoast_head":"<!-- This site is optimized with the Yoast SEO plugin v21.1 - https:\/\/yoast.com\/wordpress\/plugins\/seo\/ -->\n<title>Badmintono ir mink\u0161to teniso rinkinys - Ludo Turris<\/title>\n<meta name=\"description\" content=\"Badmintono ir mink\u0161to teniso rinkinys \u2013 aktyviam laisvalaikiui lauke, skirtas vaikams ir \u0161eimai, skatinantis jud\u0117jim\u0105 ir smagius \u017eaidimus.\" \/>\n<meta name=\"robots\" content=\"index, follow, max-snippet:-1, max-image-preview:large, max-video-preview:-1\" \/>\n<link rel=\"canonical\" href=\"https:\/\/www.ludoturris.lt\/en\/product\/xxl-kamuoliuku-trasa\/\" \/>\n<meta property=\"og:locale\" content=\"en_GB\" \/>\n<meta property=\"og:type\" content=\"article\" \/>\n<meta property=\"og:title\" content=\"Badmintono ir mink\u0161to teniso rinkinys - Ludo Turris\" \/>\n<meta property=\"og:description\" content=\"Badmintono ir mink\u0161to teniso rinkinys \u2013 aktyviam laisvalaikiui lauke, skirtas vaikams ir \u0161eimai, skatinantis jud\u0117jim\u0105 ir smagius \u017eaidimus.\" \/>\n<meta property=\"og:url\" content=\"https:\/\/www.ludoturris.lt\/en\/product\/xxl-kamuoliuku-trasa\/\" \/>\n<meta property=\"og:site_name\" content=\"Ludo Turris\" \/>\n<meta property=\"article:publisher\" content=\"https:\/\/www.facebook.com\/Ludo-Turris-621921974895920\/\" \/>\n<meta property=\"article:modified_time\" content=\"2026-02-10T08:01:42+00:00\" \/>\n<meta property=\"og:image\" content=\"https:\/\/www.ludoturris.lt\/wp-content\/uploads\/2025\/01\/A60057.png\" \/>\n\t<meta property=\"og:image:width\" content=\"1000\" \/>\n\t<meta property=\"og:image:height\" content=\"1000\" \/>\n\t<meta property=\"og:image:type\" content=\"image\/png\" \/>\n<meta name=\"twitter:card\" content=\"summary_large_image\" \/>\n<meta name=\"twitter:label1\" content=\"Estimated reading time\" \/>\n\t<meta name=\"twitter:data1\" content=\"1 minute\" \/>\n<script type=\"application\/ld+json\" class=\"yoast-schema-graph\">{\"@context\":\"https:\/\/schema.org\",\"@graph\":[{\"@type\":\"WebPage\",\"@id\":\"https:\/\/www.ludoturris.lt\/produktas\/xxl-kamuoliuku-trasa\/\",\"url\":\"https:\/\/www.ludoturris.lt\/produktas\/xxl-kamuoliuku-trasa\/\",\"name\":\"Badmintono ir mink\u0161to teniso rinkinys - Ludo Turris\",\"isPartOf\":{\"@id\":\"https:\/\/www.ludoturris.lt\/#website\"},\"datePublished\":\"2025-01-05T12:36:06+00:00\",\"dateModified\":\"2026-02-10T08:01:42+00:00\",\"description\":\"Badmintono ir mink\u0161to teniso rinkinys \u2013 aktyviam laisvalaikiui lauke, skirtas vaikams ir \u0161eimai, skatinantis jud\u0117jim\u0105 ir smagius \u017eaidimus.\",\"breadcrumb\":{\"@id\":\"https:\/\/www.ludoturris.lt\/produktas\/xxl-kamuoliuku-trasa\/#breadcrumb\"},\"inLanguage\":\"en-GB\",\"potentialAction\":[{\"@type\":\"ReadAction\",\"target\":[\"https:\/\/www.ludoturris.lt\/produktas\/xxl-kamuoliuku-trasa\/\"]}]},{\"@type\":\"BreadcrumbList\",\"@id\":\"https:\/\/www.ludoturris.lt\/produktas\/xxl-kamuoliuku-trasa\/#breadcrumb\",\"itemListElement\":[{\"@type\":\"ListItem\",\"position\":1,\"name\":\"Home\",\"item\":\"https:\/\/www.ludoturris.lt\/\"},{\"@type\":\"ListItem\",\"position\":2,\"name\":\"Parduotuv\u0117\",\"item\":\"https:\/\/www.ludoturris.lt\/parduotuve\/\"},{\"@type\":\"ListItem\",\"position\":3,\"name\":\"Badmintono ir mink\u0161to teniso rinkinys\"}]},{\"@type\":\"WebSite\",\"@id\":\"https:\/\/www.ludoturris.lt\/#website\",\"url\":\"https:\/\/www.ludoturris.lt\/\",\"name\":\"Ludo Turris\",\"description\":\"K\u016brybi\u0161kum\u0105 ir fantazij\u0105 lavinan\u010dios kalad\u0117l\u0117s\",\"publisher\":{\"@id\":\"https:\/\/www.ludoturris.lt\/#organization\"},\"potentialAction\":[{\"@type\":\"SearchAction\",\"target\":{\"@type\":\"EntryPoint\",\"urlTemplate\":\"https:\/\/www.ludoturris.lt\/?s={search_term_string}\"},\"query-input\":\"required name=search_term_string\"}],\"inLanguage\":\"en-GB\"},{\"@type\":\"Organization\",\"@id\":\"https:\/\/www.ludoturris.lt\/#organization\",\"name\":\"Ludo Turris \u2013 Vakar\u0173 gama, UAB\",\"url\":\"https:\/\/www.ludoturris.lt\/\",\"logo\":{\"@type\":\"ImageObject\",\"inLanguage\":\"en-GB\",\"@id\":\"https:\/\/www.ludoturris.lt\/#\/schema\/logo\/image\/\",\"url\":\"https:\/\/www.ludoturris.lt\/wp-content\/uploads\/2020\/10\/logo@2x.png\",\"contentUrl\":\"https:\/\/www.ludoturris.lt\/wp-content\/uploads\/2020\/10\/logo@2x.png\",\"width\":300,\"height\":147,\"caption\":\"Ludo Turris \u2013 Vakar\u0173 gama, UAB\"},\"image\":{\"@id\":\"https:\/\/www.ludoturris.lt\/#\/schema\/logo\/image\/\"},\"sameAs\":[\"https:\/\/www.facebook.com\/Ludo-Turris-621921974895920\/\",\"https:\/\/www.youtube.com\/channel\/UCuBACq67N1NGC9LVudo4ngw\"]}]}<\/script>\n<!-- \/ Yoast SEO plugin. -->","yoast_head_json":{"title":"Badmintono ir mink\u0161to teniso rinkinys - Ludo Turris","description":"Badmintono ir mink\u0161to teniso rinkinys \u2013 aktyviam laisvalaikiui lauke, skirtas vaikams ir \u0161eimai, skatinantis jud\u0117jim\u0105 ir smagius \u017eaidimus.","robots":{"index":"index","follow":"follow","max-snippet":"max-snippet:-1","max-image-preview":"max-image-preview:large","max-video-preview":"max-video-preview:-1"},"canonical":"https:\/\/www.ludoturris.lt\/en\/product\/xxl-kamuoliuku-trasa\/","og_locale":"en_GB","og_type":"article","og_title":"Badmintono ir mink\u0161to teniso rinkinys - Ludo Turris","og_description":"Badmintono ir mink\u0161to teniso rinkinys \u2013 aktyviam laisvalaikiui lauke, skirtas vaikams ir \u0161eimai, skatinantis jud\u0117jim\u0105 ir smagius \u017eaidimus.","og_url":"https:\/\/www.ludoturris.lt\/en\/product\/xxl-kamuoliuku-trasa\/","og_site_name":"Ludo Turris","article_publisher":"https:\/\/www.facebook.com\/Ludo-Turris-621921974895920\/","article_modified_time":"2026-02-10T08:01:42+00:00","og_image":[{"width":1000,"height":1000,"url":"https:\/\/www.ludoturris.lt\/wp-content\/uploads\/2025\/01\/A60057.png","type":"image\/png"}],"twitter_card":"summary_large_image","twitter_misc":{"Estimated reading time":"1 minute"},"schema":{"@context":"https:\/\/schema.org","@graph":[{"@type":"WebPage","@id":"https:\/\/www.ludoturris.lt\/produktas\/xxl-kamuoliuku-trasa\/","url":"https:\/\/www.ludoturris.lt\/produktas\/xxl-kamuoliuku-trasa\/","name":"Badmintono ir mink\u0161to teniso rinkinys - Ludo Turris","isPartOf":{"@id":"https:\/\/www.ludoturris.lt\/#website"},"datePublished":"2025-01-05T12:36:06+00:00","dateModified":"2026-02-10T08:01:42+00:00","description":"Badmintono ir mink\u0161to teniso rinkinys \u2013 aktyviam laisvalaikiui lauke, skirtas vaikams ir \u0161eimai, skatinantis jud\u0117jim\u0105 ir smagius \u017eaidimus.","breadcrumb":{"@id":"https:\/\/www.ludoturris.lt\/produktas\/xxl-kamuoliuku-trasa\/#breadcrumb"},"inLanguage":"en-GB","potentialAction":[{"@type":"ReadAction","target":["https:\/\/www.ludoturris.lt\/produktas\/xxl-kamuoliuku-trasa\/"]}]},{"@type":"BreadcrumbList","@id":"https:\/\/www.ludoturris.lt\/produktas\/xxl-kamuoliuku-trasa\/#breadcrumb","itemListElement":[{"@type":"ListItem","position":1,"name":"Home","item":"https:\/\/www.ludoturris.lt\/"},{"@type":"ListItem","position":2,"name":"Parduotuv\u0117","item":"https:\/\/www.ludoturris.lt\/parduotuve\/"},{"@type":"ListItem","position":3,"name":"Badmintono ir mink\u0161to teniso rinkinys"}]},{"@type":"WebSite","@id":"https:\/\/www.ludoturris.lt\/#website","url":"https:\/\/www.ludoturris.lt\/","name":"Ludo Turris","description":"K\u016brybi\u0161kum\u0105 ir fantazij\u0105 lavinan\u010dios kalad\u0117l\u0117s","publisher":{"@id":"https:\/\/www.ludoturris.lt\/#organization"},"potentialAction":[{"@type":"SearchAction","target":{"@type":"EntryPoint","urlTemplate":"https:\/\/www.ludoturris.lt\/?s={search_term_string}"},"query-input":"required name=search_term_string"}],"inLanguage":"en-GB"},{"@type":"Organization","@id":"https:\/\/www.ludoturris.lt\/#organization","name":"Ludo Turris \u2013 Vakar\u0173 gama, UAB","url":"https:\/\/www.ludoturris.lt\/","logo":{"@type":"ImageObject","inLanguage":"en-GB","@id":"https:\/\/www.ludoturris.lt\/#\/schema\/logo\/image\/","url":"https:\/\/www.ludoturris.lt\/wp-content\/uploads\/2020\/10\/logo@2x.png","contentUrl":"https:\/\/www.ludoturris.lt\/wp-content\/uploads\/2020\/10\/logo@2x.png","width":300,"height":147,"caption":"Ludo Turris \u2013 Vakar\u0173 gama, UAB"},"image":{"@id":"https:\/\/www.ludoturris.lt\/#\/schema\/logo\/image\/"},"sameAs":["https:\/\/www.facebook.com\/Ludo-Turris-621921974895920\/","https:\/\/www.youtube.com\/channel\/UCuBACq67N1NGC9LVudo4ngw"]}]}},"uagb_featured_image_src":{"full":["https:\/\/www.ludoturris.lt\/wp-content\/uploads\/2025\/01\/A60057.png",1000,1000,false],"thumbnail":["https:\/\/www.ludoturris.lt\/wp-content\/uploads\/2025\/01\/A60057-150x150.png",150,150,true],"medium":["https:\/\/www.ludoturris.lt\/wp-content\/uploads\/2025\/01\/A60057-300x300.png",300,300,true],"medium_large":["https:\/\/www.ludoturris.lt\/wp-content\/uploads\/2025\/01\/A60057-768x768.png",768,768,true],"large":["https:\/\/www.ludoturris.lt\/wp-content\/uploads\/2025\/01\/A60057.png",1000,1000,false],"1536x1536":["https:\/\/www.ludoturris.lt\/wp-content\/uploads\/2025\/01\/A60057.png",1000,1000,false],"2048x2048":["https:\/\/www.ludoturris.lt\/wp-content\/uploads\/2025\/01\/A60057.png",1000,1000,false],"trp-custom-language-flag":["https:\/\/www.ludoturris.lt\/wp-content\/uploads\/2025\/01\/A60057-12x12.png",12,12,true],"woocommerce_thumbnail":["https:\/\/www.ludoturris.lt\/wp-content\/uploads\/2025\/01\/A60057-300x300.png",300,300,true],"woocommerce_single":["https:\/\/www.ludoturris.lt\/wp-content\/uploads\/2025\/01\/A60057-600x600.png",600,600,true],"woocommerce_gallery_thumbnail":["https:\/\/www.ludoturris.lt\/wp-content\/uploads\/2025\/01\/A60057-100x100.png",100,100,true],"variation_swatches_image_size":["https:\/\/www.ludoturris.lt\/wp-content\/uploads\/2025\/01\/A60057-50x50.png",50,50,true],"variation_swatches_tooltip_size":["https:\/\/www.ludoturris.lt\/wp-content\/uploads\/2025\/01\/A60057-100x100.png",100,100,true],"dgwt-wcas-product-suggestion":["https:\/\/www.ludoturris.lt\/wp-content\/uploads\/2025\/01\/A60057-64x64.png",64,64,true]},"uagb_author_info":{"display_name":"LudoTurris","author_link":"https:\/\/www.ludoturris.lt\/en\/author\/"},"uagb_comment_info":0,"uagb_excerpt":"Rekomenduojamas am\u017eius: nuo 3 met\u0173. 2 viename XL dyd\u017eio badmintono ir mink\u0161to teniso rinkinys duos dvigub\u0105 d\u017eiaugsm\u0105 \u017eaid\u017eiant! \u0160\u012f universal\u0173 rinkin\u012f sudaro dvi ypa\u010d didel\u0117s raket\u0117s 62 x 26 cm, plunksna 13,5 cm ir mink\u0161tas kamuolys \u00d8 6,5 cm. Tai leid\u017eia derinti du populiarius \u017eaidimo variantus ir pa\u012fvairinti j\u016bs\u0173 \u017eaidim\u0105. Su \u0161iuo badmintono rinkiniu galite&hellip;","_links":{"self":[{"href":"https:\/\/www.ludoturris.lt\/en\/wp-json\/wp\/v2\/product\/4433"}],"collection":[{"href":"https:\/\/www.ludoturris.lt\/en\/wp-json\/wp\/v2\/product"}],"about":[{"href":"https:\/\/www.ludoturris.lt\/en\/wp-json\/wp\/v2\/types\/product"}],"wp:featuredmedia":[{"embeddable":true,"href":"https:\/\/www.ludoturris.lt\/en\/wp-json\/wp\/v2\/media\/5547"}],"wp:attachment":[{"href":"https:\/\/www.ludoturris.lt\/en\/wp-json\/wp\/v2\/media?parent=4433"}],"wp:term":[{"taxonomy":"product_cat","embeddable":true,"href":"https:\/\/www.ludoturris.lt\/en\/wp-json\/wp\/v2\/product_cat?post=4433"},{"taxonomy":"product_tag","embeddable":true,"href":"https:\/\/www.ludoturris.lt\/en\/wp-json\/wp\/v2\/product_tag?post=4433"}],"curies":[{"name":"wp","href":"https:\/\/api.w.org\/{rel}","templated":true}]}}