{"id":4426,"date":"2025-01-05T10:06:40","date_gmt":"2025-01-05T12:06:40","guid":{"rendered":"https:\/\/www.ludoturris.lt\/?post_type=product&#038;p=4426"},"modified":"2026-02-06T14:06:41","modified_gmt":"2026-02-06T16:06:41","slug":"minkstos-balansavimo-pagalveles","status":"publish","type":"product","link":"https:\/\/www.ludoturris.lt\/en\/product\/minkstos-balansavimo-pagalveles\/","title":{"rendered":"Mink\u0161tos balansavimo pagalv\u0117l\u0117s"},"content":{"rendered":"<p>Neslystan\u010dio balansuojan\u010dios pagalv\u0117l\u0117s pagamintos i\u0161 mink\u0161tos putos. Rinkinys su 8 pagalv\u0117l\u0117mis i\u0161 8 skirting\u0173 spalv\u0173. Matmenys 18cm x 15cm dyd\u017eio, kuriuos galima sukrauti, kad sutaupytum\u0117te vietos. Jas galima panaudoti kuriant kli\u016b\u010di\u0173 ruo\u017e\u0105, balansuodami vir\u0161 \u201eakmen\u0173\u201c \u012fsivaizduojamoje up\u0117je ar tiesiog sugalvodami naujus \u017eaidimus. Tai puiki priemon\u0117 vaikams i\u0161laikyti pusiausvyr\u0105, koordinacij\u0105 ir skatinti motorik\u0105. Populiarus \u017eaislas dar\u017eeliuose ir iki mokyklin\u0117se \u012fstaigose, skirtas ankstyvam nuo 2 met\u0173 ir vyresni\u0173 berniuk\u0173 ir mergai\u010di\u0173 vystymuisi.<span class=\"Y2IQFc\" lang=\"lt\">3 met\u0173 ir vyresni\u0173 berniuk\u0173 ir mergai\u010di\u0173 vystymuisi. <\/span><\/p>","protected":false},"excerpt":{"rendered":"<p>Neslystan\u010dio balansuojan\u010dios pagalv\u0117l\u0117s pagamintos i\u0161 mink\u0161tos putos. Rinkinys su 8 pagalv\u0117l\u0117mis i\u0161 8 skirting\u0173 spalv\u0173. Matmenys 18cm x 15cm dyd\u017eio, kuriuos galima sukrauti, kad sutaupytum\u0117te vietos. Jas galima panaudoti kuriant kli\u016b\u010di\u0173 ruo\u017e\u0105, balansuodami vir\u0161 \u201eakmen\u0173\u201c \u012fsivaizduojamoje up\u0117je ar tiesiog sugalvodami naujus \u017eaidimus. Tai puiki priemon\u0117 vaikams i\u0161laikyti pusiausvyr\u0105, koordinacij\u0105 ir skatinti motorik\u0105. Populiarus \u017eaislas dar\u017eeliuose &hellip;<\/p>\n<p class=\"read-more\"> <a class=\"\" href=\"https:\/\/www.ludoturris.lt\/en\/product\/minkstos-balansavimo-pagalveles\/\"> <span class=\"screen-reader-text\">Mink\u0161tos balansavimo pagalv\u0117l\u0117s<\/span> Read More &raquo;<\/a><\/p>","protected":false},"featured_media":5501,"template":"","meta":{"_uag_custom_page_level_css":"","_themeisle_gutenberg_block_has_review":false},"product_cat":[69,94,93],"product_tag":[],"yoast_head":"<!-- This site is optimized with the Yoast SEO plugin v21.1 - https:\/\/yoast.com\/wordpress\/plugins\/seo\/ -->\n<title>Mink\u0161tos balansavimo pagalv\u0117l\u0117s - Ludo Turris<\/title>\n<meta name=\"description\" content=\"Mink\u0161tos balansavimo pagalv\u0117l\u0117s \u2013 saugus ir lavinamasis \u017eaislas, skirtas vaikams lavinti pusiausvyr\u0105, koordinacij\u0105 ir motorinius \u012fg\u016bd\u017eius \u017eaidimo metu.\" \/>\n<meta name=\"robots\" content=\"index, follow, max-snippet:-1, max-image-preview:large, max-video-preview:-1\" \/>\n<link rel=\"canonical\" href=\"https:\/\/www.ludoturris.lt\/en\/product\/minkstos-balansavimo-pagalveles\/\" \/>\n<meta property=\"og:locale\" content=\"en_GB\" \/>\n<meta property=\"og:type\" content=\"article\" \/>\n<meta property=\"og:title\" content=\"Mink\u0161tos balansavimo pagalv\u0117l\u0117s - Ludo Turris\" \/>\n<meta property=\"og:description\" content=\"Mink\u0161tos balansavimo pagalv\u0117l\u0117s \u2013 saugus ir lavinamasis \u017eaislas, skirtas vaikams lavinti pusiausvyr\u0105, koordinacij\u0105 ir motorinius \u012fg\u016bd\u017eius \u017eaidimo metu.\" \/>\n<meta property=\"og:url\" content=\"https:\/\/www.ludoturris.lt\/en\/product\/minkstos-balansavimo-pagalveles\/\" \/>\n<meta property=\"og:site_name\" content=\"Ludo Turris\" \/>\n<meta property=\"article:publisher\" content=\"https:\/\/www.facebook.com\/Ludo-Turris-621921974895920\/\" \/>\n<meta property=\"article:modified_time\" content=\"2026-02-06T16:06:41+00:00\" \/>\n<meta property=\"og:image\" content=\"https:\/\/www.ludoturris.lt\/wp-content\/uploads\/2025\/01\/A60800.png\" \/>\n\t<meta property=\"og:image:width\" content=\"1000\" \/>\n\t<meta property=\"og:image:height\" content=\"1000\" \/>\n\t<meta property=\"og:image:type\" content=\"image\/png\" \/>\n<meta name=\"twitter:card\" content=\"summary_large_image\" \/>\n<meta name=\"twitter:label1\" content=\"Estimated reading time\" \/>\n\t<meta name=\"twitter:data1\" content=\"1 minute\" \/>\n<script type=\"application\/ld+json\" class=\"yoast-schema-graph\">{\"@context\":\"https:\/\/schema.org\",\"@graph\":[{\"@type\":\"WebPage\",\"@id\":\"https:\/\/www.ludoturris.lt\/produktas\/minkstos-balansavimo-pagalveles\/\",\"url\":\"https:\/\/www.ludoturris.lt\/produktas\/minkstos-balansavimo-pagalveles\/\",\"name\":\"Mink\u0161tos balansavimo pagalv\u0117l\u0117s - Ludo Turris\",\"isPartOf\":{\"@id\":\"https:\/\/www.ludoturris.lt\/#website\"},\"datePublished\":\"2025-01-05T12:06:40+00:00\",\"dateModified\":\"2026-02-06T16:06:41+00:00\",\"description\":\"Mink\u0161tos balansavimo pagalv\u0117l\u0117s \u2013 saugus ir lavinamasis \u017eaislas, skirtas vaikams lavinti pusiausvyr\u0105, koordinacij\u0105 ir motorinius \u012fg\u016bd\u017eius \u017eaidimo metu.\",\"breadcrumb\":{\"@id\":\"https:\/\/www.ludoturris.lt\/produktas\/minkstos-balansavimo-pagalveles\/#breadcrumb\"},\"inLanguage\":\"en-GB\",\"potentialAction\":[{\"@type\":\"ReadAction\",\"target\":[\"https:\/\/www.ludoturris.lt\/produktas\/minkstos-balansavimo-pagalveles\/\"]}]},{\"@type\":\"BreadcrumbList\",\"@id\":\"https:\/\/www.ludoturris.lt\/produktas\/minkstos-balansavimo-pagalveles\/#breadcrumb\",\"itemListElement\":[{\"@type\":\"ListItem\",\"position\":1,\"name\":\"Home\",\"item\":\"https:\/\/www.ludoturris.lt\/\"},{\"@type\":\"ListItem\",\"position\":2,\"name\":\"Parduotuv\u0117\",\"item\":\"https:\/\/www.ludoturris.lt\/parduotuve\/\"},{\"@type\":\"ListItem\",\"position\":3,\"name\":\"Mink\u0161tos balansavimo pagalv\u0117l\u0117s\"}]},{\"@type\":\"WebSite\",\"@id\":\"https:\/\/www.ludoturris.lt\/#website\",\"url\":\"https:\/\/www.ludoturris.lt\/\",\"name\":\"Ludo Turris\",\"description\":\"K\u016brybi\u0161kum\u0105 ir fantazij\u0105 lavinan\u010dios kalad\u0117l\u0117s\",\"publisher\":{\"@id\":\"https:\/\/www.ludoturris.lt\/#organization\"},\"potentialAction\":[{\"@type\":\"SearchAction\",\"target\":{\"@type\":\"EntryPoint\",\"urlTemplate\":\"https:\/\/www.ludoturris.lt\/?s={search_term_string}\"},\"query-input\":\"required name=search_term_string\"}],\"inLanguage\":\"en-GB\"},{\"@type\":\"Organization\",\"@id\":\"https:\/\/www.ludoturris.lt\/#organization\",\"name\":\"Ludo Turris \u2013 Vakar\u0173 gama, UAB\",\"url\":\"https:\/\/www.ludoturris.lt\/\",\"logo\":{\"@type\":\"ImageObject\",\"inLanguage\":\"en-GB\",\"@id\":\"https:\/\/www.ludoturris.lt\/#\/schema\/logo\/image\/\",\"url\":\"https:\/\/www.ludoturris.lt\/wp-content\/uploads\/2020\/10\/logo@2x.png\",\"contentUrl\":\"https:\/\/www.ludoturris.lt\/wp-content\/uploads\/2020\/10\/logo@2x.png\",\"width\":300,\"height\":147,\"caption\":\"Ludo Turris \u2013 Vakar\u0173 gama, UAB\"},\"image\":{\"@id\":\"https:\/\/www.ludoturris.lt\/#\/schema\/logo\/image\/\"},\"sameAs\":[\"https:\/\/www.facebook.com\/Ludo-Turris-621921974895920\/\",\"https:\/\/www.youtube.com\/channel\/UCuBACq67N1NGC9LVudo4ngw\"]}]}<\/script>\n<!-- \/ Yoast SEO plugin. -->","yoast_head_json":{"title":"Mink\u0161tos balansavimo pagalv\u0117l\u0117s - Ludo Turris","description":"Mink\u0161tos balansavimo pagalv\u0117l\u0117s \u2013 saugus ir lavinamasis \u017eaislas, skirtas vaikams lavinti pusiausvyr\u0105, koordinacij\u0105 ir motorinius \u012fg\u016bd\u017eius \u017eaidimo metu.","robots":{"index":"index","follow":"follow","max-snippet":"max-snippet:-1","max-image-preview":"max-image-preview:large","max-video-preview":"max-video-preview:-1"},"canonical":"https:\/\/www.ludoturris.lt\/en\/product\/minkstos-balansavimo-pagalveles\/","og_locale":"en_GB","og_type":"article","og_title":"Mink\u0161tos balansavimo pagalv\u0117l\u0117s - Ludo Turris","og_description":"Mink\u0161tos balansavimo pagalv\u0117l\u0117s \u2013 saugus ir lavinamasis \u017eaislas, skirtas vaikams lavinti pusiausvyr\u0105, koordinacij\u0105 ir motorinius \u012fg\u016bd\u017eius \u017eaidimo metu.","og_url":"https:\/\/www.ludoturris.lt\/en\/product\/minkstos-balansavimo-pagalveles\/","og_site_name":"Ludo Turris","article_publisher":"https:\/\/www.facebook.com\/Ludo-Turris-621921974895920\/","article_modified_time":"2026-02-06T16:06:41+00:00","og_image":[{"width":1000,"height":1000,"url":"https:\/\/www.ludoturris.lt\/wp-content\/uploads\/2025\/01\/A60800.png","type":"image\/png"}],"twitter_card":"summary_large_image","twitter_misc":{"Estimated reading time":"1 minute"},"schema":{"@context":"https:\/\/schema.org","@graph":[{"@type":"WebPage","@id":"https:\/\/www.ludoturris.lt\/produktas\/minkstos-balansavimo-pagalveles\/","url":"https:\/\/www.ludoturris.lt\/produktas\/minkstos-balansavimo-pagalveles\/","name":"Mink\u0161tos balansavimo pagalv\u0117l\u0117s - Ludo Turris","isPartOf":{"@id":"https:\/\/www.ludoturris.lt\/#website"},"datePublished":"2025-01-05T12:06:40+00:00","dateModified":"2026-02-06T16:06:41+00:00","description":"Mink\u0161tos balansavimo pagalv\u0117l\u0117s \u2013 saugus ir lavinamasis \u017eaislas, skirtas vaikams lavinti pusiausvyr\u0105, koordinacij\u0105 ir motorinius \u012fg\u016bd\u017eius \u017eaidimo metu.","breadcrumb":{"@id":"https:\/\/www.ludoturris.lt\/produktas\/minkstos-balansavimo-pagalveles\/#breadcrumb"},"inLanguage":"en-GB","potentialAction":[{"@type":"ReadAction","target":["https:\/\/www.ludoturris.lt\/produktas\/minkstos-balansavimo-pagalveles\/"]}]},{"@type":"BreadcrumbList","@id":"https:\/\/www.ludoturris.lt\/produktas\/minkstos-balansavimo-pagalveles\/#breadcrumb","itemListElement":[{"@type":"ListItem","position":1,"name":"Home","item":"https:\/\/www.ludoturris.lt\/"},{"@type":"ListItem","position":2,"name":"Parduotuv\u0117","item":"https:\/\/www.ludoturris.lt\/parduotuve\/"},{"@type":"ListItem","position":3,"name":"Mink\u0161tos balansavimo pagalv\u0117l\u0117s"}]},{"@type":"WebSite","@id":"https:\/\/www.ludoturris.lt\/#website","url":"https:\/\/www.ludoturris.lt\/","name":"Ludo Turris","description":"K\u016brybi\u0161kum\u0105 ir fantazij\u0105 lavinan\u010dios kalad\u0117l\u0117s","publisher":{"@id":"https:\/\/www.ludoturris.lt\/#organization"},"potentialAction":[{"@type":"SearchAction","target":{"@type":"EntryPoint","urlTemplate":"https:\/\/www.ludoturris.lt\/?s={search_term_string}"},"query-input":"required name=search_term_string"}],"inLanguage":"en-GB"},{"@type":"Organization","@id":"https:\/\/www.ludoturris.lt\/#organization","name":"Ludo Turris \u2013 Vakar\u0173 gama, UAB","url":"https:\/\/www.ludoturris.lt\/","logo":{"@type":"ImageObject","inLanguage":"en-GB","@id":"https:\/\/www.ludoturris.lt\/#\/schema\/logo\/image\/","url":"https:\/\/www.ludoturris.lt\/wp-content\/uploads\/2020\/10\/logo@2x.png","contentUrl":"https:\/\/www.ludoturris.lt\/wp-content\/uploads\/2020\/10\/logo@2x.png","width":300,"height":147,"caption":"Ludo Turris \u2013 Vakar\u0173 gama, UAB"},"image":{"@id":"https:\/\/www.ludoturris.lt\/#\/schema\/logo\/image\/"},"sameAs":["https:\/\/www.facebook.com\/Ludo-Turris-621921974895920\/","https:\/\/www.youtube.com\/channel\/UCuBACq67N1NGC9LVudo4ngw"]}]}},"uagb_featured_image_src":{"full":["https:\/\/www.ludoturris.lt\/wp-content\/uploads\/2025\/01\/A60800.png",1000,1000,false],"thumbnail":["https:\/\/www.ludoturris.lt\/wp-content\/uploads\/2025\/01\/A60800-150x150.png",150,150,true],"medium":["https:\/\/www.ludoturris.lt\/wp-content\/uploads\/2025\/01\/A60800-300x300.png",300,300,true],"medium_large":["https:\/\/www.ludoturris.lt\/wp-content\/uploads\/2025\/01\/A60800-768x768.png",768,768,true],"large":["https:\/\/www.ludoturris.lt\/wp-content\/uploads\/2025\/01\/A60800.png",1000,1000,false],"1536x1536":["https:\/\/www.ludoturris.lt\/wp-content\/uploads\/2025\/01\/A60800.png",1000,1000,false],"2048x2048":["https:\/\/www.ludoturris.lt\/wp-content\/uploads\/2025\/01\/A60800.png",1000,1000,false],"trp-custom-language-flag":["https:\/\/www.ludoturris.lt\/wp-content\/uploads\/2025\/01\/A60800-12x12.png",12,12,true],"woocommerce_thumbnail":["https:\/\/www.ludoturris.lt\/wp-content\/uploads\/2025\/01\/A60800-300x300.png",300,300,true],"woocommerce_single":["https:\/\/www.ludoturris.lt\/wp-content\/uploads\/2025\/01\/A60800-600x600.png",600,600,true],"woocommerce_gallery_thumbnail":["https:\/\/www.ludoturris.lt\/wp-content\/uploads\/2025\/01\/A60800-100x100.png",100,100,true],"variation_swatches_image_size":["https:\/\/www.ludoturris.lt\/wp-content\/uploads\/2025\/01\/A60800-50x50.png",50,50,true],"variation_swatches_tooltip_size":["https:\/\/www.ludoturris.lt\/wp-content\/uploads\/2025\/01\/A60800-100x100.png",100,100,true],"dgwt-wcas-product-suggestion":["https:\/\/www.ludoturris.lt\/wp-content\/uploads\/2025\/01\/A60800-64x64.png",64,64,true]},"uagb_author_info":{"display_name":"LudoTurris","author_link":"https:\/\/www.ludoturris.lt\/en\/author\/"},"uagb_comment_info":0,"uagb_excerpt":"Neslystan\u010dio balansuojan\u010dios pagalv\u0117l\u0117s pagamintos i\u0161 mink\u0161tos putos. Rinkinys su 8 pagalv\u0117l\u0117mis i\u0161 8 skirting\u0173 spalv\u0173. Matmenys 18cm x 15cm dyd\u017eio, kuriuos galima sukrauti, kad sutaupytum\u0117te vietos. Jas galima panaudoti kuriant kli\u016b\u010di\u0173 ruo\u017e\u0105, balansuodami vir\u0161 \u201eakmen\u0173\u201c \u012fsivaizduojamoje up\u0117je ar tiesiog sugalvodami naujus \u017eaidimus. Tai puiki priemon\u0117 vaikams i\u0161laikyti pusiausvyr\u0105, koordinacij\u0105 ir skatinti motorik\u0105. Populiarus \u017eaislas dar\u017eeliuose&hellip;","_links":{"self":[{"href":"https:\/\/www.ludoturris.lt\/en\/wp-json\/wp\/v2\/product\/4426"}],"collection":[{"href":"https:\/\/www.ludoturris.lt\/en\/wp-json\/wp\/v2\/product"}],"about":[{"href":"https:\/\/www.ludoturris.lt\/en\/wp-json\/wp\/v2\/types\/product"}],"wp:featuredmedia":[{"embeddable":true,"href":"https:\/\/www.ludoturris.lt\/en\/wp-json\/wp\/v2\/media\/5501"}],"wp:attachment":[{"href":"https:\/\/www.ludoturris.lt\/en\/wp-json\/wp\/v2\/media?parent=4426"}],"wp:term":[{"taxonomy":"product_cat","embeddable":true,"href":"https:\/\/www.ludoturris.lt\/en\/wp-json\/wp\/v2\/product_cat?post=4426"},{"taxonomy":"product_tag","embeddable":true,"href":"https:\/\/www.ludoturris.lt\/en\/wp-json\/wp\/v2\/product_tag?post=4426"}],"curies":[{"name":"wp","href":"https:\/\/api.w.org\/{rel}","templated":true}]}}