{"id":4368,"date":"2025-01-03T04:53:28","date_gmt":"2025-01-03T06:53:28","guid":{"rendered":"https:\/\/www.ludoturris.lt\/?post_type=product&#038;p=4368"},"modified":"2026-02-03T08:41:56","modified_gmt":"2026-02-03T10:41:56","slug":"plastikine-balta-sandeliavimo-dezute-su-dangciu-31l-whiteline","status":"publish","type":"product","link":"https:\/\/www.ludoturris.lt\/en\/product\/plastikine-balta-sandeliavimo-dezute-su-dangciu-31l-whiteline\/","title":{"rendered":"Plastikin\u0117 balta d\u0117\u017eut\u0117 su dang\u010diu 2,0l"},"content":{"rendered":"","protected":false},"excerpt":{"rendered":"<p>Baltos plastikin\u0117s sand\u0117liavimo d\u0117\u017eut\u0117s \u2013 universalus ir esteti\u0161kas sprendimas daikt\u0173 laikymui bei j\u0173 organizavimui. Sniego baltumo d\u0117\u017eut\u0117s su permatomu dangteliu pad\u0117s i\u0161laikyti vizualin\u0119 tvark\u0105, prakti\u0161kum\u0105 bei der\u0117s prie bet kokio interjero.<\/p>","protected":false},"featured_media":4371,"template":"","meta":{"_uag_custom_page_level_css":"","_themeisle_gutenberg_block_has_review":false},"product_cat":[72,33],"product_tag":[],"yoast_head":"<!-- This site is optimized with the Yoast SEO plugin v21.1 - https:\/\/yoast.com\/wordpress\/plugins\/seo\/ -->\n<title>Plastikin\u0117 balta d\u0117\u017eut\u0117 su dang\u010diu 2,0l - Ludo Turris<\/title>\n<meta name=\"description\" content=\"Sniego baltumo plastikin\u0117s sand\u0117liavimo d\u0117\u017eut\u0117s su permatomu dangteliu pad\u0117s i\u0161laikyti vizualin\u0119 tvark\u0105, prakti\u0161kum\u0105 bei der\u0117s prie bet kokio interjero.\" \/>\n<meta name=\"robots\" content=\"index, follow, max-snippet:-1, max-image-preview:large, max-video-preview:-1\" \/>\n<link rel=\"canonical\" href=\"https:\/\/www.ludoturris.lt\/en\/product\/plastikine-balta-sandeliavimo-dezute-su-dangciu-31l-whiteline\/\" \/>\n<meta property=\"og:locale\" content=\"en_GB\" \/>\n<meta property=\"og:type\" content=\"article\" \/>\n<meta property=\"og:title\" content=\"Plastikin\u0117 balta d\u0117\u017eut\u0117 su dang\u010diu 2,0l - Ludo Turris\" \/>\n<meta property=\"og:description\" content=\"Sniego baltumo plastikin\u0117s sand\u0117liavimo d\u0117\u017eut\u0117s su permatomu dangteliu pad\u0117s i\u0161laikyti vizualin\u0119 tvark\u0105, prakti\u0161kum\u0105 bei der\u0117s prie bet kokio interjero.\" \/>\n<meta property=\"og:url\" content=\"https:\/\/www.ludoturris.lt\/en\/product\/plastikine-balta-sandeliavimo-dezute-su-dangciu-31l-whiteline\/\" \/>\n<meta property=\"og:site_name\" content=\"Ludo Turris\" \/>\n<meta property=\"article:publisher\" content=\"https:\/\/www.facebook.com\/Ludo-Turris-621921974895920\/\" \/>\n<meta property=\"article:modified_time\" content=\"2026-02-03T10:41:56+00:00\" \/>\n<meta property=\"og:image\" content=\"https:\/\/www.ludoturris.lt\/wp-content\/uploads\/2025\/01\/1223-1.png\" \/>\n\t<meta property=\"og:image:width\" content=\"537\" \/>\n\t<meta property=\"og:image:height\" content=\"537\" \/>\n\t<meta property=\"og:image:type\" content=\"image\/png\" \/>\n<meta name=\"twitter:card\" content=\"summary_large_image\" \/>\n<script type=\"application\/ld+json\" class=\"yoast-schema-graph\">{\"@context\":\"https:\/\/schema.org\",\"@graph\":[{\"@type\":\"WebPage\",\"@id\":\"https:\/\/www.ludoturris.lt\/produktas\/plastikine-balta-sandeliavimo-dezute-su-dangciu-31l-whiteline\/\",\"url\":\"https:\/\/www.ludoturris.lt\/produktas\/plastikine-balta-sandeliavimo-dezute-su-dangciu-31l-whiteline\/\",\"name\":\"Plastikin\u0117 balta d\u0117\u017eut\u0117 su dang\u010diu 2,0l - Ludo Turris\",\"isPartOf\":{\"@id\":\"https:\/\/www.ludoturris.lt\/#website\"},\"datePublished\":\"2025-01-03T06:53:28+00:00\",\"dateModified\":\"2026-02-03T10:41:56+00:00\",\"description\":\"Sniego baltumo plastikin\u0117s sand\u0117liavimo d\u0117\u017eut\u0117s su permatomu dangteliu pad\u0117s i\u0161laikyti vizualin\u0119 tvark\u0105, prakti\u0161kum\u0105 bei der\u0117s prie bet kokio interjero.\",\"breadcrumb\":{\"@id\":\"https:\/\/www.ludoturris.lt\/produktas\/plastikine-balta-sandeliavimo-dezute-su-dangciu-31l-whiteline\/#breadcrumb\"},\"inLanguage\":\"en-GB\",\"potentialAction\":[{\"@type\":\"ReadAction\",\"target\":[\"https:\/\/www.ludoturris.lt\/produktas\/plastikine-balta-sandeliavimo-dezute-su-dangciu-31l-whiteline\/\"]}]},{\"@type\":\"BreadcrumbList\",\"@id\":\"https:\/\/www.ludoturris.lt\/produktas\/plastikine-balta-sandeliavimo-dezute-su-dangciu-31l-whiteline\/#breadcrumb\",\"itemListElement\":[{\"@type\":\"ListItem\",\"position\":1,\"name\":\"Home\",\"item\":\"https:\/\/www.ludoturris.lt\/\"},{\"@type\":\"ListItem\",\"position\":2,\"name\":\"Parduotuv\u0117\",\"item\":\"https:\/\/www.ludoturris.lt\/parduotuve\/\"},{\"@type\":\"ListItem\",\"position\":3,\"name\":\"Plastikin\u0117 balta d\u0117\u017eut\u0117 su dang\u010diu 2,0l\"}]},{\"@type\":\"WebSite\",\"@id\":\"https:\/\/www.ludoturris.lt\/#website\",\"url\":\"https:\/\/www.ludoturris.lt\/\",\"name\":\"Ludo Turris\",\"description\":\"K\u016brybi\u0161kum\u0105 ir fantazij\u0105 lavinan\u010dios kalad\u0117l\u0117s\",\"publisher\":{\"@id\":\"https:\/\/www.ludoturris.lt\/#organization\"},\"potentialAction\":[{\"@type\":\"SearchAction\",\"target\":{\"@type\":\"EntryPoint\",\"urlTemplate\":\"https:\/\/www.ludoturris.lt\/?s={search_term_string}\"},\"query-input\":\"required name=search_term_string\"}],\"inLanguage\":\"en-GB\"},{\"@type\":\"Organization\",\"@id\":\"https:\/\/www.ludoturris.lt\/#organization\",\"name\":\"Ludo Turris \u2013 Vakar\u0173 gama, UAB\",\"url\":\"https:\/\/www.ludoturris.lt\/\",\"logo\":{\"@type\":\"ImageObject\",\"inLanguage\":\"en-GB\",\"@id\":\"https:\/\/www.ludoturris.lt\/#\/schema\/logo\/image\/\",\"url\":\"https:\/\/www.ludoturris.lt\/wp-content\/uploads\/2020\/10\/logo@2x.png\",\"contentUrl\":\"https:\/\/www.ludoturris.lt\/wp-content\/uploads\/2020\/10\/logo@2x.png\",\"width\":300,\"height\":147,\"caption\":\"Ludo Turris \u2013 Vakar\u0173 gama, UAB\"},\"image\":{\"@id\":\"https:\/\/www.ludoturris.lt\/#\/schema\/logo\/image\/\"},\"sameAs\":[\"https:\/\/www.facebook.com\/Ludo-Turris-621921974895920\/\",\"https:\/\/www.youtube.com\/channel\/UCuBACq67N1NGC9LVudo4ngw\"]}]}<\/script>\n<!-- \/ Yoast SEO plugin. -->","yoast_head_json":{"title":"Plastikin\u0117 balta d\u0117\u017eut\u0117 su dang\u010diu 2,0l - Ludo Turris","description":"Sniego baltumo plastikin\u0117s sand\u0117liavimo d\u0117\u017eut\u0117s su permatomu dangteliu pad\u0117s i\u0161laikyti vizualin\u0119 tvark\u0105, prakti\u0161kum\u0105 bei der\u0117s prie bet kokio interjero.","robots":{"index":"index","follow":"follow","max-snippet":"max-snippet:-1","max-image-preview":"max-image-preview:large","max-video-preview":"max-video-preview:-1"},"canonical":"https:\/\/www.ludoturris.lt\/en\/product\/plastikine-balta-sandeliavimo-dezute-su-dangciu-31l-whiteline\/","og_locale":"en_GB","og_type":"article","og_title":"Plastikin\u0117 balta d\u0117\u017eut\u0117 su dang\u010diu 2,0l - Ludo Turris","og_description":"Sniego baltumo plastikin\u0117s sand\u0117liavimo d\u0117\u017eut\u0117s su permatomu dangteliu pad\u0117s i\u0161laikyti vizualin\u0119 tvark\u0105, prakti\u0161kum\u0105 bei der\u0117s prie bet kokio interjero.","og_url":"https:\/\/www.ludoturris.lt\/en\/product\/plastikine-balta-sandeliavimo-dezute-su-dangciu-31l-whiteline\/","og_site_name":"Ludo Turris","article_publisher":"https:\/\/www.facebook.com\/Ludo-Turris-621921974895920\/","article_modified_time":"2026-02-03T10:41:56+00:00","og_image":[{"width":537,"height":537,"url":"https:\/\/www.ludoturris.lt\/wp-content\/uploads\/2025\/01\/1223-1.png","type":"image\/png"}],"twitter_card":"summary_large_image","schema":{"@context":"https:\/\/schema.org","@graph":[{"@type":"WebPage","@id":"https:\/\/www.ludoturris.lt\/produktas\/plastikine-balta-sandeliavimo-dezute-su-dangciu-31l-whiteline\/","url":"https:\/\/www.ludoturris.lt\/produktas\/plastikine-balta-sandeliavimo-dezute-su-dangciu-31l-whiteline\/","name":"Plastikin\u0117 balta d\u0117\u017eut\u0117 su dang\u010diu 2,0l - Ludo Turris","isPartOf":{"@id":"https:\/\/www.ludoturris.lt\/#website"},"datePublished":"2025-01-03T06:53:28+00:00","dateModified":"2026-02-03T10:41:56+00:00","description":"Sniego baltumo plastikin\u0117s sand\u0117liavimo d\u0117\u017eut\u0117s su permatomu dangteliu pad\u0117s i\u0161laikyti vizualin\u0119 tvark\u0105, prakti\u0161kum\u0105 bei der\u0117s prie bet kokio interjero.","breadcrumb":{"@id":"https:\/\/www.ludoturris.lt\/produktas\/plastikine-balta-sandeliavimo-dezute-su-dangciu-31l-whiteline\/#breadcrumb"},"inLanguage":"en-GB","potentialAction":[{"@type":"ReadAction","target":["https:\/\/www.ludoturris.lt\/produktas\/plastikine-balta-sandeliavimo-dezute-su-dangciu-31l-whiteline\/"]}]},{"@type":"BreadcrumbList","@id":"https:\/\/www.ludoturris.lt\/produktas\/plastikine-balta-sandeliavimo-dezute-su-dangciu-31l-whiteline\/#breadcrumb","itemListElement":[{"@type":"ListItem","position":1,"name":"Home","item":"https:\/\/www.ludoturris.lt\/"},{"@type":"ListItem","position":2,"name":"Parduotuv\u0117","item":"https:\/\/www.ludoturris.lt\/parduotuve\/"},{"@type":"ListItem","position":3,"name":"Plastikin\u0117 balta d\u0117\u017eut\u0117 su dang\u010diu 2,0l"}]},{"@type":"WebSite","@id":"https:\/\/www.ludoturris.lt\/#website","url":"https:\/\/www.ludoturris.lt\/","name":"Ludo Turris","description":"K\u016brybi\u0161kum\u0105 ir fantazij\u0105 lavinan\u010dios kalad\u0117l\u0117s","publisher":{"@id":"https:\/\/www.ludoturris.lt\/#organization"},"potentialAction":[{"@type":"SearchAction","target":{"@type":"EntryPoint","urlTemplate":"https:\/\/www.ludoturris.lt\/?s={search_term_string}"},"query-input":"required name=search_term_string"}],"inLanguage":"en-GB"},{"@type":"Organization","@id":"https:\/\/www.ludoturris.lt\/#organization","name":"Ludo Turris \u2013 Vakar\u0173 gama, UAB","url":"https:\/\/www.ludoturris.lt\/","logo":{"@type":"ImageObject","inLanguage":"en-GB","@id":"https:\/\/www.ludoturris.lt\/#\/schema\/logo\/image\/","url":"https:\/\/www.ludoturris.lt\/wp-content\/uploads\/2020\/10\/logo@2x.png","contentUrl":"https:\/\/www.ludoturris.lt\/wp-content\/uploads\/2020\/10\/logo@2x.png","width":300,"height":147,"caption":"Ludo Turris \u2013 Vakar\u0173 gama, UAB"},"image":{"@id":"https:\/\/www.ludoturris.lt\/#\/schema\/logo\/image\/"},"sameAs":["https:\/\/www.facebook.com\/Ludo-Turris-621921974895920\/","https:\/\/www.youtube.com\/channel\/UCuBACq67N1NGC9LVudo4ngw"]}]}},"uagb_featured_image_src":{"full":["https:\/\/www.ludoturris.lt\/wp-content\/uploads\/2025\/01\/1223-1.png",537,537,false],"thumbnail":["https:\/\/www.ludoturris.lt\/wp-content\/uploads\/2025\/01\/1223-1-150x150.png",150,150,true],"medium":["https:\/\/www.ludoturris.lt\/wp-content\/uploads\/2025\/01\/1223-1-300x300.png",300,300,true],"medium_large":["https:\/\/www.ludoturris.lt\/wp-content\/uploads\/2025\/01\/1223-1.png",537,537,false],"large":["https:\/\/www.ludoturris.lt\/wp-content\/uploads\/2025\/01\/1223-1.png",537,537,false],"1536x1536":["https:\/\/www.ludoturris.lt\/wp-content\/uploads\/2025\/01\/1223-1.png",537,537,false],"2048x2048":["https:\/\/www.ludoturris.lt\/wp-content\/uploads\/2025\/01\/1223-1.png",537,537,false],"trp-custom-language-flag":["https:\/\/www.ludoturris.lt\/wp-content\/uploads\/2025\/01\/1223-1-12x12.png",12,12,true],"woocommerce_thumbnail":["https:\/\/www.ludoturris.lt\/wp-content\/uploads\/2025\/01\/1223-1-300x300.png",300,300,true],"woocommerce_single":["https:\/\/www.ludoturris.lt\/wp-content\/uploads\/2025\/01\/1223-1.png",537,537,false],"woocommerce_gallery_thumbnail":["https:\/\/www.ludoturris.lt\/wp-content\/uploads\/2025\/01\/1223-1-100x100.png",100,100,true],"variation_swatches_image_size":["https:\/\/www.ludoturris.lt\/wp-content\/uploads\/2025\/01\/1223-1-50x50.png",50,50,true],"variation_swatches_tooltip_size":["https:\/\/www.ludoturris.lt\/wp-content\/uploads\/2025\/01\/1223-1-100x100.png",100,100,true],"dgwt-wcas-product-suggestion":["https:\/\/www.ludoturris.lt\/wp-content\/uploads\/2025\/01\/1223-1.png",64,64,false]},"uagb_author_info":{"display_name":"LudoTurris","author_link":"https:\/\/www.ludoturris.lt\/en\/author\/"},"uagb_comment_info":0,"uagb_excerpt":"Baltos plastikin\u0117s sand\u0117liavimo d\u0117\u017eut\u0117s \u2013 universalus ir esteti\u0161kas sprendimas daikt\u0173 laikymui bei j\u0173 organizavimui. Sniego baltumo d\u0117\u017eut\u0117s su permatomu dangteliu pad\u0117s i\u0161laikyti vizualin\u0119 tvark\u0105, prakti\u0161kum\u0105 bei der\u0117s prie bet kokio interjero.","_links":{"self":[{"href":"https:\/\/www.ludoturris.lt\/en\/wp-json\/wp\/v2\/product\/4368"}],"collection":[{"href":"https:\/\/www.ludoturris.lt\/en\/wp-json\/wp\/v2\/product"}],"about":[{"href":"https:\/\/www.ludoturris.lt\/en\/wp-json\/wp\/v2\/types\/product"}],"wp:featuredmedia":[{"embeddable":true,"href":"https:\/\/www.ludoturris.lt\/en\/wp-json\/wp\/v2\/media\/4371"}],"wp:attachment":[{"href":"https:\/\/www.ludoturris.lt\/en\/wp-json\/wp\/v2\/media?parent=4368"}],"wp:term":[{"taxonomy":"product_cat","embeddable":true,"href":"https:\/\/www.ludoturris.lt\/en\/wp-json\/wp\/v2\/product_cat?post=4368"},{"taxonomy":"product_tag","embeddable":true,"href":"https:\/\/www.ludoturris.lt\/en\/wp-json\/wp\/v2\/product_tag?post=4368"}],"curies":[{"name":"wp","href":"https:\/\/api.w.org\/{rel}","templated":true}]}}