{"id":4346,"date":"2025-01-02T12:31:04","date_gmt":"2025-01-02T14:31:04","guid":{"rendered":"https:\/\/www.ludoturris.lt\/?post_type=product&#038;p=4346"},"modified":"2026-02-03T08:25:52","modified_gmt":"2026-02-03T10:25:52","slug":"plastikine-medicinine-antibakterine-sandeliavimo-dezute-su-dangciu-8l-simplestore","status":"publish","type":"product","link":"https:\/\/www.ludoturris.lt\/en\/product\/plastikine-medicinine-antibakterine-sandeliavimo-dezute-su-dangciu-8l-simplestore\/","title":{"rendered":"Medicinin\u0117-antibakterin\u0117 d\u0117\u017eut\u0117 su dang\u010diu ir rankena 8l"},"content":{"rendered":"","protected":false},"excerpt":{"rendered":"<p>Medicinin\u0117 antibakterin\u0117 d\u0117\u017eut\u0117 yra specialiai sukurta u\u017etikrinti saug\u0173 ir higieni\u0161k\u0105 medicinos priemoni\u0173 bei vaist\u0173 laikym\u0105. Pagaminta i\u0161 antibakterini\u0173 med\u017eiag\u0173, ji veiksmingai ma\u017eina bakterij\u0173 dauginim\u0105si, taip prisidedant prie \u0161varios ir saugios aplinkos palaikymo.<\/p>","protected":false},"featured_media":4349,"template":"","meta":{"_uag_custom_page_level_css":"","_themeisle_gutenberg_block_has_review":false},"product_cat":[72,33],"product_tag":[],"yoast_head":"<!-- This site is optimized with the Yoast SEO plugin v21.1 - https:\/\/yoast.com\/wordpress\/plugins\/seo\/ -->\n<title>Medicinin\u0117-antibakterin\u0117 d\u0117\u017eut\u0117 su dang\u010diu ir rankena 8l - Ludo Turris<\/title>\n<meta name=\"description\" content=\"Medicinin\u0117 antibakterin\u0117 d\u0117\u017eut\u0117 sukurta u\u017etikrinti saug\u0173 ir higieni\u0161k\u0105 medicinos priemoni\u0173 bei vaist\u0173 laikym\u0105. Ranken\u0117l\u0117 puikiai tiks ne\u0161ti d\u0117\u017eut\u0119 rankoje.\" \/>\n<meta name=\"robots\" content=\"index, follow, max-snippet:-1, max-image-preview:large, max-video-preview:-1\" \/>\n<link rel=\"canonical\" href=\"https:\/\/www.ludoturris.lt\/en\/product\/plastikine-medicinine-antibakterine-sandeliavimo-dezute-su-dangciu-8l-simplestore\/\" \/>\n<meta property=\"og:locale\" content=\"en_GB\" \/>\n<meta property=\"og:type\" content=\"article\" \/>\n<meta property=\"og:title\" content=\"Medicinin\u0117-antibakterin\u0117 d\u0117\u017eut\u0117 su dang\u010diu ir rankena 8l - Ludo Turris\" \/>\n<meta property=\"og:description\" content=\"Medicinin\u0117 antibakterin\u0117 d\u0117\u017eut\u0117 sukurta u\u017etikrinti saug\u0173 ir higieni\u0161k\u0105 medicinos priemoni\u0173 bei vaist\u0173 laikym\u0105. Ranken\u0117l\u0117 puikiai tiks ne\u0161ti d\u0117\u017eut\u0119 rankoje.\" \/>\n<meta property=\"og:url\" content=\"https:\/\/www.ludoturris.lt\/en\/product\/plastikine-medicinine-antibakterine-sandeliavimo-dezute-su-dangciu-8l-simplestore\/\" \/>\n<meta property=\"og:site_name\" content=\"Ludo Turris\" \/>\n<meta property=\"article:publisher\" content=\"https:\/\/www.facebook.com\/Ludo-Turris-621921974895920\/\" \/>\n<meta property=\"article:modified_time\" content=\"2026-02-03T10:25:52+00:00\" \/>\n<meta property=\"og:image\" content=\"https:\/\/www.ludoturris.lt\/wp-content\/uploads\/2025\/01\/1128-2.png\" \/>\n\t<meta property=\"og:image:width\" content=\"537\" \/>\n\t<meta property=\"og:image:height\" content=\"537\" \/>\n\t<meta property=\"og:image:type\" content=\"image\/png\" \/>\n<meta name=\"twitter:card\" content=\"summary_large_image\" \/>\n<script type=\"application\/ld+json\" class=\"yoast-schema-graph\">{\"@context\":\"https:\/\/schema.org\",\"@graph\":[{\"@type\":\"WebPage\",\"@id\":\"https:\/\/www.ludoturris.lt\/produktas\/plastikine-medicinine-antibakterine-sandeliavimo-dezute-su-dangciu-8l-simplestore\/\",\"url\":\"https:\/\/www.ludoturris.lt\/produktas\/plastikine-medicinine-antibakterine-sandeliavimo-dezute-su-dangciu-8l-simplestore\/\",\"name\":\"Medicinin\u0117-antibakterin\u0117 d\u0117\u017eut\u0117 su dang\u010diu ir rankena 8l - Ludo Turris\",\"isPartOf\":{\"@id\":\"https:\/\/www.ludoturris.lt\/#website\"},\"datePublished\":\"2025-01-02T14:31:04+00:00\",\"dateModified\":\"2026-02-03T10:25:52+00:00\",\"description\":\"Medicinin\u0117 antibakterin\u0117 d\u0117\u017eut\u0117 sukurta u\u017etikrinti saug\u0173 ir higieni\u0161k\u0105 medicinos priemoni\u0173 bei vaist\u0173 laikym\u0105. Ranken\u0117l\u0117 puikiai tiks ne\u0161ti d\u0117\u017eut\u0119 rankoje.\",\"breadcrumb\":{\"@id\":\"https:\/\/www.ludoturris.lt\/produktas\/plastikine-medicinine-antibakterine-sandeliavimo-dezute-su-dangciu-8l-simplestore\/#breadcrumb\"},\"inLanguage\":\"en-GB\",\"potentialAction\":[{\"@type\":\"ReadAction\",\"target\":[\"https:\/\/www.ludoturris.lt\/produktas\/plastikine-medicinine-antibakterine-sandeliavimo-dezute-su-dangciu-8l-simplestore\/\"]}]},{\"@type\":\"BreadcrumbList\",\"@id\":\"https:\/\/www.ludoturris.lt\/produktas\/plastikine-medicinine-antibakterine-sandeliavimo-dezute-su-dangciu-8l-simplestore\/#breadcrumb\",\"itemListElement\":[{\"@type\":\"ListItem\",\"position\":1,\"name\":\"Home\",\"item\":\"https:\/\/www.ludoturris.lt\/\"},{\"@type\":\"ListItem\",\"position\":2,\"name\":\"Parduotuv\u0117\",\"item\":\"https:\/\/www.ludoturris.lt\/parduotuve\/\"},{\"@type\":\"ListItem\",\"position\":3,\"name\":\"Medicinin\u0117-antibakterin\u0117 d\u0117\u017eut\u0117 su dang\u010diu ir rankena 8l\"}]},{\"@type\":\"WebSite\",\"@id\":\"https:\/\/www.ludoturris.lt\/#website\",\"url\":\"https:\/\/www.ludoturris.lt\/\",\"name\":\"Ludo Turris\",\"description\":\"K\u016brybi\u0161kum\u0105 ir fantazij\u0105 lavinan\u010dios kalad\u0117l\u0117s\",\"publisher\":{\"@id\":\"https:\/\/www.ludoturris.lt\/#organization\"},\"potentialAction\":[{\"@type\":\"SearchAction\",\"target\":{\"@type\":\"EntryPoint\",\"urlTemplate\":\"https:\/\/www.ludoturris.lt\/?s={search_term_string}\"},\"query-input\":\"required name=search_term_string\"}],\"inLanguage\":\"en-GB\"},{\"@type\":\"Organization\",\"@id\":\"https:\/\/www.ludoturris.lt\/#organization\",\"name\":\"Ludo Turris \u2013 Vakar\u0173 gama, UAB\",\"url\":\"https:\/\/www.ludoturris.lt\/\",\"logo\":{\"@type\":\"ImageObject\",\"inLanguage\":\"en-GB\",\"@id\":\"https:\/\/www.ludoturris.lt\/#\/schema\/logo\/image\/\",\"url\":\"https:\/\/www.ludoturris.lt\/wp-content\/uploads\/2020\/10\/logo@2x.png\",\"contentUrl\":\"https:\/\/www.ludoturris.lt\/wp-content\/uploads\/2020\/10\/logo@2x.png\",\"width\":300,\"height\":147,\"caption\":\"Ludo Turris \u2013 Vakar\u0173 gama, UAB\"},\"image\":{\"@id\":\"https:\/\/www.ludoturris.lt\/#\/schema\/logo\/image\/\"},\"sameAs\":[\"https:\/\/www.facebook.com\/Ludo-Turris-621921974895920\/\",\"https:\/\/www.youtube.com\/channel\/UCuBACq67N1NGC9LVudo4ngw\"]}]}<\/script>\n<!-- \/ Yoast SEO plugin. -->","yoast_head_json":{"title":"Medicinin\u0117-antibakterin\u0117 d\u0117\u017eut\u0117 su dang\u010diu ir rankena 8l - Ludo Turris","description":"Medicinin\u0117 antibakterin\u0117 d\u0117\u017eut\u0117 sukurta u\u017etikrinti saug\u0173 ir higieni\u0161k\u0105 medicinos priemoni\u0173 bei vaist\u0173 laikym\u0105. Ranken\u0117l\u0117 puikiai tiks ne\u0161ti d\u0117\u017eut\u0119 rankoje.","robots":{"index":"index","follow":"follow","max-snippet":"max-snippet:-1","max-image-preview":"max-image-preview:large","max-video-preview":"max-video-preview:-1"},"canonical":"https:\/\/www.ludoturris.lt\/en\/product\/plastikine-medicinine-antibakterine-sandeliavimo-dezute-su-dangciu-8l-simplestore\/","og_locale":"en_GB","og_type":"article","og_title":"Medicinin\u0117-antibakterin\u0117 d\u0117\u017eut\u0117 su dang\u010diu ir rankena 8l - Ludo Turris","og_description":"Medicinin\u0117 antibakterin\u0117 d\u0117\u017eut\u0117 sukurta u\u017etikrinti saug\u0173 ir higieni\u0161k\u0105 medicinos priemoni\u0173 bei vaist\u0173 laikym\u0105. Ranken\u0117l\u0117 puikiai tiks ne\u0161ti d\u0117\u017eut\u0119 rankoje.","og_url":"https:\/\/www.ludoturris.lt\/en\/product\/plastikine-medicinine-antibakterine-sandeliavimo-dezute-su-dangciu-8l-simplestore\/","og_site_name":"Ludo Turris","article_publisher":"https:\/\/www.facebook.com\/Ludo-Turris-621921974895920\/","article_modified_time":"2026-02-03T10:25:52+00:00","og_image":[{"width":537,"height":537,"url":"https:\/\/www.ludoturris.lt\/wp-content\/uploads\/2025\/01\/1128-2.png","type":"image\/png"}],"twitter_card":"summary_large_image","schema":{"@context":"https:\/\/schema.org","@graph":[{"@type":"WebPage","@id":"https:\/\/www.ludoturris.lt\/produktas\/plastikine-medicinine-antibakterine-sandeliavimo-dezute-su-dangciu-8l-simplestore\/","url":"https:\/\/www.ludoturris.lt\/produktas\/plastikine-medicinine-antibakterine-sandeliavimo-dezute-su-dangciu-8l-simplestore\/","name":"Medicinin\u0117-antibakterin\u0117 d\u0117\u017eut\u0117 su dang\u010diu ir rankena 8l - Ludo Turris","isPartOf":{"@id":"https:\/\/www.ludoturris.lt\/#website"},"datePublished":"2025-01-02T14:31:04+00:00","dateModified":"2026-02-03T10:25:52+00:00","description":"Medicinin\u0117 antibakterin\u0117 d\u0117\u017eut\u0117 sukurta u\u017etikrinti saug\u0173 ir higieni\u0161k\u0105 medicinos priemoni\u0173 bei vaist\u0173 laikym\u0105. Ranken\u0117l\u0117 puikiai tiks ne\u0161ti d\u0117\u017eut\u0119 rankoje.","breadcrumb":{"@id":"https:\/\/www.ludoturris.lt\/produktas\/plastikine-medicinine-antibakterine-sandeliavimo-dezute-su-dangciu-8l-simplestore\/#breadcrumb"},"inLanguage":"en-GB","potentialAction":[{"@type":"ReadAction","target":["https:\/\/www.ludoturris.lt\/produktas\/plastikine-medicinine-antibakterine-sandeliavimo-dezute-su-dangciu-8l-simplestore\/"]}]},{"@type":"BreadcrumbList","@id":"https:\/\/www.ludoturris.lt\/produktas\/plastikine-medicinine-antibakterine-sandeliavimo-dezute-su-dangciu-8l-simplestore\/#breadcrumb","itemListElement":[{"@type":"ListItem","position":1,"name":"Home","item":"https:\/\/www.ludoturris.lt\/"},{"@type":"ListItem","position":2,"name":"Parduotuv\u0117","item":"https:\/\/www.ludoturris.lt\/parduotuve\/"},{"@type":"ListItem","position":3,"name":"Medicinin\u0117-antibakterin\u0117 d\u0117\u017eut\u0117 su dang\u010diu ir rankena 8l"}]},{"@type":"WebSite","@id":"https:\/\/www.ludoturris.lt\/#website","url":"https:\/\/www.ludoturris.lt\/","name":"Ludo Turris","description":"K\u016brybi\u0161kum\u0105 ir fantazij\u0105 lavinan\u010dios kalad\u0117l\u0117s","publisher":{"@id":"https:\/\/www.ludoturris.lt\/#organization"},"potentialAction":[{"@type":"SearchAction","target":{"@type":"EntryPoint","urlTemplate":"https:\/\/www.ludoturris.lt\/?s={search_term_string}"},"query-input":"required name=search_term_string"}],"inLanguage":"en-GB"},{"@type":"Organization","@id":"https:\/\/www.ludoturris.lt\/#organization","name":"Ludo Turris \u2013 Vakar\u0173 gama, UAB","url":"https:\/\/www.ludoturris.lt\/","logo":{"@type":"ImageObject","inLanguage":"en-GB","@id":"https:\/\/www.ludoturris.lt\/#\/schema\/logo\/image\/","url":"https:\/\/www.ludoturris.lt\/wp-content\/uploads\/2020\/10\/logo@2x.png","contentUrl":"https:\/\/www.ludoturris.lt\/wp-content\/uploads\/2020\/10\/logo@2x.png","width":300,"height":147,"caption":"Ludo Turris \u2013 Vakar\u0173 gama, UAB"},"image":{"@id":"https:\/\/www.ludoturris.lt\/#\/schema\/logo\/image\/"},"sameAs":["https:\/\/www.facebook.com\/Ludo-Turris-621921974895920\/","https:\/\/www.youtube.com\/channel\/UCuBACq67N1NGC9LVudo4ngw"]}]}},"uagb_featured_image_src":{"full":["https:\/\/www.ludoturris.lt\/wp-content\/uploads\/2025\/01\/1128-2.png",537,537,false],"thumbnail":["https:\/\/www.ludoturris.lt\/wp-content\/uploads\/2025\/01\/1128-2-150x150.png",150,150,true],"medium":["https:\/\/www.ludoturris.lt\/wp-content\/uploads\/2025\/01\/1128-2-300x300.png",300,300,true],"medium_large":["https:\/\/www.ludoturris.lt\/wp-content\/uploads\/2025\/01\/1128-2.png",537,537,false],"large":["https:\/\/www.ludoturris.lt\/wp-content\/uploads\/2025\/01\/1128-2.png",537,537,false],"1536x1536":["https:\/\/www.ludoturris.lt\/wp-content\/uploads\/2025\/01\/1128-2.png",537,537,false],"2048x2048":["https:\/\/www.ludoturris.lt\/wp-content\/uploads\/2025\/01\/1128-2.png",537,537,false],"trp-custom-language-flag":["https:\/\/www.ludoturris.lt\/wp-content\/uploads\/2025\/01\/1128-2-12x12.png",12,12,true],"woocommerce_thumbnail":["https:\/\/www.ludoturris.lt\/wp-content\/uploads\/2025\/01\/1128-2-300x300.png",300,300,true],"woocommerce_single":["https:\/\/www.ludoturris.lt\/wp-content\/uploads\/2025\/01\/1128-2.png",537,537,false],"woocommerce_gallery_thumbnail":["https:\/\/www.ludoturris.lt\/wp-content\/uploads\/2025\/01\/1128-2-100x100.png",100,100,true],"variation_swatches_image_size":["https:\/\/www.ludoturris.lt\/wp-content\/uploads\/2025\/01\/1128-2-50x50.png",50,50,true],"variation_swatches_tooltip_size":["https:\/\/www.ludoturris.lt\/wp-content\/uploads\/2025\/01\/1128-2-100x100.png",100,100,true],"dgwt-wcas-product-suggestion":["https:\/\/www.ludoturris.lt\/wp-content\/uploads\/2025\/01\/1128-2.png",64,64,false]},"uagb_author_info":{"display_name":"LudoTurris","author_link":"https:\/\/www.ludoturris.lt\/en\/author\/"},"uagb_comment_info":0,"uagb_excerpt":"Medicinin\u0117 antibakterin\u0117 d\u0117\u017eut\u0117 yra specialiai sukurta u\u017etikrinti saug\u0173 ir higieni\u0161k\u0105 medicinos priemoni\u0173 bei vaist\u0173 laikym\u0105. Pagaminta i\u0161 antibakterini\u0173 med\u017eiag\u0173, ji veiksmingai ma\u017eina bakterij\u0173 dauginim\u0105si, taip prisidedant prie \u0161varios ir saugios aplinkos palaikymo.","_links":{"self":[{"href":"https:\/\/www.ludoturris.lt\/en\/wp-json\/wp\/v2\/product\/4346"}],"collection":[{"href":"https:\/\/www.ludoturris.lt\/en\/wp-json\/wp\/v2\/product"}],"about":[{"href":"https:\/\/www.ludoturris.lt\/en\/wp-json\/wp\/v2\/types\/product"}],"wp:featuredmedia":[{"embeddable":true,"href":"https:\/\/www.ludoturris.lt\/en\/wp-json\/wp\/v2\/media\/4349"}],"wp:attachment":[{"href":"https:\/\/www.ludoturris.lt\/en\/wp-json\/wp\/v2\/media?parent=4346"}],"wp:term":[{"taxonomy":"product_cat","embeddable":true,"href":"https:\/\/www.ludoturris.lt\/en\/wp-json\/wp\/v2\/product_cat?post=4346"},{"taxonomy":"product_tag","embeddable":true,"href":"https:\/\/www.ludoturris.lt\/en\/wp-json\/wp\/v2\/product_tag?post=4346"}],"curies":[{"name":"wp","href":"https:\/\/api.w.org\/{rel}","templated":true}]}}