{"id":4297,"date":"2024-11-19T11:48:54","date_gmt":"2024-11-19T13:48:54","guid":{"rendered":"https:\/\/www.ludoturris.lt\/?post_type=product&#038;p=4297"},"modified":"2026-02-03T06:47:31","modified_gmt":"2026-02-03T08:47:31","slug":"plastikine-skaidri-sandeliavimo-dezute-su-dangciu-60l-simplestore","status":"publish","type":"product","link":"https:\/\/www.ludoturris.lt\/en\/product\/plastikine-skaidri-sandeliavimo-dezute-su-dangciu-60l-simplestore\/","title":{"rendered":"Plastikin\u0117 skaidri d\u0117\u017eut\u0117 su dang\u010diu ir ranken\u0117le 6,0l"},"content":{"rendered":"","protected":false},"excerpt":{"rendered":"<p>D\u0117l skaidrios med\u017eiagos lengvai matysite ir greitai rasite reikiam\u0105 daikt\u0105 d\u0117\u017e\u0117je. Ranken\u0117l\u0117 puikiai tiks patogiai sand\u0117liavimo d\u0117\u017eut\u0119 ne\u0161tis rankoje.<\/p>","protected":false},"featured_media":4298,"template":"","meta":{"_uag_custom_page_level_css":"","_themeisle_gutenberg_block_has_review":false},"product_cat":[71,33],"product_tag":[],"yoast_head":"<!-- This site is optimized with the Yoast SEO plugin v21.1 - https:\/\/yoast.com\/wordpress\/plugins\/seo\/ -->\n<title>Plastikin\u0117 skaidri d\u0117\u017eut\u0117 su dang\u010diu ir ranken\u0117le 6,0l - Ludo Turris<\/title>\n<meta name=\"description\" content=\"D\u0117l skaidrios med\u017eiagos lengvai matysite ir greitai rasite reikiam\u0105 daikt\u0105 d\u0117\u017e\u0117je. Ranken\u0117l\u0117 puikiai tiks patogiai sand\u0117liavimo d\u0117\u017eut\u0119 ne\u0161tis rankoje.\" \/>\n<meta name=\"robots\" content=\"index, follow, max-snippet:-1, max-image-preview:large, max-video-preview:-1\" \/>\n<link rel=\"canonical\" href=\"https:\/\/www.ludoturris.lt\/en\/product\/plastikine-skaidri-sandeliavimo-dezute-su-dangciu-60l-simplestore\/\" \/>\n<meta property=\"og:locale\" content=\"en_GB\" \/>\n<meta property=\"og:type\" content=\"article\" \/>\n<meta property=\"og:title\" content=\"Plastikin\u0117 skaidri d\u0117\u017eut\u0117 su dang\u010diu ir ranken\u0117le 6,0l - Ludo Turris\" \/>\n<meta property=\"og:description\" content=\"D\u0117l skaidrios med\u017eiagos lengvai matysite ir greitai rasite reikiam\u0105 daikt\u0105 d\u0117\u017e\u0117je. Ranken\u0117l\u0117 puikiai tiks patogiai sand\u0117liavimo d\u0117\u017eut\u0119 ne\u0161tis rankoje.\" \/>\n<meta property=\"og:url\" content=\"https:\/\/www.ludoturris.lt\/en\/product\/plastikine-skaidri-sandeliavimo-dezute-su-dangciu-60l-simplestore\/\" \/>\n<meta property=\"og:site_name\" content=\"Ludo Turris\" \/>\n<meta property=\"article:publisher\" content=\"https:\/\/www.facebook.com\/Ludo-Turris-621921974895920\/\" \/>\n<meta property=\"article:modified_time\" content=\"2026-02-03T08:47:31+00:00\" \/>\n<meta property=\"og:image\" content=\"https:\/\/www.ludoturris.lt\/wp-content\/uploads\/2024\/11\/1505.png\" \/>\n\t<meta property=\"og:image:width\" content=\"537\" \/>\n\t<meta property=\"og:image:height\" content=\"537\" \/>\n\t<meta property=\"og:image:type\" content=\"image\/png\" \/>\n<meta name=\"twitter:card\" content=\"summary_large_image\" \/>\n<script type=\"application\/ld+json\" class=\"yoast-schema-graph\">{\"@context\":\"https:\/\/schema.org\",\"@graph\":[{\"@type\":\"WebPage\",\"@id\":\"https:\/\/www.ludoturris.lt\/produktas\/plastikine-skaidri-sandeliavimo-dezute-su-dangciu-60l-simplestore\/\",\"url\":\"https:\/\/www.ludoturris.lt\/produktas\/plastikine-skaidri-sandeliavimo-dezute-su-dangciu-60l-simplestore\/\",\"name\":\"Plastikin\u0117 skaidri d\u0117\u017eut\u0117 su dang\u010diu ir ranken\u0117le 6,0l - Ludo Turris\",\"isPartOf\":{\"@id\":\"https:\/\/www.ludoturris.lt\/#website\"},\"datePublished\":\"2024-11-19T13:48:54+00:00\",\"dateModified\":\"2026-02-03T08:47:31+00:00\",\"description\":\"D\u0117l skaidrios med\u017eiagos lengvai matysite ir greitai rasite reikiam\u0105 daikt\u0105 d\u0117\u017e\u0117je. Ranken\u0117l\u0117 puikiai tiks patogiai sand\u0117liavimo d\u0117\u017eut\u0119 ne\u0161tis rankoje.\",\"breadcrumb\":{\"@id\":\"https:\/\/www.ludoturris.lt\/produktas\/plastikine-skaidri-sandeliavimo-dezute-su-dangciu-60l-simplestore\/#breadcrumb\"},\"inLanguage\":\"en-GB\",\"potentialAction\":[{\"@type\":\"ReadAction\",\"target\":[\"https:\/\/www.ludoturris.lt\/produktas\/plastikine-skaidri-sandeliavimo-dezute-su-dangciu-60l-simplestore\/\"]}]},{\"@type\":\"BreadcrumbList\",\"@id\":\"https:\/\/www.ludoturris.lt\/produktas\/plastikine-skaidri-sandeliavimo-dezute-su-dangciu-60l-simplestore\/#breadcrumb\",\"itemListElement\":[{\"@type\":\"ListItem\",\"position\":1,\"name\":\"Home\",\"item\":\"https:\/\/www.ludoturris.lt\/\"},{\"@type\":\"ListItem\",\"position\":2,\"name\":\"Parduotuv\u0117\",\"item\":\"https:\/\/www.ludoturris.lt\/parduotuve\/\"},{\"@type\":\"ListItem\",\"position\":3,\"name\":\"Plastikin\u0117 skaidri d\u0117\u017eut\u0117 su dang\u010diu ir ranken\u0117le 6,0l\"}]},{\"@type\":\"WebSite\",\"@id\":\"https:\/\/www.ludoturris.lt\/#website\",\"url\":\"https:\/\/www.ludoturris.lt\/\",\"name\":\"Ludo Turris\",\"description\":\"K\u016brybi\u0161kum\u0105 ir fantazij\u0105 lavinan\u010dios kalad\u0117l\u0117s\",\"publisher\":{\"@id\":\"https:\/\/www.ludoturris.lt\/#organization\"},\"potentialAction\":[{\"@type\":\"SearchAction\",\"target\":{\"@type\":\"EntryPoint\",\"urlTemplate\":\"https:\/\/www.ludoturris.lt\/?s={search_term_string}\"},\"query-input\":\"required name=search_term_string\"}],\"inLanguage\":\"en-GB\"},{\"@type\":\"Organization\",\"@id\":\"https:\/\/www.ludoturris.lt\/#organization\",\"name\":\"Ludo Turris \u2013 Vakar\u0173 gama, UAB\",\"url\":\"https:\/\/www.ludoturris.lt\/\",\"logo\":{\"@type\":\"ImageObject\",\"inLanguage\":\"en-GB\",\"@id\":\"https:\/\/www.ludoturris.lt\/#\/schema\/logo\/image\/\",\"url\":\"https:\/\/www.ludoturris.lt\/wp-content\/uploads\/2020\/10\/logo@2x.png\",\"contentUrl\":\"https:\/\/www.ludoturris.lt\/wp-content\/uploads\/2020\/10\/logo@2x.png\",\"width\":300,\"height\":147,\"caption\":\"Ludo Turris \u2013 Vakar\u0173 gama, UAB\"},\"image\":{\"@id\":\"https:\/\/www.ludoturris.lt\/#\/schema\/logo\/image\/\"},\"sameAs\":[\"https:\/\/www.facebook.com\/Ludo-Turris-621921974895920\/\",\"https:\/\/www.youtube.com\/channel\/UCuBACq67N1NGC9LVudo4ngw\"]}]}<\/script>\n<!-- \/ Yoast SEO plugin. -->","yoast_head_json":{"title":"Plastikin\u0117 skaidri d\u0117\u017eut\u0117 su dang\u010diu ir ranken\u0117le 6,0l - Ludo Turris","description":"D\u0117l skaidrios med\u017eiagos lengvai matysite ir greitai rasite reikiam\u0105 daikt\u0105 d\u0117\u017e\u0117je. Ranken\u0117l\u0117 puikiai tiks patogiai sand\u0117liavimo d\u0117\u017eut\u0119 ne\u0161tis rankoje.","robots":{"index":"index","follow":"follow","max-snippet":"max-snippet:-1","max-image-preview":"max-image-preview:large","max-video-preview":"max-video-preview:-1"},"canonical":"https:\/\/www.ludoturris.lt\/en\/product\/plastikine-skaidri-sandeliavimo-dezute-su-dangciu-60l-simplestore\/","og_locale":"en_GB","og_type":"article","og_title":"Plastikin\u0117 skaidri d\u0117\u017eut\u0117 su dang\u010diu ir ranken\u0117le 6,0l - Ludo Turris","og_description":"D\u0117l skaidrios med\u017eiagos lengvai matysite ir greitai rasite reikiam\u0105 daikt\u0105 d\u0117\u017e\u0117je. Ranken\u0117l\u0117 puikiai tiks patogiai sand\u0117liavimo d\u0117\u017eut\u0119 ne\u0161tis rankoje.","og_url":"https:\/\/www.ludoturris.lt\/en\/product\/plastikine-skaidri-sandeliavimo-dezute-su-dangciu-60l-simplestore\/","og_site_name":"Ludo Turris","article_publisher":"https:\/\/www.facebook.com\/Ludo-Turris-621921974895920\/","article_modified_time":"2026-02-03T08:47:31+00:00","og_image":[{"width":537,"height":537,"url":"https:\/\/www.ludoturris.lt\/wp-content\/uploads\/2024\/11\/1505.png","type":"image\/png"}],"twitter_card":"summary_large_image","schema":{"@context":"https:\/\/schema.org","@graph":[{"@type":"WebPage","@id":"https:\/\/www.ludoturris.lt\/produktas\/plastikine-skaidri-sandeliavimo-dezute-su-dangciu-60l-simplestore\/","url":"https:\/\/www.ludoturris.lt\/produktas\/plastikine-skaidri-sandeliavimo-dezute-su-dangciu-60l-simplestore\/","name":"Plastikin\u0117 skaidri d\u0117\u017eut\u0117 su dang\u010diu ir ranken\u0117le 6,0l - Ludo Turris","isPartOf":{"@id":"https:\/\/www.ludoturris.lt\/#website"},"datePublished":"2024-11-19T13:48:54+00:00","dateModified":"2026-02-03T08:47:31+00:00","description":"D\u0117l skaidrios med\u017eiagos lengvai matysite ir greitai rasite reikiam\u0105 daikt\u0105 d\u0117\u017e\u0117je. Ranken\u0117l\u0117 puikiai tiks patogiai sand\u0117liavimo d\u0117\u017eut\u0119 ne\u0161tis rankoje.","breadcrumb":{"@id":"https:\/\/www.ludoturris.lt\/produktas\/plastikine-skaidri-sandeliavimo-dezute-su-dangciu-60l-simplestore\/#breadcrumb"},"inLanguage":"en-GB","potentialAction":[{"@type":"ReadAction","target":["https:\/\/www.ludoturris.lt\/produktas\/plastikine-skaidri-sandeliavimo-dezute-su-dangciu-60l-simplestore\/"]}]},{"@type":"BreadcrumbList","@id":"https:\/\/www.ludoturris.lt\/produktas\/plastikine-skaidri-sandeliavimo-dezute-su-dangciu-60l-simplestore\/#breadcrumb","itemListElement":[{"@type":"ListItem","position":1,"name":"Home","item":"https:\/\/www.ludoturris.lt\/"},{"@type":"ListItem","position":2,"name":"Parduotuv\u0117","item":"https:\/\/www.ludoturris.lt\/parduotuve\/"},{"@type":"ListItem","position":3,"name":"Plastikin\u0117 skaidri d\u0117\u017eut\u0117 su dang\u010diu ir ranken\u0117le 6,0l"}]},{"@type":"WebSite","@id":"https:\/\/www.ludoturris.lt\/#website","url":"https:\/\/www.ludoturris.lt\/","name":"Ludo Turris","description":"K\u016brybi\u0161kum\u0105 ir fantazij\u0105 lavinan\u010dios kalad\u0117l\u0117s","publisher":{"@id":"https:\/\/www.ludoturris.lt\/#organization"},"potentialAction":[{"@type":"SearchAction","target":{"@type":"EntryPoint","urlTemplate":"https:\/\/www.ludoturris.lt\/?s={search_term_string}"},"query-input":"required name=search_term_string"}],"inLanguage":"en-GB"},{"@type":"Organization","@id":"https:\/\/www.ludoturris.lt\/#organization","name":"Ludo Turris \u2013 Vakar\u0173 gama, UAB","url":"https:\/\/www.ludoturris.lt\/","logo":{"@type":"ImageObject","inLanguage":"en-GB","@id":"https:\/\/www.ludoturris.lt\/#\/schema\/logo\/image\/","url":"https:\/\/www.ludoturris.lt\/wp-content\/uploads\/2020\/10\/logo@2x.png","contentUrl":"https:\/\/www.ludoturris.lt\/wp-content\/uploads\/2020\/10\/logo@2x.png","width":300,"height":147,"caption":"Ludo Turris \u2013 Vakar\u0173 gama, UAB"},"image":{"@id":"https:\/\/www.ludoturris.lt\/#\/schema\/logo\/image\/"},"sameAs":["https:\/\/www.facebook.com\/Ludo-Turris-621921974895920\/","https:\/\/www.youtube.com\/channel\/UCuBACq67N1NGC9LVudo4ngw"]}]}},"uagb_featured_image_src":{"full":["https:\/\/www.ludoturris.lt\/wp-content\/uploads\/2024\/11\/1505.png",537,537,false],"thumbnail":["https:\/\/www.ludoturris.lt\/wp-content\/uploads\/2024\/11\/1505-150x150.png",150,150,true],"medium":["https:\/\/www.ludoturris.lt\/wp-content\/uploads\/2024\/11\/1505-300x300.png",300,300,true],"medium_large":["https:\/\/www.ludoturris.lt\/wp-content\/uploads\/2024\/11\/1505.png",537,537,false],"large":["https:\/\/www.ludoturris.lt\/wp-content\/uploads\/2024\/11\/1505.png",537,537,false],"1536x1536":["https:\/\/www.ludoturris.lt\/wp-content\/uploads\/2024\/11\/1505.png",537,537,false],"2048x2048":["https:\/\/www.ludoturris.lt\/wp-content\/uploads\/2024\/11\/1505.png",537,537,false],"trp-custom-language-flag":["https:\/\/www.ludoturris.lt\/wp-content\/uploads\/2024\/11\/1505-12x12.png",12,12,true],"woocommerce_thumbnail":["https:\/\/www.ludoturris.lt\/wp-content\/uploads\/2024\/11\/1505-300x300.png",300,300,true],"woocommerce_single":["https:\/\/www.ludoturris.lt\/wp-content\/uploads\/2024\/11\/1505.png",537,537,false],"woocommerce_gallery_thumbnail":["https:\/\/www.ludoturris.lt\/wp-content\/uploads\/2024\/11\/1505-100x100.png",100,100,true],"variation_swatches_image_size":["https:\/\/www.ludoturris.lt\/wp-content\/uploads\/2024\/11\/1505-50x50.png",50,50,true],"variation_swatches_tooltip_size":["https:\/\/www.ludoturris.lt\/wp-content\/uploads\/2024\/11\/1505-100x100.png",100,100,true],"dgwt-wcas-product-suggestion":["https:\/\/www.ludoturris.lt\/wp-content\/uploads\/2024\/11\/1505.png",64,64,false]},"uagb_author_info":{"display_name":"LudoTurris","author_link":"https:\/\/www.ludoturris.lt\/en\/author\/"},"uagb_comment_info":0,"uagb_excerpt":"D\u0117l skaidrios med\u017eiagos lengvai matysite ir greitai rasite reikiam\u0105 daikt\u0105 d\u0117\u017e\u0117je. Ranken\u0117l\u0117 puikiai tiks patogiai sand\u0117liavimo d\u0117\u017eut\u0119 ne\u0161tis rankoje.","_links":{"self":[{"href":"https:\/\/www.ludoturris.lt\/en\/wp-json\/wp\/v2\/product\/4297"}],"collection":[{"href":"https:\/\/www.ludoturris.lt\/en\/wp-json\/wp\/v2\/product"}],"about":[{"href":"https:\/\/www.ludoturris.lt\/en\/wp-json\/wp\/v2\/types\/product"}],"wp:featuredmedia":[{"embeddable":true,"href":"https:\/\/www.ludoturris.lt\/en\/wp-json\/wp\/v2\/media\/4298"}],"wp:attachment":[{"href":"https:\/\/www.ludoturris.lt\/en\/wp-json\/wp\/v2\/media?parent=4297"}],"wp:term":[{"taxonomy":"product_cat","embeddable":true,"href":"https:\/\/www.ludoturris.lt\/en\/wp-json\/wp\/v2\/product_cat?post=4297"},{"taxonomy":"product_tag","embeddable":true,"href":"https:\/\/www.ludoturris.lt\/en\/wp-json\/wp\/v2\/product_tag?post=4297"}],"curies":[{"name":"wp","href":"https:\/\/api.w.org\/{rel}","templated":true}]}}