{"id":4119,"date":"2024-11-14T10:26:45","date_gmt":"2024-11-14T12:26:45","guid":{"rendered":"https:\/\/www.ludoturris.lt\/?post_type=product&#038;p=4119"},"modified":"2025-08-10T04:20:55","modified_gmt":"2025-08-10T06:20:55","slug":"plastikine-ventiliacine-deze-35l-openstore","status":"publish","type":"product","link":"https:\/\/www.ludoturris.lt\/en\/product\/plastikine-ventiliacine-deze-35l-openstore\/","title":{"rendered":"Plastikin\u0117 ventiliacin\u0117 d\u0117\u017e\u0117 3,5l &#8220;OpenStore&#8221;"},"content":{"rendered":"","protected":false},"excerpt":{"rendered":"<p>Plastikin\u0117 patvari d\u0117\u017e\u0117 su skylut\u0117mis, lengva, pagaminta i\u0161 auk\u0161tos kokyb\u0117s plastiko, pritaikyta laikyti daiktus, kuriems reikalinga oro cirkuliacija. D\u0117\u017e\u0117 yra atspari dr\u0117gmei, lengvai valoma ir pritaikoma tiek buityje, tiek sand\u0117liavimui ar komerciniam naudojimui.<\/p>\n<p>Pasirinkite sau tinkam\u0105 spalv\u0105.<\/p>","protected":false},"featured_media":4124,"template":"","meta":{"_uag_custom_page_level_css":"","_themeisle_gutenberg_block_has_review":false},"product_cat":[79,33],"product_tag":[],"yoast_head":"<!-- This site is optimized with the Yoast SEO plugin v21.1 - https:\/\/yoast.com\/wordpress\/plugins\/seo\/ -->\n<title>Plastikin\u0117 ventiliacin\u0117 d\u0117\u017e\u0117 3,5l &quot;OpenStore&quot; - Ludo Turris<\/title>\n<meta name=\"description\" content=\"Ventiliuojama sand\u0117liavimo d\u0117\u017eut\u0117 su skylut\u0117mis puikiai tinka vaisi\u0173, dar\u017eovi\u0173 ar kit\u0173 daikt\u0173 laikymui. Patvari, lengva u\u017etikrinanti ger\u0105 oro cirkuliacij\u0105.\" \/>\n<meta name=\"robots\" content=\"index, follow, max-snippet:-1, max-image-preview:large, max-video-preview:-1\" \/>\n<link rel=\"canonical\" href=\"https:\/\/www.ludoturris.lt\/en\/product\/plastikine-ventiliacine-deze-35l-openstore\/\" \/>\n<meta property=\"og:locale\" content=\"en_GB\" \/>\n<meta property=\"og:type\" content=\"article\" \/>\n<meta property=\"og:title\" content=\"Plastikin\u0117 ventiliacin\u0117 d\u0117\u017e\u0117 3,5l &quot;OpenStore&quot; - Ludo Turris\" \/>\n<meta property=\"og:description\" content=\"Ventiliuojama sand\u0117liavimo d\u0117\u017eut\u0117 su skylut\u0117mis puikiai tinka vaisi\u0173, dar\u017eovi\u0173 ar kit\u0173 daikt\u0173 laikymui. Patvari, lengva u\u017etikrinanti ger\u0105 oro cirkuliacij\u0105.\" \/>\n<meta property=\"og:url\" content=\"https:\/\/www.ludoturris.lt\/en\/product\/plastikine-ventiliacine-deze-35l-openstore\/\" \/>\n<meta property=\"og:site_name\" content=\"Ludo Turris\" \/>\n<meta property=\"article:publisher\" content=\"https:\/\/www.facebook.com\/Ludo-Turris-621921974895920\/\" \/>\n<meta property=\"article:modified_time\" content=\"2025-08-10T06:20:55+00:00\" \/>\n<meta property=\"og:image\" content=\"https:\/\/www.ludoturris.lt\/wp-content\/uploads\/2024\/11\/5720.png\" \/>\n\t<meta property=\"og:image:width\" content=\"537\" \/>\n\t<meta property=\"og:image:height\" content=\"537\" \/>\n\t<meta property=\"og:image:type\" content=\"image\/png\" \/>\n<meta name=\"twitter:card\" content=\"summary_large_image\" \/>\n<script type=\"application\/ld+json\" class=\"yoast-schema-graph\">{\"@context\":\"https:\/\/schema.org\",\"@graph\":[{\"@type\":\"WebPage\",\"@id\":\"https:\/\/www.ludoturris.lt\/produktas\/plastikine-ventiliacine-deze-35l-openstore\/\",\"url\":\"https:\/\/www.ludoturris.lt\/produktas\/plastikine-ventiliacine-deze-35l-openstore\/\",\"name\":\"Plastikin\u0117 ventiliacin\u0117 d\u0117\u017e\u0117 3,5l \\\"OpenStore\\\" - Ludo Turris\",\"isPartOf\":{\"@id\":\"https:\/\/www.ludoturris.lt\/#website\"},\"datePublished\":\"2024-11-14T12:26:45+00:00\",\"dateModified\":\"2025-08-10T06:20:55+00:00\",\"description\":\"Ventiliuojama sand\u0117liavimo d\u0117\u017eut\u0117 su skylut\u0117mis puikiai tinka vaisi\u0173, dar\u017eovi\u0173 ar kit\u0173 daikt\u0173 laikymui. Patvari, lengva u\u017etikrinanti ger\u0105 oro cirkuliacij\u0105.\",\"breadcrumb\":{\"@id\":\"https:\/\/www.ludoturris.lt\/produktas\/plastikine-ventiliacine-deze-35l-openstore\/#breadcrumb\"},\"inLanguage\":\"en-GB\",\"potentialAction\":[{\"@type\":\"ReadAction\",\"target\":[\"https:\/\/www.ludoturris.lt\/produktas\/plastikine-ventiliacine-deze-35l-openstore\/\"]}]},{\"@type\":\"BreadcrumbList\",\"@id\":\"https:\/\/www.ludoturris.lt\/produktas\/plastikine-ventiliacine-deze-35l-openstore\/#breadcrumb\",\"itemListElement\":[{\"@type\":\"ListItem\",\"position\":1,\"name\":\"Home\",\"item\":\"https:\/\/www.ludoturris.lt\/\"},{\"@type\":\"ListItem\",\"position\":2,\"name\":\"Parduotuv\u0117\",\"item\":\"https:\/\/www.ludoturris.lt\/parduotuve\/\"},{\"@type\":\"ListItem\",\"position\":3,\"name\":\"Plastikin\u0117 ventiliacin\u0117 d\u0117\u017e\u0117 3,5l &#8220;OpenStore&#8221;\"}]},{\"@type\":\"WebSite\",\"@id\":\"https:\/\/www.ludoturris.lt\/#website\",\"url\":\"https:\/\/www.ludoturris.lt\/\",\"name\":\"Ludo Turris\",\"description\":\"K\u016brybi\u0161kum\u0105 ir fantazij\u0105 lavinan\u010dios kalad\u0117l\u0117s\",\"publisher\":{\"@id\":\"https:\/\/www.ludoturris.lt\/#organization\"},\"potentialAction\":[{\"@type\":\"SearchAction\",\"target\":{\"@type\":\"EntryPoint\",\"urlTemplate\":\"https:\/\/www.ludoturris.lt\/?s={search_term_string}\"},\"query-input\":\"required name=search_term_string\"}],\"inLanguage\":\"en-GB\"},{\"@type\":\"Organization\",\"@id\":\"https:\/\/www.ludoturris.lt\/#organization\",\"name\":\"Ludo Turris \u2013 Vakar\u0173 gama, UAB\",\"url\":\"https:\/\/www.ludoturris.lt\/\",\"logo\":{\"@type\":\"ImageObject\",\"inLanguage\":\"en-GB\",\"@id\":\"https:\/\/www.ludoturris.lt\/#\/schema\/logo\/image\/\",\"url\":\"https:\/\/www.ludoturris.lt\/wp-content\/uploads\/2020\/10\/logo@2x.png\",\"contentUrl\":\"https:\/\/www.ludoturris.lt\/wp-content\/uploads\/2020\/10\/logo@2x.png\",\"width\":300,\"height\":147,\"caption\":\"Ludo Turris \u2013 Vakar\u0173 gama, UAB\"},\"image\":{\"@id\":\"https:\/\/www.ludoturris.lt\/#\/schema\/logo\/image\/\"},\"sameAs\":[\"https:\/\/www.facebook.com\/Ludo-Turris-621921974895920\/\",\"https:\/\/www.youtube.com\/channel\/UCuBACq67N1NGC9LVudo4ngw\"]}]}<\/script>\n<!-- \/ Yoast SEO plugin. -->","yoast_head_json":{"title":"Plastikin\u0117 ventiliacin\u0117 d\u0117\u017e\u0117 3,5l \"OpenStore\" - Ludo Turris","description":"Ventiliuojama sand\u0117liavimo d\u0117\u017eut\u0117 su skylut\u0117mis puikiai tinka vaisi\u0173, dar\u017eovi\u0173 ar kit\u0173 daikt\u0173 laikymui. Patvari, lengva u\u017etikrinanti ger\u0105 oro cirkuliacij\u0105.","robots":{"index":"index","follow":"follow","max-snippet":"max-snippet:-1","max-image-preview":"max-image-preview:large","max-video-preview":"max-video-preview:-1"},"canonical":"https:\/\/www.ludoturris.lt\/en\/product\/plastikine-ventiliacine-deze-35l-openstore\/","og_locale":"en_GB","og_type":"article","og_title":"Plastikin\u0117 ventiliacin\u0117 d\u0117\u017e\u0117 3,5l \"OpenStore\" - Ludo Turris","og_description":"Ventiliuojama sand\u0117liavimo d\u0117\u017eut\u0117 su skylut\u0117mis puikiai tinka vaisi\u0173, dar\u017eovi\u0173 ar kit\u0173 daikt\u0173 laikymui. Patvari, lengva u\u017etikrinanti ger\u0105 oro cirkuliacij\u0105.","og_url":"https:\/\/www.ludoturris.lt\/en\/product\/plastikine-ventiliacine-deze-35l-openstore\/","og_site_name":"Ludo Turris","article_publisher":"https:\/\/www.facebook.com\/Ludo-Turris-621921974895920\/","article_modified_time":"2025-08-10T06:20:55+00:00","og_image":[{"width":537,"height":537,"url":"https:\/\/www.ludoturris.lt\/wp-content\/uploads\/2024\/11\/5720.png","type":"image\/png"}],"twitter_card":"summary_large_image","schema":{"@context":"https:\/\/schema.org","@graph":[{"@type":"WebPage","@id":"https:\/\/www.ludoturris.lt\/produktas\/plastikine-ventiliacine-deze-35l-openstore\/","url":"https:\/\/www.ludoturris.lt\/produktas\/plastikine-ventiliacine-deze-35l-openstore\/","name":"Plastikin\u0117 ventiliacin\u0117 d\u0117\u017e\u0117 3,5l \"OpenStore\" - Ludo Turris","isPartOf":{"@id":"https:\/\/www.ludoturris.lt\/#website"},"datePublished":"2024-11-14T12:26:45+00:00","dateModified":"2025-08-10T06:20:55+00:00","description":"Ventiliuojama sand\u0117liavimo d\u0117\u017eut\u0117 su skylut\u0117mis puikiai tinka vaisi\u0173, dar\u017eovi\u0173 ar kit\u0173 daikt\u0173 laikymui. Patvari, lengva u\u017etikrinanti ger\u0105 oro cirkuliacij\u0105.","breadcrumb":{"@id":"https:\/\/www.ludoturris.lt\/produktas\/plastikine-ventiliacine-deze-35l-openstore\/#breadcrumb"},"inLanguage":"en-GB","potentialAction":[{"@type":"ReadAction","target":["https:\/\/www.ludoturris.lt\/produktas\/plastikine-ventiliacine-deze-35l-openstore\/"]}]},{"@type":"BreadcrumbList","@id":"https:\/\/www.ludoturris.lt\/produktas\/plastikine-ventiliacine-deze-35l-openstore\/#breadcrumb","itemListElement":[{"@type":"ListItem","position":1,"name":"Home","item":"https:\/\/www.ludoturris.lt\/"},{"@type":"ListItem","position":2,"name":"Parduotuv\u0117","item":"https:\/\/www.ludoturris.lt\/parduotuve\/"},{"@type":"ListItem","position":3,"name":"Plastikin\u0117 ventiliacin\u0117 d\u0117\u017e\u0117 3,5l &#8220;OpenStore&#8221;"}]},{"@type":"WebSite","@id":"https:\/\/www.ludoturris.lt\/#website","url":"https:\/\/www.ludoturris.lt\/","name":"Ludo Turris","description":"K\u016brybi\u0161kum\u0105 ir fantazij\u0105 lavinan\u010dios kalad\u0117l\u0117s","publisher":{"@id":"https:\/\/www.ludoturris.lt\/#organization"},"potentialAction":[{"@type":"SearchAction","target":{"@type":"EntryPoint","urlTemplate":"https:\/\/www.ludoturris.lt\/?s={search_term_string}"},"query-input":"required name=search_term_string"}],"inLanguage":"en-GB"},{"@type":"Organization","@id":"https:\/\/www.ludoturris.lt\/#organization","name":"Ludo Turris \u2013 Vakar\u0173 gama, UAB","url":"https:\/\/www.ludoturris.lt\/","logo":{"@type":"ImageObject","inLanguage":"en-GB","@id":"https:\/\/www.ludoturris.lt\/#\/schema\/logo\/image\/","url":"https:\/\/www.ludoturris.lt\/wp-content\/uploads\/2020\/10\/logo@2x.png","contentUrl":"https:\/\/www.ludoturris.lt\/wp-content\/uploads\/2020\/10\/logo@2x.png","width":300,"height":147,"caption":"Ludo Turris \u2013 Vakar\u0173 gama, UAB"},"image":{"@id":"https:\/\/www.ludoturris.lt\/#\/schema\/logo\/image\/"},"sameAs":["https:\/\/www.facebook.com\/Ludo-Turris-621921974895920\/","https:\/\/www.youtube.com\/channel\/UCuBACq67N1NGC9LVudo4ngw"]}]}},"uagb_featured_image_src":{"full":["https:\/\/www.ludoturris.lt\/wp-content\/uploads\/2024\/11\/5720.png",537,537,false],"thumbnail":["https:\/\/www.ludoturris.lt\/wp-content\/uploads\/2024\/11\/5720-150x150.png",150,150,true],"medium":["https:\/\/www.ludoturris.lt\/wp-content\/uploads\/2024\/11\/5720-300x300.png",300,300,true],"medium_large":["https:\/\/www.ludoturris.lt\/wp-content\/uploads\/2024\/11\/5720.png",537,537,false],"large":["https:\/\/www.ludoturris.lt\/wp-content\/uploads\/2024\/11\/5720.png",537,537,false],"1536x1536":["https:\/\/www.ludoturris.lt\/wp-content\/uploads\/2024\/11\/5720.png",537,537,false],"2048x2048":["https:\/\/www.ludoturris.lt\/wp-content\/uploads\/2024\/11\/5720.png",537,537,false],"trp-custom-language-flag":["https:\/\/www.ludoturris.lt\/wp-content\/uploads\/2024\/11\/5720-12x12.png",12,12,true],"woocommerce_thumbnail":["https:\/\/www.ludoturris.lt\/wp-content\/uploads\/2024\/11\/5720-300x300.png",300,300,true],"woocommerce_single":["https:\/\/www.ludoturris.lt\/wp-content\/uploads\/2024\/11\/5720.png",537,537,false],"woocommerce_gallery_thumbnail":["https:\/\/www.ludoturris.lt\/wp-content\/uploads\/2024\/11\/5720-100x100.png",100,100,true],"variation_swatches_image_size":["https:\/\/www.ludoturris.lt\/wp-content\/uploads\/2024\/11\/5720-50x50.png",50,50,true],"variation_swatches_tooltip_size":["https:\/\/www.ludoturris.lt\/wp-content\/uploads\/2024\/11\/5720-100x100.png",100,100,true],"dgwt-wcas-product-suggestion":["https:\/\/www.ludoturris.lt\/wp-content\/uploads\/2024\/11\/5720.png",64,64,false]},"uagb_author_info":{"display_name":"LudoTurris","author_link":"https:\/\/www.ludoturris.lt\/en\/author\/"},"uagb_comment_info":0,"uagb_excerpt":"Plastikin\u0117 patvari d\u0117\u017e\u0117 su skylut\u0117mis, lengva, pagaminta i\u0161 auk\u0161tos kokyb\u0117s plastiko, pritaikyta laikyti daiktus, kuriems reikalinga oro cirkuliacija. D\u0117\u017e\u0117 yra atspari dr\u0117gmei, lengvai valoma ir pritaikoma tiek buityje, tiek sand\u0117liavimui ar komerciniam naudojimui. Pasirinkite sau tinkam\u0105 spalv\u0105.","_links":{"self":[{"href":"https:\/\/www.ludoturris.lt\/en\/wp-json\/wp\/v2\/product\/4119"}],"collection":[{"href":"https:\/\/www.ludoturris.lt\/en\/wp-json\/wp\/v2\/product"}],"about":[{"href":"https:\/\/www.ludoturris.lt\/en\/wp-json\/wp\/v2\/types\/product"}],"wp:featuredmedia":[{"embeddable":true,"href":"https:\/\/www.ludoturris.lt\/en\/wp-json\/wp\/v2\/media\/4124"}],"wp:attachment":[{"href":"https:\/\/www.ludoturris.lt\/en\/wp-json\/wp\/v2\/media?parent=4119"}],"wp:term":[{"taxonomy":"product_cat","embeddable":true,"href":"https:\/\/www.ludoturris.lt\/en\/wp-json\/wp\/v2\/product_cat?post=4119"},{"taxonomy":"product_tag","embeddable":true,"href":"https:\/\/www.ludoturris.lt\/en\/wp-json\/wp\/v2\/product_tag?post=4119"}],"curies":[{"name":"wp","href":"https:\/\/api.w.org\/{rel}","templated":true}]}}