{"id":4009,"date":"2024-10-14T11:52:52","date_gmt":"2024-10-14T13:52:52","guid":{"rendered":"https:\/\/www.ludoturris.lt\/?post_type=product&#038;p=4009"},"modified":"2026-02-06T11:53:18","modified_gmt":"2026-02-06T13:53:18","slug":"3d-puzzle-deliones-kamuolys","status":"publish","type":"product","link":"https:\/\/www.ludoturris.lt\/en\/product\/3d-puzzle-deliones-kamuolys\/","title":{"rendered":"3D Puzzle d\u0117lion\u0117s kamuolys"},"content":{"rendered":"<p>Rekomenduojamas am\u017eius: nuo 3 met\u0173.  3D d\u0117lion\u0117s kamuolys juodas arba baltas yra \u012fdomus u\u017esi\u0117mimas jauniems ir dideliems. Skersmuo apie 7cm. Jame yra 12 skyli\u0173 i\u0161 kuri\u0173 11 turi spalvovotus kra\u0161tus ir atitinkamus spalvotus rutulius. Po to, kai spalvoti rutuliukai buvo sumai\u0161yti, dabar juos reikia \u012fstumti atgal \u012f tinkamos spalvos ang\u0105. Tam reikia kantryb\u0117s, \u012fg\u016bd\u017ei\u0173 ir susikaupimo. Kilm\u0117s \u0161alis: Vokietija<\/p>","protected":false},"excerpt":{"rendered":"<p>Rekomenduojamas am\u017eius: nuo 3 met\u0173. 3D d\u0117lion\u0117s kamuolys juodas arba baltas yra \u012fdomus u\u017esi\u0117mimas jauniems ir dideliems. Skersmuo apie 7cm. Jame yra 12 skyli\u0173 i\u0161 kuri\u0173 11 turi spalvovotus kra\u0161tus ir atitinkamus spalvotus rutulius. Po to, kai spalvoti rutuliukai buvo sumai\u0161yti, dabar juos reikia \u012fstumti atgal \u012f tinkamos spalvos ang\u0105. Tam reikia kantryb\u0117s, \u012fg\u016bd\u017ei\u0173 ir &hellip;<\/p>\n<p class=\"read-more\"> <a class=\"\" href=\"https:\/\/www.ludoturris.lt\/en\/product\/3d-puzzle-deliones-kamuolys\/\"> <span class=\"screen-reader-text\">3D Puzzle d\u0117lion\u0117s kamuolys<\/span> Read More &raquo;<\/a><\/p>","protected":false},"featured_media":4011,"template":"","meta":{"_uag_custom_page_level_css":"","_themeisle_gutenberg_block_has_review":false},"product_cat":[69],"product_tag":[],"yoast_head":"<!-- This site is optimized with the Yoast SEO plugin v21.1 - https:\/\/yoast.com\/wordpress\/plugins\/seo\/ -->\n<title>3D Puzzle d\u0117lion\u0117s kamuolys - Ludo Turris<\/title>\n<meta name=\"description\" content=\"D\u0117lion\u0117s kamuoliukas vaikams \u2013 smagus ir lavinamasis \u017eaislas, padedantis vaikams tobulinti motorinius \u012fg\u016bd\u017eius ir k\u016brybi\u0161kum\u0105.\" \/>\n<meta name=\"robots\" content=\"index, follow, max-snippet:-1, max-image-preview:large, max-video-preview:-1\" \/>\n<link rel=\"canonical\" href=\"https:\/\/www.ludoturris.lt\/en\/product\/3d-puzzle-deliones-kamuolys\/\" \/>\n<meta property=\"og:locale\" content=\"en_GB\" \/>\n<meta property=\"og:type\" content=\"article\" \/>\n<meta property=\"og:title\" content=\"3D Puzzle d\u0117lion\u0117s kamuolys - Ludo Turris\" \/>\n<meta property=\"og:description\" content=\"D\u0117lion\u0117s kamuoliukas vaikams \u2013 smagus ir lavinamasis \u017eaislas, padedantis vaikams tobulinti motorinius \u012fg\u016bd\u017eius ir k\u016brybi\u0161kum\u0105.\" \/>\n<meta property=\"og:url\" content=\"https:\/\/www.ludoturris.lt\/en\/product\/3d-puzzle-deliones-kamuolys\/\" \/>\n<meta property=\"og:site_name\" content=\"Ludo Turris\" \/>\n<meta property=\"article:publisher\" content=\"https:\/\/www.facebook.com\/Ludo-Turris-621921974895920\/\" \/>\n<meta property=\"article:modified_time\" content=\"2026-02-06T13:53:18+00:00\" \/>\n<meta property=\"og:image\" content=\"https:\/\/www.ludoturris.lt\/wp-content\/uploads\/2024\/10\/60339-puzzle.png\" \/>\n\t<meta property=\"og:image:width\" content=\"537\" \/>\n\t<meta property=\"og:image:height\" content=\"537\" \/>\n\t<meta property=\"og:image:type\" content=\"image\/png\" \/>\n<meta name=\"twitter:card\" content=\"summary_large_image\" \/>\n<meta name=\"twitter:label1\" content=\"Estimated reading time\" \/>\n\t<meta name=\"twitter:data1\" content=\"1 minute\" \/>\n<script type=\"application\/ld+json\" class=\"yoast-schema-graph\">{\"@context\":\"https:\/\/schema.org\",\"@graph\":[{\"@type\":\"WebPage\",\"@id\":\"https:\/\/www.ludoturris.lt\/produktas\/3d-puzzle-deliones-kamuolys\/\",\"url\":\"https:\/\/www.ludoturris.lt\/produktas\/3d-puzzle-deliones-kamuolys\/\",\"name\":\"3D Puzzle d\u0117lion\u0117s kamuolys - Ludo Turris\",\"isPartOf\":{\"@id\":\"https:\/\/www.ludoturris.lt\/#website\"},\"datePublished\":\"2024-10-14T13:52:52+00:00\",\"dateModified\":\"2026-02-06T13:53:18+00:00\",\"description\":\"D\u0117lion\u0117s kamuoliukas vaikams \u2013 smagus ir lavinamasis \u017eaislas, padedantis vaikams tobulinti motorinius \u012fg\u016bd\u017eius ir k\u016brybi\u0161kum\u0105.\",\"breadcrumb\":{\"@id\":\"https:\/\/www.ludoturris.lt\/produktas\/3d-puzzle-deliones-kamuolys\/#breadcrumb\"},\"inLanguage\":\"en-GB\",\"potentialAction\":[{\"@type\":\"ReadAction\",\"target\":[\"https:\/\/www.ludoturris.lt\/produktas\/3d-puzzle-deliones-kamuolys\/\"]}]},{\"@type\":\"BreadcrumbList\",\"@id\":\"https:\/\/www.ludoturris.lt\/produktas\/3d-puzzle-deliones-kamuolys\/#breadcrumb\",\"itemListElement\":[{\"@type\":\"ListItem\",\"position\":1,\"name\":\"Home\",\"item\":\"https:\/\/www.ludoturris.lt\/\"},{\"@type\":\"ListItem\",\"position\":2,\"name\":\"Parduotuv\u0117\",\"item\":\"https:\/\/www.ludoturris.lt\/parduotuve\/\"},{\"@type\":\"ListItem\",\"position\":3,\"name\":\"3D Puzzle d\u0117lion\u0117s kamuolys\"}]},{\"@type\":\"WebSite\",\"@id\":\"https:\/\/www.ludoturris.lt\/#website\",\"url\":\"https:\/\/www.ludoturris.lt\/\",\"name\":\"Ludo Turris\",\"description\":\"K\u016brybi\u0161kum\u0105 ir fantazij\u0105 lavinan\u010dios kalad\u0117l\u0117s\",\"publisher\":{\"@id\":\"https:\/\/www.ludoturris.lt\/#organization\"},\"potentialAction\":[{\"@type\":\"SearchAction\",\"target\":{\"@type\":\"EntryPoint\",\"urlTemplate\":\"https:\/\/www.ludoturris.lt\/?s={search_term_string}\"},\"query-input\":\"required name=search_term_string\"}],\"inLanguage\":\"en-GB\"},{\"@type\":\"Organization\",\"@id\":\"https:\/\/www.ludoturris.lt\/#organization\",\"name\":\"Ludo Turris \u2013 Vakar\u0173 gama, UAB\",\"url\":\"https:\/\/www.ludoturris.lt\/\",\"logo\":{\"@type\":\"ImageObject\",\"inLanguage\":\"en-GB\",\"@id\":\"https:\/\/www.ludoturris.lt\/#\/schema\/logo\/image\/\",\"url\":\"https:\/\/www.ludoturris.lt\/wp-content\/uploads\/2020\/10\/logo@2x.png\",\"contentUrl\":\"https:\/\/www.ludoturris.lt\/wp-content\/uploads\/2020\/10\/logo@2x.png\",\"width\":300,\"height\":147,\"caption\":\"Ludo Turris \u2013 Vakar\u0173 gama, UAB\"},\"image\":{\"@id\":\"https:\/\/www.ludoturris.lt\/#\/schema\/logo\/image\/\"},\"sameAs\":[\"https:\/\/www.facebook.com\/Ludo-Turris-621921974895920\/\",\"https:\/\/www.youtube.com\/channel\/UCuBACq67N1NGC9LVudo4ngw\"]}]}<\/script>\n<!-- \/ Yoast SEO plugin. -->","yoast_head_json":{"title":"3D Puzzle d\u0117lion\u0117s kamuolys - Ludo Turris","description":"D\u0117lion\u0117s kamuoliukas vaikams \u2013 smagus ir lavinamasis \u017eaislas, padedantis vaikams tobulinti motorinius \u012fg\u016bd\u017eius ir k\u016brybi\u0161kum\u0105.","robots":{"index":"index","follow":"follow","max-snippet":"max-snippet:-1","max-image-preview":"max-image-preview:large","max-video-preview":"max-video-preview:-1"},"canonical":"https:\/\/www.ludoturris.lt\/en\/product\/3d-puzzle-deliones-kamuolys\/","og_locale":"en_GB","og_type":"article","og_title":"3D Puzzle d\u0117lion\u0117s kamuolys - Ludo Turris","og_description":"D\u0117lion\u0117s kamuoliukas vaikams \u2013 smagus ir lavinamasis \u017eaislas, padedantis vaikams tobulinti motorinius \u012fg\u016bd\u017eius ir k\u016brybi\u0161kum\u0105.","og_url":"https:\/\/www.ludoturris.lt\/en\/product\/3d-puzzle-deliones-kamuolys\/","og_site_name":"Ludo Turris","article_publisher":"https:\/\/www.facebook.com\/Ludo-Turris-621921974895920\/","article_modified_time":"2026-02-06T13:53:18+00:00","og_image":[{"width":537,"height":537,"url":"https:\/\/www.ludoturris.lt\/wp-content\/uploads\/2024\/10\/60339-puzzle.png","type":"image\/png"}],"twitter_card":"summary_large_image","twitter_misc":{"Estimated reading time":"1 minute"},"schema":{"@context":"https:\/\/schema.org","@graph":[{"@type":"WebPage","@id":"https:\/\/www.ludoturris.lt\/produktas\/3d-puzzle-deliones-kamuolys\/","url":"https:\/\/www.ludoturris.lt\/produktas\/3d-puzzle-deliones-kamuolys\/","name":"3D Puzzle d\u0117lion\u0117s kamuolys - Ludo Turris","isPartOf":{"@id":"https:\/\/www.ludoturris.lt\/#website"},"datePublished":"2024-10-14T13:52:52+00:00","dateModified":"2026-02-06T13:53:18+00:00","description":"D\u0117lion\u0117s kamuoliukas vaikams \u2013 smagus ir lavinamasis \u017eaislas, padedantis vaikams tobulinti motorinius \u012fg\u016bd\u017eius ir k\u016brybi\u0161kum\u0105.","breadcrumb":{"@id":"https:\/\/www.ludoturris.lt\/produktas\/3d-puzzle-deliones-kamuolys\/#breadcrumb"},"inLanguage":"en-GB","potentialAction":[{"@type":"ReadAction","target":["https:\/\/www.ludoturris.lt\/produktas\/3d-puzzle-deliones-kamuolys\/"]}]},{"@type":"BreadcrumbList","@id":"https:\/\/www.ludoturris.lt\/produktas\/3d-puzzle-deliones-kamuolys\/#breadcrumb","itemListElement":[{"@type":"ListItem","position":1,"name":"Home","item":"https:\/\/www.ludoturris.lt\/"},{"@type":"ListItem","position":2,"name":"Parduotuv\u0117","item":"https:\/\/www.ludoturris.lt\/parduotuve\/"},{"@type":"ListItem","position":3,"name":"3D Puzzle d\u0117lion\u0117s kamuolys"}]},{"@type":"WebSite","@id":"https:\/\/www.ludoturris.lt\/#website","url":"https:\/\/www.ludoturris.lt\/","name":"Ludo Turris","description":"K\u016brybi\u0161kum\u0105 ir fantazij\u0105 lavinan\u010dios kalad\u0117l\u0117s","publisher":{"@id":"https:\/\/www.ludoturris.lt\/#organization"},"potentialAction":[{"@type":"SearchAction","target":{"@type":"EntryPoint","urlTemplate":"https:\/\/www.ludoturris.lt\/?s={search_term_string}"},"query-input":"required name=search_term_string"}],"inLanguage":"en-GB"},{"@type":"Organization","@id":"https:\/\/www.ludoturris.lt\/#organization","name":"Ludo Turris \u2013 Vakar\u0173 gama, UAB","url":"https:\/\/www.ludoturris.lt\/","logo":{"@type":"ImageObject","inLanguage":"en-GB","@id":"https:\/\/www.ludoturris.lt\/#\/schema\/logo\/image\/","url":"https:\/\/www.ludoturris.lt\/wp-content\/uploads\/2020\/10\/logo@2x.png","contentUrl":"https:\/\/www.ludoturris.lt\/wp-content\/uploads\/2020\/10\/logo@2x.png","width":300,"height":147,"caption":"Ludo Turris \u2013 Vakar\u0173 gama, UAB"},"image":{"@id":"https:\/\/www.ludoturris.lt\/#\/schema\/logo\/image\/"},"sameAs":["https:\/\/www.facebook.com\/Ludo-Turris-621921974895920\/","https:\/\/www.youtube.com\/channel\/UCuBACq67N1NGC9LVudo4ngw"]}]}},"uagb_featured_image_src":{"full":["https:\/\/www.ludoturris.lt\/wp-content\/uploads\/2024\/10\/60339-puzzle.png",537,537,false],"thumbnail":["https:\/\/www.ludoturris.lt\/wp-content\/uploads\/2024\/10\/60339-puzzle-150x150.png",150,150,true],"medium":["https:\/\/www.ludoturris.lt\/wp-content\/uploads\/2024\/10\/60339-puzzle-300x300.png",300,300,true],"medium_large":["https:\/\/www.ludoturris.lt\/wp-content\/uploads\/2024\/10\/60339-puzzle.png",537,537,false],"large":["https:\/\/www.ludoturris.lt\/wp-content\/uploads\/2024\/10\/60339-puzzle.png",537,537,false],"1536x1536":["https:\/\/www.ludoturris.lt\/wp-content\/uploads\/2024\/10\/60339-puzzle.png",537,537,false],"2048x2048":["https:\/\/www.ludoturris.lt\/wp-content\/uploads\/2024\/10\/60339-puzzle.png",537,537,false],"trp-custom-language-flag":["https:\/\/www.ludoturris.lt\/wp-content\/uploads\/2024\/10\/60339-puzzle-12x12.png",12,12,true],"woocommerce_thumbnail":["https:\/\/www.ludoturris.lt\/wp-content\/uploads\/2024\/10\/60339-puzzle-300x300.png",300,300,true],"woocommerce_single":["https:\/\/www.ludoturris.lt\/wp-content\/uploads\/2024\/10\/60339-puzzle.png",537,537,false],"woocommerce_gallery_thumbnail":["https:\/\/www.ludoturris.lt\/wp-content\/uploads\/2024\/10\/60339-puzzle-100x100.png",100,100,true],"variation_swatches_image_size":["https:\/\/www.ludoturris.lt\/wp-content\/uploads\/2024\/10\/60339-puzzle-50x50.png",50,50,true],"variation_swatches_tooltip_size":["https:\/\/www.ludoturris.lt\/wp-content\/uploads\/2024\/10\/60339-puzzle-100x100.png",100,100,true],"dgwt-wcas-product-suggestion":["https:\/\/www.ludoturris.lt\/wp-content\/uploads\/2024\/10\/60339-puzzle.png",64,64,false]},"uagb_author_info":{"display_name":"LudoTurris","author_link":"https:\/\/www.ludoturris.lt\/en\/author\/"},"uagb_comment_info":0,"uagb_excerpt":"Rekomenduojamas am\u017eius: nuo 3 met\u0173. 3D d\u0117lion\u0117s kamuolys juodas arba baltas yra \u012fdomus u\u017esi\u0117mimas jauniems ir dideliems. Skersmuo apie 7cm. Jame yra 12 skyli\u0173 i\u0161 kuri\u0173 11 turi spalvovotus kra\u0161tus ir atitinkamus spalvotus rutulius. Po to, kai spalvoti rutuliukai buvo sumai\u0161yti, dabar juos reikia \u012fstumti atgal \u012f tinkamos spalvos ang\u0105. Tam reikia kantryb\u0117s, \u012fg\u016bd\u017ei\u0173 ir&hellip;","_links":{"self":[{"href":"https:\/\/www.ludoturris.lt\/en\/wp-json\/wp\/v2\/product\/4009"}],"collection":[{"href":"https:\/\/www.ludoturris.lt\/en\/wp-json\/wp\/v2\/product"}],"about":[{"href":"https:\/\/www.ludoturris.lt\/en\/wp-json\/wp\/v2\/types\/product"}],"wp:featuredmedia":[{"embeddable":true,"href":"https:\/\/www.ludoturris.lt\/en\/wp-json\/wp\/v2\/media\/4011"}],"wp:attachment":[{"href":"https:\/\/www.ludoturris.lt\/en\/wp-json\/wp\/v2\/media?parent=4009"}],"wp:term":[{"taxonomy":"product_cat","embeddable":true,"href":"https:\/\/www.ludoturris.lt\/en\/wp-json\/wp\/v2\/product_cat?post=4009"},{"taxonomy":"product_tag","embeddable":true,"href":"https:\/\/www.ludoturris.lt\/en\/wp-json\/wp\/v2\/product_tag?post=4009"}],"curies":[{"name":"wp","href":"https:\/\/api.w.org\/{rel}","templated":true}]}}