{"id":3998,"date":"2024-10-14T11:33:28","date_gmt":"2024-10-14T13:33:28","guid":{"rendered":"https:\/\/www.ludoturris.lt\/?post_type=product&#038;p=3998"},"modified":"2026-02-06T11:36:43","modified_gmt":"2026-02-06T13:36:43","slug":"minkstas-zaidimo-kauliukas-xxl-2","status":"publish","type":"product","link":"https:\/\/www.ludoturris.lt\/en\/product\/minkstas-zaidimo-kauliukas-xxl-2\/","title":{"rendered":"Mink\u0161tas \u017eaidimo kauliukas XXL"},"content":{"rendered":"<p>Rekomenduojamas am\u017eius: nuo 2 met\u0173. Did\u017eiuliai XXL dyd\u017eio kauliukai matmenys 15x15x15cm, svoris 149g. Kubai pagaminti i\u0161 mink\u0161to putplas\u010dio, galimos spalvos: \u017ealia, geltona, m\u0117lyna. D\u0117l ypa\u010d mink\u0161tos, lengvos med\u017eiagos \u017eaid\u017eiant niekas nesusi\u017eeis.  Mink\u0161tas kauliukas puikus universalus \u017eaislas kur\u012f galima m\u0117tyti lauke ar viduje. Kauliukas-kubas taip pat puiki mokymosi priemon\u0117 iki mokyklinio am\u017eiaus vaikams, praktikuojant skai\u010dius ir aritmetik\u0105. Kilm\u0117s \u0161alis: Vokietija<\/p>","protected":false},"excerpt":{"rendered":"<p>Rekomenduojamas am\u017eius: nuo 2 met\u0173. Did\u017eiuliai XXL dyd\u017eio kauliukai matmenys 15x15x15cm, svoris 149g. Kubai pagaminti i\u0161 mink\u0161to putplas\u010dio, galimos spalvos: \u017ealia, geltona, m\u0117lyna. D\u0117l ypa\u010d mink\u0161tos, lengvos med\u017eiagos \u017eaid\u017eiant niekas nesusi\u017eeis. Mink\u0161tas kauliukas puikus universalus \u017eaislas kur\u012f galima m\u0117tyti lauke ar viduje. Kauliukas-kubas taip pat puiki mokymosi priemon\u0117 iki mokyklinio am\u017eiaus vaikams, praktikuojant skai\u010dius ir &hellip;<\/p>\n<p class=\"read-more\"> <a class=\"\" href=\"https:\/\/www.ludoturris.lt\/en\/product\/minkstas-zaidimo-kauliukas-xxl-2\/\"> <span class=\"screen-reader-text\">Mink\u0161tas \u017eaidimo kauliukas XXL<\/span> Read More &raquo;<\/a><\/p>","protected":false},"featured_media":4001,"template":"","meta":{"_uag_custom_page_level_css":"","_themeisle_gutenberg_block_has_review":false},"product_cat":[69,94,93],"product_tag":[],"yoast_head":"<!-- This site is optimized with the Yoast SEO plugin v21.1 - https:\/\/yoast.com\/wordpress\/plugins\/seo\/ -->\n<title>Mink\u0161tas \u017eaidimo kauliukas XXL - Ludo Turris<\/title>\n<meta name=\"description\" content=\"XXL Mink\u0161tas \u017eaidimo kauliukas saugus \u017eaisti lauke ir viduje. Puiki mokymosi priemon\u0117 iki mokyklinio am\u017eiaus vaikams, praktikuojant skai\u010dius ir aritmetik\u0105.\" \/>\n<meta name=\"robots\" content=\"index, follow, max-snippet:-1, max-image-preview:large, max-video-preview:-1\" \/>\n<link rel=\"canonical\" href=\"https:\/\/www.ludoturris.lt\/en\/product\/minkstas-zaidimo-kauliukas-xxl-2\/\" \/>\n<meta property=\"og:locale\" content=\"en_GB\" \/>\n<meta property=\"og:type\" content=\"article\" \/>\n<meta property=\"og:title\" content=\"Mink\u0161tas \u017eaidimo kauliukas XXL - Ludo Turris\" \/>\n<meta property=\"og:description\" content=\"XXL Mink\u0161tas \u017eaidimo kauliukas saugus \u017eaisti lauke ir viduje. Puiki mokymosi priemon\u0117 iki mokyklinio am\u017eiaus vaikams, praktikuojant skai\u010dius ir aritmetik\u0105.\" \/>\n<meta property=\"og:url\" content=\"https:\/\/www.ludoturris.lt\/en\/product\/minkstas-zaidimo-kauliukas-xxl-2\/\" \/>\n<meta property=\"og:site_name\" content=\"Ludo Turris\" \/>\n<meta property=\"article:publisher\" content=\"https:\/\/www.facebook.com\/Ludo-Turris-621921974895920\/\" \/>\n<meta property=\"article:modified_time\" content=\"2026-02-06T13:36:43+00:00\" \/>\n<meta property=\"og:image\" content=\"https:\/\/www.ludoturris.lt\/wp-content\/uploads\/2024\/10\/60339M-1.png\" \/>\n\t<meta property=\"og:image:width\" content=\"537\" \/>\n\t<meta property=\"og:image:height\" content=\"537\" \/>\n\t<meta property=\"og:image:type\" content=\"image\/png\" \/>\n<meta name=\"twitter:card\" content=\"summary_large_image\" \/>\n<meta name=\"twitter:label1\" content=\"Estimated reading time\" \/>\n\t<meta name=\"twitter:data1\" content=\"1 minute\" \/>\n<script type=\"application\/ld+json\" class=\"yoast-schema-graph\">{\"@context\":\"https:\/\/schema.org\",\"@graph\":[{\"@type\":\"WebPage\",\"@id\":\"https:\/\/www.ludoturris.lt\/produktas\/minkstas-zaidimo-kauliukas-xxl-2\/\",\"url\":\"https:\/\/www.ludoturris.lt\/produktas\/minkstas-zaidimo-kauliukas-xxl-2\/\",\"name\":\"Mink\u0161tas \u017eaidimo kauliukas XXL - Ludo Turris\",\"isPartOf\":{\"@id\":\"https:\/\/www.ludoturris.lt\/#website\"},\"datePublished\":\"2024-10-14T13:33:28+00:00\",\"dateModified\":\"2026-02-06T13:36:43+00:00\",\"description\":\"XXL Mink\u0161tas \u017eaidimo kauliukas saugus \u017eaisti lauke ir viduje. Puiki mokymosi priemon\u0117 iki mokyklinio am\u017eiaus vaikams, praktikuojant skai\u010dius ir aritmetik\u0105.\",\"breadcrumb\":{\"@id\":\"https:\/\/www.ludoturris.lt\/produktas\/minkstas-zaidimo-kauliukas-xxl-2\/#breadcrumb\"},\"inLanguage\":\"en-GB\",\"potentialAction\":[{\"@type\":\"ReadAction\",\"target\":[\"https:\/\/www.ludoturris.lt\/produktas\/minkstas-zaidimo-kauliukas-xxl-2\/\"]}]},{\"@type\":\"BreadcrumbList\",\"@id\":\"https:\/\/www.ludoturris.lt\/produktas\/minkstas-zaidimo-kauliukas-xxl-2\/#breadcrumb\",\"itemListElement\":[{\"@type\":\"ListItem\",\"position\":1,\"name\":\"Home\",\"item\":\"https:\/\/www.ludoturris.lt\/\"},{\"@type\":\"ListItem\",\"position\":2,\"name\":\"Parduotuv\u0117\",\"item\":\"https:\/\/www.ludoturris.lt\/parduotuve\/\"},{\"@type\":\"ListItem\",\"position\":3,\"name\":\"Mink\u0161tas \u017eaidimo kauliukas XXL\"}]},{\"@type\":\"WebSite\",\"@id\":\"https:\/\/www.ludoturris.lt\/#website\",\"url\":\"https:\/\/www.ludoturris.lt\/\",\"name\":\"Ludo Turris\",\"description\":\"K\u016brybi\u0161kum\u0105 ir fantazij\u0105 lavinan\u010dios kalad\u0117l\u0117s\",\"publisher\":{\"@id\":\"https:\/\/www.ludoturris.lt\/#organization\"},\"potentialAction\":[{\"@type\":\"SearchAction\",\"target\":{\"@type\":\"EntryPoint\",\"urlTemplate\":\"https:\/\/www.ludoturris.lt\/?s={search_term_string}\"},\"query-input\":\"required name=search_term_string\"}],\"inLanguage\":\"en-GB\"},{\"@type\":\"Organization\",\"@id\":\"https:\/\/www.ludoturris.lt\/#organization\",\"name\":\"Ludo Turris \u2013 Vakar\u0173 gama, UAB\",\"url\":\"https:\/\/www.ludoturris.lt\/\",\"logo\":{\"@type\":\"ImageObject\",\"inLanguage\":\"en-GB\",\"@id\":\"https:\/\/www.ludoturris.lt\/#\/schema\/logo\/image\/\",\"url\":\"https:\/\/www.ludoturris.lt\/wp-content\/uploads\/2020\/10\/logo@2x.png\",\"contentUrl\":\"https:\/\/www.ludoturris.lt\/wp-content\/uploads\/2020\/10\/logo@2x.png\",\"width\":300,\"height\":147,\"caption\":\"Ludo Turris \u2013 Vakar\u0173 gama, UAB\"},\"image\":{\"@id\":\"https:\/\/www.ludoturris.lt\/#\/schema\/logo\/image\/\"},\"sameAs\":[\"https:\/\/www.facebook.com\/Ludo-Turris-621921974895920\/\",\"https:\/\/www.youtube.com\/channel\/UCuBACq67N1NGC9LVudo4ngw\"]}]}<\/script>\n<!-- \/ Yoast SEO plugin. -->","yoast_head_json":{"title":"Mink\u0161tas \u017eaidimo kauliukas XXL - Ludo Turris","description":"XXL Mink\u0161tas \u017eaidimo kauliukas saugus \u017eaisti lauke ir viduje. Puiki mokymosi priemon\u0117 iki mokyklinio am\u017eiaus vaikams, praktikuojant skai\u010dius ir aritmetik\u0105.","robots":{"index":"index","follow":"follow","max-snippet":"max-snippet:-1","max-image-preview":"max-image-preview:large","max-video-preview":"max-video-preview:-1"},"canonical":"https:\/\/www.ludoturris.lt\/en\/product\/minkstas-zaidimo-kauliukas-xxl-2\/","og_locale":"en_GB","og_type":"article","og_title":"Mink\u0161tas \u017eaidimo kauliukas XXL - Ludo Turris","og_description":"XXL Mink\u0161tas \u017eaidimo kauliukas saugus \u017eaisti lauke ir viduje. Puiki mokymosi priemon\u0117 iki mokyklinio am\u017eiaus vaikams, praktikuojant skai\u010dius ir aritmetik\u0105.","og_url":"https:\/\/www.ludoturris.lt\/en\/product\/minkstas-zaidimo-kauliukas-xxl-2\/","og_site_name":"Ludo Turris","article_publisher":"https:\/\/www.facebook.com\/Ludo-Turris-621921974895920\/","article_modified_time":"2026-02-06T13:36:43+00:00","og_image":[{"width":537,"height":537,"url":"https:\/\/www.ludoturris.lt\/wp-content\/uploads\/2024\/10\/60339M-1.png","type":"image\/png"}],"twitter_card":"summary_large_image","twitter_misc":{"Estimated reading time":"1 minute"},"schema":{"@context":"https:\/\/schema.org","@graph":[{"@type":"WebPage","@id":"https:\/\/www.ludoturris.lt\/produktas\/minkstas-zaidimo-kauliukas-xxl-2\/","url":"https:\/\/www.ludoturris.lt\/produktas\/minkstas-zaidimo-kauliukas-xxl-2\/","name":"Mink\u0161tas \u017eaidimo kauliukas XXL - Ludo Turris","isPartOf":{"@id":"https:\/\/www.ludoturris.lt\/#website"},"datePublished":"2024-10-14T13:33:28+00:00","dateModified":"2026-02-06T13:36:43+00:00","description":"XXL Mink\u0161tas \u017eaidimo kauliukas saugus \u017eaisti lauke ir viduje. Puiki mokymosi priemon\u0117 iki mokyklinio am\u017eiaus vaikams, praktikuojant skai\u010dius ir aritmetik\u0105.","breadcrumb":{"@id":"https:\/\/www.ludoturris.lt\/produktas\/minkstas-zaidimo-kauliukas-xxl-2\/#breadcrumb"},"inLanguage":"en-GB","potentialAction":[{"@type":"ReadAction","target":["https:\/\/www.ludoturris.lt\/produktas\/minkstas-zaidimo-kauliukas-xxl-2\/"]}]},{"@type":"BreadcrumbList","@id":"https:\/\/www.ludoturris.lt\/produktas\/minkstas-zaidimo-kauliukas-xxl-2\/#breadcrumb","itemListElement":[{"@type":"ListItem","position":1,"name":"Home","item":"https:\/\/www.ludoturris.lt\/"},{"@type":"ListItem","position":2,"name":"Parduotuv\u0117","item":"https:\/\/www.ludoturris.lt\/parduotuve\/"},{"@type":"ListItem","position":3,"name":"Mink\u0161tas \u017eaidimo kauliukas XXL"}]},{"@type":"WebSite","@id":"https:\/\/www.ludoturris.lt\/#website","url":"https:\/\/www.ludoturris.lt\/","name":"Ludo Turris","description":"K\u016brybi\u0161kum\u0105 ir fantazij\u0105 lavinan\u010dios kalad\u0117l\u0117s","publisher":{"@id":"https:\/\/www.ludoturris.lt\/#organization"},"potentialAction":[{"@type":"SearchAction","target":{"@type":"EntryPoint","urlTemplate":"https:\/\/www.ludoturris.lt\/?s={search_term_string}"},"query-input":"required name=search_term_string"}],"inLanguage":"en-GB"},{"@type":"Organization","@id":"https:\/\/www.ludoturris.lt\/#organization","name":"Ludo Turris \u2013 Vakar\u0173 gama, UAB","url":"https:\/\/www.ludoturris.lt\/","logo":{"@type":"ImageObject","inLanguage":"en-GB","@id":"https:\/\/www.ludoturris.lt\/#\/schema\/logo\/image\/","url":"https:\/\/www.ludoturris.lt\/wp-content\/uploads\/2020\/10\/logo@2x.png","contentUrl":"https:\/\/www.ludoturris.lt\/wp-content\/uploads\/2020\/10\/logo@2x.png","width":300,"height":147,"caption":"Ludo Turris \u2013 Vakar\u0173 gama, UAB"},"image":{"@id":"https:\/\/www.ludoturris.lt\/#\/schema\/logo\/image\/"},"sameAs":["https:\/\/www.facebook.com\/Ludo-Turris-621921974895920\/","https:\/\/www.youtube.com\/channel\/UCuBACq67N1NGC9LVudo4ngw"]}]}},"uagb_featured_image_src":{"full":["https:\/\/www.ludoturris.lt\/wp-content\/uploads\/2024\/10\/60339M-1.png",537,537,false],"thumbnail":["https:\/\/www.ludoturris.lt\/wp-content\/uploads\/2024\/10\/60339M-1-150x150.png",150,150,true],"medium":["https:\/\/www.ludoturris.lt\/wp-content\/uploads\/2024\/10\/60339M-1-300x300.png",300,300,true],"medium_large":["https:\/\/www.ludoturris.lt\/wp-content\/uploads\/2024\/10\/60339M-1.png",537,537,false],"large":["https:\/\/www.ludoturris.lt\/wp-content\/uploads\/2024\/10\/60339M-1.png",537,537,false],"1536x1536":["https:\/\/www.ludoturris.lt\/wp-content\/uploads\/2024\/10\/60339M-1.png",537,537,false],"2048x2048":["https:\/\/www.ludoturris.lt\/wp-content\/uploads\/2024\/10\/60339M-1.png",537,537,false],"trp-custom-language-flag":["https:\/\/www.ludoturris.lt\/wp-content\/uploads\/2024\/10\/60339M-1-12x12.png",12,12,true],"woocommerce_thumbnail":["https:\/\/www.ludoturris.lt\/wp-content\/uploads\/2024\/10\/60339M-1-300x300.png",300,300,true],"woocommerce_single":["https:\/\/www.ludoturris.lt\/wp-content\/uploads\/2024\/10\/60339M-1.png",537,537,false],"woocommerce_gallery_thumbnail":["https:\/\/www.ludoturris.lt\/wp-content\/uploads\/2024\/10\/60339M-1-100x100.png",100,100,true],"variation_swatches_image_size":["https:\/\/www.ludoturris.lt\/wp-content\/uploads\/2024\/10\/60339M-1-50x50.png",50,50,true],"variation_swatches_tooltip_size":["https:\/\/www.ludoturris.lt\/wp-content\/uploads\/2024\/10\/60339M-1-100x100.png",100,100,true],"dgwt-wcas-product-suggestion":["https:\/\/www.ludoturris.lt\/wp-content\/uploads\/2024\/10\/60339M-1.png",64,64,false]},"uagb_author_info":{"display_name":"LudoTurris","author_link":"https:\/\/www.ludoturris.lt\/en\/author\/"},"uagb_comment_info":0,"uagb_excerpt":"Rekomenduojamas am\u017eius: nuo 2 met\u0173. Did\u017eiuliai XXL dyd\u017eio kauliukai matmenys 15x15x15cm, svoris 149g. Kubai pagaminti i\u0161 mink\u0161to putplas\u010dio, galimos spalvos: \u017ealia, geltona, m\u0117lyna. D\u0117l ypa\u010d mink\u0161tos, lengvos med\u017eiagos \u017eaid\u017eiant niekas nesusi\u017eeis. Mink\u0161tas kauliukas puikus universalus \u017eaislas kur\u012f galima m\u0117tyti lauke ar viduje. Kauliukas-kubas taip pat puiki mokymosi priemon\u0117 iki mokyklinio am\u017eiaus vaikams, praktikuojant skai\u010dius ir&hellip;","_links":{"self":[{"href":"https:\/\/www.ludoturris.lt\/en\/wp-json\/wp\/v2\/product\/3998"}],"collection":[{"href":"https:\/\/www.ludoturris.lt\/en\/wp-json\/wp\/v2\/product"}],"about":[{"href":"https:\/\/www.ludoturris.lt\/en\/wp-json\/wp\/v2\/types\/product"}],"wp:featuredmedia":[{"embeddable":true,"href":"https:\/\/www.ludoturris.lt\/en\/wp-json\/wp\/v2\/media\/4001"}],"wp:attachment":[{"href":"https:\/\/www.ludoturris.lt\/en\/wp-json\/wp\/v2\/media?parent=3998"}],"wp:term":[{"taxonomy":"product_cat","embeddable":true,"href":"https:\/\/www.ludoturris.lt\/en\/wp-json\/wp\/v2\/product_cat?post=3998"},{"taxonomy":"product_tag","embeddable":true,"href":"https:\/\/www.ludoturris.lt\/en\/wp-json\/wp\/v2\/product_tag?post=3998"}],"curies":[{"name":"wp","href":"https:\/\/api.w.org\/{rel}","templated":true}]}}