{"id":3983,"date":"2024-09-29T14:51:14","date_gmt":"2024-09-29T16:51:14","guid":{"rendered":"https:\/\/www.ludoturris.lt\/?post_type=product&#038;p=3983"},"modified":"2026-02-10T10:14:47","modified_gmt":"2026-02-10T12:14:47","slug":"magnetine-lenta","status":"publish","type":"product","link":"https:\/\/www.ludoturris.lt\/en\/product\/magnetine-lenta\/","title":{"rendered":"Magnetin\u0117 pie\u0161imo lenta"},"content":{"rendered":"<p>Rekomenduojamas am\u017eius: nuo 3 met\u0173.  Magnetin\u0117 tapybos lenta su juodai baltu ekranu. Bendri matmenys 32x25x3cm, pie\u0161imo plotas apie 19x14cm. Rinkin\u012f yra ra\u0161iklis ir 2 antspaudai(\u017evaig\u017ed\u0117 ir g\u0117l\u0117). D\u0117l daugkartin\u0117s pie\u0161imo lentos naudotas popierius ir ne\u0161var\u016bs pir\u0161tai yra praeitis. Slankiklio funkcija skirta i\u0161trinti kas buvo nupie\u0161ta. Tapyba yra puiki veikla vaikams \u017eaismingai skatina k\u016brybi\u0161kum\u0105 rank\u0173 bei aki\u0173 koordinacij\u0105. Kilm\u0117s \u0161alis: Vokietija<\/p>","protected":false},"excerpt":{"rendered":"<p>Rekomenduojamas am\u017eius: nuo 3 met\u0173. Magnetin\u0117 tapybos lenta su juodai baltu ekranu. Bendri matmenys 32x25x3cm, pie\u0161imo plotas apie 19x14cm. Rinkin\u012f yra ra\u0161iklis ir 2 antspaudai(\u017evaig\u017ed\u0117 ir g\u0117l\u0117). D\u0117l daugkartin\u0117s pie\u0161imo lentos naudotas popierius ir ne\u0161var\u016bs pir\u0161tai yra praeitis. Slankiklio funkcija skirta i\u0161trinti kas buvo nupie\u0161ta. Tapyba yra puiki veikla vaikams \u017eaismingai skatina k\u016brybi\u0161kum\u0105 rank\u0173 bei &hellip;<\/p>\n<p class=\"read-more\"> <a class=\"\" href=\"https:\/\/www.ludoturris.lt\/en\/product\/magnetine-lenta\/\"> <span class=\"screen-reader-text\">Magnetin\u0117 pie\u0161imo lenta<\/span> Read More &raquo;<\/a><\/p>","protected":false},"featured_media":3984,"template":"","meta":{"_uag_custom_page_level_css":"","_themeisle_gutenberg_block_has_review":false},"product_cat":[69],"product_tag":[],"yoast_head":"<!-- This site is optimized with the Yoast SEO plugin v21.1 - https:\/\/yoast.com\/wordpress\/plugins\/seo\/ -->\n<title>Magnetin\u0117 pie\u0161imo lenta - Ludo Turris<\/title>\n<meta name=\"description\" content=\"Magnetin\u0117 lenta interaktyvus ir praktinis \u012frankis mokymuisi ir k\u016brybai. Juodai balta lenta leid\u017eia ra\u0161yti bei pie\u0161ti, lavinant k\u016brybi\u0161kum\u0105 ir organizuotum\u0105.\" \/>\n<meta name=\"robots\" content=\"index, follow, max-snippet:-1, max-image-preview:large, max-video-preview:-1\" \/>\n<link rel=\"canonical\" href=\"https:\/\/www.ludoturris.lt\/en\/product\/magnetine-lenta\/\" \/>\n<meta property=\"og:locale\" content=\"en_GB\" \/>\n<meta property=\"og:type\" content=\"article\" \/>\n<meta property=\"og:title\" content=\"Magnetin\u0117 pie\u0161imo lenta - Ludo Turris\" \/>\n<meta property=\"og:description\" content=\"Magnetin\u0117 lenta interaktyvus ir praktinis \u012frankis mokymuisi ir k\u016brybai. Juodai balta lenta leid\u017eia ra\u0161yti bei pie\u0161ti, lavinant k\u016brybi\u0161kum\u0105 ir organizuotum\u0105.\" \/>\n<meta property=\"og:url\" content=\"https:\/\/www.ludoturris.lt\/en\/product\/magnetine-lenta\/\" \/>\n<meta property=\"og:site_name\" content=\"Ludo Turris\" \/>\n<meta property=\"article:publisher\" content=\"https:\/\/www.facebook.com\/Ludo-Turris-621921974895920\/\" \/>\n<meta property=\"article:modified_time\" content=\"2026-02-10T12:14:47+00:00\" \/>\n<meta property=\"og:image\" content=\"https:\/\/www.ludoturris.lt\/wp-content\/uploads\/2024\/09\/MagnLenta-68530.png\" \/>\n\t<meta property=\"og:image:width\" content=\"496\" \/>\n\t<meta property=\"og:image:height\" content=\"467\" \/>\n\t<meta property=\"og:image:type\" content=\"image\/png\" \/>\n<meta name=\"twitter:card\" content=\"summary_large_image\" \/>\n<meta name=\"twitter:label1\" content=\"Estimated reading time\" \/>\n\t<meta name=\"twitter:data1\" content=\"1 minute\" \/>\n<script type=\"application\/ld+json\" class=\"yoast-schema-graph\">{\"@context\":\"https:\/\/schema.org\",\"@graph\":[{\"@type\":\"WebPage\",\"@id\":\"https:\/\/www.ludoturris.lt\/produktas\/magnetine-lenta\/\",\"url\":\"https:\/\/www.ludoturris.lt\/produktas\/magnetine-lenta\/\",\"name\":\"Magnetin\u0117 pie\u0161imo lenta - Ludo Turris\",\"isPartOf\":{\"@id\":\"https:\/\/www.ludoturris.lt\/#website\"},\"datePublished\":\"2024-09-29T16:51:14+00:00\",\"dateModified\":\"2026-02-10T12:14:47+00:00\",\"description\":\"Magnetin\u0117 lenta interaktyvus ir praktinis \u012frankis mokymuisi ir k\u016brybai. Juodai balta lenta leid\u017eia ra\u0161yti bei pie\u0161ti, lavinant k\u016brybi\u0161kum\u0105 ir organizuotum\u0105.\",\"breadcrumb\":{\"@id\":\"https:\/\/www.ludoturris.lt\/produktas\/magnetine-lenta\/#breadcrumb\"},\"inLanguage\":\"en-GB\",\"potentialAction\":[{\"@type\":\"ReadAction\",\"target\":[\"https:\/\/www.ludoturris.lt\/produktas\/magnetine-lenta\/\"]}]},{\"@type\":\"BreadcrumbList\",\"@id\":\"https:\/\/www.ludoturris.lt\/produktas\/magnetine-lenta\/#breadcrumb\",\"itemListElement\":[{\"@type\":\"ListItem\",\"position\":1,\"name\":\"Home\",\"item\":\"https:\/\/www.ludoturris.lt\/\"},{\"@type\":\"ListItem\",\"position\":2,\"name\":\"Parduotuv\u0117\",\"item\":\"https:\/\/www.ludoturris.lt\/parduotuve\/\"},{\"@type\":\"ListItem\",\"position\":3,\"name\":\"Magnetin\u0117 pie\u0161imo lenta\"}]},{\"@type\":\"WebSite\",\"@id\":\"https:\/\/www.ludoturris.lt\/#website\",\"url\":\"https:\/\/www.ludoturris.lt\/\",\"name\":\"Ludo Turris\",\"description\":\"K\u016brybi\u0161kum\u0105 ir fantazij\u0105 lavinan\u010dios kalad\u0117l\u0117s\",\"publisher\":{\"@id\":\"https:\/\/www.ludoturris.lt\/#organization\"},\"potentialAction\":[{\"@type\":\"SearchAction\",\"target\":{\"@type\":\"EntryPoint\",\"urlTemplate\":\"https:\/\/www.ludoturris.lt\/?s={search_term_string}\"},\"query-input\":\"required name=search_term_string\"}],\"inLanguage\":\"en-GB\"},{\"@type\":\"Organization\",\"@id\":\"https:\/\/www.ludoturris.lt\/#organization\",\"name\":\"Ludo Turris \u2013 Vakar\u0173 gama, UAB\",\"url\":\"https:\/\/www.ludoturris.lt\/\",\"logo\":{\"@type\":\"ImageObject\",\"inLanguage\":\"en-GB\",\"@id\":\"https:\/\/www.ludoturris.lt\/#\/schema\/logo\/image\/\",\"url\":\"https:\/\/www.ludoturris.lt\/wp-content\/uploads\/2020\/10\/logo@2x.png\",\"contentUrl\":\"https:\/\/www.ludoturris.lt\/wp-content\/uploads\/2020\/10\/logo@2x.png\",\"width\":300,\"height\":147,\"caption\":\"Ludo Turris \u2013 Vakar\u0173 gama, UAB\"},\"image\":{\"@id\":\"https:\/\/www.ludoturris.lt\/#\/schema\/logo\/image\/\"},\"sameAs\":[\"https:\/\/www.facebook.com\/Ludo-Turris-621921974895920\/\",\"https:\/\/www.youtube.com\/channel\/UCuBACq67N1NGC9LVudo4ngw\"]}]}<\/script>\n<!-- \/ Yoast SEO plugin. -->","yoast_head_json":{"title":"Magnetin\u0117 pie\u0161imo lenta - Ludo Turris","description":"Magnetin\u0117 lenta interaktyvus ir praktinis \u012frankis mokymuisi ir k\u016brybai. Juodai balta lenta leid\u017eia ra\u0161yti bei pie\u0161ti, lavinant k\u016brybi\u0161kum\u0105 ir organizuotum\u0105.","robots":{"index":"index","follow":"follow","max-snippet":"max-snippet:-1","max-image-preview":"max-image-preview:large","max-video-preview":"max-video-preview:-1"},"canonical":"https:\/\/www.ludoturris.lt\/en\/product\/magnetine-lenta\/","og_locale":"en_GB","og_type":"article","og_title":"Magnetin\u0117 pie\u0161imo lenta - Ludo Turris","og_description":"Magnetin\u0117 lenta interaktyvus ir praktinis \u012frankis mokymuisi ir k\u016brybai. Juodai balta lenta leid\u017eia ra\u0161yti bei pie\u0161ti, lavinant k\u016brybi\u0161kum\u0105 ir organizuotum\u0105.","og_url":"https:\/\/www.ludoturris.lt\/en\/product\/magnetine-lenta\/","og_site_name":"Ludo Turris","article_publisher":"https:\/\/www.facebook.com\/Ludo-Turris-621921974895920\/","article_modified_time":"2026-02-10T12:14:47+00:00","og_image":[{"width":496,"height":467,"url":"https:\/\/www.ludoturris.lt\/wp-content\/uploads\/2024\/09\/MagnLenta-68530.png","type":"image\/png"}],"twitter_card":"summary_large_image","twitter_misc":{"Estimated reading time":"1 minute"},"schema":{"@context":"https:\/\/schema.org","@graph":[{"@type":"WebPage","@id":"https:\/\/www.ludoturris.lt\/produktas\/magnetine-lenta\/","url":"https:\/\/www.ludoturris.lt\/produktas\/magnetine-lenta\/","name":"Magnetin\u0117 pie\u0161imo lenta - Ludo Turris","isPartOf":{"@id":"https:\/\/www.ludoturris.lt\/#website"},"datePublished":"2024-09-29T16:51:14+00:00","dateModified":"2026-02-10T12:14:47+00:00","description":"Magnetin\u0117 lenta interaktyvus ir praktinis \u012frankis mokymuisi ir k\u016brybai. Juodai balta lenta leid\u017eia ra\u0161yti bei pie\u0161ti, lavinant k\u016brybi\u0161kum\u0105 ir organizuotum\u0105.","breadcrumb":{"@id":"https:\/\/www.ludoturris.lt\/produktas\/magnetine-lenta\/#breadcrumb"},"inLanguage":"en-GB","potentialAction":[{"@type":"ReadAction","target":["https:\/\/www.ludoturris.lt\/produktas\/magnetine-lenta\/"]}]},{"@type":"BreadcrumbList","@id":"https:\/\/www.ludoturris.lt\/produktas\/magnetine-lenta\/#breadcrumb","itemListElement":[{"@type":"ListItem","position":1,"name":"Home","item":"https:\/\/www.ludoturris.lt\/"},{"@type":"ListItem","position":2,"name":"Parduotuv\u0117","item":"https:\/\/www.ludoturris.lt\/parduotuve\/"},{"@type":"ListItem","position":3,"name":"Magnetin\u0117 pie\u0161imo lenta"}]},{"@type":"WebSite","@id":"https:\/\/www.ludoturris.lt\/#website","url":"https:\/\/www.ludoturris.lt\/","name":"Ludo Turris","description":"K\u016brybi\u0161kum\u0105 ir fantazij\u0105 lavinan\u010dios kalad\u0117l\u0117s","publisher":{"@id":"https:\/\/www.ludoturris.lt\/#organization"},"potentialAction":[{"@type":"SearchAction","target":{"@type":"EntryPoint","urlTemplate":"https:\/\/www.ludoturris.lt\/?s={search_term_string}"},"query-input":"required name=search_term_string"}],"inLanguage":"en-GB"},{"@type":"Organization","@id":"https:\/\/www.ludoturris.lt\/#organization","name":"Ludo Turris \u2013 Vakar\u0173 gama, UAB","url":"https:\/\/www.ludoturris.lt\/","logo":{"@type":"ImageObject","inLanguage":"en-GB","@id":"https:\/\/www.ludoturris.lt\/#\/schema\/logo\/image\/","url":"https:\/\/www.ludoturris.lt\/wp-content\/uploads\/2020\/10\/logo@2x.png","contentUrl":"https:\/\/www.ludoturris.lt\/wp-content\/uploads\/2020\/10\/logo@2x.png","width":300,"height":147,"caption":"Ludo Turris \u2013 Vakar\u0173 gama, UAB"},"image":{"@id":"https:\/\/www.ludoturris.lt\/#\/schema\/logo\/image\/"},"sameAs":["https:\/\/www.facebook.com\/Ludo-Turris-621921974895920\/","https:\/\/www.youtube.com\/channel\/UCuBACq67N1NGC9LVudo4ngw"]}]}},"uagb_featured_image_src":{"full":["https:\/\/www.ludoturris.lt\/wp-content\/uploads\/2024\/09\/MagnLenta-68530.png",496,467,false],"thumbnail":["https:\/\/www.ludoturris.lt\/wp-content\/uploads\/2024\/09\/MagnLenta-68530-150x150.png",150,150,true],"medium":["https:\/\/www.ludoturris.lt\/wp-content\/uploads\/2024\/09\/MagnLenta-68530-300x282.png",300,282,true],"medium_large":["https:\/\/www.ludoturris.lt\/wp-content\/uploads\/2024\/09\/MagnLenta-68530.png",496,467,false],"large":["https:\/\/www.ludoturris.lt\/wp-content\/uploads\/2024\/09\/MagnLenta-68530.png",496,467,false],"1536x1536":["https:\/\/www.ludoturris.lt\/wp-content\/uploads\/2024\/09\/MagnLenta-68530.png",496,467,false],"2048x2048":["https:\/\/www.ludoturris.lt\/wp-content\/uploads\/2024\/09\/MagnLenta-68530.png",496,467,false],"trp-custom-language-flag":["https:\/\/www.ludoturris.lt\/wp-content\/uploads\/2024\/09\/MagnLenta-68530-13x12.png",13,12,true],"woocommerce_thumbnail":["https:\/\/www.ludoturris.lt\/wp-content\/uploads\/2024\/09\/MagnLenta-68530-300x300.png",300,300,true],"woocommerce_single":["https:\/\/www.ludoturris.lt\/wp-content\/uploads\/2024\/09\/MagnLenta-68530.png",496,467,false],"woocommerce_gallery_thumbnail":["https:\/\/www.ludoturris.lt\/wp-content\/uploads\/2024\/09\/MagnLenta-68530-100x100.png",100,100,true],"variation_swatches_image_size":["https:\/\/www.ludoturris.lt\/wp-content\/uploads\/2024\/09\/MagnLenta-68530-50x50.png",50,50,true],"variation_swatches_tooltip_size":["https:\/\/www.ludoturris.lt\/wp-content\/uploads\/2024\/09\/MagnLenta-68530-100x100.png",100,100,true],"dgwt-wcas-product-suggestion":["https:\/\/www.ludoturris.lt\/wp-content\/uploads\/2024\/09\/MagnLenta-68530.png",64,60,false]},"uagb_author_info":{"display_name":"LudoTurris","author_link":"https:\/\/www.ludoturris.lt\/en\/author\/"},"uagb_comment_info":0,"uagb_excerpt":"Rekomenduojamas am\u017eius: nuo 3 met\u0173. Magnetin\u0117 tapybos lenta su juodai baltu ekranu. Bendri matmenys 32x25x3cm, pie\u0161imo plotas apie 19x14cm. Rinkin\u012f yra ra\u0161iklis ir 2 antspaudai(\u017evaig\u017ed\u0117 ir g\u0117l\u0117). D\u0117l daugkartin\u0117s pie\u0161imo lentos naudotas popierius ir ne\u0161var\u016bs pir\u0161tai yra praeitis. Slankiklio funkcija skirta i\u0161trinti kas buvo nupie\u0161ta. Tapyba yra puiki veikla vaikams \u017eaismingai skatina k\u016brybi\u0161kum\u0105 rank\u0173 bei&hellip;","_links":{"self":[{"href":"https:\/\/www.ludoturris.lt\/en\/wp-json\/wp\/v2\/product\/3983"}],"collection":[{"href":"https:\/\/www.ludoturris.lt\/en\/wp-json\/wp\/v2\/product"}],"about":[{"href":"https:\/\/www.ludoturris.lt\/en\/wp-json\/wp\/v2\/types\/product"}],"wp:featuredmedia":[{"embeddable":true,"href":"https:\/\/www.ludoturris.lt\/en\/wp-json\/wp\/v2\/media\/3984"}],"wp:attachment":[{"href":"https:\/\/www.ludoturris.lt\/en\/wp-json\/wp\/v2\/media?parent=3983"}],"wp:term":[{"taxonomy":"product_cat","embeddable":true,"href":"https:\/\/www.ludoturris.lt\/en\/wp-json\/wp\/v2\/product_cat?post=3983"},{"taxonomy":"product_tag","embeddable":true,"href":"https:\/\/www.ludoturris.lt\/en\/wp-json\/wp\/v2\/product_tag?post=3983"}],"curies":[{"name":"wp","href":"https:\/\/api.w.org\/{rel}","templated":true}]}}