{"id":3974,"date":"2024-09-29T14:11:25","date_gmt":"2024-09-29T16:11:25","guid":{"rendered":"https:\/\/www.ludoturris.lt\/?post_type=product&#038;p=3974"},"modified":"2026-02-06T11:12:42","modified_gmt":"2026-02-06T13:12:42","slug":"zaislinis-sviesoforas","status":"publish","type":"product","link":"https:\/\/www.ludoturris.lt\/en\/product\/zaislinis-sviesoforas\/","title":{"rendered":"\u0160viesoforas vaikams"},"content":{"rendered":"<p>Rekomenduojamas am\u017eius: nuo 3 met\u0173. Mokomasis \u0161vie\u010diantis \u0161viesoforas vaikams. Auk\u0161tis 75cm ir 25cm plo\u010dio  pagrindas. Dveji skirtingi re\u017eimai reguliavimo automatinis ir rankinis. Galima naudoti tiek viduje, tiek lauke.  Puikiai tinka eismo mokymui, jei raudona, sustokite, jei \u017ealia galite vaik\u0161\u010dioti. Su m\u016bs\u0173 vaiki\u0161ku \u0161viesoforu \u017eaismingai i\u0161moksite \u0161ias ir daugel\u012f kit\u0173 teising\u0173 elgesio eisme taisykli\u0173. Kilm\u0117s \u0161alis: Vokietija<\/p>","protected":false},"excerpt":{"rendered":"<p>Rekomenduojamas am\u017eius: nuo 3 met\u0173. Mokomasis \u0161vie\u010diantis \u0161viesoforas vaikams. Auk\u0161tis 75cm ir 25cm plo\u010dio pagrindas. Dveji skirtingi re\u017eimai reguliavimo automatinis ir rankinis. Galima naudoti tiek viduje, tiek lauke. Puikiai tinka eismo mokymui, jei raudona, sustokite, jei \u017ealia galite vaik\u0161\u010dioti. Su m\u016bs\u0173 vaiki\u0161ku \u0161viesoforu \u017eaismingai i\u0161moksite \u0161ias ir daugel\u012f kit\u0173 teising\u0173 elgesio eisme taisykli\u0173. Kilm\u0117s \u0161alis: &hellip;<\/p>\n<p class=\"read-more\"> <a class=\"\" href=\"https:\/\/www.ludoturris.lt\/en\/product\/zaislinis-sviesoforas\/\"> <span class=\"screen-reader-text\">\u0160viesoforas vaikams<\/span> Read More &raquo;<\/a><\/p>","protected":false},"featured_media":3975,"template":"","meta":{"_uag_custom_page_level_css":"","_themeisle_gutenberg_block_has_review":false},"product_cat":[69,93],"product_tag":[],"yoast_head":"<!-- This site is optimized with the Yoast SEO plugin v21.1 - https:\/\/yoast.com\/wordpress\/plugins\/seo\/ -->\n<title>\u0160viesoforas vaikams - Ludo Turris<\/title>\n<meta name=\"description\" content=\"\u017daislinis mirksintis \u0161viesoforas interaktyvus, mokomasis \u017eaislas vaikams! Lavina keli\u0173 eismo taisykli\u0173 supratim\u0105 per smag\u0173 \u017eaidim\u0105. Tinkamas lauke ir viduje\" \/>\n<meta name=\"robots\" content=\"index, follow, max-snippet:-1, max-image-preview:large, max-video-preview:-1\" \/>\n<link rel=\"canonical\" href=\"https:\/\/www.ludoturris.lt\/en\/product\/zaislinis-sviesoforas\/\" \/>\n<meta property=\"og:locale\" content=\"en_GB\" \/>\n<meta property=\"og:type\" content=\"article\" \/>\n<meta property=\"og:title\" content=\"\u0160viesoforas vaikams - Ludo Turris\" \/>\n<meta property=\"og:description\" content=\"\u017daislinis mirksintis \u0161viesoforas interaktyvus, mokomasis \u017eaislas vaikams! Lavina keli\u0173 eismo taisykli\u0173 supratim\u0105 per smag\u0173 \u017eaidim\u0105. Tinkamas lauke ir viduje\" \/>\n<meta property=\"og:url\" content=\"https:\/\/www.ludoturris.lt\/en\/product\/zaislinis-sviesoforas\/\" \/>\n<meta property=\"og:site_name\" content=\"Ludo Turris\" \/>\n<meta property=\"article:publisher\" content=\"https:\/\/www.facebook.com\/Ludo-Turris-621921974895920\/\" \/>\n<meta property=\"article:modified_time\" content=\"2026-02-06T13:12:42+00:00\" \/>\n<meta property=\"og:image\" content=\"https:\/\/www.ludoturris.lt\/wp-content\/uploads\/2024\/09\/Sviesoforas-60095.png\" \/>\n\t<meta property=\"og:image:width\" content=\"496\" \/>\n\t<meta property=\"og:image:height\" content=\"467\" \/>\n\t<meta property=\"og:image:type\" content=\"image\/png\" \/>\n<meta name=\"twitter:card\" content=\"summary_large_image\" \/>\n<meta name=\"twitter:label1\" content=\"Estimated reading time\" \/>\n\t<meta name=\"twitter:data1\" content=\"1 minute\" \/>\n<script type=\"application\/ld+json\" class=\"yoast-schema-graph\">{\"@context\":\"https:\/\/schema.org\",\"@graph\":[{\"@type\":\"WebPage\",\"@id\":\"https:\/\/www.ludoturris.lt\/produktas\/zaislinis-sviesoforas\/\",\"url\":\"https:\/\/www.ludoturris.lt\/produktas\/zaislinis-sviesoforas\/\",\"name\":\"\u0160viesoforas vaikams - Ludo Turris\",\"isPartOf\":{\"@id\":\"https:\/\/www.ludoturris.lt\/#website\"},\"datePublished\":\"2024-09-29T16:11:25+00:00\",\"dateModified\":\"2026-02-06T13:12:42+00:00\",\"description\":\"\u017daislinis mirksintis \u0161viesoforas interaktyvus, mokomasis \u017eaislas vaikams! Lavina keli\u0173 eismo taisykli\u0173 supratim\u0105 per smag\u0173 \u017eaidim\u0105. Tinkamas lauke ir viduje\",\"breadcrumb\":{\"@id\":\"https:\/\/www.ludoturris.lt\/produktas\/zaislinis-sviesoforas\/#breadcrumb\"},\"inLanguage\":\"en-GB\",\"potentialAction\":[{\"@type\":\"ReadAction\",\"target\":[\"https:\/\/www.ludoturris.lt\/produktas\/zaislinis-sviesoforas\/\"]}]},{\"@type\":\"BreadcrumbList\",\"@id\":\"https:\/\/www.ludoturris.lt\/produktas\/zaislinis-sviesoforas\/#breadcrumb\",\"itemListElement\":[{\"@type\":\"ListItem\",\"position\":1,\"name\":\"Home\",\"item\":\"https:\/\/www.ludoturris.lt\/\"},{\"@type\":\"ListItem\",\"position\":2,\"name\":\"Parduotuv\u0117\",\"item\":\"https:\/\/www.ludoturris.lt\/parduotuve\/\"},{\"@type\":\"ListItem\",\"position\":3,\"name\":\"\u0160viesoforas vaikams\"}]},{\"@type\":\"WebSite\",\"@id\":\"https:\/\/www.ludoturris.lt\/#website\",\"url\":\"https:\/\/www.ludoturris.lt\/\",\"name\":\"Ludo Turris\",\"description\":\"K\u016brybi\u0161kum\u0105 ir fantazij\u0105 lavinan\u010dios kalad\u0117l\u0117s\",\"publisher\":{\"@id\":\"https:\/\/www.ludoturris.lt\/#organization\"},\"potentialAction\":[{\"@type\":\"SearchAction\",\"target\":{\"@type\":\"EntryPoint\",\"urlTemplate\":\"https:\/\/www.ludoturris.lt\/?s={search_term_string}\"},\"query-input\":\"required name=search_term_string\"}],\"inLanguage\":\"en-GB\"},{\"@type\":\"Organization\",\"@id\":\"https:\/\/www.ludoturris.lt\/#organization\",\"name\":\"Ludo Turris \u2013 Vakar\u0173 gama, UAB\",\"url\":\"https:\/\/www.ludoturris.lt\/\",\"logo\":{\"@type\":\"ImageObject\",\"inLanguage\":\"en-GB\",\"@id\":\"https:\/\/www.ludoturris.lt\/#\/schema\/logo\/image\/\",\"url\":\"https:\/\/www.ludoturris.lt\/wp-content\/uploads\/2020\/10\/logo@2x.png\",\"contentUrl\":\"https:\/\/www.ludoturris.lt\/wp-content\/uploads\/2020\/10\/logo@2x.png\",\"width\":300,\"height\":147,\"caption\":\"Ludo Turris \u2013 Vakar\u0173 gama, UAB\"},\"image\":{\"@id\":\"https:\/\/www.ludoturris.lt\/#\/schema\/logo\/image\/\"},\"sameAs\":[\"https:\/\/www.facebook.com\/Ludo-Turris-621921974895920\/\",\"https:\/\/www.youtube.com\/channel\/UCuBACq67N1NGC9LVudo4ngw\"]}]}<\/script>\n<!-- \/ Yoast SEO plugin. -->","yoast_head_json":{"title":"\u0160viesoforas vaikams - Ludo Turris","description":"\u017daislinis mirksintis \u0161viesoforas interaktyvus, mokomasis \u017eaislas vaikams! Lavina keli\u0173 eismo taisykli\u0173 supratim\u0105 per smag\u0173 \u017eaidim\u0105. Tinkamas lauke ir viduje","robots":{"index":"index","follow":"follow","max-snippet":"max-snippet:-1","max-image-preview":"max-image-preview:large","max-video-preview":"max-video-preview:-1"},"canonical":"https:\/\/www.ludoturris.lt\/en\/product\/zaislinis-sviesoforas\/","og_locale":"en_GB","og_type":"article","og_title":"\u0160viesoforas vaikams - Ludo Turris","og_description":"\u017daislinis mirksintis \u0161viesoforas interaktyvus, mokomasis \u017eaislas vaikams! Lavina keli\u0173 eismo taisykli\u0173 supratim\u0105 per smag\u0173 \u017eaidim\u0105. Tinkamas lauke ir viduje","og_url":"https:\/\/www.ludoturris.lt\/en\/product\/zaislinis-sviesoforas\/","og_site_name":"Ludo Turris","article_publisher":"https:\/\/www.facebook.com\/Ludo-Turris-621921974895920\/","article_modified_time":"2026-02-06T13:12:42+00:00","og_image":[{"width":496,"height":467,"url":"https:\/\/www.ludoturris.lt\/wp-content\/uploads\/2024\/09\/Sviesoforas-60095.png","type":"image\/png"}],"twitter_card":"summary_large_image","twitter_misc":{"Estimated reading time":"1 minute"},"schema":{"@context":"https:\/\/schema.org","@graph":[{"@type":"WebPage","@id":"https:\/\/www.ludoturris.lt\/produktas\/zaislinis-sviesoforas\/","url":"https:\/\/www.ludoturris.lt\/produktas\/zaislinis-sviesoforas\/","name":"\u0160viesoforas vaikams - Ludo Turris","isPartOf":{"@id":"https:\/\/www.ludoturris.lt\/#website"},"datePublished":"2024-09-29T16:11:25+00:00","dateModified":"2026-02-06T13:12:42+00:00","description":"\u017daislinis mirksintis \u0161viesoforas interaktyvus, mokomasis \u017eaislas vaikams! Lavina keli\u0173 eismo taisykli\u0173 supratim\u0105 per smag\u0173 \u017eaidim\u0105. Tinkamas lauke ir viduje","breadcrumb":{"@id":"https:\/\/www.ludoturris.lt\/produktas\/zaislinis-sviesoforas\/#breadcrumb"},"inLanguage":"en-GB","potentialAction":[{"@type":"ReadAction","target":["https:\/\/www.ludoturris.lt\/produktas\/zaislinis-sviesoforas\/"]}]},{"@type":"BreadcrumbList","@id":"https:\/\/www.ludoturris.lt\/produktas\/zaislinis-sviesoforas\/#breadcrumb","itemListElement":[{"@type":"ListItem","position":1,"name":"Home","item":"https:\/\/www.ludoturris.lt\/"},{"@type":"ListItem","position":2,"name":"Parduotuv\u0117","item":"https:\/\/www.ludoturris.lt\/parduotuve\/"},{"@type":"ListItem","position":3,"name":"\u0160viesoforas vaikams"}]},{"@type":"WebSite","@id":"https:\/\/www.ludoturris.lt\/#website","url":"https:\/\/www.ludoturris.lt\/","name":"Ludo Turris","description":"K\u016brybi\u0161kum\u0105 ir fantazij\u0105 lavinan\u010dios kalad\u0117l\u0117s","publisher":{"@id":"https:\/\/www.ludoturris.lt\/#organization"},"potentialAction":[{"@type":"SearchAction","target":{"@type":"EntryPoint","urlTemplate":"https:\/\/www.ludoturris.lt\/?s={search_term_string}"},"query-input":"required name=search_term_string"}],"inLanguage":"en-GB"},{"@type":"Organization","@id":"https:\/\/www.ludoturris.lt\/#organization","name":"Ludo Turris \u2013 Vakar\u0173 gama, UAB","url":"https:\/\/www.ludoturris.lt\/","logo":{"@type":"ImageObject","inLanguage":"en-GB","@id":"https:\/\/www.ludoturris.lt\/#\/schema\/logo\/image\/","url":"https:\/\/www.ludoturris.lt\/wp-content\/uploads\/2020\/10\/logo@2x.png","contentUrl":"https:\/\/www.ludoturris.lt\/wp-content\/uploads\/2020\/10\/logo@2x.png","width":300,"height":147,"caption":"Ludo Turris \u2013 Vakar\u0173 gama, UAB"},"image":{"@id":"https:\/\/www.ludoturris.lt\/#\/schema\/logo\/image\/"},"sameAs":["https:\/\/www.facebook.com\/Ludo-Turris-621921974895920\/","https:\/\/www.youtube.com\/channel\/UCuBACq67N1NGC9LVudo4ngw"]}]}},"uagb_featured_image_src":{"full":["https:\/\/www.ludoturris.lt\/wp-content\/uploads\/2024\/09\/Sviesoforas-60095.png",496,467,false],"thumbnail":["https:\/\/www.ludoturris.lt\/wp-content\/uploads\/2024\/09\/Sviesoforas-60095-150x150.png",150,150,true],"medium":["https:\/\/www.ludoturris.lt\/wp-content\/uploads\/2024\/09\/Sviesoforas-60095-300x282.png",300,282,true],"medium_large":["https:\/\/www.ludoturris.lt\/wp-content\/uploads\/2024\/09\/Sviesoforas-60095.png",496,467,false],"large":["https:\/\/www.ludoturris.lt\/wp-content\/uploads\/2024\/09\/Sviesoforas-60095.png",496,467,false],"1536x1536":["https:\/\/www.ludoturris.lt\/wp-content\/uploads\/2024\/09\/Sviesoforas-60095.png",496,467,false],"2048x2048":["https:\/\/www.ludoturris.lt\/wp-content\/uploads\/2024\/09\/Sviesoforas-60095.png",496,467,false],"trp-custom-language-flag":["https:\/\/www.ludoturris.lt\/wp-content\/uploads\/2024\/09\/Sviesoforas-60095-13x12.png",13,12,true],"woocommerce_thumbnail":["https:\/\/www.ludoturris.lt\/wp-content\/uploads\/2024\/09\/Sviesoforas-60095-300x300.png",300,300,true],"woocommerce_single":["https:\/\/www.ludoturris.lt\/wp-content\/uploads\/2024\/09\/Sviesoforas-60095.png",496,467,false],"woocommerce_gallery_thumbnail":["https:\/\/www.ludoturris.lt\/wp-content\/uploads\/2024\/09\/Sviesoforas-60095-100x100.png",100,100,true],"variation_swatches_image_size":["https:\/\/www.ludoturris.lt\/wp-content\/uploads\/2024\/09\/Sviesoforas-60095-50x50.png",50,50,true],"variation_swatches_tooltip_size":["https:\/\/www.ludoturris.lt\/wp-content\/uploads\/2024\/09\/Sviesoforas-60095-100x100.png",100,100,true],"dgwt-wcas-product-suggestion":["https:\/\/www.ludoturris.lt\/wp-content\/uploads\/2024\/09\/Sviesoforas-60095.png",64,60,false]},"uagb_author_info":{"display_name":"LudoTurris","author_link":"https:\/\/www.ludoturris.lt\/en\/author\/"},"uagb_comment_info":0,"uagb_excerpt":"Rekomenduojamas am\u017eius: nuo 3 met\u0173. Mokomasis \u0161vie\u010diantis \u0161viesoforas vaikams. Auk\u0161tis 75cm ir 25cm plo\u010dio pagrindas. Dveji skirtingi re\u017eimai reguliavimo automatinis ir rankinis. Galima naudoti tiek viduje, tiek lauke. Puikiai tinka eismo mokymui, jei raudona, sustokite, jei \u017ealia galite vaik\u0161\u010dioti. Su m\u016bs\u0173 vaiki\u0161ku \u0161viesoforu \u017eaismingai i\u0161moksite \u0161ias ir daugel\u012f kit\u0173 teising\u0173 elgesio eisme taisykli\u0173. Kilm\u0117s \u0161alis:&hellip;","_links":{"self":[{"href":"https:\/\/www.ludoturris.lt\/en\/wp-json\/wp\/v2\/product\/3974"}],"collection":[{"href":"https:\/\/www.ludoturris.lt\/en\/wp-json\/wp\/v2\/product"}],"about":[{"href":"https:\/\/www.ludoturris.lt\/en\/wp-json\/wp\/v2\/types\/product"}],"wp:featuredmedia":[{"embeddable":true,"href":"https:\/\/www.ludoturris.lt\/en\/wp-json\/wp\/v2\/media\/3975"}],"wp:attachment":[{"href":"https:\/\/www.ludoturris.lt\/en\/wp-json\/wp\/v2\/media?parent=3974"}],"wp:term":[{"taxonomy":"product_cat","embeddable":true,"href":"https:\/\/www.ludoturris.lt\/en\/wp-json\/wp\/v2\/product_cat?post=3974"},{"taxonomy":"product_tag","embeddable":true,"href":"https:\/\/www.ludoturris.lt\/en\/wp-json\/wp\/v2\/product_tag?post=3974"}],"curies":[{"name":"wp","href":"https:\/\/api.w.org\/{rel}","templated":true}]}}