{"id":3972,"date":"2024-09-29T13:55:57","date_gmt":"2024-09-29T15:55:57","guid":{"rendered":"https:\/\/www.ludoturris.lt\/?post_type=product&#038;p=3972"},"modified":"2026-02-06T13:53:53","modified_gmt":"2026-02-06T15:53:53","slug":"zaidimas-gimtadienio-rinkinys","status":"publish","type":"product","link":"https:\/\/www.ludoturris.lt\/en\/product\/zaidimas-gimtadienio-rinkinys\/","title":{"rendered":"Gimtadienio \u017eaidimo rinkinys"},"content":{"rendered":"<p>Rekomenduojamas am\u017eius: nuo 3 met\u0173.  Keturi smag\u016bs estafetiniai \u017eaidimai vaik\u0173 gimtadieniams viename rinkinyje: lenktyn\u0117s su mai\u0161ais, margu\u010di\u0173 ne\u0161imas, mai\u0161o m\u0117tymas ir b\u0117gimas trimis kojomis. Rinkin\u012f sudaro: 4 \u0161oniniai mai\u0161eliai, 4 m\u0117tymo mai\u0161eliai, 4 \u0161auk\u0161tai ir kiau\u0161iniai ir 2 dir\u017eeliai kojoms visi keturi\u0173 skirting\u0173 spalv\u0173. Skirtas iki 4 \u017eaid\u0117j\u0173, Idealiai tinka nedidel\u0117ms var\u017eyboms su draugais, vaik\u0173 dar\u017eeliuose, bei gimtadieniuose. \u017daismingai lavina \u012fg\u016bd\u017eius ir koordinacij\u0105. Kilm\u0117s \u0161alis: Vokietija<\/p>","protected":false},"excerpt":{"rendered":"<p>Rekomenduojamas am\u017eius: nuo 3 met\u0173. Keturi smag\u016bs estafetiniai \u017eaidimai vaik\u0173 gimtadieniams viename rinkinyje: lenktyn\u0117s su mai\u0161ais, margu\u010di\u0173 ne\u0161imas, mai\u0161o m\u0117tymas ir b\u0117gimas trimis kojomis. Rinkin\u012f sudaro: 4 \u0161oniniai mai\u0161eliai, 4 m\u0117tymo mai\u0161eliai, 4 \u0161auk\u0161tai ir kiau\u0161iniai ir 2 dir\u017eeliai kojoms visi keturi\u0173 skirting\u0173 spalv\u0173. Skirtas iki 4 \u017eaid\u0117j\u0173, Idealiai tinka nedidel\u0117ms var\u017eyboms su draugais, vaik\u0173 &hellip;<\/p>\n<p class=\"read-more\"> <a class=\"\" href=\"https:\/\/www.ludoturris.lt\/en\/product\/zaidimas-gimtadienio-rinkinys\/\"> <span class=\"screen-reader-text\">Gimtadienio \u017eaidimo rinkinys<\/span> Read More &raquo;<\/a><\/p>","protected":false},"featured_media":3973,"template":"","meta":{"_uag_custom_page_level_css":"","_themeisle_gutenberg_block_has_review":false},"product_cat":[69,93],"product_tag":[],"yoast_head":"<!-- This site is optimized with the Yoast SEO plugin v21.1 - https:\/\/yoast.com\/wordpress\/plugins\/seo\/ -->\n<title>Gimtadienio \u017eaidimo rinkinys - Ludo Turris<\/title>\n<meta name=\"description\" content=\"\u017daidimas gimtadienio rinkinys, pilnas smagi\u0173 u\u017eduo\u010di\u0173 ir pramog\u0173! Puikus b\u016bdas \u012ftraukti vaikus \u012f komandinius i\u0161\u0161\u016bkius ir aktyv\u0173 laiko leidim\u0105 \u0161vent\u0117s metu.\" \/>\n<meta name=\"robots\" content=\"index, follow, max-snippet:-1, max-image-preview:large, max-video-preview:-1\" \/>\n<link rel=\"canonical\" href=\"https:\/\/www.ludoturris.lt\/en\/product\/zaidimas-gimtadienio-rinkinys\/\" \/>\n<meta property=\"og:locale\" content=\"en_GB\" \/>\n<meta property=\"og:type\" content=\"article\" \/>\n<meta property=\"og:title\" content=\"Gimtadienio \u017eaidimo rinkinys - Ludo Turris\" \/>\n<meta property=\"og:description\" content=\"\u017daidimas gimtadienio rinkinys, pilnas smagi\u0173 u\u017eduo\u010di\u0173 ir pramog\u0173! Puikus b\u016bdas \u012ftraukti vaikus \u012f komandinius i\u0161\u0161\u016bkius ir aktyv\u0173 laiko leidim\u0105 \u0161vent\u0117s metu.\" \/>\n<meta property=\"og:url\" content=\"https:\/\/www.ludoturris.lt\/en\/product\/zaidimas-gimtadienio-rinkinys\/\" \/>\n<meta property=\"og:site_name\" content=\"Ludo Turris\" \/>\n<meta property=\"article:publisher\" content=\"https:\/\/www.facebook.com\/Ludo-Turris-621921974895920\/\" \/>\n<meta property=\"article:modified_time\" content=\"2026-02-06T15:53:53+00:00\" \/>\n<meta property=\"og:image\" content=\"https:\/\/www.ludoturris.lt\/wp-content\/uploads\/2024\/09\/Gimtadienio-rinkinys-60341.png\" \/>\n\t<meta property=\"og:image:width\" content=\"496\" \/>\n\t<meta property=\"og:image:height\" content=\"467\" \/>\n\t<meta property=\"og:image:type\" content=\"image\/png\" \/>\n<meta name=\"twitter:card\" content=\"summary_large_image\" \/>\n<meta name=\"twitter:label1\" content=\"Estimated reading time\" \/>\n\t<meta name=\"twitter:data1\" content=\"1 minute\" \/>\n<script type=\"application\/ld+json\" class=\"yoast-schema-graph\">{\"@context\":\"https:\/\/schema.org\",\"@graph\":[{\"@type\":\"WebPage\",\"@id\":\"https:\/\/www.ludoturris.lt\/produktas\/zaidimas-gimtadienio-rinkinys\/\",\"url\":\"https:\/\/www.ludoturris.lt\/produktas\/zaidimas-gimtadienio-rinkinys\/\",\"name\":\"Gimtadienio \u017eaidimo rinkinys - Ludo Turris\",\"isPartOf\":{\"@id\":\"https:\/\/www.ludoturris.lt\/#website\"},\"datePublished\":\"2024-09-29T15:55:57+00:00\",\"dateModified\":\"2026-02-06T15:53:53+00:00\",\"description\":\"\u017daidimas gimtadienio rinkinys, pilnas smagi\u0173 u\u017eduo\u010di\u0173 ir pramog\u0173! Puikus b\u016bdas \u012ftraukti vaikus \u012f komandinius i\u0161\u0161\u016bkius ir aktyv\u0173 laiko leidim\u0105 \u0161vent\u0117s metu.\",\"breadcrumb\":{\"@id\":\"https:\/\/www.ludoturris.lt\/produktas\/zaidimas-gimtadienio-rinkinys\/#breadcrumb\"},\"inLanguage\":\"en-GB\",\"potentialAction\":[{\"@type\":\"ReadAction\",\"target\":[\"https:\/\/www.ludoturris.lt\/produktas\/zaidimas-gimtadienio-rinkinys\/\"]}]},{\"@type\":\"BreadcrumbList\",\"@id\":\"https:\/\/www.ludoturris.lt\/produktas\/zaidimas-gimtadienio-rinkinys\/#breadcrumb\",\"itemListElement\":[{\"@type\":\"ListItem\",\"position\":1,\"name\":\"Home\",\"item\":\"https:\/\/www.ludoturris.lt\/\"},{\"@type\":\"ListItem\",\"position\":2,\"name\":\"Parduotuv\u0117\",\"item\":\"https:\/\/www.ludoturris.lt\/parduotuve\/\"},{\"@type\":\"ListItem\",\"position\":3,\"name\":\"Gimtadienio \u017eaidimo rinkinys\"}]},{\"@type\":\"WebSite\",\"@id\":\"https:\/\/www.ludoturris.lt\/#website\",\"url\":\"https:\/\/www.ludoturris.lt\/\",\"name\":\"Ludo Turris\",\"description\":\"K\u016brybi\u0161kum\u0105 ir fantazij\u0105 lavinan\u010dios kalad\u0117l\u0117s\",\"publisher\":{\"@id\":\"https:\/\/www.ludoturris.lt\/#organization\"},\"potentialAction\":[{\"@type\":\"SearchAction\",\"target\":{\"@type\":\"EntryPoint\",\"urlTemplate\":\"https:\/\/www.ludoturris.lt\/?s={search_term_string}\"},\"query-input\":\"required name=search_term_string\"}],\"inLanguage\":\"en-GB\"},{\"@type\":\"Organization\",\"@id\":\"https:\/\/www.ludoturris.lt\/#organization\",\"name\":\"Ludo Turris \u2013 Vakar\u0173 gama, UAB\",\"url\":\"https:\/\/www.ludoturris.lt\/\",\"logo\":{\"@type\":\"ImageObject\",\"inLanguage\":\"en-GB\",\"@id\":\"https:\/\/www.ludoturris.lt\/#\/schema\/logo\/image\/\",\"url\":\"https:\/\/www.ludoturris.lt\/wp-content\/uploads\/2020\/10\/logo@2x.png\",\"contentUrl\":\"https:\/\/www.ludoturris.lt\/wp-content\/uploads\/2020\/10\/logo@2x.png\",\"width\":300,\"height\":147,\"caption\":\"Ludo Turris \u2013 Vakar\u0173 gama, UAB\"},\"image\":{\"@id\":\"https:\/\/www.ludoturris.lt\/#\/schema\/logo\/image\/\"},\"sameAs\":[\"https:\/\/www.facebook.com\/Ludo-Turris-621921974895920\/\",\"https:\/\/www.youtube.com\/channel\/UCuBACq67N1NGC9LVudo4ngw\"]}]}<\/script>\n<!-- \/ Yoast SEO plugin. -->","yoast_head_json":{"title":"Gimtadienio \u017eaidimo rinkinys - Ludo Turris","description":"\u017daidimas gimtadienio rinkinys, pilnas smagi\u0173 u\u017eduo\u010di\u0173 ir pramog\u0173! Puikus b\u016bdas \u012ftraukti vaikus \u012f komandinius i\u0161\u0161\u016bkius ir aktyv\u0173 laiko leidim\u0105 \u0161vent\u0117s metu.","robots":{"index":"index","follow":"follow","max-snippet":"max-snippet:-1","max-image-preview":"max-image-preview:large","max-video-preview":"max-video-preview:-1"},"canonical":"https:\/\/www.ludoturris.lt\/en\/product\/zaidimas-gimtadienio-rinkinys\/","og_locale":"en_GB","og_type":"article","og_title":"Gimtadienio \u017eaidimo rinkinys - Ludo Turris","og_description":"\u017daidimas gimtadienio rinkinys, pilnas smagi\u0173 u\u017eduo\u010di\u0173 ir pramog\u0173! Puikus b\u016bdas \u012ftraukti vaikus \u012f komandinius i\u0161\u0161\u016bkius ir aktyv\u0173 laiko leidim\u0105 \u0161vent\u0117s metu.","og_url":"https:\/\/www.ludoturris.lt\/en\/product\/zaidimas-gimtadienio-rinkinys\/","og_site_name":"Ludo Turris","article_publisher":"https:\/\/www.facebook.com\/Ludo-Turris-621921974895920\/","article_modified_time":"2026-02-06T15:53:53+00:00","og_image":[{"width":496,"height":467,"url":"https:\/\/www.ludoturris.lt\/wp-content\/uploads\/2024\/09\/Gimtadienio-rinkinys-60341.png","type":"image\/png"}],"twitter_card":"summary_large_image","twitter_misc":{"Estimated reading time":"1 minute"},"schema":{"@context":"https:\/\/schema.org","@graph":[{"@type":"WebPage","@id":"https:\/\/www.ludoturris.lt\/produktas\/zaidimas-gimtadienio-rinkinys\/","url":"https:\/\/www.ludoturris.lt\/produktas\/zaidimas-gimtadienio-rinkinys\/","name":"Gimtadienio \u017eaidimo rinkinys - Ludo Turris","isPartOf":{"@id":"https:\/\/www.ludoturris.lt\/#website"},"datePublished":"2024-09-29T15:55:57+00:00","dateModified":"2026-02-06T15:53:53+00:00","description":"\u017daidimas gimtadienio rinkinys, pilnas smagi\u0173 u\u017eduo\u010di\u0173 ir pramog\u0173! Puikus b\u016bdas \u012ftraukti vaikus \u012f komandinius i\u0161\u0161\u016bkius ir aktyv\u0173 laiko leidim\u0105 \u0161vent\u0117s metu.","breadcrumb":{"@id":"https:\/\/www.ludoturris.lt\/produktas\/zaidimas-gimtadienio-rinkinys\/#breadcrumb"},"inLanguage":"en-GB","potentialAction":[{"@type":"ReadAction","target":["https:\/\/www.ludoturris.lt\/produktas\/zaidimas-gimtadienio-rinkinys\/"]}]},{"@type":"BreadcrumbList","@id":"https:\/\/www.ludoturris.lt\/produktas\/zaidimas-gimtadienio-rinkinys\/#breadcrumb","itemListElement":[{"@type":"ListItem","position":1,"name":"Home","item":"https:\/\/www.ludoturris.lt\/"},{"@type":"ListItem","position":2,"name":"Parduotuv\u0117","item":"https:\/\/www.ludoturris.lt\/parduotuve\/"},{"@type":"ListItem","position":3,"name":"Gimtadienio \u017eaidimo rinkinys"}]},{"@type":"WebSite","@id":"https:\/\/www.ludoturris.lt\/#website","url":"https:\/\/www.ludoturris.lt\/","name":"Ludo Turris","description":"K\u016brybi\u0161kum\u0105 ir fantazij\u0105 lavinan\u010dios kalad\u0117l\u0117s","publisher":{"@id":"https:\/\/www.ludoturris.lt\/#organization"},"potentialAction":[{"@type":"SearchAction","target":{"@type":"EntryPoint","urlTemplate":"https:\/\/www.ludoturris.lt\/?s={search_term_string}"},"query-input":"required name=search_term_string"}],"inLanguage":"en-GB"},{"@type":"Organization","@id":"https:\/\/www.ludoturris.lt\/#organization","name":"Ludo Turris \u2013 Vakar\u0173 gama, UAB","url":"https:\/\/www.ludoturris.lt\/","logo":{"@type":"ImageObject","inLanguage":"en-GB","@id":"https:\/\/www.ludoturris.lt\/#\/schema\/logo\/image\/","url":"https:\/\/www.ludoturris.lt\/wp-content\/uploads\/2020\/10\/logo@2x.png","contentUrl":"https:\/\/www.ludoturris.lt\/wp-content\/uploads\/2020\/10\/logo@2x.png","width":300,"height":147,"caption":"Ludo Turris \u2013 Vakar\u0173 gama, UAB"},"image":{"@id":"https:\/\/www.ludoturris.lt\/#\/schema\/logo\/image\/"},"sameAs":["https:\/\/www.facebook.com\/Ludo-Turris-621921974895920\/","https:\/\/www.youtube.com\/channel\/UCuBACq67N1NGC9LVudo4ngw"]}]}},"uagb_featured_image_src":{"full":["https:\/\/www.ludoturris.lt\/wp-content\/uploads\/2024\/09\/Gimtadienio-rinkinys-60341.png",496,467,false],"thumbnail":["https:\/\/www.ludoturris.lt\/wp-content\/uploads\/2024\/09\/Gimtadienio-rinkinys-60341-150x150.png",150,150,true],"medium":["https:\/\/www.ludoturris.lt\/wp-content\/uploads\/2024\/09\/Gimtadienio-rinkinys-60341-300x282.png",300,282,true],"medium_large":["https:\/\/www.ludoturris.lt\/wp-content\/uploads\/2024\/09\/Gimtadienio-rinkinys-60341.png",496,467,false],"large":["https:\/\/www.ludoturris.lt\/wp-content\/uploads\/2024\/09\/Gimtadienio-rinkinys-60341.png",496,467,false],"1536x1536":["https:\/\/www.ludoturris.lt\/wp-content\/uploads\/2024\/09\/Gimtadienio-rinkinys-60341.png",496,467,false],"2048x2048":["https:\/\/www.ludoturris.lt\/wp-content\/uploads\/2024\/09\/Gimtadienio-rinkinys-60341.png",496,467,false],"trp-custom-language-flag":["https:\/\/www.ludoturris.lt\/wp-content\/uploads\/2024\/09\/Gimtadienio-rinkinys-60341-13x12.png",13,12,true],"woocommerce_thumbnail":["https:\/\/www.ludoturris.lt\/wp-content\/uploads\/2024\/09\/Gimtadienio-rinkinys-60341-300x300.png",300,300,true],"woocommerce_single":["https:\/\/www.ludoturris.lt\/wp-content\/uploads\/2024\/09\/Gimtadienio-rinkinys-60341.png",496,467,false],"woocommerce_gallery_thumbnail":["https:\/\/www.ludoturris.lt\/wp-content\/uploads\/2024\/09\/Gimtadienio-rinkinys-60341-100x100.png",100,100,true],"variation_swatches_image_size":["https:\/\/www.ludoturris.lt\/wp-content\/uploads\/2024\/09\/Gimtadienio-rinkinys-60341-50x50.png",50,50,true],"variation_swatches_tooltip_size":["https:\/\/www.ludoturris.lt\/wp-content\/uploads\/2024\/09\/Gimtadienio-rinkinys-60341-100x100.png",100,100,true],"dgwt-wcas-product-suggestion":["https:\/\/www.ludoturris.lt\/wp-content\/uploads\/2024\/09\/Gimtadienio-rinkinys-60341.png",64,60,false]},"uagb_author_info":{"display_name":"LudoTurris","author_link":"https:\/\/www.ludoturris.lt\/en\/author\/"},"uagb_comment_info":0,"uagb_excerpt":"Rekomenduojamas am\u017eius: nuo 3 met\u0173. Keturi smag\u016bs estafetiniai \u017eaidimai vaik\u0173 gimtadieniams viename rinkinyje: lenktyn\u0117s su mai\u0161ais, margu\u010di\u0173 ne\u0161imas, mai\u0161o m\u0117tymas ir b\u0117gimas trimis kojomis. Rinkin\u012f sudaro: 4 \u0161oniniai mai\u0161eliai, 4 m\u0117tymo mai\u0161eliai, 4 \u0161auk\u0161tai ir kiau\u0161iniai ir 2 dir\u017eeliai kojoms visi keturi\u0173 skirting\u0173 spalv\u0173. Skirtas iki 4 \u017eaid\u0117j\u0173, Idealiai tinka nedidel\u0117ms var\u017eyboms su draugais, vaik\u0173&hellip;","_links":{"self":[{"href":"https:\/\/www.ludoturris.lt\/en\/wp-json\/wp\/v2\/product\/3972"}],"collection":[{"href":"https:\/\/www.ludoturris.lt\/en\/wp-json\/wp\/v2\/product"}],"about":[{"href":"https:\/\/www.ludoturris.lt\/en\/wp-json\/wp\/v2\/types\/product"}],"wp:featuredmedia":[{"embeddable":true,"href":"https:\/\/www.ludoturris.lt\/en\/wp-json\/wp\/v2\/media\/3973"}],"wp:attachment":[{"href":"https:\/\/www.ludoturris.lt\/en\/wp-json\/wp\/v2\/media?parent=3972"}],"wp:term":[{"taxonomy":"product_cat","embeddable":true,"href":"https:\/\/www.ludoturris.lt\/en\/wp-json\/wp\/v2\/product_cat?post=3972"},{"taxonomy":"product_tag","embeddable":true,"href":"https:\/\/www.ludoturris.lt\/en\/wp-json\/wp\/v2\/product_tag?post=3972"}],"curies":[{"name":"wp","href":"https:\/\/api.w.org\/{rel}","templated":true}]}}