{"id":3967,"date":"2024-09-29T13:20:16","date_gmt":"2024-09-29T15:20:16","guid":{"rendered":"https:\/\/www.ludoturris.lt\/?post_type=product&#038;p=3967"},"modified":"2026-02-07T06:41:02","modified_gmt":"2026-02-07T08:41:02","slug":"zaidimas-xl-4-in-line","status":"publish","type":"product","link":"https:\/\/www.ludoturris.lt\/en\/product\/zaidimas-xl-4-in-line\/","title":{"rendered":"XL Linij\u0173 \u017eaidimas"},"content":{"rendered":"<p>\u017daidimas XL in Line tai pramoga vaikams nuo 3met\u0173 am\u017eiaus Laimi kas pirmas sud\u0117s 4 savo spalvos rutuliukus i\u0161 eil\u0117s vertikaliai, horizontaliai ar \u012fstri\u017eai? Pagamintas i\u0161 auk\u0161tos kokyb\u0117s, oro s\u0105lygoms atsparaus plastiko puikiai tinka \u017eaisti lauke ir viduje, vaik\u0173 kambaryje arba svetain\u0117je. Lengvai pri\u017ei\u016brimas, pla\u010dios kojel\u0117s u\u017etikrina stabil\u0173 stov\u0117jim\u0105. \u017daidimo matmenys ma\u017edaug 73x49x72,5cm. \u017daid\u017eiant kartu skatinamas socialinis elgesys, stiprinami jutiminiai ir motoriniai \u012fg\u016bd\u017eiai.  Kilm\u0117s \u0161alis: Vokietija<\/p>","protected":false},"excerpt":{"rendered":"<p>\u017daidimas XL in Line tai pramoga vaikams nuo 3met\u0173 am\u017eiaus Laimi kas pirmas sud\u0117s 4 savo spalvos rutuliukus i\u0161 eil\u0117s vertikaliai, horizontaliai ar \u012fstri\u017eai? Pagamintas i\u0161 auk\u0161tos kokyb\u0117s, oro s\u0105lygoms atsparaus plastiko puikiai tinka \u017eaisti lauke ir viduje, vaik\u0173 kambaryje arba svetain\u0117je. Lengvai pri\u017ei\u016brimas, pla\u010dios kojel\u0117s u\u017etikrina stabil\u0173 stov\u0117jim\u0105. \u017daidimo matmenys ma\u017edaug 73x49x72,5cm. \u017daid\u017eiant kartu &hellip;<\/p>\n<p class=\"read-more\"> <a class=\"\" href=\"https:\/\/www.ludoturris.lt\/en\/product\/zaidimas-xl-4-in-line\/\"> <span class=\"screen-reader-text\">XL Linij\u0173 \u017eaidimas<\/span> Read More &raquo;<\/a><\/p>","protected":false},"featured_media":3968,"template":"","meta":{"_uag_custom_page_level_css":"","_themeisle_gutenberg_block_has_review":false},"product_cat":[69,93],"product_tag":[],"yoast_head":"<!-- This site is optimized with the Yoast SEO plugin v21.1 - https:\/\/yoast.com\/wordpress\/plugins\/seo\/ -->\n<title>XL Linij\u0173 \u017eaidimas - Ludo Turris<\/title>\n<meta name=\"description\" content=\"\u017daidimas XXL 4 in Line, didelis pastatomas strateginis \u017eaidimas su patvariom detal\u0117m visai \u0161eimai! Smagus b\u016bdas lavinti login\u012f m\u0105stym\u0105 ir leisti kartu laik\u0105\" \/>\n<meta name=\"robots\" content=\"index, follow, max-snippet:-1, max-image-preview:large, max-video-preview:-1\" \/>\n<link rel=\"canonical\" href=\"https:\/\/www.ludoturris.lt\/en\/product\/zaidimas-xl-4-in-line\/\" \/>\n<meta property=\"og:locale\" content=\"en_GB\" \/>\n<meta property=\"og:type\" content=\"article\" \/>\n<meta property=\"og:title\" content=\"XL Linij\u0173 \u017eaidimas - Ludo Turris\" \/>\n<meta property=\"og:description\" content=\"\u017daidimas XXL 4 in Line, didelis pastatomas strateginis \u017eaidimas su patvariom detal\u0117m visai \u0161eimai! Smagus b\u016bdas lavinti login\u012f m\u0105stym\u0105 ir leisti kartu laik\u0105\" \/>\n<meta property=\"og:url\" content=\"https:\/\/www.ludoturris.lt\/en\/product\/zaidimas-xl-4-in-line\/\" \/>\n<meta property=\"og:site_name\" content=\"Ludo Turris\" \/>\n<meta property=\"article:publisher\" content=\"https:\/\/www.facebook.com\/Ludo-Turris-621921974895920\/\" \/>\n<meta property=\"article:modified_time\" content=\"2026-02-07T08:41:02+00:00\" \/>\n<meta property=\"og:image\" content=\"https:\/\/www.ludoturris.lt\/wp-content\/uploads\/2024\/09\/XL-4-in-1-60010.png\" \/>\n\t<meta property=\"og:image:width\" content=\"496\" \/>\n\t<meta property=\"og:image:height\" content=\"467\" \/>\n\t<meta property=\"og:image:type\" content=\"image\/png\" \/>\n<meta name=\"twitter:card\" content=\"summary_large_image\" \/>\n<meta name=\"twitter:label1\" content=\"Estimated reading time\" \/>\n\t<meta name=\"twitter:data1\" content=\"1 minute\" \/>\n<script type=\"application\/ld+json\" class=\"yoast-schema-graph\">{\"@context\":\"https:\/\/schema.org\",\"@graph\":[{\"@type\":\"WebPage\",\"@id\":\"https:\/\/www.ludoturris.lt\/produktas\/zaidimas-xl-4-in-line\/\",\"url\":\"https:\/\/www.ludoturris.lt\/produktas\/zaidimas-xl-4-in-line\/\",\"name\":\"XL Linij\u0173 \u017eaidimas - Ludo Turris\",\"isPartOf\":{\"@id\":\"https:\/\/www.ludoturris.lt\/#website\"},\"datePublished\":\"2024-09-29T15:20:16+00:00\",\"dateModified\":\"2026-02-07T08:41:02+00:00\",\"description\":\"\u017daidimas XXL 4 in Line, didelis pastatomas strateginis \u017eaidimas su patvariom detal\u0117m visai \u0161eimai! Smagus b\u016bdas lavinti login\u012f m\u0105stym\u0105 ir leisti kartu laik\u0105\",\"breadcrumb\":{\"@id\":\"https:\/\/www.ludoturris.lt\/produktas\/zaidimas-xl-4-in-line\/#breadcrumb\"},\"inLanguage\":\"en-GB\",\"potentialAction\":[{\"@type\":\"ReadAction\",\"target\":[\"https:\/\/www.ludoturris.lt\/produktas\/zaidimas-xl-4-in-line\/\"]}]},{\"@type\":\"BreadcrumbList\",\"@id\":\"https:\/\/www.ludoturris.lt\/produktas\/zaidimas-xl-4-in-line\/#breadcrumb\",\"itemListElement\":[{\"@type\":\"ListItem\",\"position\":1,\"name\":\"Home\",\"item\":\"https:\/\/www.ludoturris.lt\/\"},{\"@type\":\"ListItem\",\"position\":2,\"name\":\"Parduotuv\u0117\",\"item\":\"https:\/\/www.ludoturris.lt\/parduotuve\/\"},{\"@type\":\"ListItem\",\"position\":3,\"name\":\"XL Linij\u0173 \u017eaidimas\"}]},{\"@type\":\"WebSite\",\"@id\":\"https:\/\/www.ludoturris.lt\/#website\",\"url\":\"https:\/\/www.ludoturris.lt\/\",\"name\":\"Ludo Turris\",\"description\":\"K\u016brybi\u0161kum\u0105 ir fantazij\u0105 lavinan\u010dios kalad\u0117l\u0117s\",\"publisher\":{\"@id\":\"https:\/\/www.ludoturris.lt\/#organization\"},\"potentialAction\":[{\"@type\":\"SearchAction\",\"target\":{\"@type\":\"EntryPoint\",\"urlTemplate\":\"https:\/\/www.ludoturris.lt\/?s={search_term_string}\"},\"query-input\":\"required name=search_term_string\"}],\"inLanguage\":\"en-GB\"},{\"@type\":\"Organization\",\"@id\":\"https:\/\/www.ludoturris.lt\/#organization\",\"name\":\"Ludo Turris \u2013 Vakar\u0173 gama, UAB\",\"url\":\"https:\/\/www.ludoturris.lt\/\",\"logo\":{\"@type\":\"ImageObject\",\"inLanguage\":\"en-GB\",\"@id\":\"https:\/\/www.ludoturris.lt\/#\/schema\/logo\/image\/\",\"url\":\"https:\/\/www.ludoturris.lt\/wp-content\/uploads\/2020\/10\/logo@2x.png\",\"contentUrl\":\"https:\/\/www.ludoturris.lt\/wp-content\/uploads\/2020\/10\/logo@2x.png\",\"width\":300,\"height\":147,\"caption\":\"Ludo Turris \u2013 Vakar\u0173 gama, UAB\"},\"image\":{\"@id\":\"https:\/\/www.ludoturris.lt\/#\/schema\/logo\/image\/\"},\"sameAs\":[\"https:\/\/www.facebook.com\/Ludo-Turris-621921974895920\/\",\"https:\/\/www.youtube.com\/channel\/UCuBACq67N1NGC9LVudo4ngw\"]}]}<\/script>\n<!-- \/ Yoast SEO plugin. -->","yoast_head_json":{"title":"XL Linij\u0173 \u017eaidimas - Ludo Turris","description":"\u017daidimas XXL 4 in Line, didelis pastatomas strateginis \u017eaidimas su patvariom detal\u0117m visai \u0161eimai! Smagus b\u016bdas lavinti login\u012f m\u0105stym\u0105 ir leisti kartu laik\u0105","robots":{"index":"index","follow":"follow","max-snippet":"max-snippet:-1","max-image-preview":"max-image-preview:large","max-video-preview":"max-video-preview:-1"},"canonical":"https:\/\/www.ludoturris.lt\/en\/product\/zaidimas-xl-4-in-line\/","og_locale":"en_GB","og_type":"article","og_title":"XL Linij\u0173 \u017eaidimas - Ludo Turris","og_description":"\u017daidimas XXL 4 in Line, didelis pastatomas strateginis \u017eaidimas su patvariom detal\u0117m visai \u0161eimai! Smagus b\u016bdas lavinti login\u012f m\u0105stym\u0105 ir leisti kartu laik\u0105","og_url":"https:\/\/www.ludoturris.lt\/en\/product\/zaidimas-xl-4-in-line\/","og_site_name":"Ludo Turris","article_publisher":"https:\/\/www.facebook.com\/Ludo-Turris-621921974895920\/","article_modified_time":"2026-02-07T08:41:02+00:00","og_image":[{"width":496,"height":467,"url":"https:\/\/www.ludoturris.lt\/wp-content\/uploads\/2024\/09\/XL-4-in-1-60010.png","type":"image\/png"}],"twitter_card":"summary_large_image","twitter_misc":{"Estimated reading time":"1 minute"},"schema":{"@context":"https:\/\/schema.org","@graph":[{"@type":"WebPage","@id":"https:\/\/www.ludoturris.lt\/produktas\/zaidimas-xl-4-in-line\/","url":"https:\/\/www.ludoturris.lt\/produktas\/zaidimas-xl-4-in-line\/","name":"XL Linij\u0173 \u017eaidimas - Ludo Turris","isPartOf":{"@id":"https:\/\/www.ludoturris.lt\/#website"},"datePublished":"2024-09-29T15:20:16+00:00","dateModified":"2026-02-07T08:41:02+00:00","description":"\u017daidimas XXL 4 in Line, didelis pastatomas strateginis \u017eaidimas su patvariom detal\u0117m visai \u0161eimai! Smagus b\u016bdas lavinti login\u012f m\u0105stym\u0105 ir leisti kartu laik\u0105","breadcrumb":{"@id":"https:\/\/www.ludoturris.lt\/produktas\/zaidimas-xl-4-in-line\/#breadcrumb"},"inLanguage":"en-GB","potentialAction":[{"@type":"ReadAction","target":["https:\/\/www.ludoturris.lt\/produktas\/zaidimas-xl-4-in-line\/"]}]},{"@type":"BreadcrumbList","@id":"https:\/\/www.ludoturris.lt\/produktas\/zaidimas-xl-4-in-line\/#breadcrumb","itemListElement":[{"@type":"ListItem","position":1,"name":"Home","item":"https:\/\/www.ludoturris.lt\/"},{"@type":"ListItem","position":2,"name":"Parduotuv\u0117","item":"https:\/\/www.ludoturris.lt\/parduotuve\/"},{"@type":"ListItem","position":3,"name":"XL Linij\u0173 \u017eaidimas"}]},{"@type":"WebSite","@id":"https:\/\/www.ludoturris.lt\/#website","url":"https:\/\/www.ludoturris.lt\/","name":"Ludo Turris","description":"K\u016brybi\u0161kum\u0105 ir fantazij\u0105 lavinan\u010dios kalad\u0117l\u0117s","publisher":{"@id":"https:\/\/www.ludoturris.lt\/#organization"},"potentialAction":[{"@type":"SearchAction","target":{"@type":"EntryPoint","urlTemplate":"https:\/\/www.ludoturris.lt\/?s={search_term_string}"},"query-input":"required name=search_term_string"}],"inLanguage":"en-GB"},{"@type":"Organization","@id":"https:\/\/www.ludoturris.lt\/#organization","name":"Ludo Turris \u2013 Vakar\u0173 gama, UAB","url":"https:\/\/www.ludoturris.lt\/","logo":{"@type":"ImageObject","inLanguage":"en-GB","@id":"https:\/\/www.ludoturris.lt\/#\/schema\/logo\/image\/","url":"https:\/\/www.ludoturris.lt\/wp-content\/uploads\/2020\/10\/logo@2x.png","contentUrl":"https:\/\/www.ludoturris.lt\/wp-content\/uploads\/2020\/10\/logo@2x.png","width":300,"height":147,"caption":"Ludo Turris \u2013 Vakar\u0173 gama, UAB"},"image":{"@id":"https:\/\/www.ludoturris.lt\/#\/schema\/logo\/image\/"},"sameAs":["https:\/\/www.facebook.com\/Ludo-Turris-621921974895920\/","https:\/\/www.youtube.com\/channel\/UCuBACq67N1NGC9LVudo4ngw"]}]}},"uagb_featured_image_src":{"full":["https:\/\/www.ludoturris.lt\/wp-content\/uploads\/2024\/09\/XL-4-in-1-60010.png",496,467,false],"thumbnail":["https:\/\/www.ludoturris.lt\/wp-content\/uploads\/2024\/09\/XL-4-in-1-60010-150x150.png",150,150,true],"medium":["https:\/\/www.ludoturris.lt\/wp-content\/uploads\/2024\/09\/XL-4-in-1-60010-300x282.png",300,282,true],"medium_large":["https:\/\/www.ludoturris.lt\/wp-content\/uploads\/2024\/09\/XL-4-in-1-60010.png",496,467,false],"large":["https:\/\/www.ludoturris.lt\/wp-content\/uploads\/2024\/09\/XL-4-in-1-60010.png",496,467,false],"1536x1536":["https:\/\/www.ludoturris.lt\/wp-content\/uploads\/2024\/09\/XL-4-in-1-60010.png",496,467,false],"2048x2048":["https:\/\/www.ludoturris.lt\/wp-content\/uploads\/2024\/09\/XL-4-in-1-60010.png",496,467,false],"trp-custom-language-flag":["https:\/\/www.ludoturris.lt\/wp-content\/uploads\/2024\/09\/XL-4-in-1-60010-13x12.png",13,12,true],"woocommerce_thumbnail":["https:\/\/www.ludoturris.lt\/wp-content\/uploads\/2024\/09\/XL-4-in-1-60010-300x300.png",300,300,true],"woocommerce_single":["https:\/\/www.ludoturris.lt\/wp-content\/uploads\/2024\/09\/XL-4-in-1-60010.png",496,467,false],"woocommerce_gallery_thumbnail":["https:\/\/www.ludoturris.lt\/wp-content\/uploads\/2024\/09\/XL-4-in-1-60010-100x100.png",100,100,true],"variation_swatches_image_size":["https:\/\/www.ludoturris.lt\/wp-content\/uploads\/2024\/09\/XL-4-in-1-60010-50x50.png",50,50,true],"variation_swatches_tooltip_size":["https:\/\/www.ludoturris.lt\/wp-content\/uploads\/2024\/09\/XL-4-in-1-60010-100x100.png",100,100,true],"dgwt-wcas-product-suggestion":["https:\/\/www.ludoturris.lt\/wp-content\/uploads\/2024\/09\/XL-4-in-1-60010.png",64,60,false]},"uagb_author_info":{"display_name":"LudoTurris","author_link":"https:\/\/www.ludoturris.lt\/en\/author\/"},"uagb_comment_info":0,"uagb_excerpt":"\u017daidimas XL in Line tai pramoga vaikams nuo 3met\u0173 am\u017eiaus Laimi kas pirmas sud\u0117s 4 savo spalvos rutuliukus i\u0161 eil\u0117s vertikaliai, horizontaliai ar \u012fstri\u017eai? Pagamintas i\u0161 auk\u0161tos kokyb\u0117s, oro s\u0105lygoms atsparaus plastiko puikiai tinka \u017eaisti lauke ir viduje, vaik\u0173 kambaryje arba svetain\u0117je. Lengvai pri\u017ei\u016brimas, pla\u010dios kojel\u0117s u\u017etikrina stabil\u0173 stov\u0117jim\u0105. \u017daidimo matmenys ma\u017edaug 73x49x72,5cm. \u017daid\u017eiant kartu&hellip;","_links":{"self":[{"href":"https:\/\/www.ludoturris.lt\/en\/wp-json\/wp\/v2\/product\/3967"}],"collection":[{"href":"https:\/\/www.ludoturris.lt\/en\/wp-json\/wp\/v2\/product"}],"about":[{"href":"https:\/\/www.ludoturris.lt\/en\/wp-json\/wp\/v2\/types\/product"}],"wp:featuredmedia":[{"embeddable":true,"href":"https:\/\/www.ludoturris.lt\/en\/wp-json\/wp\/v2\/media\/3968"}],"wp:attachment":[{"href":"https:\/\/www.ludoturris.lt\/en\/wp-json\/wp\/v2\/media?parent=3967"}],"wp:term":[{"taxonomy":"product_cat","embeddable":true,"href":"https:\/\/www.ludoturris.lt\/en\/wp-json\/wp\/v2\/product_cat?post=3967"},{"taxonomy":"product_tag","embeddable":true,"href":"https:\/\/www.ludoturris.lt\/en\/wp-json\/wp\/v2\/product_tag?post=3967"}],"curies":[{"name":"wp","href":"https:\/\/api.w.org\/{rel}","templated":true}]}}