{"id":3965,"date":"2024-09-26T12:03:43","date_gmt":"2024-09-26T14:03:43","guid":{"rendered":"https:\/\/www.ludoturris.lt\/?post_type=product&#038;p=3965"},"modified":"2026-02-07T06:28:18","modified_gmt":"2026-02-07T08:28:18","slug":"zaidimas-xxl-smugis-ir-smigis","status":"publish","type":"product","link":"https:\/\/www.ludoturris.lt\/en\/product\/zaidimas-xxl-smugis-ir-smigis\/","title":{"rendered":"\u017daidimas XXL Sm\u016bgis ir smigis"},"content":{"rendered":"<p>Rekomenduojamas am\u017eius: nuo 3 met\u0173.  XXL \u201eSm\u016bgis ir smigis\u201c didelio formato taiklumo \u017eaidimas, suteikiantis daug azarto ir aktyvaus jud\u0117jimo. \u017daidimo tikslas yra mesti ranka, arba spardyti krep\u0161ius katapulta \u012f \u017eaidimo laukus, kad surinkti kuo daugiau ta\u0161k\u0173. Komplektacij\u0105 sudaro 2 \u017eaidimo laukai, kuri\u0173 matmenys 160 x 160cm, 4 plastikin\u0117s katapultos, 12 spalvot\u0173 u\u017epildyt\u0173 4 spalv\u0173 med\u017eiagini\u0173 mai\u0161eli\u0173, 4 tvirtinimo kabliukai ir daugkartinis ne\u0161iojimo krep\u0161ys.  \u017daid\u017eiant kartu stiprinami jutiminiai ir motoriniai \u012fg\u016bd\u017eiai, skatinamas socialinis elgesys. \u017daid\u017eiama iki 4 \u017eaid\u0117j\u0173. Kilm\u0117s \u0161alis: Vokietija  Tinka \u017eaidimams namuose, kieme ar \u0161vent\u0117se.<\/p>","protected":false},"excerpt":{"rendered":"<p>Rekomenduojamas am\u017eius: nuo 3 met\u0173. XXL \u201eSm\u016bgis ir smigis\u201c didelio formato taiklumo \u017eaidimas, suteikiantis daug azarto ir aktyvaus jud\u0117jimo. \u017daidimo tikslas yra mesti ranka, arba spardyti krep\u0161ius katapulta \u012f \u017eaidimo laukus, kad surinkti kuo daugiau ta\u0161k\u0173. Komplektacij\u0105 sudaro 2 \u017eaidimo laukai, kuri\u0173 matmenys 160 x 160cm, 4 plastikin\u0117s katapultos, 12 spalvot\u0173 u\u017epildyt\u0173 4 spalv\u0173 med\u017eiagini\u0173 &hellip;<\/p>\n<p class=\"read-more\"> <a class=\"\" href=\"https:\/\/www.ludoturris.lt\/en\/product\/zaidimas-xxl-smugis-ir-smigis\/\"> <span class=\"screen-reader-text\">\u017daidimas XXL Sm\u016bgis ir smigis<\/span> Read More &raquo;<\/a><\/p>","protected":false},"featured_media":5505,"template":"","meta":{"_uag_custom_page_level_css":"","_themeisle_gutenberg_block_has_review":false},"product_cat":[95,69,93],"product_tag":[],"yoast_head":"<!-- This site is optimized with the Yoast SEO plugin v21.1 - https:\/\/yoast.com\/wordpress\/plugins\/seo\/ -->\n<title>\u017daidimas XXL Sm\u016bgis ir smigis - Ludo Turris<\/title>\n<meta name=\"description\" content=\"\u017daidimas XXL sm\u016bgis ir smigis, didelis ir aktyvus lauko \u017eaidimas visai \u0161eimai! Didelio \u017daid\u017eiant kartu stiprinami jutiminiai ir motoriniai vaik\u0173 \u012fg\u016bd\u017eiai.\" \/>\n<meta name=\"robots\" content=\"index, follow, max-snippet:-1, max-image-preview:large, max-video-preview:-1\" \/>\n<link rel=\"canonical\" href=\"https:\/\/www.ludoturris.lt\/en\/product\/zaidimas-xxl-smugis-ir-smigis\/\" \/>\n<meta property=\"og:locale\" content=\"en_GB\" \/>\n<meta property=\"og:type\" content=\"article\" \/>\n<meta property=\"og:title\" content=\"\u017daidimas XXL Sm\u016bgis ir smigis - Ludo Turris\" \/>\n<meta property=\"og:description\" content=\"\u017daidimas XXL sm\u016bgis ir smigis, didelis ir aktyvus lauko \u017eaidimas visai \u0161eimai! Didelio \u017daid\u017eiant kartu stiprinami jutiminiai ir motoriniai vaik\u0173 \u012fg\u016bd\u017eiai.\" \/>\n<meta property=\"og:url\" content=\"https:\/\/www.ludoturris.lt\/en\/product\/zaidimas-xxl-smugis-ir-smigis\/\" \/>\n<meta property=\"og:site_name\" content=\"Ludo Turris\" \/>\n<meta property=\"article:publisher\" content=\"https:\/\/www.facebook.com\/Ludo-Turris-621921974895920\/\" \/>\n<meta property=\"article:modified_time\" content=\"2026-02-07T08:28:18+00:00\" \/>\n<meta property=\"og:image\" content=\"https:\/\/www.ludoturris.lt\/wp-content\/uploads\/2024\/09\/A60058.png\" \/>\n\t<meta property=\"og:image:width\" content=\"1000\" \/>\n\t<meta property=\"og:image:height\" content=\"1000\" \/>\n\t<meta property=\"og:image:type\" content=\"image\/png\" \/>\n<meta name=\"twitter:card\" content=\"summary_large_image\" \/>\n<meta name=\"twitter:label1\" content=\"Estimated reading time\" \/>\n\t<meta name=\"twitter:data1\" content=\"1 minute\" \/>\n<script type=\"application\/ld+json\" class=\"yoast-schema-graph\">{\"@context\":\"https:\/\/schema.org\",\"@graph\":[{\"@type\":\"WebPage\",\"@id\":\"https:\/\/www.ludoturris.lt\/produktas\/zaidimas-xxl-smugis-ir-smigis\/\",\"url\":\"https:\/\/www.ludoturris.lt\/produktas\/zaidimas-xxl-smugis-ir-smigis\/\",\"name\":\"\u017daidimas XXL Sm\u016bgis ir smigis - Ludo Turris\",\"isPartOf\":{\"@id\":\"https:\/\/www.ludoturris.lt\/#website\"},\"datePublished\":\"2024-09-26T14:03:43+00:00\",\"dateModified\":\"2026-02-07T08:28:18+00:00\",\"description\":\"\u017daidimas XXL sm\u016bgis ir smigis, didelis ir aktyvus lauko \u017eaidimas visai \u0161eimai! Didelio \u017daid\u017eiant kartu stiprinami jutiminiai ir motoriniai vaik\u0173 \u012fg\u016bd\u017eiai.\",\"breadcrumb\":{\"@id\":\"https:\/\/www.ludoturris.lt\/produktas\/zaidimas-xxl-smugis-ir-smigis\/#breadcrumb\"},\"inLanguage\":\"en-GB\",\"potentialAction\":[{\"@type\":\"ReadAction\",\"target\":[\"https:\/\/www.ludoturris.lt\/produktas\/zaidimas-xxl-smugis-ir-smigis\/\"]}]},{\"@type\":\"BreadcrumbList\",\"@id\":\"https:\/\/www.ludoturris.lt\/produktas\/zaidimas-xxl-smugis-ir-smigis\/#breadcrumb\",\"itemListElement\":[{\"@type\":\"ListItem\",\"position\":1,\"name\":\"Home\",\"item\":\"https:\/\/www.ludoturris.lt\/\"},{\"@type\":\"ListItem\",\"position\":2,\"name\":\"Parduotuv\u0117\",\"item\":\"https:\/\/www.ludoturris.lt\/parduotuve\/\"},{\"@type\":\"ListItem\",\"position\":3,\"name\":\"\u017daidimas XXL Sm\u016bgis ir smigis\"}]},{\"@type\":\"WebSite\",\"@id\":\"https:\/\/www.ludoturris.lt\/#website\",\"url\":\"https:\/\/www.ludoturris.lt\/\",\"name\":\"Ludo Turris\",\"description\":\"K\u016brybi\u0161kum\u0105 ir fantazij\u0105 lavinan\u010dios kalad\u0117l\u0117s\",\"publisher\":{\"@id\":\"https:\/\/www.ludoturris.lt\/#organization\"},\"potentialAction\":[{\"@type\":\"SearchAction\",\"target\":{\"@type\":\"EntryPoint\",\"urlTemplate\":\"https:\/\/www.ludoturris.lt\/?s={search_term_string}\"},\"query-input\":\"required name=search_term_string\"}],\"inLanguage\":\"en-GB\"},{\"@type\":\"Organization\",\"@id\":\"https:\/\/www.ludoturris.lt\/#organization\",\"name\":\"Ludo Turris \u2013 Vakar\u0173 gama, UAB\",\"url\":\"https:\/\/www.ludoturris.lt\/\",\"logo\":{\"@type\":\"ImageObject\",\"inLanguage\":\"en-GB\",\"@id\":\"https:\/\/www.ludoturris.lt\/#\/schema\/logo\/image\/\",\"url\":\"https:\/\/www.ludoturris.lt\/wp-content\/uploads\/2020\/10\/logo@2x.png\",\"contentUrl\":\"https:\/\/www.ludoturris.lt\/wp-content\/uploads\/2020\/10\/logo@2x.png\",\"width\":300,\"height\":147,\"caption\":\"Ludo Turris \u2013 Vakar\u0173 gama, UAB\"},\"image\":{\"@id\":\"https:\/\/www.ludoturris.lt\/#\/schema\/logo\/image\/\"},\"sameAs\":[\"https:\/\/www.facebook.com\/Ludo-Turris-621921974895920\/\",\"https:\/\/www.youtube.com\/channel\/UCuBACq67N1NGC9LVudo4ngw\"]}]}<\/script>\n<!-- \/ Yoast SEO plugin. -->","yoast_head_json":{"title":"\u017daidimas XXL Sm\u016bgis ir smigis - Ludo Turris","description":"\u017daidimas XXL sm\u016bgis ir smigis, didelis ir aktyvus lauko \u017eaidimas visai \u0161eimai! Didelio \u017daid\u017eiant kartu stiprinami jutiminiai ir motoriniai vaik\u0173 \u012fg\u016bd\u017eiai.","robots":{"index":"index","follow":"follow","max-snippet":"max-snippet:-1","max-image-preview":"max-image-preview:large","max-video-preview":"max-video-preview:-1"},"canonical":"https:\/\/www.ludoturris.lt\/en\/product\/zaidimas-xxl-smugis-ir-smigis\/","og_locale":"en_GB","og_type":"article","og_title":"\u017daidimas XXL Sm\u016bgis ir smigis - Ludo Turris","og_description":"\u017daidimas XXL sm\u016bgis ir smigis, didelis ir aktyvus lauko \u017eaidimas visai \u0161eimai! Didelio \u017daid\u017eiant kartu stiprinami jutiminiai ir motoriniai vaik\u0173 \u012fg\u016bd\u017eiai.","og_url":"https:\/\/www.ludoturris.lt\/en\/product\/zaidimas-xxl-smugis-ir-smigis\/","og_site_name":"Ludo Turris","article_publisher":"https:\/\/www.facebook.com\/Ludo-Turris-621921974895920\/","article_modified_time":"2026-02-07T08:28:18+00:00","og_image":[{"width":1000,"height":1000,"url":"https:\/\/www.ludoturris.lt\/wp-content\/uploads\/2024\/09\/A60058.png","type":"image\/png"}],"twitter_card":"summary_large_image","twitter_misc":{"Estimated reading time":"1 minute"},"schema":{"@context":"https:\/\/schema.org","@graph":[{"@type":"WebPage","@id":"https:\/\/www.ludoturris.lt\/produktas\/zaidimas-xxl-smugis-ir-smigis\/","url":"https:\/\/www.ludoturris.lt\/produktas\/zaidimas-xxl-smugis-ir-smigis\/","name":"\u017daidimas XXL Sm\u016bgis ir smigis - Ludo Turris","isPartOf":{"@id":"https:\/\/www.ludoturris.lt\/#website"},"datePublished":"2024-09-26T14:03:43+00:00","dateModified":"2026-02-07T08:28:18+00:00","description":"\u017daidimas XXL sm\u016bgis ir smigis, didelis ir aktyvus lauko \u017eaidimas visai \u0161eimai! Didelio \u017daid\u017eiant kartu stiprinami jutiminiai ir motoriniai vaik\u0173 \u012fg\u016bd\u017eiai.","breadcrumb":{"@id":"https:\/\/www.ludoturris.lt\/produktas\/zaidimas-xxl-smugis-ir-smigis\/#breadcrumb"},"inLanguage":"en-GB","potentialAction":[{"@type":"ReadAction","target":["https:\/\/www.ludoturris.lt\/produktas\/zaidimas-xxl-smugis-ir-smigis\/"]}]},{"@type":"BreadcrumbList","@id":"https:\/\/www.ludoturris.lt\/produktas\/zaidimas-xxl-smugis-ir-smigis\/#breadcrumb","itemListElement":[{"@type":"ListItem","position":1,"name":"Home","item":"https:\/\/www.ludoturris.lt\/"},{"@type":"ListItem","position":2,"name":"Parduotuv\u0117","item":"https:\/\/www.ludoturris.lt\/parduotuve\/"},{"@type":"ListItem","position":3,"name":"\u017daidimas XXL Sm\u016bgis ir smigis"}]},{"@type":"WebSite","@id":"https:\/\/www.ludoturris.lt\/#website","url":"https:\/\/www.ludoturris.lt\/","name":"Ludo Turris","description":"K\u016brybi\u0161kum\u0105 ir fantazij\u0105 lavinan\u010dios kalad\u0117l\u0117s","publisher":{"@id":"https:\/\/www.ludoturris.lt\/#organization"},"potentialAction":[{"@type":"SearchAction","target":{"@type":"EntryPoint","urlTemplate":"https:\/\/www.ludoturris.lt\/?s={search_term_string}"},"query-input":"required name=search_term_string"}],"inLanguage":"en-GB"},{"@type":"Organization","@id":"https:\/\/www.ludoturris.lt\/#organization","name":"Ludo Turris \u2013 Vakar\u0173 gama, UAB","url":"https:\/\/www.ludoturris.lt\/","logo":{"@type":"ImageObject","inLanguage":"en-GB","@id":"https:\/\/www.ludoturris.lt\/#\/schema\/logo\/image\/","url":"https:\/\/www.ludoturris.lt\/wp-content\/uploads\/2020\/10\/logo@2x.png","contentUrl":"https:\/\/www.ludoturris.lt\/wp-content\/uploads\/2020\/10\/logo@2x.png","width":300,"height":147,"caption":"Ludo Turris \u2013 Vakar\u0173 gama, UAB"},"image":{"@id":"https:\/\/www.ludoturris.lt\/#\/schema\/logo\/image\/"},"sameAs":["https:\/\/www.facebook.com\/Ludo-Turris-621921974895920\/","https:\/\/www.youtube.com\/channel\/UCuBACq67N1NGC9LVudo4ngw"]}]}},"uagb_featured_image_src":{"full":["https:\/\/www.ludoturris.lt\/wp-content\/uploads\/2024\/09\/A60058.png",1000,1000,false],"thumbnail":["https:\/\/www.ludoturris.lt\/wp-content\/uploads\/2024\/09\/A60058-150x150.png",150,150,true],"medium":["https:\/\/www.ludoturris.lt\/wp-content\/uploads\/2024\/09\/A60058-300x300.png",300,300,true],"medium_large":["https:\/\/www.ludoturris.lt\/wp-content\/uploads\/2024\/09\/A60058-768x768.png",768,768,true],"large":["https:\/\/www.ludoturris.lt\/wp-content\/uploads\/2024\/09\/A60058.png",1000,1000,false],"1536x1536":["https:\/\/www.ludoturris.lt\/wp-content\/uploads\/2024\/09\/A60058.png",1000,1000,false],"2048x2048":["https:\/\/www.ludoturris.lt\/wp-content\/uploads\/2024\/09\/A60058.png",1000,1000,false],"trp-custom-language-flag":["https:\/\/www.ludoturris.lt\/wp-content\/uploads\/2024\/09\/A60058-12x12.png",12,12,true],"woocommerce_thumbnail":["https:\/\/www.ludoturris.lt\/wp-content\/uploads\/2024\/09\/A60058-300x300.png",300,300,true],"woocommerce_single":["https:\/\/www.ludoturris.lt\/wp-content\/uploads\/2024\/09\/A60058-600x600.png",600,600,true],"woocommerce_gallery_thumbnail":["https:\/\/www.ludoturris.lt\/wp-content\/uploads\/2024\/09\/A60058-100x100.png",100,100,true],"variation_swatches_image_size":["https:\/\/www.ludoturris.lt\/wp-content\/uploads\/2024\/09\/A60058-50x50.png",50,50,true],"variation_swatches_tooltip_size":["https:\/\/www.ludoturris.lt\/wp-content\/uploads\/2024\/09\/A60058-100x100.png",100,100,true],"dgwt-wcas-product-suggestion":["https:\/\/www.ludoturris.lt\/wp-content\/uploads\/2024\/09\/A60058-64x64.png",64,64,true]},"uagb_author_info":{"display_name":"LudoTurris","author_link":"https:\/\/www.ludoturris.lt\/en\/author\/"},"uagb_comment_info":0,"uagb_excerpt":"Rekomenduojamas am\u017eius: nuo 3 met\u0173. XXL \u201eSm\u016bgis ir smigis\u201c didelio formato taiklumo \u017eaidimas, suteikiantis daug azarto ir aktyvaus jud\u0117jimo. \u017daidimo tikslas yra mesti ranka, arba spardyti krep\u0161ius katapulta \u012f \u017eaidimo laukus, kad surinkti kuo daugiau ta\u0161k\u0173. Komplektacij\u0105 sudaro 2 \u017eaidimo laukai, kuri\u0173 matmenys 160 x 160cm, 4 plastikin\u0117s katapultos, 12 spalvot\u0173 u\u017epildyt\u0173 4 spalv\u0173 med\u017eiagini\u0173&hellip;","_links":{"self":[{"href":"https:\/\/www.ludoturris.lt\/en\/wp-json\/wp\/v2\/product\/3965"}],"collection":[{"href":"https:\/\/www.ludoturris.lt\/en\/wp-json\/wp\/v2\/product"}],"about":[{"href":"https:\/\/www.ludoturris.lt\/en\/wp-json\/wp\/v2\/types\/product"}],"wp:featuredmedia":[{"embeddable":true,"href":"https:\/\/www.ludoturris.lt\/en\/wp-json\/wp\/v2\/media\/5505"}],"wp:attachment":[{"href":"https:\/\/www.ludoturris.lt\/en\/wp-json\/wp\/v2\/media?parent=3965"}],"wp:term":[{"taxonomy":"product_cat","embeddable":true,"href":"https:\/\/www.ludoturris.lt\/en\/wp-json\/wp\/v2\/product_cat?post=3965"},{"taxonomy":"product_tag","embeddable":true,"href":"https:\/\/www.ludoturris.lt\/en\/wp-json\/wp\/v2\/product_tag?post=3965"}],"curies":[{"name":"wp","href":"https:\/\/api.w.org\/{rel}","templated":true}]}}