{"id":3960,"date":"2024-09-26T10:58:13","date_gmt":"2024-09-26T12:58:13","guid":{"rendered":"https:\/\/www.ludoturris.lt\/?post_type=product&#038;p=3960"},"modified":"2026-02-06T14:08:46","modified_gmt":"2026-02-06T16:08:46","slug":"zaidimas-xxl-jumbo","status":"publish","type":"product","link":"https:\/\/www.ludoturris.lt\/en\/product\/zaidimas-xxl-jumbo\/","title":{"rendered":"\u017daidimas XXL Jumbo"},"content":{"rendered":"<p>Jumbo \u017eaidimo rinkin\u012f sudaro \u017eaidimo laukas, 16 \u017eaidimo fig\u016br\u0117li\u0173, kauliukas ir 4 kai\u0161\u010diai. \u017daidimo aik\u0161tel\u0117s matmenys 150cm\u00d7150cm, fig\u016br\u0117l\u0117s 13,5cm auk\u0161\u010dio. Tinka \u017eaisti tiek lauke tiek viduje. \u017daidimo tikslas-Kas pirmas pasieks su 4 p\u0117stininkais fini\u0161o linij\u0105. Pasibaigus \u017eaidimui, viskas patogiai sutalpinta \u012f prakti\u0161k\u0105 daiktad\u0117\u017e\u0119. Puiki pramoga berniukams ir mergait\u0117ms nuo 3 met\u0173, taip pat paaugliams ir suaugusiems. \u017daid\u017eiant kartu stiprinami sensoriniai ir motoriniai \u012fg\u016bd\u017eiai, skatinamas socialinis elgesys. Netinka vaikams jaunesniems nei 3metai.<\/p>","protected":false},"excerpt":{"rendered":"<p>Jumbo \u017eaidimo rinkin\u012f sudaro \u017eaidimo laukas, 16 \u017eaidimo fig\u016br\u0117li\u0173, kauliukas ir 4 kai\u0161\u010diai. \u017daidimo aik\u0161tel\u0117s matmenys 150cm\u00d7150cm, fig\u016br\u0117l\u0117s 13,5cm auk\u0161\u010dio. Tinka \u017eaisti tiek lauke tiek viduje. \u017daidimo tikslas-Kas pirmas pasieks su 4 p\u0117stininkais fini\u0161o linij\u0105. Pasibaigus \u017eaidimui, viskas patogiai sutalpinta \u012f prakti\u0161k\u0105 daiktad\u0117\u017e\u0119. Puiki pramoga berniukams ir mergait\u0117ms nuo 3 met\u0173, taip pat paaugliams ir &hellip;<\/p>\n<p class=\"read-more\"> <a class=\"\" href=\"https:\/\/www.ludoturris.lt\/en\/product\/zaidimas-xxl-jumbo\/\"> <span class=\"screen-reader-text\">\u017daidimas XXL Jumbo<\/span> Read More &raquo;<\/a><\/p>","protected":false},"featured_media":3961,"template":"","meta":{"_uag_custom_page_level_css":"","_themeisle_gutenberg_block_has_review":false},"product_cat":[69,93],"product_tag":[],"yoast_head":"<!-- This site is optimized with the Yoast SEO plugin v21.1 - https:\/\/yoast.com\/wordpress\/plugins\/seo\/ -->\n<title>\u017daidimas XXL Jumbo - Ludo Turris<\/title>\n<meta name=\"description\" content=\"XXL Jumbo \u017eaidimas, puikiai tinkantis vakar\u0117liams, \u0161eimos susib\u016brimams ir lauko \u017eaidimams. Smagios taisykl\u0117s ir patvarios detal\u0117s garantuoja pramog\u0105 visiems\" \/>\n<meta name=\"robots\" content=\"index, follow, max-snippet:-1, max-image-preview:large, max-video-preview:-1\" \/>\n<link rel=\"canonical\" href=\"https:\/\/www.ludoturris.lt\/en\/product\/zaidimas-xxl-jumbo\/\" \/>\n<meta property=\"og:locale\" content=\"en_GB\" \/>\n<meta property=\"og:type\" content=\"article\" \/>\n<meta property=\"og:title\" content=\"\u017daidimas XXL Jumbo - Ludo Turris\" \/>\n<meta property=\"og:description\" content=\"XXL Jumbo \u017eaidimas, puikiai tinkantis vakar\u0117liams, \u0161eimos susib\u016brimams ir lauko \u017eaidimams. Smagios taisykl\u0117s ir patvarios detal\u0117s garantuoja pramog\u0105 visiems\" \/>\n<meta property=\"og:url\" content=\"https:\/\/www.ludoturris.lt\/en\/product\/zaidimas-xxl-jumbo\/\" \/>\n<meta property=\"og:site_name\" content=\"Ludo Turris\" \/>\n<meta property=\"article:publisher\" content=\"https:\/\/www.facebook.com\/Ludo-Turris-621921974895920\/\" \/>\n<meta property=\"article:modified_time\" content=\"2026-02-06T16:08:46+00:00\" \/>\n<meta property=\"og:image\" content=\"https:\/\/www.ludoturris.lt\/wp-content\/uploads\/2024\/09\/jumbo-60060.png\" \/>\n\t<meta property=\"og:image:width\" content=\"496\" \/>\n\t<meta property=\"og:image:height\" content=\"467\" \/>\n\t<meta property=\"og:image:type\" content=\"image\/png\" \/>\n<meta name=\"twitter:card\" content=\"summary_large_image\" \/>\n<meta name=\"twitter:label1\" content=\"Estimated reading time\" \/>\n\t<meta name=\"twitter:data1\" content=\"1 minute\" \/>\n<script type=\"application\/ld+json\" class=\"yoast-schema-graph\">{\"@context\":\"https:\/\/schema.org\",\"@graph\":[{\"@type\":\"WebPage\",\"@id\":\"https:\/\/www.ludoturris.lt\/produktas\/zaidimas-xxl-jumbo\/\",\"url\":\"https:\/\/www.ludoturris.lt\/produktas\/zaidimas-xxl-jumbo\/\",\"name\":\"\u017daidimas XXL Jumbo - Ludo Turris\",\"isPartOf\":{\"@id\":\"https:\/\/www.ludoturris.lt\/#website\"},\"datePublished\":\"2024-09-26T12:58:13+00:00\",\"dateModified\":\"2026-02-06T16:08:46+00:00\",\"description\":\"XXL Jumbo \u017eaidimas, puikiai tinkantis vakar\u0117liams, \u0161eimos susib\u016brimams ir lauko \u017eaidimams. Smagios taisykl\u0117s ir patvarios detal\u0117s garantuoja pramog\u0105 visiems\",\"breadcrumb\":{\"@id\":\"https:\/\/www.ludoturris.lt\/produktas\/zaidimas-xxl-jumbo\/#breadcrumb\"},\"inLanguage\":\"en-GB\",\"potentialAction\":[{\"@type\":\"ReadAction\",\"target\":[\"https:\/\/www.ludoturris.lt\/produktas\/zaidimas-xxl-jumbo\/\"]}]},{\"@type\":\"BreadcrumbList\",\"@id\":\"https:\/\/www.ludoturris.lt\/produktas\/zaidimas-xxl-jumbo\/#breadcrumb\",\"itemListElement\":[{\"@type\":\"ListItem\",\"position\":1,\"name\":\"Home\",\"item\":\"https:\/\/www.ludoturris.lt\/\"},{\"@type\":\"ListItem\",\"position\":2,\"name\":\"Parduotuv\u0117\",\"item\":\"https:\/\/www.ludoturris.lt\/parduotuve\/\"},{\"@type\":\"ListItem\",\"position\":3,\"name\":\"\u017daidimas XXL Jumbo\"}]},{\"@type\":\"WebSite\",\"@id\":\"https:\/\/www.ludoturris.lt\/#website\",\"url\":\"https:\/\/www.ludoturris.lt\/\",\"name\":\"Ludo Turris\",\"description\":\"K\u016brybi\u0161kum\u0105 ir fantazij\u0105 lavinan\u010dios kalad\u0117l\u0117s\",\"publisher\":{\"@id\":\"https:\/\/www.ludoturris.lt\/#organization\"},\"potentialAction\":[{\"@type\":\"SearchAction\",\"target\":{\"@type\":\"EntryPoint\",\"urlTemplate\":\"https:\/\/www.ludoturris.lt\/?s={search_term_string}\"},\"query-input\":\"required name=search_term_string\"}],\"inLanguage\":\"en-GB\"},{\"@type\":\"Organization\",\"@id\":\"https:\/\/www.ludoturris.lt\/#organization\",\"name\":\"Ludo Turris \u2013 Vakar\u0173 gama, UAB\",\"url\":\"https:\/\/www.ludoturris.lt\/\",\"logo\":{\"@type\":\"ImageObject\",\"inLanguage\":\"en-GB\",\"@id\":\"https:\/\/www.ludoturris.lt\/#\/schema\/logo\/image\/\",\"url\":\"https:\/\/www.ludoturris.lt\/wp-content\/uploads\/2020\/10\/logo@2x.png\",\"contentUrl\":\"https:\/\/www.ludoturris.lt\/wp-content\/uploads\/2020\/10\/logo@2x.png\",\"width\":300,\"height\":147,\"caption\":\"Ludo Turris \u2013 Vakar\u0173 gama, UAB\"},\"image\":{\"@id\":\"https:\/\/www.ludoturris.lt\/#\/schema\/logo\/image\/\"},\"sameAs\":[\"https:\/\/www.facebook.com\/Ludo-Turris-621921974895920\/\",\"https:\/\/www.youtube.com\/channel\/UCuBACq67N1NGC9LVudo4ngw\"]}]}<\/script>\n<!-- \/ Yoast SEO plugin. -->","yoast_head_json":{"title":"\u017daidimas XXL Jumbo - Ludo Turris","description":"XXL Jumbo \u017eaidimas, puikiai tinkantis vakar\u0117liams, \u0161eimos susib\u016brimams ir lauko \u017eaidimams. Smagios taisykl\u0117s ir patvarios detal\u0117s garantuoja pramog\u0105 visiems","robots":{"index":"index","follow":"follow","max-snippet":"max-snippet:-1","max-image-preview":"max-image-preview:large","max-video-preview":"max-video-preview:-1"},"canonical":"https:\/\/www.ludoturris.lt\/en\/product\/zaidimas-xxl-jumbo\/","og_locale":"en_GB","og_type":"article","og_title":"\u017daidimas XXL Jumbo - Ludo Turris","og_description":"XXL Jumbo \u017eaidimas, puikiai tinkantis vakar\u0117liams, \u0161eimos susib\u016brimams ir lauko \u017eaidimams. Smagios taisykl\u0117s ir patvarios detal\u0117s garantuoja pramog\u0105 visiems","og_url":"https:\/\/www.ludoturris.lt\/en\/product\/zaidimas-xxl-jumbo\/","og_site_name":"Ludo Turris","article_publisher":"https:\/\/www.facebook.com\/Ludo-Turris-621921974895920\/","article_modified_time":"2026-02-06T16:08:46+00:00","og_image":[{"width":496,"height":467,"url":"https:\/\/www.ludoturris.lt\/wp-content\/uploads\/2024\/09\/jumbo-60060.png","type":"image\/png"}],"twitter_card":"summary_large_image","twitter_misc":{"Estimated reading time":"1 minute"},"schema":{"@context":"https:\/\/schema.org","@graph":[{"@type":"WebPage","@id":"https:\/\/www.ludoturris.lt\/produktas\/zaidimas-xxl-jumbo\/","url":"https:\/\/www.ludoturris.lt\/produktas\/zaidimas-xxl-jumbo\/","name":"\u017daidimas XXL Jumbo - Ludo Turris","isPartOf":{"@id":"https:\/\/www.ludoturris.lt\/#website"},"datePublished":"2024-09-26T12:58:13+00:00","dateModified":"2026-02-06T16:08:46+00:00","description":"XXL Jumbo \u017eaidimas, puikiai tinkantis vakar\u0117liams, \u0161eimos susib\u016brimams ir lauko \u017eaidimams. Smagios taisykl\u0117s ir patvarios detal\u0117s garantuoja pramog\u0105 visiems","breadcrumb":{"@id":"https:\/\/www.ludoturris.lt\/produktas\/zaidimas-xxl-jumbo\/#breadcrumb"},"inLanguage":"en-GB","potentialAction":[{"@type":"ReadAction","target":["https:\/\/www.ludoturris.lt\/produktas\/zaidimas-xxl-jumbo\/"]}]},{"@type":"BreadcrumbList","@id":"https:\/\/www.ludoturris.lt\/produktas\/zaidimas-xxl-jumbo\/#breadcrumb","itemListElement":[{"@type":"ListItem","position":1,"name":"Home","item":"https:\/\/www.ludoturris.lt\/"},{"@type":"ListItem","position":2,"name":"Parduotuv\u0117","item":"https:\/\/www.ludoturris.lt\/parduotuve\/"},{"@type":"ListItem","position":3,"name":"\u017daidimas XXL Jumbo"}]},{"@type":"WebSite","@id":"https:\/\/www.ludoturris.lt\/#website","url":"https:\/\/www.ludoturris.lt\/","name":"Ludo Turris","description":"K\u016brybi\u0161kum\u0105 ir fantazij\u0105 lavinan\u010dios kalad\u0117l\u0117s","publisher":{"@id":"https:\/\/www.ludoturris.lt\/#organization"},"potentialAction":[{"@type":"SearchAction","target":{"@type":"EntryPoint","urlTemplate":"https:\/\/www.ludoturris.lt\/?s={search_term_string}"},"query-input":"required name=search_term_string"}],"inLanguage":"en-GB"},{"@type":"Organization","@id":"https:\/\/www.ludoturris.lt\/#organization","name":"Ludo Turris \u2013 Vakar\u0173 gama, UAB","url":"https:\/\/www.ludoturris.lt\/","logo":{"@type":"ImageObject","inLanguage":"en-GB","@id":"https:\/\/www.ludoturris.lt\/#\/schema\/logo\/image\/","url":"https:\/\/www.ludoturris.lt\/wp-content\/uploads\/2020\/10\/logo@2x.png","contentUrl":"https:\/\/www.ludoturris.lt\/wp-content\/uploads\/2020\/10\/logo@2x.png","width":300,"height":147,"caption":"Ludo Turris \u2013 Vakar\u0173 gama, UAB"},"image":{"@id":"https:\/\/www.ludoturris.lt\/#\/schema\/logo\/image\/"},"sameAs":["https:\/\/www.facebook.com\/Ludo-Turris-621921974895920\/","https:\/\/www.youtube.com\/channel\/UCuBACq67N1NGC9LVudo4ngw"]}]}},"uagb_featured_image_src":{"full":["https:\/\/www.ludoturris.lt\/wp-content\/uploads\/2024\/09\/jumbo-60060.png",496,467,false],"thumbnail":["https:\/\/www.ludoturris.lt\/wp-content\/uploads\/2024\/09\/jumbo-60060-150x150.png",150,150,true],"medium":["https:\/\/www.ludoturris.lt\/wp-content\/uploads\/2024\/09\/jumbo-60060-300x282.png",300,282,true],"medium_large":["https:\/\/www.ludoturris.lt\/wp-content\/uploads\/2024\/09\/jumbo-60060.png",496,467,false],"large":["https:\/\/www.ludoturris.lt\/wp-content\/uploads\/2024\/09\/jumbo-60060.png",496,467,false],"1536x1536":["https:\/\/www.ludoturris.lt\/wp-content\/uploads\/2024\/09\/jumbo-60060.png",496,467,false],"2048x2048":["https:\/\/www.ludoturris.lt\/wp-content\/uploads\/2024\/09\/jumbo-60060.png",496,467,false],"trp-custom-language-flag":["https:\/\/www.ludoturris.lt\/wp-content\/uploads\/2024\/09\/jumbo-60060-13x12.png",13,12,true],"woocommerce_thumbnail":["https:\/\/www.ludoturris.lt\/wp-content\/uploads\/2024\/09\/jumbo-60060-300x300.png",300,300,true],"woocommerce_single":["https:\/\/www.ludoturris.lt\/wp-content\/uploads\/2024\/09\/jumbo-60060.png",496,467,false],"woocommerce_gallery_thumbnail":["https:\/\/www.ludoturris.lt\/wp-content\/uploads\/2024\/09\/jumbo-60060-100x100.png",100,100,true],"variation_swatches_image_size":["https:\/\/www.ludoturris.lt\/wp-content\/uploads\/2024\/09\/jumbo-60060-50x50.png",50,50,true],"variation_swatches_tooltip_size":["https:\/\/www.ludoturris.lt\/wp-content\/uploads\/2024\/09\/jumbo-60060-100x100.png",100,100,true],"dgwt-wcas-product-suggestion":["https:\/\/www.ludoturris.lt\/wp-content\/uploads\/2024\/09\/jumbo-60060.png",64,60,false]},"uagb_author_info":{"display_name":"LudoTurris","author_link":"https:\/\/www.ludoturris.lt\/en\/author\/"},"uagb_comment_info":0,"uagb_excerpt":"Jumbo \u017eaidimo rinkin\u012f sudaro \u017eaidimo laukas, 16 \u017eaidimo fig\u016br\u0117li\u0173, kauliukas ir 4 kai\u0161\u010diai. \u017daidimo aik\u0161tel\u0117s matmenys 150cm\u00d7150cm, fig\u016br\u0117l\u0117s 13,5cm auk\u0161\u010dio. Tinka \u017eaisti tiek lauke tiek viduje. \u017daidimo tikslas-Kas pirmas pasieks su 4 p\u0117stininkais fini\u0161o linij\u0105. Pasibaigus \u017eaidimui, viskas patogiai sutalpinta \u012f prakti\u0161k\u0105 daiktad\u0117\u017e\u0119. Puiki pramoga berniukams ir mergait\u0117ms nuo 3 met\u0173, taip pat paaugliams ir&hellip;","_links":{"self":[{"href":"https:\/\/www.ludoturris.lt\/en\/wp-json\/wp\/v2\/product\/3960"}],"collection":[{"href":"https:\/\/www.ludoturris.lt\/en\/wp-json\/wp\/v2\/product"}],"about":[{"href":"https:\/\/www.ludoturris.lt\/en\/wp-json\/wp\/v2\/types\/product"}],"wp:featuredmedia":[{"embeddable":true,"href":"https:\/\/www.ludoturris.lt\/en\/wp-json\/wp\/v2\/media\/3961"}],"wp:attachment":[{"href":"https:\/\/www.ludoturris.lt\/en\/wp-json\/wp\/v2\/media?parent=3960"}],"wp:term":[{"taxonomy":"product_cat","embeddable":true,"href":"https:\/\/www.ludoturris.lt\/en\/wp-json\/wp\/v2\/product_cat?post=3960"},{"taxonomy":"product_tag","embeddable":true,"href":"https:\/\/www.ludoturris.lt\/en\/wp-json\/wp\/v2\/product_tag?post=3960"}],"curies":[{"name":"wp","href":"https:\/\/api.w.org\/{rel}","templated":true}]}}