{"id":3950,"date":"2024-09-26T09:21:48","date_gmt":"2024-09-26T11:21:48","guid":{"rendered":"https:\/\/www.ludoturris.lt\/?post_type=product&#038;p=3950"},"modified":"2026-02-07T06:21:53","modified_gmt":"2026-02-07T08:21:53","slug":"zaidimas-sachmatai","status":"publish","type":"product","link":"https:\/\/www.ludoturris.lt\/en\/product\/zaidimas-sachmatai\/","title":{"rendered":"\u017daidimas XXL \u0161achmatai"},"content":{"rendered":"<p>Rekomenduojamas am\u017eius: nuo 3 met\u0173.  Klasikinis \u017eaidimas visai \u0161eimai. Rinkin\u012f sudaro: \u017eaidimo aik\u0161tel\u0117 1,58m x 1,58m, 32 \u017eaidimo fig\u016br\u0117l\u0117s 13-27cm auk\u0161\u010dio juodos ir baltos spalvos ir 4 kai\u0161\u010diai supakuoti \u012f prakti\u0161k\u0105 ne\u0161iojimo krep\u0161\u012f. Kai\u0161\u010diais galite tvirtai pritvirtinti \u017eaidimo lauk\u0105 prie \u017eem\u0117s. \u017daidimas lavina login\u012f m\u0105stym\u0105, susikaupim\u0105, strateginius \u012fg\u016bd\u017eius ir kantryb\u0119. Tinka \u017eaisti vidaus bei lauko erdv\u0117se, \u017eaid\u017eiamas dviese. Puikiai tinka kiemui, dar\u017eeliui, mokyklai ar \u017eaidim\u0173 aik\u0161telei, skatinant mokym\u0105si per \u017eaidim\u0105. Fig\u016br\u0117l\u0117s pagamintos i\u0161 kokybi\u0161ko tvirto plastiko. Kilm\u0117s \u0161alis: Vokietija<\/p>","protected":false},"excerpt":{"rendered":"<p>Rekomenduojamas am\u017eius: nuo 3 met\u0173. Klasikinis \u017eaidimas visai \u0161eimai. Rinkin\u012f sudaro: \u017eaidimo aik\u0161tel\u0117 1,58m x 1,58m, 32 \u017eaidimo fig\u016br\u0117l\u0117s 13-27cm auk\u0161\u010dio juodos ir baltos spalvos ir 4 kai\u0161\u010diai supakuoti \u012f prakti\u0161k\u0105 ne\u0161iojimo krep\u0161\u012f. Kai\u0161\u010diais galite tvirtai pritvirtinti \u017eaidimo lauk\u0105 prie \u017eem\u0117s. \u017daidimas lavina login\u012f m\u0105stym\u0105, susikaupim\u0105, strateginius \u012fg\u016bd\u017eius ir kantryb\u0119. Tinka \u017eaisti vidaus bei lauko &hellip;<\/p>\n<p class=\"read-more\"> <a class=\"\" href=\"https:\/\/www.ludoturris.lt\/en\/product\/zaidimas-sachmatai\/\"> <span class=\"screen-reader-text\">\u017daidimas XXL \u0161achmatai<\/span> Read More &raquo;<\/a><\/p>","protected":false},"featured_media":3956,"template":"","meta":{"_uag_custom_page_level_css":"","_themeisle_gutenberg_block_has_review":false},"product_cat":[69,93],"product_tag":[],"yoast_head":"<!-- This site is optimized with the Yoast SEO plugin v21.1 - https:\/\/yoast.com\/wordpress\/plugins\/seo\/ -->\n<title>\u017daidimas XXL \u0161achmatai - Ludo Turris<\/title>\n<meta name=\"description\" content=\"\u0160achmatai XXL puiki pramoga lauke su \u0161eima ar draugais. Lavinkite strategin\u012f m\u0105stym\u0105 bei m\u0117gaukit\u0117s \u017eaidimu gamtoje su didel\u0117mis ir patvariomis fig\u016bromis.\" \/>\n<meta name=\"robots\" content=\"index, follow, max-snippet:-1, max-image-preview:large, max-video-preview:-1\" \/>\n<link rel=\"canonical\" href=\"https:\/\/www.ludoturris.lt\/en\/product\/zaidimas-sachmatai\/\" \/>\n<meta property=\"og:locale\" content=\"en_GB\" \/>\n<meta property=\"og:type\" content=\"article\" \/>\n<meta property=\"og:title\" content=\"\u017daidimas XXL \u0161achmatai - Ludo Turris\" \/>\n<meta property=\"og:description\" content=\"\u0160achmatai XXL puiki pramoga lauke su \u0161eima ar draugais. Lavinkite strategin\u012f m\u0105stym\u0105 bei m\u0117gaukit\u0117s \u017eaidimu gamtoje su didel\u0117mis ir patvariomis fig\u016bromis.\" \/>\n<meta property=\"og:url\" content=\"https:\/\/www.ludoturris.lt\/en\/product\/zaidimas-sachmatai\/\" \/>\n<meta property=\"og:site_name\" content=\"Ludo Turris\" \/>\n<meta property=\"article:publisher\" content=\"https:\/\/www.facebook.com\/Ludo-Turris-621921974895920\/\" \/>\n<meta property=\"article:modified_time\" content=\"2026-02-07T08:21:53+00:00\" \/>\n<meta property=\"og:image\" content=\"https:\/\/www.ludoturris.lt\/wp-content\/uploads\/2024\/09\/sachmatai60080-2.png\" \/>\n\t<meta property=\"og:image:width\" content=\"496\" \/>\n\t<meta property=\"og:image:height\" content=\"467\" \/>\n\t<meta property=\"og:image:type\" content=\"image\/png\" \/>\n<meta name=\"twitter:card\" content=\"summary_large_image\" \/>\n<meta name=\"twitter:label1\" content=\"Estimated reading time\" \/>\n\t<meta name=\"twitter:data1\" content=\"1 minute\" \/>\n<script type=\"application\/ld+json\" class=\"yoast-schema-graph\">{\"@context\":\"https:\/\/schema.org\",\"@graph\":[{\"@type\":\"WebPage\",\"@id\":\"https:\/\/www.ludoturris.lt\/produktas\/zaidimas-sachmatai\/\",\"url\":\"https:\/\/www.ludoturris.lt\/produktas\/zaidimas-sachmatai\/\",\"name\":\"\u017daidimas XXL \u0161achmatai - Ludo Turris\",\"isPartOf\":{\"@id\":\"https:\/\/www.ludoturris.lt\/#website\"},\"datePublished\":\"2024-09-26T11:21:48+00:00\",\"dateModified\":\"2026-02-07T08:21:53+00:00\",\"description\":\"\u0160achmatai XXL puiki pramoga lauke su \u0161eima ar draugais. Lavinkite strategin\u012f m\u0105stym\u0105 bei m\u0117gaukit\u0117s \u017eaidimu gamtoje su didel\u0117mis ir patvariomis fig\u016bromis.\",\"breadcrumb\":{\"@id\":\"https:\/\/www.ludoturris.lt\/produktas\/zaidimas-sachmatai\/#breadcrumb\"},\"inLanguage\":\"en-GB\",\"potentialAction\":[{\"@type\":\"ReadAction\",\"target\":[\"https:\/\/www.ludoturris.lt\/produktas\/zaidimas-sachmatai\/\"]}]},{\"@type\":\"BreadcrumbList\",\"@id\":\"https:\/\/www.ludoturris.lt\/produktas\/zaidimas-sachmatai\/#breadcrumb\",\"itemListElement\":[{\"@type\":\"ListItem\",\"position\":1,\"name\":\"Home\",\"item\":\"https:\/\/www.ludoturris.lt\/\"},{\"@type\":\"ListItem\",\"position\":2,\"name\":\"Parduotuv\u0117\",\"item\":\"https:\/\/www.ludoturris.lt\/parduotuve\/\"},{\"@type\":\"ListItem\",\"position\":3,\"name\":\"\u017daidimas XXL \u0161achmatai\"}]},{\"@type\":\"WebSite\",\"@id\":\"https:\/\/www.ludoturris.lt\/#website\",\"url\":\"https:\/\/www.ludoturris.lt\/\",\"name\":\"Ludo Turris\",\"description\":\"K\u016brybi\u0161kum\u0105 ir fantazij\u0105 lavinan\u010dios kalad\u0117l\u0117s\",\"publisher\":{\"@id\":\"https:\/\/www.ludoturris.lt\/#organization\"},\"potentialAction\":[{\"@type\":\"SearchAction\",\"target\":{\"@type\":\"EntryPoint\",\"urlTemplate\":\"https:\/\/www.ludoturris.lt\/?s={search_term_string}\"},\"query-input\":\"required name=search_term_string\"}],\"inLanguage\":\"en-GB\"},{\"@type\":\"Organization\",\"@id\":\"https:\/\/www.ludoturris.lt\/#organization\",\"name\":\"Ludo Turris \u2013 Vakar\u0173 gama, UAB\",\"url\":\"https:\/\/www.ludoturris.lt\/\",\"logo\":{\"@type\":\"ImageObject\",\"inLanguage\":\"en-GB\",\"@id\":\"https:\/\/www.ludoturris.lt\/#\/schema\/logo\/image\/\",\"url\":\"https:\/\/www.ludoturris.lt\/wp-content\/uploads\/2020\/10\/logo@2x.png\",\"contentUrl\":\"https:\/\/www.ludoturris.lt\/wp-content\/uploads\/2020\/10\/logo@2x.png\",\"width\":300,\"height\":147,\"caption\":\"Ludo Turris \u2013 Vakar\u0173 gama, UAB\"},\"image\":{\"@id\":\"https:\/\/www.ludoturris.lt\/#\/schema\/logo\/image\/\"},\"sameAs\":[\"https:\/\/www.facebook.com\/Ludo-Turris-621921974895920\/\",\"https:\/\/www.youtube.com\/channel\/UCuBACq67N1NGC9LVudo4ngw\"]}]}<\/script>\n<!-- \/ Yoast SEO plugin. -->","yoast_head_json":{"title":"\u017daidimas XXL \u0161achmatai - Ludo Turris","description":"\u0160achmatai XXL puiki pramoga lauke su \u0161eima ar draugais. Lavinkite strategin\u012f m\u0105stym\u0105 bei m\u0117gaukit\u0117s \u017eaidimu gamtoje su didel\u0117mis ir patvariomis fig\u016bromis.","robots":{"index":"index","follow":"follow","max-snippet":"max-snippet:-1","max-image-preview":"max-image-preview:large","max-video-preview":"max-video-preview:-1"},"canonical":"https:\/\/www.ludoturris.lt\/en\/product\/zaidimas-sachmatai\/","og_locale":"en_GB","og_type":"article","og_title":"\u017daidimas XXL \u0161achmatai - Ludo Turris","og_description":"\u0160achmatai XXL puiki pramoga lauke su \u0161eima ar draugais. Lavinkite strategin\u012f m\u0105stym\u0105 bei m\u0117gaukit\u0117s \u017eaidimu gamtoje su didel\u0117mis ir patvariomis fig\u016bromis.","og_url":"https:\/\/www.ludoturris.lt\/en\/product\/zaidimas-sachmatai\/","og_site_name":"Ludo Turris","article_publisher":"https:\/\/www.facebook.com\/Ludo-Turris-621921974895920\/","article_modified_time":"2026-02-07T08:21:53+00:00","og_image":[{"width":496,"height":467,"url":"https:\/\/www.ludoturris.lt\/wp-content\/uploads\/2024\/09\/sachmatai60080-2.png","type":"image\/png"}],"twitter_card":"summary_large_image","twitter_misc":{"Estimated reading time":"1 minute"},"schema":{"@context":"https:\/\/schema.org","@graph":[{"@type":"WebPage","@id":"https:\/\/www.ludoturris.lt\/produktas\/zaidimas-sachmatai\/","url":"https:\/\/www.ludoturris.lt\/produktas\/zaidimas-sachmatai\/","name":"\u017daidimas XXL \u0161achmatai - Ludo Turris","isPartOf":{"@id":"https:\/\/www.ludoturris.lt\/#website"},"datePublished":"2024-09-26T11:21:48+00:00","dateModified":"2026-02-07T08:21:53+00:00","description":"\u0160achmatai XXL puiki pramoga lauke su \u0161eima ar draugais. Lavinkite strategin\u012f m\u0105stym\u0105 bei m\u0117gaukit\u0117s \u017eaidimu gamtoje su didel\u0117mis ir patvariomis fig\u016bromis.","breadcrumb":{"@id":"https:\/\/www.ludoturris.lt\/produktas\/zaidimas-sachmatai\/#breadcrumb"},"inLanguage":"en-GB","potentialAction":[{"@type":"ReadAction","target":["https:\/\/www.ludoturris.lt\/produktas\/zaidimas-sachmatai\/"]}]},{"@type":"BreadcrumbList","@id":"https:\/\/www.ludoturris.lt\/produktas\/zaidimas-sachmatai\/#breadcrumb","itemListElement":[{"@type":"ListItem","position":1,"name":"Home","item":"https:\/\/www.ludoturris.lt\/"},{"@type":"ListItem","position":2,"name":"Parduotuv\u0117","item":"https:\/\/www.ludoturris.lt\/parduotuve\/"},{"@type":"ListItem","position":3,"name":"\u017daidimas XXL \u0161achmatai"}]},{"@type":"WebSite","@id":"https:\/\/www.ludoturris.lt\/#website","url":"https:\/\/www.ludoturris.lt\/","name":"Ludo Turris","description":"K\u016brybi\u0161kum\u0105 ir fantazij\u0105 lavinan\u010dios kalad\u0117l\u0117s","publisher":{"@id":"https:\/\/www.ludoturris.lt\/#organization"},"potentialAction":[{"@type":"SearchAction","target":{"@type":"EntryPoint","urlTemplate":"https:\/\/www.ludoturris.lt\/?s={search_term_string}"},"query-input":"required name=search_term_string"}],"inLanguage":"en-GB"},{"@type":"Organization","@id":"https:\/\/www.ludoturris.lt\/#organization","name":"Ludo Turris \u2013 Vakar\u0173 gama, UAB","url":"https:\/\/www.ludoturris.lt\/","logo":{"@type":"ImageObject","inLanguage":"en-GB","@id":"https:\/\/www.ludoturris.lt\/#\/schema\/logo\/image\/","url":"https:\/\/www.ludoturris.lt\/wp-content\/uploads\/2020\/10\/logo@2x.png","contentUrl":"https:\/\/www.ludoturris.lt\/wp-content\/uploads\/2020\/10\/logo@2x.png","width":300,"height":147,"caption":"Ludo Turris \u2013 Vakar\u0173 gama, UAB"},"image":{"@id":"https:\/\/www.ludoturris.lt\/#\/schema\/logo\/image\/"},"sameAs":["https:\/\/www.facebook.com\/Ludo-Turris-621921974895920\/","https:\/\/www.youtube.com\/channel\/UCuBACq67N1NGC9LVudo4ngw"]}]}},"uagb_featured_image_src":{"full":["https:\/\/www.ludoturris.lt\/wp-content\/uploads\/2024\/09\/sachmatai60080-2.png",496,467,false],"thumbnail":["https:\/\/www.ludoturris.lt\/wp-content\/uploads\/2024\/09\/sachmatai60080-2-150x150.png",150,150,true],"medium":["https:\/\/www.ludoturris.lt\/wp-content\/uploads\/2024\/09\/sachmatai60080-2-300x282.png",300,282,true],"medium_large":["https:\/\/www.ludoturris.lt\/wp-content\/uploads\/2024\/09\/sachmatai60080-2.png",496,467,false],"large":["https:\/\/www.ludoturris.lt\/wp-content\/uploads\/2024\/09\/sachmatai60080-2.png",496,467,false],"1536x1536":["https:\/\/www.ludoturris.lt\/wp-content\/uploads\/2024\/09\/sachmatai60080-2.png",496,467,false],"2048x2048":["https:\/\/www.ludoturris.lt\/wp-content\/uploads\/2024\/09\/sachmatai60080-2.png",496,467,false],"trp-custom-language-flag":["https:\/\/www.ludoturris.lt\/wp-content\/uploads\/2024\/09\/sachmatai60080-2-13x12.png",13,12,true],"woocommerce_thumbnail":["https:\/\/www.ludoturris.lt\/wp-content\/uploads\/2024\/09\/sachmatai60080-2-300x300.png",300,300,true],"woocommerce_single":["https:\/\/www.ludoturris.lt\/wp-content\/uploads\/2024\/09\/sachmatai60080-2.png",496,467,false],"woocommerce_gallery_thumbnail":["https:\/\/www.ludoturris.lt\/wp-content\/uploads\/2024\/09\/sachmatai60080-2-100x100.png",100,100,true],"variation_swatches_image_size":["https:\/\/www.ludoturris.lt\/wp-content\/uploads\/2024\/09\/sachmatai60080-2-50x50.png",50,50,true],"variation_swatches_tooltip_size":["https:\/\/www.ludoturris.lt\/wp-content\/uploads\/2024\/09\/sachmatai60080-2-100x100.png",100,100,true],"dgwt-wcas-product-suggestion":["https:\/\/www.ludoturris.lt\/wp-content\/uploads\/2024\/09\/sachmatai60080-2.png",64,60,false]},"uagb_author_info":{"display_name":"LudoTurris","author_link":"https:\/\/www.ludoturris.lt\/en\/author\/"},"uagb_comment_info":0,"uagb_excerpt":"Rekomenduojamas am\u017eius: nuo 3 met\u0173. Klasikinis \u017eaidimas visai \u0161eimai. Rinkin\u012f sudaro: \u017eaidimo aik\u0161tel\u0117 1,58m x 1,58m, 32 \u017eaidimo fig\u016br\u0117l\u0117s 13-27cm auk\u0161\u010dio juodos ir baltos spalvos ir 4 kai\u0161\u010diai supakuoti \u012f prakti\u0161k\u0105 ne\u0161iojimo krep\u0161\u012f. Kai\u0161\u010diais galite tvirtai pritvirtinti \u017eaidimo lauk\u0105 prie \u017eem\u0117s. \u017daidimas lavina login\u012f m\u0105stym\u0105, susikaupim\u0105, strateginius \u012fg\u016bd\u017eius ir kantryb\u0119. Tinka \u017eaisti vidaus bei lauko&hellip;","_links":{"self":[{"href":"https:\/\/www.ludoturris.lt\/en\/wp-json\/wp\/v2\/product\/3950"}],"collection":[{"href":"https:\/\/www.ludoturris.lt\/en\/wp-json\/wp\/v2\/product"}],"about":[{"href":"https:\/\/www.ludoturris.lt\/en\/wp-json\/wp\/v2\/types\/product"}],"wp:featuredmedia":[{"embeddable":true,"href":"https:\/\/www.ludoturris.lt\/en\/wp-json\/wp\/v2\/media\/3956"}],"wp:attachment":[{"href":"https:\/\/www.ludoturris.lt\/en\/wp-json\/wp\/v2\/media?parent=3950"}],"wp:term":[{"taxonomy":"product_cat","embeddable":true,"href":"https:\/\/www.ludoturris.lt\/en\/wp-json\/wp\/v2\/product_cat?post=3950"},{"taxonomy":"product_tag","embeddable":true,"href":"https:\/\/www.ludoturris.lt\/en\/wp-json\/wp\/v2\/product_tag?post=3950"}],"curies":[{"name":"wp","href":"https:\/\/api.w.org\/{rel}","templated":true}]}}