{"id":3521,"date":"2024-08-09T11:40:31","date_gmt":"2024-08-09T13:40:31","guid":{"rendered":"https:\/\/www.ludoturris.lt\/?post_type=product&#038;p=3521"},"modified":"2026-02-04T12:39:54","modified_gmt":"2026-02-04T14:39:54","slug":"plastikine-grafitine-sandeliavimo-dezute-su-dangciu-125l-solidstore","status":"publish","type":"product","link":"https:\/\/www.ludoturris.lt\/en\/product\/plastikine-grafitine-sandeliavimo-dezute-su-dangciu-125l-solidstore\/","title":{"rendered":"Plastikin\u0117 tamsiai pilka d\u0117\u017eut\u0117 su dang\u010diu 12,5l"},"content":{"rendered":"","protected":false},"excerpt":{"rendered":"<p>Tamsus grafito atspalvis suteikia moderni\u0105 i\u0161vaizd\u0105, o auk\u0161tos kokyb\u0117s plastikas u\u017etikrina d\u0117\u017eu\u010di\u0173 ilgaam\u017ei\u0161kum\u0105 ir atsparum\u0105 sm\u016bgiams bei dr\u0117gmei. Jos idealiai tinka sand\u0117liavimui gara\u017euose, dirbtuv\u0117se ar biuruose, padedant palaikyti tvark\u0105 ir efektyviai i\u0161naudoti erdv\u0119.<\/p>","protected":false},"featured_media":3693,"template":"","meta":{"_uag_custom_page_level_css":"","_themeisle_gutenberg_block_has_review":false},"product_cat":[73,33],"product_tag":[],"yoast_head":"<!-- This site is optimized with the Yoast SEO plugin v21.1 - https:\/\/yoast.com\/wordpress\/plugins\/seo\/ -->\n<title>Plastikin\u0117 tamsiai pilka d\u0117\u017eut\u0117 su dang\u010diu 12,5l - Ludo Turris<\/title>\n<meta name=\"description\" content=\"Solidstore plastikin\u0117s sand\u0117liavimo d\u0117\u017e\u0117s pagamintos kad b\u016bt\u0173 atsparios \u012fbr\u0117\u017eimams, kritimams ir b\u016bt\u0173 tinkamos naudot lauke, esant skirtingoms oro s\u0105lygoms.\" \/>\n<meta name=\"robots\" content=\"index, follow, max-snippet:-1, max-image-preview:large, max-video-preview:-1\" \/>\n<link rel=\"canonical\" href=\"https:\/\/www.ludoturris.lt\/en\/product\/plastikine-grafitine-sandeliavimo-dezute-su-dangciu-125l-solidstore\/\" \/>\n<meta property=\"og:locale\" content=\"en_GB\" \/>\n<meta property=\"og:type\" content=\"article\" \/>\n<meta property=\"og:title\" content=\"Plastikin\u0117 tamsiai pilka d\u0117\u017eut\u0117 su dang\u010diu 12,5l - Ludo Turris\" \/>\n<meta property=\"og:description\" content=\"Solidstore plastikin\u0117s sand\u0117liavimo d\u0117\u017e\u0117s pagamintos kad b\u016bt\u0173 atsparios \u012fbr\u0117\u017eimams, kritimams ir b\u016bt\u0173 tinkamos naudot lauke, esant skirtingoms oro s\u0105lygoms.\" \/>\n<meta property=\"og:url\" content=\"https:\/\/www.ludoturris.lt\/en\/product\/plastikine-grafitine-sandeliavimo-dezute-su-dangciu-125l-solidstore\/\" \/>\n<meta property=\"og:site_name\" content=\"Ludo Turris\" \/>\n<meta property=\"article:publisher\" content=\"https:\/\/www.facebook.com\/Ludo-Turris-621921974895920\/\" \/>\n<meta property=\"article:modified_time\" content=\"2026-02-04T14:39:54+00:00\" \/>\n<meta property=\"og:image\" content=\"https:\/\/www.ludoturris.lt\/wp-content\/uploads\/2024\/08\/dezute1524-1.png\" \/>\n\t<meta property=\"og:image:width\" content=\"1000\" \/>\n\t<meta property=\"og:image:height\" content=\"912\" \/>\n\t<meta property=\"og:image:type\" content=\"image\/png\" \/>\n<meta name=\"twitter:card\" content=\"summary_large_image\" \/>\n<script type=\"application\/ld+json\" class=\"yoast-schema-graph\">{\"@context\":\"https:\/\/schema.org\",\"@graph\":[{\"@type\":\"WebPage\",\"@id\":\"https:\/\/www.ludoturris.lt\/produktas\/plastikine-grafitine-sandeliavimo-dezute-su-dangciu-125l-solidstore\/\",\"url\":\"https:\/\/www.ludoturris.lt\/produktas\/plastikine-grafitine-sandeliavimo-dezute-su-dangciu-125l-solidstore\/\",\"name\":\"Plastikin\u0117 tamsiai pilka d\u0117\u017eut\u0117 su dang\u010diu 12,5l - Ludo Turris\",\"isPartOf\":{\"@id\":\"https:\/\/www.ludoturris.lt\/#website\"},\"datePublished\":\"2024-08-09T13:40:31+00:00\",\"dateModified\":\"2026-02-04T14:39:54+00:00\",\"description\":\"Solidstore plastikin\u0117s sand\u0117liavimo d\u0117\u017e\u0117s pagamintos kad b\u016bt\u0173 atsparios \u012fbr\u0117\u017eimams, kritimams ir b\u016bt\u0173 tinkamos naudot lauke, esant skirtingoms oro s\u0105lygoms.\",\"breadcrumb\":{\"@id\":\"https:\/\/www.ludoturris.lt\/produktas\/plastikine-grafitine-sandeliavimo-dezute-su-dangciu-125l-solidstore\/#breadcrumb\"},\"inLanguage\":\"en-GB\",\"potentialAction\":[{\"@type\":\"ReadAction\",\"target\":[\"https:\/\/www.ludoturris.lt\/produktas\/plastikine-grafitine-sandeliavimo-dezute-su-dangciu-125l-solidstore\/\"]}]},{\"@type\":\"BreadcrumbList\",\"@id\":\"https:\/\/www.ludoturris.lt\/produktas\/plastikine-grafitine-sandeliavimo-dezute-su-dangciu-125l-solidstore\/#breadcrumb\",\"itemListElement\":[{\"@type\":\"ListItem\",\"position\":1,\"name\":\"Home\",\"item\":\"https:\/\/www.ludoturris.lt\/\"},{\"@type\":\"ListItem\",\"position\":2,\"name\":\"Parduotuv\u0117\",\"item\":\"https:\/\/www.ludoturris.lt\/parduotuve\/\"},{\"@type\":\"ListItem\",\"position\":3,\"name\":\"Plastikin\u0117 tamsiai pilka d\u0117\u017eut\u0117 su dang\u010diu 12,5l\"}]},{\"@type\":\"WebSite\",\"@id\":\"https:\/\/www.ludoturris.lt\/#website\",\"url\":\"https:\/\/www.ludoturris.lt\/\",\"name\":\"Ludo Turris\",\"description\":\"K\u016brybi\u0161kum\u0105 ir fantazij\u0105 lavinan\u010dios kalad\u0117l\u0117s\",\"publisher\":{\"@id\":\"https:\/\/www.ludoturris.lt\/#organization\"},\"potentialAction\":[{\"@type\":\"SearchAction\",\"target\":{\"@type\":\"EntryPoint\",\"urlTemplate\":\"https:\/\/www.ludoturris.lt\/?s={search_term_string}\"},\"query-input\":\"required name=search_term_string\"}],\"inLanguage\":\"en-GB\"},{\"@type\":\"Organization\",\"@id\":\"https:\/\/www.ludoturris.lt\/#organization\",\"name\":\"Ludo Turris \u2013 Vakar\u0173 gama, UAB\",\"url\":\"https:\/\/www.ludoturris.lt\/\",\"logo\":{\"@type\":\"ImageObject\",\"inLanguage\":\"en-GB\",\"@id\":\"https:\/\/www.ludoturris.lt\/#\/schema\/logo\/image\/\",\"url\":\"https:\/\/www.ludoturris.lt\/wp-content\/uploads\/2020\/10\/logo@2x.png\",\"contentUrl\":\"https:\/\/www.ludoturris.lt\/wp-content\/uploads\/2020\/10\/logo@2x.png\",\"width\":300,\"height\":147,\"caption\":\"Ludo Turris \u2013 Vakar\u0173 gama, UAB\"},\"image\":{\"@id\":\"https:\/\/www.ludoturris.lt\/#\/schema\/logo\/image\/\"},\"sameAs\":[\"https:\/\/www.facebook.com\/Ludo-Turris-621921974895920\/\",\"https:\/\/www.youtube.com\/channel\/UCuBACq67N1NGC9LVudo4ngw\"]}]}<\/script>\n<!-- \/ Yoast SEO plugin. -->","yoast_head_json":{"title":"Plastikin\u0117 tamsiai pilka d\u0117\u017eut\u0117 su dang\u010diu 12,5l - Ludo Turris","description":"Solidstore plastikin\u0117s sand\u0117liavimo d\u0117\u017e\u0117s pagamintos kad b\u016bt\u0173 atsparios \u012fbr\u0117\u017eimams, kritimams ir b\u016bt\u0173 tinkamos naudot lauke, esant skirtingoms oro s\u0105lygoms.","robots":{"index":"index","follow":"follow","max-snippet":"max-snippet:-1","max-image-preview":"max-image-preview:large","max-video-preview":"max-video-preview:-1"},"canonical":"https:\/\/www.ludoturris.lt\/en\/product\/plastikine-grafitine-sandeliavimo-dezute-su-dangciu-125l-solidstore\/","og_locale":"en_GB","og_type":"article","og_title":"Plastikin\u0117 tamsiai pilka d\u0117\u017eut\u0117 su dang\u010diu 12,5l - Ludo Turris","og_description":"Solidstore plastikin\u0117s sand\u0117liavimo d\u0117\u017e\u0117s pagamintos kad b\u016bt\u0173 atsparios \u012fbr\u0117\u017eimams, kritimams ir b\u016bt\u0173 tinkamos naudot lauke, esant skirtingoms oro s\u0105lygoms.","og_url":"https:\/\/www.ludoturris.lt\/en\/product\/plastikine-grafitine-sandeliavimo-dezute-su-dangciu-125l-solidstore\/","og_site_name":"Ludo Turris","article_publisher":"https:\/\/www.facebook.com\/Ludo-Turris-621921974895920\/","article_modified_time":"2026-02-04T14:39:54+00:00","og_image":[{"width":1000,"height":912,"url":"https:\/\/www.ludoturris.lt\/wp-content\/uploads\/2024\/08\/dezute1524-1.png","type":"image\/png"}],"twitter_card":"summary_large_image","schema":{"@context":"https:\/\/schema.org","@graph":[{"@type":"WebPage","@id":"https:\/\/www.ludoturris.lt\/produktas\/plastikine-grafitine-sandeliavimo-dezute-su-dangciu-125l-solidstore\/","url":"https:\/\/www.ludoturris.lt\/produktas\/plastikine-grafitine-sandeliavimo-dezute-su-dangciu-125l-solidstore\/","name":"Plastikin\u0117 tamsiai pilka d\u0117\u017eut\u0117 su dang\u010diu 12,5l - Ludo Turris","isPartOf":{"@id":"https:\/\/www.ludoturris.lt\/#website"},"datePublished":"2024-08-09T13:40:31+00:00","dateModified":"2026-02-04T14:39:54+00:00","description":"Solidstore plastikin\u0117s sand\u0117liavimo d\u0117\u017e\u0117s pagamintos kad b\u016bt\u0173 atsparios \u012fbr\u0117\u017eimams, kritimams ir b\u016bt\u0173 tinkamos naudot lauke, esant skirtingoms oro s\u0105lygoms.","breadcrumb":{"@id":"https:\/\/www.ludoturris.lt\/produktas\/plastikine-grafitine-sandeliavimo-dezute-su-dangciu-125l-solidstore\/#breadcrumb"},"inLanguage":"en-GB","potentialAction":[{"@type":"ReadAction","target":["https:\/\/www.ludoturris.lt\/produktas\/plastikine-grafitine-sandeliavimo-dezute-su-dangciu-125l-solidstore\/"]}]},{"@type":"BreadcrumbList","@id":"https:\/\/www.ludoturris.lt\/produktas\/plastikine-grafitine-sandeliavimo-dezute-su-dangciu-125l-solidstore\/#breadcrumb","itemListElement":[{"@type":"ListItem","position":1,"name":"Home","item":"https:\/\/www.ludoturris.lt\/"},{"@type":"ListItem","position":2,"name":"Parduotuv\u0117","item":"https:\/\/www.ludoturris.lt\/parduotuve\/"},{"@type":"ListItem","position":3,"name":"Plastikin\u0117 tamsiai pilka d\u0117\u017eut\u0117 su dang\u010diu 12,5l"}]},{"@type":"WebSite","@id":"https:\/\/www.ludoturris.lt\/#website","url":"https:\/\/www.ludoturris.lt\/","name":"Ludo Turris","description":"K\u016brybi\u0161kum\u0105 ir fantazij\u0105 lavinan\u010dios kalad\u0117l\u0117s","publisher":{"@id":"https:\/\/www.ludoturris.lt\/#organization"},"potentialAction":[{"@type":"SearchAction","target":{"@type":"EntryPoint","urlTemplate":"https:\/\/www.ludoturris.lt\/?s={search_term_string}"},"query-input":"required name=search_term_string"}],"inLanguage":"en-GB"},{"@type":"Organization","@id":"https:\/\/www.ludoturris.lt\/#organization","name":"Ludo Turris \u2013 Vakar\u0173 gama, UAB","url":"https:\/\/www.ludoturris.lt\/","logo":{"@type":"ImageObject","inLanguage":"en-GB","@id":"https:\/\/www.ludoturris.lt\/#\/schema\/logo\/image\/","url":"https:\/\/www.ludoturris.lt\/wp-content\/uploads\/2020\/10\/logo@2x.png","contentUrl":"https:\/\/www.ludoturris.lt\/wp-content\/uploads\/2020\/10\/logo@2x.png","width":300,"height":147,"caption":"Ludo Turris \u2013 Vakar\u0173 gama, UAB"},"image":{"@id":"https:\/\/www.ludoturris.lt\/#\/schema\/logo\/image\/"},"sameAs":["https:\/\/www.facebook.com\/Ludo-Turris-621921974895920\/","https:\/\/www.youtube.com\/channel\/UCuBACq67N1NGC9LVudo4ngw"]}]}},"uagb_featured_image_src":{"full":["https:\/\/www.ludoturris.lt\/wp-content\/uploads\/2024\/08\/dezute1524-1.png",1000,912,false],"thumbnail":["https:\/\/www.ludoturris.lt\/wp-content\/uploads\/2024\/08\/dezute1524-1-150x150.png",150,150,true],"medium":["https:\/\/www.ludoturris.lt\/wp-content\/uploads\/2024\/08\/dezute1524-1-300x274.png",300,274,true],"medium_large":["https:\/\/www.ludoturris.lt\/wp-content\/uploads\/2024\/08\/dezute1524-1-768x700.png",768,700,true],"large":["https:\/\/www.ludoturris.lt\/wp-content\/uploads\/2024\/08\/dezute1524-1.png",1000,912,false],"1536x1536":["https:\/\/www.ludoturris.lt\/wp-content\/uploads\/2024\/08\/dezute1524-1.png",1000,912,false],"2048x2048":["https:\/\/www.ludoturris.lt\/wp-content\/uploads\/2024\/08\/dezute1524-1.png",1000,912,false],"trp-custom-language-flag":["https:\/\/www.ludoturris.lt\/wp-content\/uploads\/2024\/08\/dezute1524-1-13x12.png",13,12,true],"woocommerce_thumbnail":["https:\/\/www.ludoturris.lt\/wp-content\/uploads\/2024\/08\/dezute1524-1-300x300.png",300,300,true],"woocommerce_single":["https:\/\/www.ludoturris.lt\/wp-content\/uploads\/2024\/08\/dezute1524-1-600x547.png",600,547,true],"woocommerce_gallery_thumbnail":["https:\/\/www.ludoturris.lt\/wp-content\/uploads\/2024\/08\/dezute1524-1-100x100.png",100,100,true],"variation_swatches_image_size":["https:\/\/www.ludoturris.lt\/wp-content\/uploads\/2024\/08\/dezute1524-1-50x50.png",50,50,true],"variation_swatches_tooltip_size":["https:\/\/www.ludoturris.lt\/wp-content\/uploads\/2024\/08\/dezute1524-1-100x100.png",100,100,true],"dgwt-wcas-product-suggestion":["https:\/\/www.ludoturris.lt\/wp-content\/uploads\/2024\/08\/dezute1524-1.png",64,58,false]},"uagb_author_info":{"display_name":"LudoTurris","author_link":"https:\/\/www.ludoturris.lt\/en\/author\/"},"uagb_comment_info":0,"uagb_excerpt":"Tamsus grafito atspalvis suteikia moderni\u0105 i\u0161vaizd\u0105, o auk\u0161tos kokyb\u0117s plastikas u\u017etikrina d\u0117\u017eu\u010di\u0173 ilgaam\u017ei\u0161kum\u0105 ir atsparum\u0105 sm\u016bgiams bei dr\u0117gmei. Jos idealiai tinka sand\u0117liavimui gara\u017euose, dirbtuv\u0117se ar biuruose, padedant palaikyti tvark\u0105 ir efektyviai i\u0161naudoti erdv\u0119.","_links":{"self":[{"href":"https:\/\/www.ludoturris.lt\/en\/wp-json\/wp\/v2\/product\/3521"}],"collection":[{"href":"https:\/\/www.ludoturris.lt\/en\/wp-json\/wp\/v2\/product"}],"about":[{"href":"https:\/\/www.ludoturris.lt\/en\/wp-json\/wp\/v2\/types\/product"}],"wp:featuredmedia":[{"embeddable":true,"href":"https:\/\/www.ludoturris.lt\/en\/wp-json\/wp\/v2\/media\/3693"}],"wp:attachment":[{"href":"https:\/\/www.ludoturris.lt\/en\/wp-json\/wp\/v2\/media?parent=3521"}],"wp:term":[{"taxonomy":"product_cat","embeddable":true,"href":"https:\/\/www.ludoturris.lt\/en\/wp-json\/wp\/v2\/product_cat?post=3521"},{"taxonomy":"product_tag","embeddable":true,"href":"https:\/\/www.ludoturris.lt\/en\/wp-json\/wp\/v2\/product_tag?post=3521"}],"curies":[{"name":"wp","href":"https:\/\/api.w.org\/{rel}","templated":true}]}}