{"id":3517,"date":"2024-08-09T11:09:33","date_gmt":"2024-08-09T13:09:33","guid":{"rendered":"https:\/\/www.ludoturris.lt\/?post_type=product&#038;p=3517"},"modified":"2026-02-03T08:14:20","modified_gmt":"2026-02-03T10:14:20","slug":"ideklai-dezutems-40x20cm-simplestore-whiteline","status":"publish","type":"product","link":"https:\/\/www.ludoturris.lt\/en\/product\/ideklai-dezutems-40x20cm-simplestore-whiteline\/","title":{"rendered":"Plastikiniai \u012fd\u0117klai d\u0117\u017eut\u0117ms 40x20cm"},"content":{"rendered":"","protected":false},"excerpt":{"rendered":"<p>\u012ed\u0117klai d\u0117\u017eut\u0117ms \u2013 tai puiki priemon\u0117, norint palaikyti tvark\u0105 ir patogiai laikyti daiktus. D\u0117l lankstaus dizaino \u012fd\u0117klai tinka \u012fvairi\u0173 dyd\u017ei\u0173 d\u0117\u017eut\u0117ms, optimizuodami vietos panaudojim\u0105 ir palengvindami daikt\u0173 suradim\u0105. Tinka visoms d\u0117\u017e\u0117ms kuri\u0173 matmenys 40x20mm<\/p>","protected":false},"featured_media":3674,"template":"","meta":{"_uag_custom_page_level_css":"","_themeisle_gutenberg_block_has_review":false},"product_cat":[72,33],"product_tag":[],"yoast_head":"<!-- This site is optimized with the Yoast SEO plugin v21.1 - https:\/\/yoast.com\/wordpress\/plugins\/seo\/ -->\n<title>Plastikiniai \u012fd\u0117klai d\u0117\u017eut\u0117ms 40x20cm - Ludo Turris<\/title>\n<meta name=\"description\" content=\"\u012ed\u0117klai tinka \u012fvairi\u0173 dyd\u017ei\u0173 d\u0117\u017eut\u0117ms, palengvindami daikt\u0173 suradim\u0105. Tai puiki priemon\u0117, norint palaikyti tvark\u0105 ir patogiai laikyti daiktus.\" \/>\n<meta name=\"robots\" content=\"index, follow, max-snippet:-1, max-image-preview:large, max-video-preview:-1\" \/>\n<link rel=\"canonical\" href=\"https:\/\/www.ludoturris.lt\/en\/product\/ideklai-dezutems-40x20cm-simplestore-whiteline\/\" \/>\n<meta property=\"og:locale\" content=\"en_GB\" \/>\n<meta property=\"og:type\" content=\"article\" \/>\n<meta property=\"og:title\" content=\"Plastikiniai \u012fd\u0117klai d\u0117\u017eut\u0117ms 40x20cm - Ludo Turris\" \/>\n<meta property=\"og:description\" content=\"\u012ed\u0117klai tinka \u012fvairi\u0173 dyd\u017ei\u0173 d\u0117\u017eut\u0117ms, palengvindami daikt\u0173 suradim\u0105. Tai puiki priemon\u0117, norint palaikyti tvark\u0105 ir patogiai laikyti daiktus.\" \/>\n<meta property=\"og:url\" content=\"https:\/\/www.ludoturris.lt\/en\/product\/ideklai-dezutems-40x20cm-simplestore-whiteline\/\" \/>\n<meta property=\"og:site_name\" content=\"Ludo Turris\" \/>\n<meta property=\"article:publisher\" content=\"https:\/\/www.facebook.com\/Ludo-Turris-621921974895920\/\" \/>\n<meta property=\"article:modified_time\" content=\"2026-02-03T10:14:20+00:00\" \/>\n<meta property=\"og:image\" content=\"https:\/\/www.ludoturris.lt\/wp-content\/uploads\/2024\/08\/1542-Packshot-6.jpg\" \/>\n\t<meta property=\"og:image:width\" content=\"1000\" \/>\n\t<meta property=\"og:image:height\" content=\"1000\" \/>\n\t<meta property=\"og:image:type\" content=\"image\/jpeg\" \/>\n<meta name=\"twitter:card\" content=\"summary_large_image\" \/>\n<script type=\"application\/ld+json\" class=\"yoast-schema-graph\">{\"@context\":\"https:\/\/schema.org\",\"@graph\":[{\"@type\":\"WebPage\",\"@id\":\"https:\/\/www.ludoturris.lt\/produktas\/ideklai-dezutems-40x20cm-simplestore-whiteline\/\",\"url\":\"https:\/\/www.ludoturris.lt\/produktas\/ideklai-dezutems-40x20cm-simplestore-whiteline\/\",\"name\":\"Plastikiniai \u012fd\u0117klai d\u0117\u017eut\u0117ms 40x20cm - Ludo Turris\",\"isPartOf\":{\"@id\":\"https:\/\/www.ludoturris.lt\/#website\"},\"datePublished\":\"2024-08-09T13:09:33+00:00\",\"dateModified\":\"2026-02-03T10:14:20+00:00\",\"description\":\"\u012ed\u0117klai tinka \u012fvairi\u0173 dyd\u017ei\u0173 d\u0117\u017eut\u0117ms, palengvindami daikt\u0173 suradim\u0105. Tai puiki priemon\u0117, norint palaikyti tvark\u0105 ir patogiai laikyti daiktus.\",\"breadcrumb\":{\"@id\":\"https:\/\/www.ludoturris.lt\/produktas\/ideklai-dezutems-40x20cm-simplestore-whiteline\/#breadcrumb\"},\"inLanguage\":\"en-GB\",\"potentialAction\":[{\"@type\":\"ReadAction\",\"target\":[\"https:\/\/www.ludoturris.lt\/produktas\/ideklai-dezutems-40x20cm-simplestore-whiteline\/\"]}]},{\"@type\":\"BreadcrumbList\",\"@id\":\"https:\/\/www.ludoturris.lt\/produktas\/ideklai-dezutems-40x20cm-simplestore-whiteline\/#breadcrumb\",\"itemListElement\":[{\"@type\":\"ListItem\",\"position\":1,\"name\":\"Home\",\"item\":\"https:\/\/www.ludoturris.lt\/\"},{\"@type\":\"ListItem\",\"position\":2,\"name\":\"Parduotuv\u0117\",\"item\":\"https:\/\/www.ludoturris.lt\/parduotuve\/\"},{\"@type\":\"ListItem\",\"position\":3,\"name\":\"Plastikiniai \u012fd\u0117klai d\u0117\u017eut\u0117ms 40x20cm\"}]},{\"@type\":\"WebSite\",\"@id\":\"https:\/\/www.ludoturris.lt\/#website\",\"url\":\"https:\/\/www.ludoturris.lt\/\",\"name\":\"Ludo Turris\",\"description\":\"K\u016brybi\u0161kum\u0105 ir fantazij\u0105 lavinan\u010dios kalad\u0117l\u0117s\",\"publisher\":{\"@id\":\"https:\/\/www.ludoturris.lt\/#organization\"},\"potentialAction\":[{\"@type\":\"SearchAction\",\"target\":{\"@type\":\"EntryPoint\",\"urlTemplate\":\"https:\/\/www.ludoturris.lt\/?s={search_term_string}\"},\"query-input\":\"required name=search_term_string\"}],\"inLanguage\":\"en-GB\"},{\"@type\":\"Organization\",\"@id\":\"https:\/\/www.ludoturris.lt\/#organization\",\"name\":\"Ludo Turris \u2013 Vakar\u0173 gama, UAB\",\"url\":\"https:\/\/www.ludoturris.lt\/\",\"logo\":{\"@type\":\"ImageObject\",\"inLanguage\":\"en-GB\",\"@id\":\"https:\/\/www.ludoturris.lt\/#\/schema\/logo\/image\/\",\"url\":\"https:\/\/www.ludoturris.lt\/wp-content\/uploads\/2020\/10\/logo@2x.png\",\"contentUrl\":\"https:\/\/www.ludoturris.lt\/wp-content\/uploads\/2020\/10\/logo@2x.png\",\"width\":300,\"height\":147,\"caption\":\"Ludo Turris \u2013 Vakar\u0173 gama, UAB\"},\"image\":{\"@id\":\"https:\/\/www.ludoturris.lt\/#\/schema\/logo\/image\/\"},\"sameAs\":[\"https:\/\/www.facebook.com\/Ludo-Turris-621921974895920\/\",\"https:\/\/www.youtube.com\/channel\/UCuBACq67N1NGC9LVudo4ngw\"]}]}<\/script>\n<!-- \/ Yoast SEO plugin. -->","yoast_head_json":{"title":"Plastikiniai \u012fd\u0117klai d\u0117\u017eut\u0117ms 40x20cm - Ludo Turris","description":"\u012ed\u0117klai tinka \u012fvairi\u0173 dyd\u017ei\u0173 d\u0117\u017eut\u0117ms, palengvindami daikt\u0173 suradim\u0105. Tai puiki priemon\u0117, norint palaikyti tvark\u0105 ir patogiai laikyti daiktus.","robots":{"index":"index","follow":"follow","max-snippet":"max-snippet:-1","max-image-preview":"max-image-preview:large","max-video-preview":"max-video-preview:-1"},"canonical":"https:\/\/www.ludoturris.lt\/en\/product\/ideklai-dezutems-40x20cm-simplestore-whiteline\/","og_locale":"en_GB","og_type":"article","og_title":"Plastikiniai \u012fd\u0117klai d\u0117\u017eut\u0117ms 40x20cm - Ludo Turris","og_description":"\u012ed\u0117klai tinka \u012fvairi\u0173 dyd\u017ei\u0173 d\u0117\u017eut\u0117ms, palengvindami daikt\u0173 suradim\u0105. Tai puiki priemon\u0117, norint palaikyti tvark\u0105 ir patogiai laikyti daiktus.","og_url":"https:\/\/www.ludoturris.lt\/en\/product\/ideklai-dezutems-40x20cm-simplestore-whiteline\/","og_site_name":"Ludo Turris","article_publisher":"https:\/\/www.facebook.com\/Ludo-Turris-621921974895920\/","article_modified_time":"2026-02-03T10:14:20+00:00","og_image":[{"width":1000,"height":1000,"url":"https:\/\/www.ludoturris.lt\/wp-content\/uploads\/2024\/08\/1542-Packshot-6.jpg","type":"image\/jpeg"}],"twitter_card":"summary_large_image","schema":{"@context":"https:\/\/schema.org","@graph":[{"@type":"WebPage","@id":"https:\/\/www.ludoturris.lt\/produktas\/ideklai-dezutems-40x20cm-simplestore-whiteline\/","url":"https:\/\/www.ludoturris.lt\/produktas\/ideklai-dezutems-40x20cm-simplestore-whiteline\/","name":"Plastikiniai \u012fd\u0117klai d\u0117\u017eut\u0117ms 40x20cm - Ludo Turris","isPartOf":{"@id":"https:\/\/www.ludoturris.lt\/#website"},"datePublished":"2024-08-09T13:09:33+00:00","dateModified":"2026-02-03T10:14:20+00:00","description":"\u012ed\u0117klai tinka \u012fvairi\u0173 dyd\u017ei\u0173 d\u0117\u017eut\u0117ms, palengvindami daikt\u0173 suradim\u0105. Tai puiki priemon\u0117, norint palaikyti tvark\u0105 ir patogiai laikyti daiktus.","breadcrumb":{"@id":"https:\/\/www.ludoturris.lt\/produktas\/ideklai-dezutems-40x20cm-simplestore-whiteline\/#breadcrumb"},"inLanguage":"en-GB","potentialAction":[{"@type":"ReadAction","target":["https:\/\/www.ludoturris.lt\/produktas\/ideklai-dezutems-40x20cm-simplestore-whiteline\/"]}]},{"@type":"BreadcrumbList","@id":"https:\/\/www.ludoturris.lt\/produktas\/ideklai-dezutems-40x20cm-simplestore-whiteline\/#breadcrumb","itemListElement":[{"@type":"ListItem","position":1,"name":"Home","item":"https:\/\/www.ludoturris.lt\/"},{"@type":"ListItem","position":2,"name":"Parduotuv\u0117","item":"https:\/\/www.ludoturris.lt\/parduotuve\/"},{"@type":"ListItem","position":3,"name":"Plastikiniai \u012fd\u0117klai d\u0117\u017eut\u0117ms 40x20cm"}]},{"@type":"WebSite","@id":"https:\/\/www.ludoturris.lt\/#website","url":"https:\/\/www.ludoturris.lt\/","name":"Ludo Turris","description":"K\u016brybi\u0161kum\u0105 ir fantazij\u0105 lavinan\u010dios kalad\u0117l\u0117s","publisher":{"@id":"https:\/\/www.ludoturris.lt\/#organization"},"potentialAction":[{"@type":"SearchAction","target":{"@type":"EntryPoint","urlTemplate":"https:\/\/www.ludoturris.lt\/?s={search_term_string}"},"query-input":"required name=search_term_string"}],"inLanguage":"en-GB"},{"@type":"Organization","@id":"https:\/\/www.ludoturris.lt\/#organization","name":"Ludo Turris \u2013 Vakar\u0173 gama, UAB","url":"https:\/\/www.ludoturris.lt\/","logo":{"@type":"ImageObject","inLanguage":"en-GB","@id":"https:\/\/www.ludoturris.lt\/#\/schema\/logo\/image\/","url":"https:\/\/www.ludoturris.lt\/wp-content\/uploads\/2020\/10\/logo@2x.png","contentUrl":"https:\/\/www.ludoturris.lt\/wp-content\/uploads\/2020\/10\/logo@2x.png","width":300,"height":147,"caption":"Ludo Turris \u2013 Vakar\u0173 gama, UAB"},"image":{"@id":"https:\/\/www.ludoturris.lt\/#\/schema\/logo\/image\/"},"sameAs":["https:\/\/www.facebook.com\/Ludo-Turris-621921974895920\/","https:\/\/www.youtube.com\/channel\/UCuBACq67N1NGC9LVudo4ngw"]}]}},"uagb_featured_image_src":{"full":["https:\/\/www.ludoturris.lt\/wp-content\/uploads\/2024\/08\/1542-Packshot-6.jpg",1000,1000,false],"thumbnail":["https:\/\/www.ludoturris.lt\/wp-content\/uploads\/2024\/08\/1542-Packshot-6-150x150.jpg",150,150,true],"medium":["https:\/\/www.ludoturris.lt\/wp-content\/uploads\/2024\/08\/1542-Packshot-6-300x300.jpg",300,300,true],"medium_large":["https:\/\/www.ludoturris.lt\/wp-content\/uploads\/2024\/08\/1542-Packshot-6-768x768.jpg",768,768,true],"large":["https:\/\/www.ludoturris.lt\/wp-content\/uploads\/2024\/08\/1542-Packshot-6.jpg",1000,1000,false],"1536x1536":["https:\/\/www.ludoturris.lt\/wp-content\/uploads\/2024\/08\/1542-Packshot-6.jpg",1000,1000,false],"2048x2048":["https:\/\/www.ludoturris.lt\/wp-content\/uploads\/2024\/08\/1542-Packshot-6.jpg",1000,1000,false],"trp-custom-language-flag":["https:\/\/www.ludoturris.lt\/wp-content\/uploads\/2024\/08\/1542-Packshot-6-12x12.jpg",12,12,true],"woocommerce_thumbnail":["https:\/\/www.ludoturris.lt\/wp-content\/uploads\/2024\/08\/1542-Packshot-6-300x300.jpg",300,300,true],"woocommerce_single":["https:\/\/www.ludoturris.lt\/wp-content\/uploads\/2024\/08\/1542-Packshot-6-600x600.jpg",600,600,true],"woocommerce_gallery_thumbnail":["https:\/\/www.ludoturris.lt\/wp-content\/uploads\/2024\/08\/1542-Packshot-6-100x100.jpg",100,100,true],"variation_swatches_image_size":["https:\/\/www.ludoturris.lt\/wp-content\/uploads\/2024\/08\/1542-Packshot-6-50x50.jpg",50,50,true],"variation_swatches_tooltip_size":["https:\/\/www.ludoturris.lt\/wp-content\/uploads\/2024\/08\/1542-Packshot-6-100x100.jpg",100,100,true],"dgwt-wcas-product-suggestion":["https:\/\/www.ludoturris.lt\/wp-content\/uploads\/2024\/08\/1542-Packshot-6.jpg",64,64,false]},"uagb_author_info":{"display_name":"LudoTurris","author_link":"https:\/\/www.ludoturris.lt\/en\/author\/"},"uagb_comment_info":0,"uagb_excerpt":"\u012ed\u0117klai d\u0117\u017eut\u0117ms \u2013 tai puiki priemon\u0117, norint palaikyti tvark\u0105 ir patogiai laikyti daiktus. D\u0117l lankstaus dizaino \u012fd\u0117klai tinka \u012fvairi\u0173 dyd\u017ei\u0173 d\u0117\u017eut\u0117ms, optimizuodami vietos panaudojim\u0105 ir palengvindami daikt\u0173 suradim\u0105. Tinka visoms d\u0117\u017e\u0117ms kuri\u0173 matmenys 40x20mm","_links":{"self":[{"href":"https:\/\/www.ludoturris.lt\/en\/wp-json\/wp\/v2\/product\/3517"}],"collection":[{"href":"https:\/\/www.ludoturris.lt\/en\/wp-json\/wp\/v2\/product"}],"about":[{"href":"https:\/\/www.ludoturris.lt\/en\/wp-json\/wp\/v2\/types\/product"}],"wp:featuredmedia":[{"embeddable":true,"href":"https:\/\/www.ludoturris.lt\/en\/wp-json\/wp\/v2\/media\/3674"}],"wp:attachment":[{"href":"https:\/\/www.ludoturris.lt\/en\/wp-json\/wp\/v2\/media?parent=3517"}],"wp:term":[{"taxonomy":"product_cat","embeddable":true,"href":"https:\/\/www.ludoturris.lt\/en\/wp-json\/wp\/v2\/product_cat?post=3517"},{"taxonomy":"product_tag","embeddable":true,"href":"https:\/\/www.ludoturris.lt\/en\/wp-json\/wp\/v2\/product_tag?post=3517"}],"curies":[{"name":"wp","href":"https:\/\/api.w.org\/{rel}","templated":true}]}}