{"id":3377,"date":"2023-09-10T06:43:19","date_gmt":"2023-09-10T08:43:19","guid":{"rendered":"https:\/\/www.ludoturris.lt\/?post_type=product&#038;p=3377"},"modified":"2026-02-03T06:04:48","modified_gmt":"2026-02-03T08:04:48","slug":"plastikine-sandeliavimo-dezute-su-dangciu-3-l","status":"publish","type":"product","link":"https:\/\/www.ludoturris.lt\/en\/product\/plastikine-sandeliavimo-dezute-su-dangciu-3-l\/","title":{"rendered":"Plastikin\u0117 SimpleStore skaidri d\u0117\u017eut\u0117 su dang\u010diu 3,0l"},"content":{"rendered":"","protected":false},"excerpt":{"rendered":"<p>Skaidrios sand\u0117liavimo d\u0117\u017e\u0117s prakti\u0161kos ir universalios daikt\u0173 laikymui. D\u0117l skaidrios med\u017eiagos lengvai matysite ir greitai rasite reikiam\u0105 daikt\u0105.<\/p>","protected":false},"featured_media":3534,"template":"","meta":{"_uag_custom_page_level_css":"","_themeisle_gutenberg_block_has_review":false},"product_cat":[71,33],"product_tag":[],"yoast_head":"<!-- This site is optimized with the Yoast SEO plugin v21.1 - https:\/\/yoast.com\/wordpress\/plugins\/seo\/ -->\n<title>Plastikin\u0117 SimpleStore skaidri d\u0117\u017eut\u0117 su dang\u010diu 3,0l - Ludo Turris<\/title>\n<meta name=\"description\" content=\"kaidrios sand\u0117liavimo d\u0117\u017e\u0117s su dang\u010diu prakti\u0161kos ir universalios daikt\u0173 laikymui. D\u0117l skaidrios med\u017eiagos lengvai rasite ir matysite reikiam\u0105 daikt\u0105.\" \/>\n<meta name=\"robots\" content=\"index, follow, max-snippet:-1, max-image-preview:large, max-video-preview:-1\" \/>\n<link rel=\"canonical\" href=\"https:\/\/www.ludoturris.lt\/en\/product\/plastikine-sandeliavimo-dezute-su-dangciu-3-l\/\" \/>\n<meta property=\"og:locale\" content=\"en_GB\" \/>\n<meta property=\"og:type\" content=\"article\" \/>\n<meta property=\"og:title\" content=\"Plastikin\u0117 SimpleStore skaidri d\u0117\u017eut\u0117 su dang\u010diu 3,0l - Ludo Turris\" \/>\n<meta property=\"og:description\" content=\"kaidrios sand\u0117liavimo d\u0117\u017e\u0117s su dang\u010diu prakti\u0161kos ir universalios daikt\u0173 laikymui. D\u0117l skaidrios med\u017eiagos lengvai rasite ir matysite reikiam\u0105 daikt\u0105.\" \/>\n<meta property=\"og:url\" content=\"https:\/\/www.ludoturris.lt\/en\/product\/plastikine-sandeliavimo-dezute-su-dangciu-3-l\/\" \/>\n<meta property=\"og:site_name\" content=\"Ludo Turris\" \/>\n<meta property=\"article:publisher\" content=\"https:\/\/www.facebook.com\/Ludo-Turris-621921974895920\/\" \/>\n<meta property=\"article:modified_time\" content=\"2026-02-03T08:04:48+00:00\" \/>\n<meta property=\"og:image\" content=\"https:\/\/www.ludoturris.lt\/wp-content\/uploads\/2023\/09\/dezute1272.png\" \/>\n\t<meta property=\"og:image:width\" content=\"1000\" \/>\n\t<meta property=\"og:image:height\" content=\"1000\" \/>\n\t<meta property=\"og:image:type\" content=\"image\/png\" \/>\n<meta name=\"twitter:card\" content=\"summary_large_image\" \/>\n<script type=\"application\/ld+json\" class=\"yoast-schema-graph\">{\"@context\":\"https:\/\/schema.org\",\"@graph\":[{\"@type\":\"WebPage\",\"@id\":\"https:\/\/www.ludoturris.lt\/produktas\/plastikine-sandeliavimo-dezute-su-dangciu-3-l\/\",\"url\":\"https:\/\/www.ludoturris.lt\/produktas\/plastikine-sandeliavimo-dezute-su-dangciu-3-l\/\",\"name\":\"Plastikin\u0117 SimpleStore skaidri d\u0117\u017eut\u0117 su dang\u010diu 3,0l - Ludo Turris\",\"isPartOf\":{\"@id\":\"https:\/\/www.ludoturris.lt\/#website\"},\"datePublished\":\"2023-09-10T08:43:19+00:00\",\"dateModified\":\"2026-02-03T08:04:48+00:00\",\"description\":\"kaidrios sand\u0117liavimo d\u0117\u017e\u0117s su dang\u010diu prakti\u0161kos ir universalios daikt\u0173 laikymui. D\u0117l skaidrios med\u017eiagos lengvai rasite ir matysite reikiam\u0105 daikt\u0105.\",\"breadcrumb\":{\"@id\":\"https:\/\/www.ludoturris.lt\/produktas\/plastikine-sandeliavimo-dezute-su-dangciu-3-l\/#breadcrumb\"},\"inLanguage\":\"en-GB\",\"potentialAction\":[{\"@type\":\"ReadAction\",\"target\":[\"https:\/\/www.ludoturris.lt\/produktas\/plastikine-sandeliavimo-dezute-su-dangciu-3-l\/\"]}]},{\"@type\":\"BreadcrumbList\",\"@id\":\"https:\/\/www.ludoturris.lt\/produktas\/plastikine-sandeliavimo-dezute-su-dangciu-3-l\/#breadcrumb\",\"itemListElement\":[{\"@type\":\"ListItem\",\"position\":1,\"name\":\"Home\",\"item\":\"https:\/\/www.ludoturris.lt\/\"},{\"@type\":\"ListItem\",\"position\":2,\"name\":\"Parduotuv\u0117\",\"item\":\"https:\/\/www.ludoturris.lt\/parduotuve\/\"},{\"@type\":\"ListItem\",\"position\":3,\"name\":\"Plastikin\u0117 SimpleStore skaidri d\u0117\u017eut\u0117 su dang\u010diu 3,0l\"}]},{\"@type\":\"WebSite\",\"@id\":\"https:\/\/www.ludoturris.lt\/#website\",\"url\":\"https:\/\/www.ludoturris.lt\/\",\"name\":\"Ludo Turris\",\"description\":\"K\u016brybi\u0161kum\u0105 ir fantazij\u0105 lavinan\u010dios kalad\u0117l\u0117s\",\"publisher\":{\"@id\":\"https:\/\/www.ludoturris.lt\/#organization\"},\"potentialAction\":[{\"@type\":\"SearchAction\",\"target\":{\"@type\":\"EntryPoint\",\"urlTemplate\":\"https:\/\/www.ludoturris.lt\/?s={search_term_string}\"},\"query-input\":\"required name=search_term_string\"}],\"inLanguage\":\"en-GB\"},{\"@type\":\"Organization\",\"@id\":\"https:\/\/www.ludoturris.lt\/#organization\",\"name\":\"Ludo Turris \u2013 Vakar\u0173 gama, UAB\",\"url\":\"https:\/\/www.ludoturris.lt\/\",\"logo\":{\"@type\":\"ImageObject\",\"inLanguage\":\"en-GB\",\"@id\":\"https:\/\/www.ludoturris.lt\/#\/schema\/logo\/image\/\",\"url\":\"https:\/\/www.ludoturris.lt\/wp-content\/uploads\/2020\/10\/logo@2x.png\",\"contentUrl\":\"https:\/\/www.ludoturris.lt\/wp-content\/uploads\/2020\/10\/logo@2x.png\",\"width\":300,\"height\":147,\"caption\":\"Ludo Turris \u2013 Vakar\u0173 gama, UAB\"},\"image\":{\"@id\":\"https:\/\/www.ludoturris.lt\/#\/schema\/logo\/image\/\"},\"sameAs\":[\"https:\/\/www.facebook.com\/Ludo-Turris-621921974895920\/\",\"https:\/\/www.youtube.com\/channel\/UCuBACq67N1NGC9LVudo4ngw\"]}]}<\/script>\n<!-- \/ Yoast SEO plugin. -->","yoast_head_json":{"title":"Plastikin\u0117 SimpleStore skaidri d\u0117\u017eut\u0117 su dang\u010diu 3,0l - Ludo Turris","description":"kaidrios sand\u0117liavimo d\u0117\u017e\u0117s su dang\u010diu prakti\u0161kos ir universalios daikt\u0173 laikymui. D\u0117l skaidrios med\u017eiagos lengvai rasite ir matysite reikiam\u0105 daikt\u0105.","robots":{"index":"index","follow":"follow","max-snippet":"max-snippet:-1","max-image-preview":"max-image-preview:large","max-video-preview":"max-video-preview:-1"},"canonical":"https:\/\/www.ludoturris.lt\/en\/product\/plastikine-sandeliavimo-dezute-su-dangciu-3-l\/","og_locale":"en_GB","og_type":"article","og_title":"Plastikin\u0117 SimpleStore skaidri d\u0117\u017eut\u0117 su dang\u010diu 3,0l - Ludo Turris","og_description":"kaidrios sand\u0117liavimo d\u0117\u017e\u0117s su dang\u010diu prakti\u0161kos ir universalios daikt\u0173 laikymui. D\u0117l skaidrios med\u017eiagos lengvai rasite ir matysite reikiam\u0105 daikt\u0105.","og_url":"https:\/\/www.ludoturris.lt\/en\/product\/plastikine-sandeliavimo-dezute-su-dangciu-3-l\/","og_site_name":"Ludo Turris","article_publisher":"https:\/\/www.facebook.com\/Ludo-Turris-621921974895920\/","article_modified_time":"2026-02-03T08:04:48+00:00","og_image":[{"width":1000,"height":1000,"url":"https:\/\/www.ludoturris.lt\/wp-content\/uploads\/2023\/09\/dezute1272.png","type":"image\/png"}],"twitter_card":"summary_large_image","schema":{"@context":"https:\/\/schema.org","@graph":[{"@type":"WebPage","@id":"https:\/\/www.ludoturris.lt\/produktas\/plastikine-sandeliavimo-dezute-su-dangciu-3-l\/","url":"https:\/\/www.ludoturris.lt\/produktas\/plastikine-sandeliavimo-dezute-su-dangciu-3-l\/","name":"Plastikin\u0117 SimpleStore skaidri d\u0117\u017eut\u0117 su dang\u010diu 3,0l - Ludo Turris","isPartOf":{"@id":"https:\/\/www.ludoturris.lt\/#website"},"datePublished":"2023-09-10T08:43:19+00:00","dateModified":"2026-02-03T08:04:48+00:00","description":"kaidrios sand\u0117liavimo d\u0117\u017e\u0117s su dang\u010diu prakti\u0161kos ir universalios daikt\u0173 laikymui. D\u0117l skaidrios med\u017eiagos lengvai rasite ir matysite reikiam\u0105 daikt\u0105.","breadcrumb":{"@id":"https:\/\/www.ludoturris.lt\/produktas\/plastikine-sandeliavimo-dezute-su-dangciu-3-l\/#breadcrumb"},"inLanguage":"en-GB","potentialAction":[{"@type":"ReadAction","target":["https:\/\/www.ludoturris.lt\/produktas\/plastikine-sandeliavimo-dezute-su-dangciu-3-l\/"]}]},{"@type":"BreadcrumbList","@id":"https:\/\/www.ludoturris.lt\/produktas\/plastikine-sandeliavimo-dezute-su-dangciu-3-l\/#breadcrumb","itemListElement":[{"@type":"ListItem","position":1,"name":"Home","item":"https:\/\/www.ludoturris.lt\/"},{"@type":"ListItem","position":2,"name":"Parduotuv\u0117","item":"https:\/\/www.ludoturris.lt\/parduotuve\/"},{"@type":"ListItem","position":3,"name":"Plastikin\u0117 SimpleStore skaidri d\u0117\u017eut\u0117 su dang\u010diu 3,0l"}]},{"@type":"WebSite","@id":"https:\/\/www.ludoturris.lt\/#website","url":"https:\/\/www.ludoturris.lt\/","name":"Ludo Turris","description":"K\u016brybi\u0161kum\u0105 ir fantazij\u0105 lavinan\u010dios kalad\u0117l\u0117s","publisher":{"@id":"https:\/\/www.ludoturris.lt\/#organization"},"potentialAction":[{"@type":"SearchAction","target":{"@type":"EntryPoint","urlTemplate":"https:\/\/www.ludoturris.lt\/?s={search_term_string}"},"query-input":"required name=search_term_string"}],"inLanguage":"en-GB"},{"@type":"Organization","@id":"https:\/\/www.ludoturris.lt\/#organization","name":"Ludo Turris \u2013 Vakar\u0173 gama, UAB","url":"https:\/\/www.ludoturris.lt\/","logo":{"@type":"ImageObject","inLanguage":"en-GB","@id":"https:\/\/www.ludoturris.lt\/#\/schema\/logo\/image\/","url":"https:\/\/www.ludoturris.lt\/wp-content\/uploads\/2020\/10\/logo@2x.png","contentUrl":"https:\/\/www.ludoturris.lt\/wp-content\/uploads\/2020\/10\/logo@2x.png","width":300,"height":147,"caption":"Ludo Turris \u2013 Vakar\u0173 gama, UAB"},"image":{"@id":"https:\/\/www.ludoturris.lt\/#\/schema\/logo\/image\/"},"sameAs":["https:\/\/www.facebook.com\/Ludo-Turris-621921974895920\/","https:\/\/www.youtube.com\/channel\/UCuBACq67N1NGC9LVudo4ngw"]}]}},"uagb_featured_image_src":{"full":["https:\/\/www.ludoturris.lt\/wp-content\/uploads\/2023\/09\/dezute1272.png",1000,1000,false],"thumbnail":["https:\/\/www.ludoturris.lt\/wp-content\/uploads\/2023\/09\/dezute1272-150x150.png",150,150,true],"medium":["https:\/\/www.ludoturris.lt\/wp-content\/uploads\/2023\/09\/dezute1272-300x300.png",300,300,true],"medium_large":["https:\/\/www.ludoturris.lt\/wp-content\/uploads\/2023\/09\/dezute1272-768x768.png",768,768,true],"large":["https:\/\/www.ludoturris.lt\/wp-content\/uploads\/2023\/09\/dezute1272.png",1000,1000,false],"1536x1536":["https:\/\/www.ludoturris.lt\/wp-content\/uploads\/2023\/09\/dezute1272.png",1000,1000,false],"2048x2048":["https:\/\/www.ludoturris.lt\/wp-content\/uploads\/2023\/09\/dezute1272.png",1000,1000,false],"trp-custom-language-flag":["https:\/\/www.ludoturris.lt\/wp-content\/uploads\/2023\/09\/dezute1272-12x12.png",12,12,true],"woocommerce_thumbnail":["https:\/\/www.ludoturris.lt\/wp-content\/uploads\/2023\/09\/dezute1272-300x300.png",300,300,true],"woocommerce_single":["https:\/\/www.ludoturris.lt\/wp-content\/uploads\/2023\/09\/dezute1272-600x600.png",600,600,true],"woocommerce_gallery_thumbnail":["https:\/\/www.ludoturris.lt\/wp-content\/uploads\/2023\/09\/dezute1272-100x100.png",100,100,true],"variation_swatches_image_size":["https:\/\/www.ludoturris.lt\/wp-content\/uploads\/2023\/09\/dezute1272-50x50.png",50,50,true],"variation_swatches_tooltip_size":["https:\/\/www.ludoturris.lt\/wp-content\/uploads\/2023\/09\/dezute1272-100x100.png",100,100,true],"dgwt-wcas-product-suggestion":["https:\/\/www.ludoturris.lt\/wp-content\/uploads\/2023\/09\/dezute1272.png",64,64,false]},"uagb_author_info":{"display_name":"LudoTurris","author_link":"https:\/\/www.ludoturris.lt\/en\/author\/"},"uagb_comment_info":0,"uagb_excerpt":"Skaidrios sand\u0117liavimo d\u0117\u017e\u0117s prakti\u0161kos ir universalios daikt\u0173 laikymui. D\u0117l skaidrios med\u017eiagos lengvai matysite ir greitai rasite reikiam\u0105 daikt\u0105.","_links":{"self":[{"href":"https:\/\/www.ludoturris.lt\/en\/wp-json\/wp\/v2\/product\/3377"}],"collection":[{"href":"https:\/\/www.ludoturris.lt\/en\/wp-json\/wp\/v2\/product"}],"about":[{"href":"https:\/\/www.ludoturris.lt\/en\/wp-json\/wp\/v2\/types\/product"}],"wp:featuredmedia":[{"embeddable":true,"href":"https:\/\/www.ludoturris.lt\/en\/wp-json\/wp\/v2\/media\/3534"}],"wp:attachment":[{"href":"https:\/\/www.ludoturris.lt\/en\/wp-json\/wp\/v2\/media?parent=3377"}],"wp:term":[{"taxonomy":"product_cat","embeddable":true,"href":"https:\/\/www.ludoturris.lt\/en\/wp-json\/wp\/v2\/product_cat?post=3377"},{"taxonomy":"product_tag","embeddable":true,"href":"https:\/\/www.ludoturris.lt\/en\/wp-json\/wp\/v2\/product_tag?post=3377"}],"curies":[{"name":"wp","href":"https:\/\/api.w.org\/{rel}","templated":true}]}}