{"id":3241,"date":"2023-03-08T06:26:26","date_gmt":"2023-03-08T08:26:26","guid":{"rendered":"https:\/\/www.ludoturris.lt\/?post_type=product&#038;p=3241"},"modified":"2026-02-05T14:56:08","modified_gmt":"2026-02-05T16:56:08","slug":"rinkinys-lt-2","status":"publish","type":"product","link":"https:\/\/www.ludoturris.lt\/en\/product\/rinkinys-lt-2\/","title":{"rendered":"Rinkinys LT.2"},"content":{"rendered":"<p>Rinkin\u012f sudaro trys skirtingos kalad\u0117li\u0173 spalvos (pilka-ruda-\u017ealia). Pakuot\u0117je yra surinkimo schema, pad\u0117sianti surinkti du modelius: bok\u0161t\u0105 ir gara\u017e\u0105. Rinkinys komplektuojamas, parduodamas kartu su plastikine sand\u0117liavimo d\u0117\u017eute. Am\u017eius nuo 3 met\u0173.<\/p>\n<p><em>Our products comply with all toy safety technical regulations and EN 71 series standards in force in Lithuania and Europe. We use only high-quality certified materials to make educational blocks.<\/em><\/p>\n<p><a href=\"https:\/\/www.ludoturris.lt\/wp-content\/uploads\/2023\/03\/rinkinys-lt-2-lavinancios-kaladeles-bokstas.jpg\"><img decoding=\"async\" class=\"alignnone wp-image-3244 size-medium\" src=\"https:\/\/www.ludoturris.lt\/wp-content\/uploads\/2023\/03\/rinkinys-lt-2-lavinancios-kaladeles-bokstas-300x200.jpg\" alt=\"Rinkinys LT.2 \u2013 Bok\u0161tas \u2013 K\u016brybi\u0161kum\u0105 ir fantazij\u0105 lavinan\u010dios kalad\u0117l\u0117s\" width=\"300\" height=\"200\" srcset=\"https:\/\/www.ludoturris.lt\/wp-content\/uploads\/2023\/03\/rinkinys-lt-2-lavinancios-kaladeles-bokstas-300x200.jpg 300w, https:\/\/www.ludoturris.lt\/wp-content\/uploads\/2023\/03\/rinkinys-lt-2-lavinancios-kaladeles-bokstas-600x400.jpg 600w, https:\/\/www.ludoturris.lt\/wp-content\/uploads\/2023\/03\/rinkinys-lt-2-lavinancios-kaladeles-bokstas-1024x683.jpg 1024w, https:\/\/www.ludoturris.lt\/wp-content\/uploads\/2023\/03\/rinkinys-lt-2-lavinancios-kaladeles-bokstas-768x512.jpg 768w, https:\/\/www.ludoturris.lt\/wp-content\/uploads\/2023\/03\/rinkinys-lt-2-lavinancios-kaladeles-bokstas-18x12.jpg 18w, https:\/\/www.ludoturris.lt\/wp-content\/uploads\/2023\/03\/rinkinys-lt-2-lavinancios-kaladeles-bokstas.jpg 1500w\" sizes=\"(max-width: 300px) 100vw, 300px\" \/><\/a> <a href=\"https:\/\/www.ludoturris.lt\/wp-content\/uploads\/2023\/03\/rinkinys-lt-2-lavinancios-kaladeles-garazas.jpg\"><img decoding=\"async\" class=\"alignnone wp-image-3243 size-medium\" src=\"https:\/\/www.ludoturris.lt\/wp-content\/uploads\/2023\/03\/rinkinys-lt-2-lavinancios-kaladeles-garazas-300x200.jpg\" alt=\"Rinkinys LT.2 \u2013 Gara\u017eas \u2013 K\u016brybi\u0161kum\u0105 ir fantazij\u0105 lavinan\u010dios kalad\u0117l\u0117s\" width=\"300\" height=\"200\" srcset=\"https:\/\/www.ludoturris.lt\/wp-content\/uploads\/2023\/03\/rinkinys-lt-2-lavinancios-kaladeles-garazas-300x200.jpg 300w, https:\/\/www.ludoturris.lt\/wp-content\/uploads\/2023\/03\/rinkinys-lt-2-lavinancios-kaladeles-garazas-600x400.jpg 600w, https:\/\/www.ludoturris.lt\/wp-content\/uploads\/2023\/03\/rinkinys-lt-2-lavinancios-kaladeles-garazas-1024x683.jpg 1024w, https:\/\/www.ludoturris.lt\/wp-content\/uploads\/2023\/03\/rinkinys-lt-2-lavinancios-kaladeles-garazas-768x512.jpg 768w, https:\/\/www.ludoturris.lt\/wp-content\/uploads\/2023\/03\/rinkinys-lt-2-lavinancios-kaladeles-garazas-18x12.jpg 18w, https:\/\/www.ludoturris.lt\/wp-content\/uploads\/2023\/03\/rinkinys-lt-2-lavinancios-kaladeles-garazas.jpg 1500w\" sizes=\"(max-width: 300px) 100vw, 300px\" \/><\/a><\/p>","protected":false},"excerpt":{"rendered":"<p>The set includes:<\/p>\n<ul>\n<li>100 vnt. trij\u0173 skirting\u0173 spalv\u0173 kalad\u0117l\u0117s (pilka-ruda-\u017ealia).<\/li>\n<\/ul>","protected":false},"featured_media":3242,"template":"","meta":{"_uag_custom_page_level_css":"","_themeisle_gutenberg_block_has_review":false},"product_cat":[69,28],"product_tag":[],"yoast_head":"<!-- This site is optimized with the Yoast SEO plugin v21.1 - https:\/\/yoast.com\/wordpress\/plugins\/seo\/ -->\n<title>Rinkinys LT.2 - Ludo Turris<\/title>\n<meta name=\"description\" content=\"Lietuvi\u0161kos plastikin\u0117s kalad\u0117l\u0117s vaikams ludo-turris \u2013 tai auk\u0161tos kokyb\u0117s, saugios, k\u016brybi\u0161kum\u0105 ir fantazij\u0105 skatinan\u010dios kalad\u0117l\u0117s.\" \/>\n<meta name=\"robots\" content=\"index, follow, max-snippet:-1, max-image-preview:large, max-video-preview:-1\" \/>\n<link rel=\"canonical\" href=\"https:\/\/www.ludoturris.lt\/en\/product\/rinkinys-lt-2\/\" \/>\n<meta property=\"og:locale\" content=\"en_GB\" \/>\n<meta property=\"og:type\" content=\"article\" \/>\n<meta property=\"og:title\" content=\"Rinkinys LT.2 - Ludo Turris\" \/>\n<meta property=\"og:description\" content=\"Lietuvi\u0161kos plastikin\u0117s kalad\u0117l\u0117s vaikams ludo-turris \u2013 tai auk\u0161tos kokyb\u0117s, saugios, k\u016brybi\u0161kum\u0105 ir fantazij\u0105 skatinan\u010dios kalad\u0117l\u0117s.\" \/>\n<meta property=\"og:url\" content=\"https:\/\/www.ludoturris.lt\/en\/product\/rinkinys-lt-2\/\" \/>\n<meta property=\"og:site_name\" content=\"Ludo Turris\" \/>\n<meta property=\"article:publisher\" content=\"https:\/\/www.facebook.com\/Ludo-Turris-621921974895920\/\" \/>\n<meta property=\"article:modified_time\" content=\"2026-02-05T16:56:08+00:00\" \/>\n<meta property=\"og:image\" content=\"https:\/\/www.ludoturris.lt\/wp-content\/uploads\/2023\/03\/rinkinys-lt-2-lavinancios-kaladeles.jpg\" \/>\n\t<meta property=\"og:image:width\" content=\"1500\" \/>\n\t<meta property=\"og:image:height\" content=\"1500\" \/>\n\t<meta property=\"og:image:type\" content=\"image\/jpeg\" \/>\n<meta name=\"twitter:card\" content=\"summary_large_image\" \/>\n<meta name=\"twitter:label1\" content=\"Estimated reading time\" \/>\n\t<meta name=\"twitter:data1\" content=\"1 minute\" \/>\n<script type=\"application\/ld+json\" class=\"yoast-schema-graph\">{\"@context\":\"https:\/\/schema.org\",\"@graph\":[{\"@type\":\"WebPage\",\"@id\":\"https:\/\/www.ludoturris.lt\/produktas\/rinkinys-lt-2\/\",\"url\":\"https:\/\/www.ludoturris.lt\/produktas\/rinkinys-lt-2\/\",\"name\":\"Rinkinys LT.2 - Ludo Turris\",\"isPartOf\":{\"@id\":\"https:\/\/www.ludoturris.lt\/#website\"},\"datePublished\":\"2023-03-08T08:26:26+00:00\",\"dateModified\":\"2026-02-05T16:56:08+00:00\",\"description\":\"Lietuvi\u0161kos plastikin\u0117s kalad\u0117l\u0117s vaikams ludo-turris \u2013 tai auk\u0161tos kokyb\u0117s, saugios, k\u016brybi\u0161kum\u0105 ir fantazij\u0105 skatinan\u010dios kalad\u0117l\u0117s.\",\"breadcrumb\":{\"@id\":\"https:\/\/www.ludoturris.lt\/produktas\/rinkinys-lt-2\/#breadcrumb\"},\"inLanguage\":\"en-GB\",\"potentialAction\":[{\"@type\":\"ReadAction\",\"target\":[\"https:\/\/www.ludoturris.lt\/produktas\/rinkinys-lt-2\/\"]}]},{\"@type\":\"BreadcrumbList\",\"@id\":\"https:\/\/www.ludoturris.lt\/produktas\/rinkinys-lt-2\/#breadcrumb\",\"itemListElement\":[{\"@type\":\"ListItem\",\"position\":1,\"name\":\"Home\",\"item\":\"https:\/\/www.ludoturris.lt\/\"},{\"@type\":\"ListItem\",\"position\":2,\"name\":\"Parduotuv\u0117\",\"item\":\"https:\/\/www.ludoturris.lt\/parduotuve\/\"},{\"@type\":\"ListItem\",\"position\":3,\"name\":\"Rinkinys LT.2\"}]},{\"@type\":\"WebSite\",\"@id\":\"https:\/\/www.ludoturris.lt\/#website\",\"url\":\"https:\/\/www.ludoturris.lt\/\",\"name\":\"Ludo Turris\",\"description\":\"K\u016brybi\u0161kum\u0105 ir fantazij\u0105 lavinan\u010dios kalad\u0117l\u0117s\",\"publisher\":{\"@id\":\"https:\/\/www.ludoturris.lt\/#organization\"},\"potentialAction\":[{\"@type\":\"SearchAction\",\"target\":{\"@type\":\"EntryPoint\",\"urlTemplate\":\"https:\/\/www.ludoturris.lt\/?s={search_term_string}\"},\"query-input\":\"required name=search_term_string\"}],\"inLanguage\":\"en-GB\"},{\"@type\":\"Organization\",\"@id\":\"https:\/\/www.ludoturris.lt\/#organization\",\"name\":\"Ludo Turris \u2013 Vakar\u0173 gama, UAB\",\"url\":\"https:\/\/www.ludoturris.lt\/\",\"logo\":{\"@type\":\"ImageObject\",\"inLanguage\":\"en-GB\",\"@id\":\"https:\/\/www.ludoturris.lt\/#\/schema\/logo\/image\/\",\"url\":\"https:\/\/www.ludoturris.lt\/wp-content\/uploads\/2020\/10\/logo@2x.png\",\"contentUrl\":\"https:\/\/www.ludoturris.lt\/wp-content\/uploads\/2020\/10\/logo@2x.png\",\"width\":300,\"height\":147,\"caption\":\"Ludo Turris \u2013 Vakar\u0173 gama, UAB\"},\"image\":{\"@id\":\"https:\/\/www.ludoturris.lt\/#\/schema\/logo\/image\/\"},\"sameAs\":[\"https:\/\/www.facebook.com\/Ludo-Turris-621921974895920\/\",\"https:\/\/www.youtube.com\/channel\/UCuBACq67N1NGC9LVudo4ngw\"]}]}<\/script>\n<!-- \/ Yoast SEO plugin. -->","yoast_head_json":{"title":"Rinkinys LT.2 - Ludo Turris","description":"Lietuvi\u0161kos plastikin\u0117s kalad\u0117l\u0117s vaikams ludo-turris \u2013 tai auk\u0161tos kokyb\u0117s, saugios, k\u016brybi\u0161kum\u0105 ir fantazij\u0105 skatinan\u010dios kalad\u0117l\u0117s.","robots":{"index":"index","follow":"follow","max-snippet":"max-snippet:-1","max-image-preview":"max-image-preview:large","max-video-preview":"max-video-preview:-1"},"canonical":"https:\/\/www.ludoturris.lt\/en\/product\/rinkinys-lt-2\/","og_locale":"en_GB","og_type":"article","og_title":"Rinkinys LT.2 - Ludo Turris","og_description":"Lietuvi\u0161kos plastikin\u0117s kalad\u0117l\u0117s vaikams ludo-turris \u2013 tai auk\u0161tos kokyb\u0117s, saugios, k\u016brybi\u0161kum\u0105 ir fantazij\u0105 skatinan\u010dios kalad\u0117l\u0117s.","og_url":"https:\/\/www.ludoturris.lt\/en\/product\/rinkinys-lt-2\/","og_site_name":"Ludo Turris","article_publisher":"https:\/\/www.facebook.com\/Ludo-Turris-621921974895920\/","article_modified_time":"2026-02-05T16:56:08+00:00","og_image":[{"width":1500,"height":1500,"url":"https:\/\/www.ludoturris.lt\/wp-content\/uploads\/2023\/03\/rinkinys-lt-2-lavinancios-kaladeles.jpg","type":"image\/jpeg"}],"twitter_card":"summary_large_image","twitter_misc":{"Estimated reading time":"1 minute"},"schema":{"@context":"https:\/\/schema.org","@graph":[{"@type":"WebPage","@id":"https:\/\/www.ludoturris.lt\/produktas\/rinkinys-lt-2\/","url":"https:\/\/www.ludoturris.lt\/produktas\/rinkinys-lt-2\/","name":"Rinkinys LT.2 - Ludo Turris","isPartOf":{"@id":"https:\/\/www.ludoturris.lt\/#website"},"datePublished":"2023-03-08T08:26:26+00:00","dateModified":"2026-02-05T16:56:08+00:00","description":"Lietuvi\u0161kos plastikin\u0117s kalad\u0117l\u0117s vaikams ludo-turris \u2013 tai auk\u0161tos kokyb\u0117s, saugios, k\u016brybi\u0161kum\u0105 ir fantazij\u0105 skatinan\u010dios kalad\u0117l\u0117s.","breadcrumb":{"@id":"https:\/\/www.ludoturris.lt\/produktas\/rinkinys-lt-2\/#breadcrumb"},"inLanguage":"en-GB","potentialAction":[{"@type":"ReadAction","target":["https:\/\/www.ludoturris.lt\/produktas\/rinkinys-lt-2\/"]}]},{"@type":"BreadcrumbList","@id":"https:\/\/www.ludoturris.lt\/produktas\/rinkinys-lt-2\/#breadcrumb","itemListElement":[{"@type":"ListItem","position":1,"name":"Home","item":"https:\/\/www.ludoturris.lt\/"},{"@type":"ListItem","position":2,"name":"Parduotuv\u0117","item":"https:\/\/www.ludoturris.lt\/parduotuve\/"},{"@type":"ListItem","position":3,"name":"Rinkinys LT.2"}]},{"@type":"WebSite","@id":"https:\/\/www.ludoturris.lt\/#website","url":"https:\/\/www.ludoturris.lt\/","name":"Ludo Turris","description":"K\u016brybi\u0161kum\u0105 ir fantazij\u0105 lavinan\u010dios kalad\u0117l\u0117s","publisher":{"@id":"https:\/\/www.ludoturris.lt\/#organization"},"potentialAction":[{"@type":"SearchAction","target":{"@type":"EntryPoint","urlTemplate":"https:\/\/www.ludoturris.lt\/?s={search_term_string}"},"query-input":"required name=search_term_string"}],"inLanguage":"en-GB"},{"@type":"Organization","@id":"https:\/\/www.ludoturris.lt\/#organization","name":"Ludo Turris \u2013 Vakar\u0173 gama, UAB","url":"https:\/\/www.ludoturris.lt\/","logo":{"@type":"ImageObject","inLanguage":"en-GB","@id":"https:\/\/www.ludoturris.lt\/#\/schema\/logo\/image\/","url":"https:\/\/www.ludoturris.lt\/wp-content\/uploads\/2020\/10\/logo@2x.png","contentUrl":"https:\/\/www.ludoturris.lt\/wp-content\/uploads\/2020\/10\/logo@2x.png","width":300,"height":147,"caption":"Ludo Turris \u2013 Vakar\u0173 gama, UAB"},"image":{"@id":"https:\/\/www.ludoturris.lt\/#\/schema\/logo\/image\/"},"sameAs":["https:\/\/www.facebook.com\/Ludo-Turris-621921974895920\/","https:\/\/www.youtube.com\/channel\/UCuBACq67N1NGC9LVudo4ngw"]}]}},"uagb_featured_image_src":{"full":["https:\/\/www.ludoturris.lt\/wp-content\/uploads\/2023\/03\/rinkinys-lt-2-lavinancios-kaladeles.jpg",1500,1500,false],"thumbnail":["https:\/\/www.ludoturris.lt\/wp-content\/uploads\/2023\/03\/rinkinys-lt-2-lavinancios-kaladeles-150x150.jpg",150,150,true],"medium":["https:\/\/www.ludoturris.lt\/wp-content\/uploads\/2023\/03\/rinkinys-lt-2-lavinancios-kaladeles-300x300.jpg",300,300,true],"medium_large":["https:\/\/www.ludoturris.lt\/wp-content\/uploads\/2023\/03\/rinkinys-lt-2-lavinancios-kaladeles-768x768.jpg",768,768,true],"large":["https:\/\/www.ludoturris.lt\/wp-content\/uploads\/2023\/03\/rinkinys-lt-2-lavinancios-kaladeles-1024x1024.jpg",1024,1024,true],"1536x1536":["https:\/\/www.ludoturris.lt\/wp-content\/uploads\/2023\/03\/rinkinys-lt-2-lavinancios-kaladeles.jpg",1500,1500,false],"2048x2048":["https:\/\/www.ludoturris.lt\/wp-content\/uploads\/2023\/03\/rinkinys-lt-2-lavinancios-kaladeles.jpg",1500,1500,false],"trp-custom-language-flag":["https:\/\/www.ludoturris.lt\/wp-content\/uploads\/2023\/03\/rinkinys-lt-2-lavinancios-kaladeles-12x12.jpg",12,12,true],"woocommerce_thumbnail":["https:\/\/www.ludoturris.lt\/wp-content\/uploads\/2023\/03\/rinkinys-lt-2-lavinancios-kaladeles-300x300.jpg",300,300,true],"woocommerce_single":["https:\/\/www.ludoturris.lt\/wp-content\/uploads\/2023\/03\/rinkinys-lt-2-lavinancios-kaladeles-600x600.jpg",600,600,true],"woocommerce_gallery_thumbnail":["https:\/\/www.ludoturris.lt\/wp-content\/uploads\/2023\/03\/rinkinys-lt-2-lavinancios-kaladeles-100x100.jpg",100,100,true],"variation_swatches_image_size":["https:\/\/www.ludoturris.lt\/wp-content\/uploads\/2023\/03\/rinkinys-lt-2-lavinancios-kaladeles.jpg",50,50,false],"variation_swatches_tooltip_size":["https:\/\/www.ludoturris.lt\/wp-content\/uploads\/2023\/03\/rinkinys-lt-2-lavinancios-kaladeles.jpg",100,100,false],"dgwt-wcas-product-suggestion":["https:\/\/www.ludoturris.lt\/wp-content\/uploads\/2023\/03\/rinkinys-lt-2-lavinancios-kaladeles.jpg",64,64,false]},"uagb_author_info":{"display_name":"LudoTurris","author_link":"https:\/\/www.ludoturris.lt\/en\/author\/"},"uagb_comment_info":0,"uagb_excerpt":"\u012e komplektacij\u0105 \u012feina: 100 vnt. trij\u0173 skirting\u0173 spalv\u0173 kalad\u0117l\u0117s (pilka-ruda-\u017ealia).","_links":{"self":[{"href":"https:\/\/www.ludoturris.lt\/en\/wp-json\/wp\/v2\/product\/3241"}],"collection":[{"href":"https:\/\/www.ludoturris.lt\/en\/wp-json\/wp\/v2\/product"}],"about":[{"href":"https:\/\/www.ludoturris.lt\/en\/wp-json\/wp\/v2\/types\/product"}],"wp:featuredmedia":[{"embeddable":true,"href":"https:\/\/www.ludoturris.lt\/en\/wp-json\/wp\/v2\/media\/3242"}],"wp:attachment":[{"href":"https:\/\/www.ludoturris.lt\/en\/wp-json\/wp\/v2\/media?parent=3241"}],"wp:term":[{"taxonomy":"product_cat","embeddable":true,"href":"https:\/\/www.ludoturris.lt\/en\/wp-json\/wp\/v2\/product_cat?post=3241"},{"taxonomy":"product_tag","embeddable":true,"href":"https:\/\/www.ludoturris.lt\/en\/wp-json\/wp\/v2\/product_tag?post=3241"}],"curies":[{"name":"wp","href":"https:\/\/api.w.org\/{rel}","templated":true}]}}