{"id":242,"date":"2018-06-20T07:16:12","date_gmt":"2018-06-20T09:16:12","guid":{"rendered":"https:\/\/www.ludoturris.lt\/produktas\/valentines-day-special-mug\/"},"modified":"2026-02-05T14:55:09","modified_gmt":"2026-02-05T16:55:09","slug":"rinkinys-lt100","status":"publish","type":"product","link":"https:\/\/www.ludoturris.lt\/en\/product\/rinkinys-lt100\/","title":{"rendered":"Set LT100"},"content":{"rendered":"<p>The set is completed with 100 pcs. one color blocks. Age from 3 years.<\/p>\n<p><em>Our products comply with all toy safety technical regulations and EN 71 series standards in force in Lithuania and Europe. We use only high-quality certified materials to make educational blocks.<\/em><\/p>","protected":false},"excerpt":{"rendered":"<p>The set includes:<\/p>\n<ul>\n<li>100 pcs. one color blocks.<\/li>\n<\/ul>","protected":false},"featured_media":2490,"template":"","meta":{"_uag_custom_page_level_css":"","_themeisle_gutenberg_block_has_review":false},"product_cat":[69,28],"product_tag":[],"yoast_head":"<!-- This site is optimized with the Yoast SEO plugin v21.1 - https:\/\/yoast.com\/wordpress\/plugins\/seo\/ -->\n<title>Rinkinys LT100 - Ludo Turris<\/title>\n<meta name=\"description\" content=\"Lietuvi\u0161kos plastikin\u0117s kalad\u0117l\u0117s vaikams ludo-turris \u2013 tai auk\u0161tos kokyb\u0117s, saugios ir k\u016brybi\u0161kum\u0105, fantazij\u0105 lavinan\u010dios kalad\u0117l\u0117s.\" \/>\n<meta name=\"robots\" content=\"index, follow, max-snippet:-1, max-image-preview:large, max-video-preview:-1\" \/>\n<link rel=\"canonical\" href=\"https:\/\/www.ludoturris.lt\/en\/product\/rinkinys-lt100\/\" \/>\n<meta property=\"og:locale\" content=\"en_GB\" \/>\n<meta property=\"og:type\" content=\"article\" \/>\n<meta property=\"og:title\" content=\"Rinkinys LT100 - Ludo Turris\" \/>\n<meta property=\"og:description\" content=\"Lietuvi\u0161kos plastikin\u0117s kalad\u0117l\u0117s vaikams ludo-turris \u2013 tai auk\u0161tos kokyb\u0117s, saugios ir k\u016brybi\u0161kum\u0105, fantazij\u0105 lavinan\u010dios kalad\u0117l\u0117s.\" \/>\n<meta property=\"og:url\" content=\"https:\/\/www.ludoturris.lt\/en\/product\/rinkinys-lt100\/\" \/>\n<meta property=\"og:site_name\" content=\"Ludo Turris\" \/>\n<meta property=\"article:publisher\" content=\"https:\/\/www.facebook.com\/Ludo-Turris-621921974895920\/\" \/>\n<meta property=\"article:modified_time\" content=\"2026-02-05T16:55:09+00:00\" \/>\n<meta property=\"og:image\" content=\"https:\/\/www.ludoturris.lt\/wp-content\/uploads\/2018\/06\/lt100-rinkinys.jpg\" \/>\n\t<meta property=\"og:image:width\" content=\"1500\" \/>\n\t<meta property=\"og:image:height\" content=\"1500\" \/>\n\t<meta property=\"og:image:type\" content=\"image\/jpeg\" \/>\n<meta name=\"twitter:card\" content=\"summary_large_image\" \/>\n<meta name=\"twitter:label1\" content=\"Estimated reading time\" \/>\n\t<meta name=\"twitter:data1\" content=\"1 minute\" \/>\n<script type=\"application\/ld+json\" class=\"yoast-schema-graph\">{\"@context\":\"https:\/\/schema.org\",\"@graph\":[{\"@type\":\"WebPage\",\"@id\":\"https:\/\/www.ludoturris.lt\/produktas\/rinkinys-lt100\/\",\"url\":\"https:\/\/www.ludoturris.lt\/produktas\/rinkinys-lt100\/\",\"name\":\"Rinkinys LT100 - Ludo Turris\",\"isPartOf\":{\"@id\":\"https:\/\/www.ludoturris.lt\/#website\"},\"datePublished\":\"2018-06-20T09:16:12+00:00\",\"dateModified\":\"2026-02-05T16:55:09+00:00\",\"description\":\"Lietuvi\u0161kos plastikin\u0117s kalad\u0117l\u0117s vaikams ludo-turris \u2013 tai auk\u0161tos kokyb\u0117s, saugios ir k\u016brybi\u0161kum\u0105, fantazij\u0105 lavinan\u010dios kalad\u0117l\u0117s.\",\"breadcrumb\":{\"@id\":\"https:\/\/www.ludoturris.lt\/produktas\/rinkinys-lt100\/#breadcrumb\"},\"inLanguage\":\"en-GB\",\"potentialAction\":[{\"@type\":\"ReadAction\",\"target\":[\"https:\/\/www.ludoturris.lt\/produktas\/rinkinys-lt100\/\"]}]},{\"@type\":\"BreadcrumbList\",\"@id\":\"https:\/\/www.ludoturris.lt\/produktas\/rinkinys-lt100\/#breadcrumb\",\"itemListElement\":[{\"@type\":\"ListItem\",\"position\":1,\"name\":\"Home\",\"item\":\"https:\/\/www.ludoturris.lt\/\"},{\"@type\":\"ListItem\",\"position\":2,\"name\":\"Parduotuv\u0117\",\"item\":\"https:\/\/www.ludoturris.lt\/parduotuve\/\"},{\"@type\":\"ListItem\",\"position\":3,\"name\":\"Rinkinys LT100\"}]},{\"@type\":\"WebSite\",\"@id\":\"https:\/\/www.ludoturris.lt\/#website\",\"url\":\"https:\/\/www.ludoturris.lt\/\",\"name\":\"Ludo Turris\",\"description\":\"K\u016brybi\u0161kum\u0105 ir fantazij\u0105 lavinan\u010dios kalad\u0117l\u0117s\",\"publisher\":{\"@id\":\"https:\/\/www.ludoturris.lt\/#organization\"},\"potentialAction\":[{\"@type\":\"SearchAction\",\"target\":{\"@type\":\"EntryPoint\",\"urlTemplate\":\"https:\/\/www.ludoturris.lt\/?s={search_term_string}\"},\"query-input\":\"required name=search_term_string\"}],\"inLanguage\":\"en-GB\"},{\"@type\":\"Organization\",\"@id\":\"https:\/\/www.ludoturris.lt\/#organization\",\"name\":\"Ludo Turris \u2013 Vakar\u0173 gama, UAB\",\"url\":\"https:\/\/www.ludoturris.lt\/\",\"logo\":{\"@type\":\"ImageObject\",\"inLanguage\":\"en-GB\",\"@id\":\"https:\/\/www.ludoturris.lt\/#\/schema\/logo\/image\/\",\"url\":\"https:\/\/www.ludoturris.lt\/wp-content\/uploads\/2020\/10\/logo@2x.png\",\"contentUrl\":\"https:\/\/www.ludoturris.lt\/wp-content\/uploads\/2020\/10\/logo@2x.png\",\"width\":300,\"height\":147,\"caption\":\"Ludo Turris \u2013 Vakar\u0173 gama, UAB\"},\"image\":{\"@id\":\"https:\/\/www.ludoturris.lt\/#\/schema\/logo\/image\/\"},\"sameAs\":[\"https:\/\/www.facebook.com\/Ludo-Turris-621921974895920\/\",\"https:\/\/www.youtube.com\/channel\/UCuBACq67N1NGC9LVudo4ngw\"]}]}<\/script>\n<!-- \/ Yoast SEO plugin. -->","yoast_head_json":{"title":"Rinkinys LT100 - Ludo Turris","description":"Lietuvi\u0161kos plastikin\u0117s kalad\u0117l\u0117s vaikams ludo-turris \u2013 tai auk\u0161tos kokyb\u0117s, saugios ir k\u016brybi\u0161kum\u0105, fantazij\u0105 lavinan\u010dios kalad\u0117l\u0117s.","robots":{"index":"index","follow":"follow","max-snippet":"max-snippet:-1","max-image-preview":"max-image-preview:large","max-video-preview":"max-video-preview:-1"},"canonical":"https:\/\/www.ludoturris.lt\/en\/product\/rinkinys-lt100\/","og_locale":"en_GB","og_type":"article","og_title":"Rinkinys LT100 - Ludo Turris","og_description":"Lietuvi\u0161kos plastikin\u0117s kalad\u0117l\u0117s vaikams ludo-turris \u2013 tai auk\u0161tos kokyb\u0117s, saugios ir k\u016brybi\u0161kum\u0105, fantazij\u0105 lavinan\u010dios kalad\u0117l\u0117s.","og_url":"https:\/\/www.ludoturris.lt\/en\/product\/rinkinys-lt100\/","og_site_name":"Ludo Turris","article_publisher":"https:\/\/www.facebook.com\/Ludo-Turris-621921974895920\/","article_modified_time":"2026-02-05T16:55:09+00:00","og_image":[{"width":1500,"height":1500,"url":"https:\/\/www.ludoturris.lt\/wp-content\/uploads\/2018\/06\/lt100-rinkinys.jpg","type":"image\/jpeg"}],"twitter_card":"summary_large_image","twitter_misc":{"Estimated reading time":"1 minute"},"schema":{"@context":"https:\/\/schema.org","@graph":[{"@type":"WebPage","@id":"https:\/\/www.ludoturris.lt\/produktas\/rinkinys-lt100\/","url":"https:\/\/www.ludoturris.lt\/produktas\/rinkinys-lt100\/","name":"Rinkinys LT100 - Ludo Turris","isPartOf":{"@id":"https:\/\/www.ludoturris.lt\/#website"},"datePublished":"2018-06-20T09:16:12+00:00","dateModified":"2026-02-05T16:55:09+00:00","description":"Lietuvi\u0161kos plastikin\u0117s kalad\u0117l\u0117s vaikams ludo-turris \u2013 tai auk\u0161tos kokyb\u0117s, saugios ir k\u016brybi\u0161kum\u0105, fantazij\u0105 lavinan\u010dios kalad\u0117l\u0117s.","breadcrumb":{"@id":"https:\/\/www.ludoturris.lt\/produktas\/rinkinys-lt100\/#breadcrumb"},"inLanguage":"en-GB","potentialAction":[{"@type":"ReadAction","target":["https:\/\/www.ludoturris.lt\/produktas\/rinkinys-lt100\/"]}]},{"@type":"BreadcrumbList","@id":"https:\/\/www.ludoturris.lt\/produktas\/rinkinys-lt100\/#breadcrumb","itemListElement":[{"@type":"ListItem","position":1,"name":"Home","item":"https:\/\/www.ludoturris.lt\/"},{"@type":"ListItem","position":2,"name":"Parduotuv\u0117","item":"https:\/\/www.ludoturris.lt\/parduotuve\/"},{"@type":"ListItem","position":3,"name":"Rinkinys LT100"}]},{"@type":"WebSite","@id":"https:\/\/www.ludoturris.lt\/#website","url":"https:\/\/www.ludoturris.lt\/","name":"Ludo Turris","description":"K\u016brybi\u0161kum\u0105 ir fantazij\u0105 lavinan\u010dios kalad\u0117l\u0117s","publisher":{"@id":"https:\/\/www.ludoturris.lt\/#organization"},"potentialAction":[{"@type":"SearchAction","target":{"@type":"EntryPoint","urlTemplate":"https:\/\/www.ludoturris.lt\/?s={search_term_string}"},"query-input":"required name=search_term_string"}],"inLanguage":"en-GB"},{"@type":"Organization","@id":"https:\/\/www.ludoturris.lt\/#organization","name":"Ludo Turris \u2013 Vakar\u0173 gama, UAB","url":"https:\/\/www.ludoturris.lt\/","logo":{"@type":"ImageObject","inLanguage":"en-GB","@id":"https:\/\/www.ludoturris.lt\/#\/schema\/logo\/image\/","url":"https:\/\/www.ludoturris.lt\/wp-content\/uploads\/2020\/10\/logo@2x.png","contentUrl":"https:\/\/www.ludoturris.lt\/wp-content\/uploads\/2020\/10\/logo@2x.png","width":300,"height":147,"caption":"Ludo Turris \u2013 Vakar\u0173 gama, UAB"},"image":{"@id":"https:\/\/www.ludoturris.lt\/#\/schema\/logo\/image\/"},"sameAs":["https:\/\/www.facebook.com\/Ludo-Turris-621921974895920\/","https:\/\/www.youtube.com\/channel\/UCuBACq67N1NGC9LVudo4ngw"]}]}},"uagb_featured_image_src":{"full":["https:\/\/www.ludoturris.lt\/wp-content\/uploads\/2018\/06\/lt100-rinkinys.jpg",1500,1500,false],"thumbnail":["https:\/\/www.ludoturris.lt\/wp-content\/uploads\/2018\/06\/lt100-rinkinys-150x150.jpg",150,150,true],"medium":["https:\/\/www.ludoturris.lt\/wp-content\/uploads\/2018\/06\/lt100-rinkinys-300x300.jpg",300,300,true],"medium_large":["https:\/\/www.ludoturris.lt\/wp-content\/uploads\/2018\/06\/lt100-rinkinys-768x768.jpg",768,768,true],"large":["https:\/\/www.ludoturris.lt\/wp-content\/uploads\/2018\/06\/lt100-rinkinys-1024x1024.jpg",1024,1024,true],"1536x1536":["https:\/\/www.ludoturris.lt\/wp-content\/uploads\/2018\/06\/lt100-rinkinys.jpg",1500,1500,false],"2048x2048":["https:\/\/www.ludoturris.lt\/wp-content\/uploads\/2018\/06\/lt100-rinkinys.jpg",1500,1500,false],"trp-custom-language-flag":["https:\/\/www.ludoturris.lt\/wp-content\/uploads\/2018\/06\/lt100-rinkinys.jpg",12,12,false],"woocommerce_thumbnail":["https:\/\/www.ludoturris.lt\/wp-content\/uploads\/2018\/06\/lt100-rinkinys-300x300.jpg",300,300,true],"woocommerce_single":["https:\/\/www.ludoturris.lt\/wp-content\/uploads\/2018\/06\/lt100-rinkinys-600x600.jpg",600,600,true],"woocommerce_gallery_thumbnail":["https:\/\/www.ludoturris.lt\/wp-content\/uploads\/2018\/06\/lt100-rinkinys-100x100.jpg",100,100,true],"variation_swatches_image_size":["https:\/\/www.ludoturris.lt\/wp-content\/uploads\/2018\/06\/lt100-rinkinys.jpg",50,50,false],"variation_swatches_tooltip_size":["https:\/\/www.ludoturris.lt\/wp-content\/uploads\/2018\/06\/lt100-rinkinys.jpg",100,100,false],"dgwt-wcas-product-suggestion":["https:\/\/www.ludoturris.lt\/wp-content\/uploads\/2018\/06\/lt100-rinkinys.jpg",64,64,false]},"uagb_author_info":{"display_name":"LudoTurris","author_link":"https:\/\/www.ludoturris.lt\/en\/author\/"},"uagb_comment_info":0,"uagb_excerpt":"\u012e komplektacij\u0105 \u012feina: 100 vnt. vienos spalvos kalad\u0117l\u0117s.","_links":{"self":[{"href":"https:\/\/www.ludoturris.lt\/en\/wp-json\/wp\/v2\/product\/242"}],"collection":[{"href":"https:\/\/www.ludoturris.lt\/en\/wp-json\/wp\/v2\/product"}],"about":[{"href":"https:\/\/www.ludoturris.lt\/en\/wp-json\/wp\/v2\/types\/product"}],"wp:featuredmedia":[{"embeddable":true,"href":"https:\/\/www.ludoturris.lt\/en\/wp-json\/wp\/v2\/media\/2490"}],"wp:attachment":[{"href":"https:\/\/www.ludoturris.lt\/en\/wp-json\/wp\/v2\/media?parent=242"}],"wp:term":[{"taxonomy":"product_cat","embeddable":true,"href":"https:\/\/www.ludoturris.lt\/en\/wp-json\/wp\/v2\/product_cat?post=242"},{"taxonomy":"product_tag","embeddable":true,"href":"https:\/\/www.ludoturris.lt\/en\/wp-json\/wp\/v2\/product_tag?post=242"}],"curies":[{"name":"wp","href":"https:\/\/api.w.org\/{rel}","templated":true}]}}