{"id":97,"date":"2018-06-19T12:04:07","date_gmt":"2018-06-19T14:04:07","guid":{"rendered":"https:\/\/www.ludoturris.lt\/cart\/"},"modified":"2023-03-08T12:57:09","modified_gmt":"2023-03-08T14:57:09","slug":"krepselis","status":"publish","type":"page","link":"https:\/\/www.ludoturris.lt\/en\/krepselis\/","title":{"rendered":"Cart"},"content":{"rendered":"","protected":false},"excerpt":{"rendered":"","protected":false},"author":1,"featured_media":2797,"parent":0,"menu_order":0,"comment_status":"closed","ping_status":"closed","template":"","meta":{"_uag_custom_page_level_css":"","_themeisle_gutenberg_block_has_review":false,"footnotes":""},"yoast_head":"<!-- This site is optimized with the Yoast SEO plugin v21.1 - https:\/\/yoast.com\/wordpress\/plugins\/seo\/ -->\n<title>Krep\u0161elis \u2013 K\u016brybi\u0161kum\u0105 ir fantazij\u0105 lavinan\u010dios Ludo Turris kalad\u0117l\u0117s<\/title>\n<meta name=\"description\" content=\"Preki\u0173 krep\u0161elis. K\u016brybi\u0161kum\u0105 ir fantazij\u0105 lavinan\u010dios Ludo Turris kalad\u0117l\u0117s. Plastikin\u0117s sand\u0117liavimo d\u0117\u017eut\u0117s su dang\u010diu.\" \/>\n<meta name=\"robots\" content=\"index, follow, max-snippet:-1, max-image-preview:large, max-video-preview:-1\" \/>\n<link rel=\"canonical\" href=\"https:\/\/www.ludoturris.lt\/en\/krepselis\/\" \/>\n<meta property=\"og:locale\" content=\"en_GB\" \/>\n<meta property=\"og:type\" content=\"article\" \/>\n<meta property=\"og:title\" content=\"Krep\u0161elis \u2013 K\u016brybi\u0161kum\u0105 ir fantazij\u0105 lavinan\u010dios Ludo Turris kalad\u0117l\u0117s\" \/>\n<meta property=\"og:description\" content=\"Preki\u0173 krep\u0161elis. K\u016brybi\u0161kum\u0105 ir fantazij\u0105 lavinan\u010dios Ludo Turris kalad\u0117l\u0117s. Plastikin\u0117s sand\u0117liavimo d\u0117\u017eut\u0117s su dang\u010diu.\" \/>\n<meta property=\"og:url\" content=\"https:\/\/www.ludoturris.lt\/en\/krepselis\/\" \/>\n<meta property=\"og:site_name\" content=\"Ludo Turris\" \/>\n<meta property=\"article:publisher\" content=\"https:\/\/www.facebook.com\/Ludo-Turris-621921974895920\/\" \/>\n<meta property=\"article:modified_time\" content=\"2023-03-08T14:57:09+00:00\" \/>\n<meta property=\"og:image\" content=\"https:\/\/www.ludoturris.lt\/wp-content\/uploads\/2020\/11\/lt1-rinkinys-ruda-zalia.jpg\" \/>\n\t<meta property=\"og:image:width\" content=\"1500\" \/>\n\t<meta property=\"og:image:height\" content=\"1500\" \/>\n\t<meta property=\"og:image:type\" content=\"image\/jpeg\" \/>\n<meta name=\"twitter:card\" content=\"summary_large_image\" \/>\n<meta name=\"twitter:label1\" content=\"Estimated reading time\" \/>\n\t<meta name=\"twitter:data1\" content=\"1 minute\" \/>\n<script type=\"application\/ld+json\" class=\"yoast-schema-graph\">{\"@context\":\"https:\/\/schema.org\",\"@graph\":[{\"@type\":\"WebPage\",\"@id\":\"https:\/\/www.ludoturris.lt\/krepselis\/\",\"url\":\"https:\/\/www.ludoturris.lt\/krepselis\/\",\"name\":\"Krep\u0161elis \u2013 K\u016brybi\u0161kum\u0105 ir fantazij\u0105 lavinan\u010dios Ludo Turris kalad\u0117l\u0117s\",\"isPartOf\":{\"@id\":\"https:\/\/www.ludoturris.lt\/#website\"},\"datePublished\":\"2018-06-19T14:04:07+00:00\",\"dateModified\":\"2023-03-08T14:57:09+00:00\",\"description\":\"Preki\u0173 krep\u0161elis. K\u016brybi\u0161kum\u0105 ir fantazij\u0105 lavinan\u010dios Ludo Turris kalad\u0117l\u0117s. Plastikin\u0117s sand\u0117liavimo d\u0117\u017eut\u0117s su dang\u010diu.\",\"breadcrumb\":{\"@id\":\"https:\/\/www.ludoturris.lt\/krepselis\/#breadcrumb\"},\"inLanguage\":\"en-GB\",\"potentialAction\":[{\"@type\":\"ReadAction\",\"target\":[\"https:\/\/www.ludoturris.lt\/krepselis\/\"]}]},{\"@type\":\"BreadcrumbList\",\"@id\":\"https:\/\/www.ludoturris.lt\/krepselis\/#breadcrumb\",\"itemListElement\":[{\"@type\":\"ListItem\",\"position\":1,\"name\":\"Home\",\"item\":\"https:\/\/www.ludoturris.lt\/\"},{\"@type\":\"ListItem\",\"position\":2,\"name\":\"Krep\u0161elis\"}]},{\"@type\":\"WebSite\",\"@id\":\"https:\/\/www.ludoturris.lt\/#website\",\"url\":\"https:\/\/www.ludoturris.lt\/\",\"name\":\"Ludo Turris\",\"description\":\"K\u016brybi\u0161kum\u0105 ir fantazij\u0105 lavinan\u010dios kalad\u0117l\u0117s\",\"publisher\":{\"@id\":\"https:\/\/www.ludoturris.lt\/#organization\"},\"potentialAction\":[{\"@type\":\"SearchAction\",\"target\":{\"@type\":\"EntryPoint\",\"urlTemplate\":\"https:\/\/www.ludoturris.lt\/?s={search_term_string}\"},\"query-input\":\"required name=search_term_string\"}],\"inLanguage\":\"en-GB\"},{\"@type\":\"Organization\",\"@id\":\"https:\/\/www.ludoturris.lt\/#organization\",\"name\":\"Ludo Turris \u2013 Vakar\u0173 gama, UAB\",\"url\":\"https:\/\/www.ludoturris.lt\/\",\"logo\":{\"@type\":\"ImageObject\",\"inLanguage\":\"en-GB\",\"@id\":\"https:\/\/www.ludoturris.lt\/#\/schema\/logo\/image\/\",\"url\":\"https:\/\/www.ludoturris.lt\/wp-content\/uploads\/2020\/10\/logo@2x.png\",\"contentUrl\":\"https:\/\/www.ludoturris.lt\/wp-content\/uploads\/2020\/10\/logo@2x.png\",\"width\":300,\"height\":147,\"caption\":\"Ludo Turris \u2013 Vakar\u0173 gama, UAB\"},\"image\":{\"@id\":\"https:\/\/www.ludoturris.lt\/#\/schema\/logo\/image\/\"},\"sameAs\":[\"https:\/\/www.facebook.com\/Ludo-Turris-621921974895920\/\",\"https:\/\/www.youtube.com\/channel\/UCuBACq67N1NGC9LVudo4ngw\"]}]}<\/script>\n<!-- \/ Yoast SEO plugin. -->","yoast_head_json":{"title":"Krep\u0161elis \u2013 K\u016brybi\u0161kum\u0105 ir fantazij\u0105 lavinan\u010dios Ludo Turris kalad\u0117l\u0117s","description":"Preki\u0173 krep\u0161elis. K\u016brybi\u0161kum\u0105 ir fantazij\u0105 lavinan\u010dios Ludo Turris kalad\u0117l\u0117s. Plastikin\u0117s sand\u0117liavimo d\u0117\u017eut\u0117s su dang\u010diu.","robots":{"index":"index","follow":"follow","max-snippet":"max-snippet:-1","max-image-preview":"max-image-preview:large","max-video-preview":"max-video-preview:-1"},"canonical":"https:\/\/www.ludoturris.lt\/en\/krepselis\/","og_locale":"en_GB","og_type":"article","og_title":"Krep\u0161elis \u2013 K\u016brybi\u0161kum\u0105 ir fantazij\u0105 lavinan\u010dios Ludo Turris kalad\u0117l\u0117s","og_description":"Preki\u0173 krep\u0161elis. K\u016brybi\u0161kum\u0105 ir fantazij\u0105 lavinan\u010dios Ludo Turris kalad\u0117l\u0117s. Plastikin\u0117s sand\u0117liavimo d\u0117\u017eut\u0117s su dang\u010diu.","og_url":"https:\/\/www.ludoturris.lt\/en\/krepselis\/","og_site_name":"Ludo Turris","article_publisher":"https:\/\/www.facebook.com\/Ludo-Turris-621921974895920\/","article_modified_time":"2023-03-08T14:57:09+00:00","og_image":[{"width":1500,"height":1500,"url":"https:\/\/www.ludoturris.lt\/wp-content\/uploads\/2020\/11\/lt1-rinkinys-ruda-zalia.jpg","type":"image\/jpeg"}],"twitter_card":"summary_large_image","twitter_misc":{"Estimated reading time":"1 minute"},"schema":{"@context":"https:\/\/schema.org","@graph":[{"@type":"WebPage","@id":"https:\/\/www.ludoturris.lt\/krepselis\/","url":"https:\/\/www.ludoturris.lt\/krepselis\/","name":"Krep\u0161elis \u2013 K\u016brybi\u0161kum\u0105 ir fantazij\u0105 lavinan\u010dios Ludo Turris kalad\u0117l\u0117s","isPartOf":{"@id":"https:\/\/www.ludoturris.lt\/#website"},"datePublished":"2018-06-19T14:04:07+00:00","dateModified":"2023-03-08T14:57:09+00:00","description":"Preki\u0173 krep\u0161elis. K\u016brybi\u0161kum\u0105 ir fantazij\u0105 lavinan\u010dios Ludo Turris kalad\u0117l\u0117s. Plastikin\u0117s sand\u0117liavimo d\u0117\u017eut\u0117s su dang\u010diu.","breadcrumb":{"@id":"https:\/\/www.ludoturris.lt\/krepselis\/#breadcrumb"},"inLanguage":"en-GB","potentialAction":[{"@type":"ReadAction","target":["https:\/\/www.ludoturris.lt\/krepselis\/"]}]},{"@type":"BreadcrumbList","@id":"https:\/\/www.ludoturris.lt\/krepselis\/#breadcrumb","itemListElement":[{"@type":"ListItem","position":1,"name":"Home","item":"https:\/\/www.ludoturris.lt\/"},{"@type":"ListItem","position":2,"name":"Krep\u0161elis"}]},{"@type":"WebSite","@id":"https:\/\/www.ludoturris.lt\/#website","url":"https:\/\/www.ludoturris.lt\/","name":"Ludo Turris","description":"K\u016brybi\u0161kum\u0105 ir fantazij\u0105 lavinan\u010dios kalad\u0117l\u0117s","publisher":{"@id":"https:\/\/www.ludoturris.lt\/#organization"},"potentialAction":[{"@type":"SearchAction","target":{"@type":"EntryPoint","urlTemplate":"https:\/\/www.ludoturris.lt\/?s={search_term_string}"},"query-input":"required name=search_term_string"}],"inLanguage":"en-GB"},{"@type":"Organization","@id":"https:\/\/www.ludoturris.lt\/#organization","name":"Ludo Turris \u2013 Vakar\u0173 gama, UAB","url":"https:\/\/www.ludoturris.lt\/","logo":{"@type":"ImageObject","inLanguage":"en-GB","@id":"https:\/\/www.ludoturris.lt\/#\/schema\/logo\/image\/","url":"https:\/\/www.ludoturris.lt\/wp-content\/uploads\/2020\/10\/logo@2x.png","contentUrl":"https:\/\/www.ludoturris.lt\/wp-content\/uploads\/2020\/10\/logo@2x.png","width":300,"height":147,"caption":"Ludo Turris \u2013 Vakar\u0173 gama, UAB"},"image":{"@id":"https:\/\/www.ludoturris.lt\/#\/schema\/logo\/image\/"},"sameAs":["https:\/\/www.facebook.com\/Ludo-Turris-621921974895920\/","https:\/\/www.youtube.com\/channel\/UCuBACq67N1NGC9LVudo4ngw"]}]}},"uagb_featured_image_src":{"full":["https:\/\/www.ludoturris.lt\/wp-content\/uploads\/2020\/11\/lt1-rinkinys-ruda-zalia.jpg",1500,1500,false],"thumbnail":["https:\/\/www.ludoturris.lt\/wp-content\/uploads\/2020\/11\/lt1-rinkinys-ruda-zalia-150x150.jpg",150,150,true],"medium":["https:\/\/www.ludoturris.lt\/wp-content\/uploads\/2020\/11\/lt1-rinkinys-ruda-zalia-300x300.jpg",300,300,true],"medium_large":["https:\/\/www.ludoturris.lt\/wp-content\/uploads\/2020\/11\/lt1-rinkinys-ruda-zalia-768x768.jpg",768,768,true],"large":["https:\/\/www.ludoturris.lt\/wp-content\/uploads\/2020\/11\/lt1-rinkinys-ruda-zalia-1024x1024.jpg",1024,1024,true],"1536x1536":["https:\/\/www.ludoturris.lt\/wp-content\/uploads\/2020\/11\/lt1-rinkinys-ruda-zalia.jpg",1500,1500,false],"2048x2048":["https:\/\/www.ludoturris.lt\/wp-content\/uploads\/2020\/11\/lt1-rinkinys-ruda-zalia.jpg",1500,1500,false],"trp-custom-language-flag":["https:\/\/www.ludoturris.lt\/wp-content\/uploads\/2020\/11\/lt1-rinkinys-ruda-zalia.jpg",12,12,false],"woocommerce_thumbnail":["https:\/\/www.ludoturris.lt\/wp-content\/uploads\/2020\/11\/lt1-rinkinys-ruda-zalia-300x300.jpg",300,300,true],"woocommerce_single":["https:\/\/www.ludoturris.lt\/wp-content\/uploads\/2020\/11\/lt1-rinkinys-ruda-zalia-600x600.jpg",600,600,true],"woocommerce_gallery_thumbnail":["https:\/\/www.ludoturris.lt\/wp-content\/uploads\/2020\/11\/lt1-rinkinys-ruda-zalia-100x100.jpg",100,100,true],"variation_swatches_image_size":["https:\/\/www.ludoturris.lt\/wp-content\/uploads\/2020\/11\/lt1-rinkinys-ruda-zalia.jpg",50,50,false],"variation_swatches_tooltip_size":["https:\/\/www.ludoturris.lt\/wp-content\/uploads\/2020\/11\/lt1-rinkinys-ruda-zalia.jpg",100,100,false],"dgwt-wcas-product-suggestion":["https:\/\/www.ludoturris.lt\/wp-content\/uploads\/2020\/11\/lt1-rinkinys-ruda-zalia.jpg",64,64,false]},"uagb_author_info":{"display_name":"LudoTurris","author_link":"https:\/\/www.ludoturris.lt\/en\/author\/ludoturris\/"},"uagb_comment_info":0,"uagb_excerpt":null,"_links":{"self":[{"href":"https:\/\/www.ludoturris.lt\/en\/wp-json\/wp\/v2\/pages\/97"}],"collection":[{"href":"https:\/\/www.ludoturris.lt\/en\/wp-json\/wp\/v2\/pages"}],"about":[{"href":"https:\/\/www.ludoturris.lt\/en\/wp-json\/wp\/v2\/types\/page"}],"author":[{"embeddable":true,"href":"https:\/\/www.ludoturris.lt\/en\/wp-json\/wp\/v2\/users\/1"}],"replies":[{"embeddable":true,"href":"https:\/\/www.ludoturris.lt\/en\/wp-json\/wp\/v2\/comments?post=97"}],"version-history":[{"count":2,"href":"https:\/\/www.ludoturris.lt\/en\/wp-json\/wp\/v2\/pages\/97\/revisions"}],"predecessor-version":[{"id":2106,"href":"https:\/\/www.ludoturris.lt\/en\/wp-json\/wp\/v2\/pages\/97\/revisions\/2106"}],"wp:featuredmedia":[{"embeddable":true,"href":"https:\/\/www.ludoturris.lt\/en\/wp-json\/wp\/v2\/media\/2797"}],"wp:attachment":[{"href":"https:\/\/www.ludoturris.lt\/en\/wp-json\/wp\/v2\/media?parent=97"}],"curies":[{"name":"wp","href":"https:\/\/api.w.org\/{rel}","templated":true}]}}