{"id":3300,"date":"2023-03-08T11:51:45","date_gmt":"2023-03-08T13:51:45","guid":{"rendered":"https:\/\/www.ludoturris.lt\/?page_id=3300"},"modified":"2024-08-17T11:51:26","modified_gmt":"2024-08-17T13:51:26","slug":"statymo-instrukcija-geltona-raudona","status":"publish","type":"page","link":"https:\/\/www.ludoturris.lt\/en\/statymo-instrukcija-geltona-raudona\/","title":{"rendered":"Construction Instructions \u2013 Yellow, Red"},"content":{"rendered":"<div data-elementor-type=\"wp-post\" data-elementor-id=\"3300\" class=\"elementor elementor-3300\">\n\t\t\t\t\t\t\t\t\t<section class=\"elementor-section elementor-top-section elementor-element elementor-element-a5e38ea elementor-section-boxed elementor-section-height-default elementor-section-height-default\" data-id=\"a5e38ea\" data-element_type=\"section\">\n\t\t\t\t\t\t<div class=\"elementor-container elementor-column-gap-no\">\n\t\t\t\t\t<div class=\"elementor-column elementor-col-100 elementor-top-column elementor-element elementor-element-f2b5ed3\" data-id=\"f2b5ed3\" data-element_type=\"column\">\n\t\t\t<div class=\"elementor-widget-wrap elementor-element-populated\">\n\t\t\t\t\t\t\t\t<div class=\"elementor-element elementor-element-c8764f3 elementor-widget elementor-widget-heading\" data-id=\"c8764f3\" data-element_type=\"widget\" data-widget_type=\"heading.default\">\n\t\t\t\t<div class=\"elementor-widget-container\">\n\t\t\t<span id=\"scroll69e4d50a5ccd5\"  class=\"scrollMagicControl\" type=\"hidden\" effect = \"{}\" wpmp_enable_desktop=\"yes\" wpmp_enable_tablet=\"yes\" wpmp_enable_mobile=\"yes\" wpmp_trigger_hook=\"0.5\" wpmp_reverse=\"yes\" wpmp_class_css =\"custom\" split-text = \"{}\" value=\"scrollmagic\"><\/span><h2 class=\"elementor-heading-title elementor-size-default\">Construction Instructions \u2013 Yellow, Red<\/h2>\t\t<\/div>\n\t\t\t\t<\/div>\n\t\t\t\t<div class=\"elementor-element elementor-element-eb1e348 elementor-widget elementor-widget-heading\" data-id=\"eb1e348\" data-element_type=\"widget\" data-widget_type=\"heading.default\">\n\t\t\t\t<div class=\"elementor-widget-container\">\n\t\t\t<span id=\"scroll69e4d50a5d0d7\"  class=\"scrollMagicControl\" type=\"hidden\" effect = \"{}\" wpmp_enable_desktop=\"yes\" wpmp_enable_tablet=\"yes\" wpmp_enable_mobile=\"yes\" wpmp_trigger_hook=\"0.5\" wpmp_reverse=\"yes\" wpmp_class_css =\"custom\" split-text = \"{}\" value=\"scrollmagic\"><\/span><h3 class=\"elementor-heading-title elementor-size-default\">House \u2013 Temple \u2013 Ship<\/h3>\t\t<\/div>\n\t\t\t\t<\/div>\n\t\t\t\t<section class=\"elementor-section elementor-inner-section elementor-element elementor-element-7bb39aa elementor-section-boxed elementor-section-height-default elementor-section-height-default\" data-id=\"7bb39aa\" data-element_type=\"section\">\n\t\t\t\t\t\t<div class=\"elementor-container elementor-column-gap-default\">\n\t\t\t\t\t<div class=\"elementor-column elementor-col-100 elementor-inner-column elementor-element elementor-element-00e3641\" data-id=\"00e3641\" data-element_type=\"column\">\n\t\t\t<div class=\"elementor-widget-wrap\">\n\t\t\t\t\t\t\t\t\t<\/div>\n\t\t<\/div>\n\t\t\t\t\t\t\t<\/div>\n\t\t<\/section>\n\t\t\t\t<div class=\"elementor-element elementor-element-c6817e6 elementor-widget elementor-widget-shortcode\" data-id=\"c6817e6\" data-element_type=\"widget\" data-widget_type=\"shortcode.default\">\n\t\t\t\t<div class=\"elementor-widget-container\">\n\t\t\t<span id=\"scroll69e4d50a64130\"  class=\"scrollMagicControl\" type=\"hidden\" effect = \"{}\" wpmp_enable_desktop=\"yes\" wpmp_enable_tablet=\"yes\" wpmp_enable_mobile=\"yes\" wpmp_trigger_hook=\"0.5\" wpmp_reverse=\"yes\" wpmp_class_css =\"custom\" split-text = \"{}\" value=\"scrollmagic\"><\/span>\t\t<div class=\"elementor-shortcode\"><div class=\"_df_book df-lite\" id=\"df_3303\"  data-title=\"statymo-instrukcija-geltona-raudona\" _slug=\"statymo-instrukcija-geltona-raudona\" wpoptions=\"true\" thumb=\"https:\/\/www.ludoturris.lt\/wp-content\/uploads\/2020\/11\/surinkimo-instrukcija-geltona-raudona.jpg\" thumbtype=\"bg\" ><p class=\"df-raw-loading\">Please wait while flipbook is loading. For more related info, FAQs and issues please refer to <a href=\"https:\/\/wordpress.org\/plugins\/3d-flipbook-dflip-lite\/#installation\">DearFlip WordPress Flipbook Plugin Help<\/a> documentation.<\/p><\/div><script class=\"df-shortcode-script\" type=\"application\/javascript\">window.option_df_3303 = {\"outline\":[],\"backgroundColor\":\"#f9e5a6\",\"forceFit\":\"true\",\"autoEnableOutline\":\"false\",\"autoEnableThumbnail\":\"false\",\"overwritePDFOutline\":\"false\",\"direction\":\"1\",\"pageSize\":\"0\",\"source\":\"https:\\\/\\\/www.ludoturris.lt\\\/instrukcijos\\\/surinkimo-instrukcija-geltona-raudona.pdf\",\"wpOptions\":\"true\"}; if(window.DFLIP && window.DFLIP.parseBooks){window.DFLIP.parseBooks();}<\/script><\/div>\n\t\t\t\t<\/div>\n\t\t\t\t<\/div>\n\t\t\t\t<section class=\"elementor-section elementor-inner-section elementor-element elementor-element-7af83f0 elementor-section-boxed elementor-section-height-default elementor-section-height-default\" data-id=\"7af83f0\" data-element_type=\"section\">\n\t\t\t\t\t\t<div class=\"elementor-container elementor-column-gap-default\">\n\t\t\t\t\t<div class=\"elementor-column elementor-col-100 elementor-inner-column elementor-element elementor-element-97783d4\" data-id=\"97783d4\" data-element_type=\"column\">\n\t\t\t<div class=\"elementor-widget-wrap\">\n\t\t\t\t\t\t\t\t\t<\/div>\n\t\t<\/div>\n\t\t\t\t\t\t\t<\/div>\n\t\t<\/section>\n\t\t\t\t<section class=\"elementor-section elementor-inner-section elementor-element elementor-element-eb33ad1 elementor-section-boxed elementor-section-height-default elementor-section-height-default\" data-id=\"eb33ad1\" data-element_type=\"section\">\n\t\t\t\t\t\t<div class=\"elementor-container elementor-column-gap-no\">\n\t\t\t\t\t\t\t\t<\/div>\n\t\t<\/section>\n\t\t\t\t\t<\/div>\n\t\t<\/div>\n\t\t\t\t\t\t\t<\/div>\n\t\t<\/section>\n\t\t\t\t\t\t\t<\/div>","protected":false},"excerpt":{"rendered":"<p>Best Quality Products We Print What You Want! Click edit button to change this text. Lorem ipsum dolor sit amet, consectetur adipiscing elit.\u00a0Sapien. Get Started Most Loved Designs Customize Your T-Shirts Design of the Week Rubber Print Your T-Shirt New T-shirt Edition Customize Plain Colors Our Featured Products Hurry Up! Deal of the Day! Buy &hellip;<\/p>\n<p class=\"read-more\"> <a class=\"\" href=\"https:\/\/websitedemos.net\/custom-printing-02\/\"> <span class=\"screen-reader-text\">Home<\/span> Read More &raquo;<\/a><\/p>","protected":false},"author":1,"featured_media":2794,"parent":0,"menu_order":0,"comment_status":"closed","ping_status":"closed","template":"","meta":{"_uag_custom_page_level_css":"","_themeisle_gutenberg_block_has_review":false,"footnotes":""},"yoast_head":"<!-- This site is optimized with the Yoast SEO plugin v21.1 - https:\/\/yoast.com\/wordpress\/plugins\/seo\/ -->\n<title>Statymo instrukcijos, lavinan\u010dios kalad\u0117l\u0117s \u2013 Ludo Turris<\/title>\n<meta name=\"description\" content=\"Statymo instrukcijos pad\u0117sian\u010dios surinkti tris skirtingus modelius: laiv\u0105, nam\u0105 ir \u0161ventov\u0119. K\u016brybi\u0161kum\u0105 ir fantazij\u0105 lavinan\u010di\u0173 kalad\u0117l\u0117s.\" \/>\n<meta name=\"robots\" content=\"index, follow, max-snippet:-1, max-image-preview:large, max-video-preview:-1\" \/>\n<link rel=\"canonical\" href=\"https:\/\/www.ludoturris.lt\/en\/statymo-instrukcija-geltona-raudona\/\" \/>\n<meta property=\"og:locale\" content=\"en_GB\" \/>\n<meta property=\"og:type\" content=\"article\" \/>\n<meta property=\"og:title\" content=\"Statymo instrukcijos, lavinan\u010dios kalad\u0117l\u0117s \u2013 Ludo Turris\" \/>\n<meta property=\"og:description\" content=\"Statymo instrukcijos pad\u0117sian\u010dios surinkti tris skirtingus modelius: laiv\u0105, nam\u0105 ir \u0161ventov\u0119. K\u016brybi\u0161kum\u0105 ir fantazij\u0105 lavinan\u010di\u0173 kalad\u0117l\u0117s.\" \/>\n<meta property=\"og:url\" content=\"https:\/\/www.ludoturris.lt\/en\/statymo-instrukcija-geltona-raudona\/\" \/>\n<meta property=\"og:site_name\" content=\"Ludo Turris\" \/>\n<meta property=\"article:publisher\" content=\"https:\/\/www.facebook.com\/Ludo-Turris-621921974895920\/\" \/>\n<meta property=\"article:modified_time\" content=\"2024-08-17T13:51:26+00:00\" \/>\n<meta property=\"og:image\" content=\"https:\/\/www.ludoturris.lt\/wp-content\/uploads\/2020\/12\/lt1-rinkinys-melyna-geltona.jpg\" \/>\n\t<meta property=\"og:image:width\" content=\"1500\" \/>\n\t<meta property=\"og:image:height\" content=\"1500\" \/>\n\t<meta property=\"og:image:type\" content=\"image\/jpeg\" \/>\n<meta name=\"twitter:card\" content=\"summary_large_image\" \/>\n<meta name=\"twitter:label1\" content=\"Estimated reading time\" \/>\n\t<meta name=\"twitter:data1\" content=\"1 minute\" \/>\n<script type=\"application\/ld+json\" class=\"yoast-schema-graph\">{\"@context\":\"https:\/\/schema.org\",\"@graph\":[{\"@type\":\"WebPage\",\"@id\":\"https:\/\/www.ludoturris.lt\/statymo-instrukcija-geltona-raudona\/\",\"url\":\"https:\/\/www.ludoturris.lt\/statymo-instrukcija-geltona-raudona\/\",\"name\":\"Statymo instrukcijos, lavinan\u010dios kalad\u0117l\u0117s \u2013 Ludo Turris\",\"isPartOf\":{\"@id\":\"https:\/\/www.ludoturris.lt\/#website\"},\"datePublished\":\"2023-03-08T13:51:45+00:00\",\"dateModified\":\"2024-08-17T13:51:26+00:00\",\"description\":\"Statymo instrukcijos pad\u0117sian\u010dios surinkti tris skirtingus modelius: laiv\u0105, nam\u0105 ir \u0161ventov\u0119. K\u016brybi\u0161kum\u0105 ir fantazij\u0105 lavinan\u010di\u0173 kalad\u0117l\u0117s.\",\"breadcrumb\":{\"@id\":\"https:\/\/www.ludoturris.lt\/statymo-instrukcija-geltona-raudona\/#breadcrumb\"},\"inLanguage\":\"en-GB\",\"potentialAction\":[{\"@type\":\"ReadAction\",\"target\":[\"https:\/\/www.ludoturris.lt\/statymo-instrukcija-geltona-raudona\/\"]}]},{\"@type\":\"BreadcrumbList\",\"@id\":\"https:\/\/www.ludoturris.lt\/statymo-instrukcija-geltona-raudona\/#breadcrumb\",\"itemListElement\":[{\"@type\":\"ListItem\",\"position\":1,\"name\":\"Home\",\"item\":\"https:\/\/www.ludoturris.lt\/\"},{\"@type\":\"ListItem\",\"position\":2,\"name\":\"Statymo instrukcija \u2013 Geltona, raudona\"}]},{\"@type\":\"WebSite\",\"@id\":\"https:\/\/www.ludoturris.lt\/#website\",\"url\":\"https:\/\/www.ludoturris.lt\/\",\"name\":\"Ludo Turris\",\"description\":\"K\u016brybi\u0161kum\u0105 ir fantazij\u0105 lavinan\u010dios kalad\u0117l\u0117s\",\"publisher\":{\"@id\":\"https:\/\/www.ludoturris.lt\/#organization\"},\"potentialAction\":[{\"@type\":\"SearchAction\",\"target\":{\"@type\":\"EntryPoint\",\"urlTemplate\":\"https:\/\/www.ludoturris.lt\/?s={search_term_string}\"},\"query-input\":\"required name=search_term_string\"}],\"inLanguage\":\"en-GB\"},{\"@type\":\"Organization\",\"@id\":\"https:\/\/www.ludoturris.lt\/#organization\",\"name\":\"Ludo Turris \u2013 Vakar\u0173 gama, UAB\",\"url\":\"https:\/\/www.ludoturris.lt\/\",\"logo\":{\"@type\":\"ImageObject\",\"inLanguage\":\"en-GB\",\"@id\":\"https:\/\/www.ludoturris.lt\/#\/schema\/logo\/image\/\",\"url\":\"https:\/\/www.ludoturris.lt\/wp-content\/uploads\/2020\/10\/logo@2x.png\",\"contentUrl\":\"https:\/\/www.ludoturris.lt\/wp-content\/uploads\/2020\/10\/logo@2x.png\",\"width\":300,\"height\":147,\"caption\":\"Ludo Turris \u2013 Vakar\u0173 gama, UAB\"},\"image\":{\"@id\":\"https:\/\/www.ludoturris.lt\/#\/schema\/logo\/image\/\"},\"sameAs\":[\"https:\/\/www.facebook.com\/Ludo-Turris-621921974895920\/\",\"https:\/\/www.youtube.com\/channel\/UCuBACq67N1NGC9LVudo4ngw\"]}]}<\/script>\n<!-- \/ Yoast SEO plugin. -->","yoast_head_json":{"title":"Statymo instrukcijos, lavinan\u010dios kalad\u0117l\u0117s \u2013 Ludo Turris","description":"Statymo instrukcijos pad\u0117sian\u010dios surinkti tris skirtingus modelius: laiv\u0105, nam\u0105 ir \u0161ventov\u0119. K\u016brybi\u0161kum\u0105 ir fantazij\u0105 lavinan\u010di\u0173 kalad\u0117l\u0117s.","robots":{"index":"index","follow":"follow","max-snippet":"max-snippet:-1","max-image-preview":"max-image-preview:large","max-video-preview":"max-video-preview:-1"},"canonical":"https:\/\/www.ludoturris.lt\/en\/statymo-instrukcija-geltona-raudona\/","og_locale":"en_GB","og_type":"article","og_title":"Statymo instrukcijos, lavinan\u010dios kalad\u0117l\u0117s \u2013 Ludo Turris","og_description":"Statymo instrukcijos pad\u0117sian\u010dios surinkti tris skirtingus modelius: laiv\u0105, nam\u0105 ir \u0161ventov\u0119. K\u016brybi\u0161kum\u0105 ir fantazij\u0105 lavinan\u010di\u0173 kalad\u0117l\u0117s.","og_url":"https:\/\/www.ludoturris.lt\/en\/statymo-instrukcija-geltona-raudona\/","og_site_name":"Ludo Turris","article_publisher":"https:\/\/www.facebook.com\/Ludo-Turris-621921974895920\/","article_modified_time":"2024-08-17T13:51:26+00:00","og_image":[{"width":1500,"height":1500,"url":"https:\/\/www.ludoturris.lt\/wp-content\/uploads\/2020\/12\/lt1-rinkinys-melyna-geltona.jpg","type":"image\/jpeg"}],"twitter_card":"summary_large_image","twitter_misc":{"Estimated reading time":"1 minute"},"schema":{"@context":"https:\/\/schema.org","@graph":[{"@type":"WebPage","@id":"https:\/\/www.ludoturris.lt\/statymo-instrukcija-geltona-raudona\/","url":"https:\/\/www.ludoturris.lt\/statymo-instrukcija-geltona-raudona\/","name":"Statymo instrukcijos, lavinan\u010dios kalad\u0117l\u0117s \u2013 Ludo Turris","isPartOf":{"@id":"https:\/\/www.ludoturris.lt\/#website"},"datePublished":"2023-03-08T13:51:45+00:00","dateModified":"2024-08-17T13:51:26+00:00","description":"Statymo instrukcijos pad\u0117sian\u010dios surinkti tris skirtingus modelius: laiv\u0105, nam\u0105 ir \u0161ventov\u0119. K\u016brybi\u0161kum\u0105 ir fantazij\u0105 lavinan\u010di\u0173 kalad\u0117l\u0117s.","breadcrumb":{"@id":"https:\/\/www.ludoturris.lt\/statymo-instrukcija-geltona-raudona\/#breadcrumb"},"inLanguage":"en-GB","potentialAction":[{"@type":"ReadAction","target":["https:\/\/www.ludoturris.lt\/statymo-instrukcija-geltona-raudona\/"]}]},{"@type":"BreadcrumbList","@id":"https:\/\/www.ludoturris.lt\/statymo-instrukcija-geltona-raudona\/#breadcrumb","itemListElement":[{"@type":"ListItem","position":1,"name":"Home","item":"https:\/\/www.ludoturris.lt\/"},{"@type":"ListItem","position":2,"name":"Statymo instrukcija \u2013 Geltona, raudona"}]},{"@type":"WebSite","@id":"https:\/\/www.ludoturris.lt\/#website","url":"https:\/\/www.ludoturris.lt\/","name":"Ludo Turris","description":"K\u016brybi\u0161kum\u0105 ir fantazij\u0105 lavinan\u010dios kalad\u0117l\u0117s","publisher":{"@id":"https:\/\/www.ludoturris.lt\/#organization"},"potentialAction":[{"@type":"SearchAction","target":{"@type":"EntryPoint","urlTemplate":"https:\/\/www.ludoturris.lt\/?s={search_term_string}"},"query-input":"required name=search_term_string"}],"inLanguage":"en-GB"},{"@type":"Organization","@id":"https:\/\/www.ludoturris.lt\/#organization","name":"Ludo Turris \u2013 Vakar\u0173 gama, UAB","url":"https:\/\/www.ludoturris.lt\/","logo":{"@type":"ImageObject","inLanguage":"en-GB","@id":"https:\/\/www.ludoturris.lt\/#\/schema\/logo\/image\/","url":"https:\/\/www.ludoturris.lt\/wp-content\/uploads\/2020\/10\/logo@2x.png","contentUrl":"https:\/\/www.ludoturris.lt\/wp-content\/uploads\/2020\/10\/logo@2x.png","width":300,"height":147,"caption":"Ludo Turris \u2013 Vakar\u0173 gama, UAB"},"image":{"@id":"https:\/\/www.ludoturris.lt\/#\/schema\/logo\/image\/"},"sameAs":["https:\/\/www.facebook.com\/Ludo-Turris-621921974895920\/","https:\/\/www.youtube.com\/channel\/UCuBACq67N1NGC9LVudo4ngw"]}]}},"uagb_featured_image_src":{"full":["https:\/\/www.ludoturris.lt\/wp-content\/uploads\/2020\/12\/lt1-rinkinys-melyna-geltona.jpg",1500,1500,false],"thumbnail":["https:\/\/www.ludoturris.lt\/wp-content\/uploads\/2020\/12\/lt1-rinkinys-melyna-geltona-150x150.jpg",150,150,true],"medium":["https:\/\/www.ludoturris.lt\/wp-content\/uploads\/2020\/12\/lt1-rinkinys-melyna-geltona-300x300.jpg",300,300,true],"medium_large":["https:\/\/www.ludoturris.lt\/wp-content\/uploads\/2020\/12\/lt1-rinkinys-melyna-geltona-768x768.jpg",768,768,true],"large":["https:\/\/www.ludoturris.lt\/wp-content\/uploads\/2020\/12\/lt1-rinkinys-melyna-geltona-1024x1024.jpg",1024,1024,true],"1536x1536":["https:\/\/www.ludoturris.lt\/wp-content\/uploads\/2020\/12\/lt1-rinkinys-melyna-geltona.jpg",1500,1500,false],"2048x2048":["https:\/\/www.ludoturris.lt\/wp-content\/uploads\/2020\/12\/lt1-rinkinys-melyna-geltona.jpg",1500,1500,false],"trp-custom-language-flag":["https:\/\/www.ludoturris.lt\/wp-content\/uploads\/2020\/12\/lt1-rinkinys-melyna-geltona.jpg",12,12,false],"woocommerce_thumbnail":["https:\/\/www.ludoturris.lt\/wp-content\/uploads\/2020\/12\/lt1-rinkinys-melyna-geltona-300x300.jpg",300,300,true],"woocommerce_single":["https:\/\/www.ludoturris.lt\/wp-content\/uploads\/2020\/12\/lt1-rinkinys-melyna-geltona-600x600.jpg",600,600,true],"woocommerce_gallery_thumbnail":["https:\/\/www.ludoturris.lt\/wp-content\/uploads\/2020\/12\/lt1-rinkinys-melyna-geltona-100x100.jpg",100,100,true],"variation_swatches_image_size":["https:\/\/www.ludoturris.lt\/wp-content\/uploads\/2020\/12\/lt1-rinkinys-melyna-geltona.jpg",50,50,false],"variation_swatches_tooltip_size":["https:\/\/www.ludoturris.lt\/wp-content\/uploads\/2020\/12\/lt1-rinkinys-melyna-geltona.jpg",100,100,false],"dgwt-wcas-product-suggestion":["https:\/\/www.ludoturris.lt\/wp-content\/uploads\/2020\/12\/lt1-rinkinys-melyna-geltona.jpg",64,64,false]},"uagb_author_info":{"display_name":"LudoTurris","author_link":"https:\/\/www.ludoturris.lt\/en\/author\/ludoturris\/"},"uagb_comment_info":0,"uagb_excerpt":"Best Quality Products We Print What You Want! Click edit button to change this text. Lorem ipsum dolor sit amet, consectetur adipiscing elit.\u00a0Sapien. Get Started Most Loved Designs Customize Your T-Shirts Design of the Week Rubber Print Your T-Shirt New T-shirt Edition Customize Plain Colors Our Featured Products Hurry Up! Deal of the Day! Buy&hellip;","_links":{"self":[{"href":"https:\/\/www.ludoturris.lt\/en\/wp-json\/wp\/v2\/pages\/3300"}],"collection":[{"href":"https:\/\/www.ludoturris.lt\/en\/wp-json\/wp\/v2\/pages"}],"about":[{"href":"https:\/\/www.ludoturris.lt\/en\/wp-json\/wp\/v2\/types\/page"}],"author":[{"embeddable":true,"href":"https:\/\/www.ludoturris.lt\/en\/wp-json\/wp\/v2\/users\/1"}],"replies":[{"embeddable":true,"href":"https:\/\/www.ludoturris.lt\/en\/wp-json\/wp\/v2\/comments?post=3300"}],"version-history":[{"count":8,"href":"https:\/\/www.ludoturris.lt\/en\/wp-json\/wp\/v2\/pages\/3300\/revisions"}],"predecessor-version":[{"id":3639,"href":"https:\/\/www.ludoturris.lt\/en\/wp-json\/wp\/v2\/pages\/3300\/revisions\/3639"}],"wp:featuredmedia":[{"embeddable":true,"href":"https:\/\/www.ludoturris.lt\/en\/wp-json\/wp\/v2\/media\/2794"}],"wp:attachment":[{"href":"https:\/\/www.ludoturris.lt\/en\/wp-json\/wp\/v2\/media?parent=3300"}],"curies":[{"name":"wp","href":"https:\/\/api.w.org\/{rel}","templated":true}]}}